{"id":81287,"date":"2026-03-18T17:56:40","date_gmt":"2026-03-18T21:56:40","guid":{"rendered":"https:\/\/machineriesbst.com\/?post_type=product&#038;p=81287"},"modified":"2026-03-18T17:58:04","modified_gmt":"2026-03-18T21:58:04","slug":"plaqueuse-de-chant-ima-advantage-400","status":"publish","type":"product","link":"https:\/\/machineriesbst.com\/en\/catalogue\/plaqueuse-de-chant-ima-advantage-400\/","title":{"rendered":"Plaqueuse de chant IMA Advantage 400"},"content":{"rendered":"<div class=\"otQkpb\" role=\"heading\" aria-level=\"3\" data-animation-nesting=\"\" data-sfc-cp=\"\" data-sfc-cb=\"\" data-complete=\"true\" data-processed=\"true\" data-sae=\"\">Capacit\u00e9s techniques<\/div>\n<ul class=\"KsbFXc U6u95\" data-sfc-cb=\"\" data-complete=\"true\" data-processed=\"true\">\n<li class=\"dF3vjf\" data-sfc-cb=\"\" data-hveid=\"CAEIBhAA\" data-complete=\"true\" data-sae=\"\"><span class=\"T286Pc\" data-sfc-cp=\"\" data-sfc-cb=\"\" data-complete=\"true\"><strong class=\"Yjhzub\" data-sfc-cb=\"\" data-complete=\"true\">\u00c9paisseur des chants :<\/strong>\u00a0Jusqu'\u00e0\u00a0<strong class=\"Yjhzub\" data-sfc-cb=\"\" data-complete=\"true\">12 mm<\/strong>\u00a0pour les bandes solides et de 0,3 \u00e0 3 mm pour les bobines.<\/span><\/li>\n<li class=\"dF3vjf\" data-sfc-cb=\"\" data-hveid=\"CAEIBhAB\" data-complete=\"true\" data-sae=\"\"><span class=\"T286Pc\" data-sfc-cp=\"\" data-sfc-cb=\"\" data-complete=\"true\"><strong class=\"Yjhzub\" data-sfc-cb=\"\" data-complete=\"true\">\u00c9paisseur des panneaux :<\/strong>\u00a0De 8 mm \u00e0\u00a0<strong class=\"Yjhzub\" data-sfc-cb=\"\" data-complete=\"true\">60 mm<\/strong>.<\/span><\/li>\n<li class=\"dF3vjf\" data-sfc-cb=\"\" data-hveid=\"CAEIBhAC\" data-complete=\"true\" data-sae=\"\"><span class=\"T286Pc\" data-sfc-cp=\"\" data-sfc-cb=\"\" data-complete=\"true\"><strong class=\"Yjhzub\" data-sfc-cb=\"\" data-complete=\"true\">Vitesse d'avance :<\/strong>\u00a0Jusqu'\u00e0\u00a0<strong class=\"Yjhzub\" data-sfc-cb=\"\" data-complete=\"true\">20 m\/min<\/strong>.<\/span><\/li>\n<li class=\"dF3vjf\" data-sfc-cb=\"\" data-hveid=\"CAEIBhAD\" data-complete=\"true\" data-sae=\"\"><span class=\"T286Pc\" data-sfc-cp=\"\" data-sfc-cb=\"\" data-complete=\"true\"><strong class=\"Yjhzub\" data-sfc-cb=\"\" data-complete=\"true\">Dimensions minimales des pi\u00e8ces :<\/strong>\u00a0Longueur de 150 mm et largeur de 65 mm.<\/span><span class=\"uJ19be notranslate\" data-wiz-uids=\"zLu7t_20,zLu7t_21\" data-sfc-cb=\"\" data-complete=\"true\"><span class=\"vKEkVd\" data-animation-atomic=\"\" data-wiz-attrbind=\"class=zLu7t_1z\/TKHnVd\" data-complete=\"true\" data-sae=\"\"><span aria-hidden=\"true\">\u00a0<\/span><button class=\"rBl3me IWyTpf pjvauc\" tabindex=\"0\" data-amic=\"true\" data-icl-uuid=\"41d0ad9c-21db-43bf-b551-0f4a7229078b\" aria-label=\"WOOD TEC PEDIA (+\u00a03) \u2013 Afficher les liens associ\u00e9s\" data-wiz-attrbind=\"disabled=zLu7t_1z\/C5gNJc;aria-label=zLu7t_1z\/bOjMyf;class=zLu7t_1z\/UpSNec\" data-ved=\"2ahUKEwif6Pu4paqTAxWhKFkFHWR5OdEQye0OegYIAQgGEAQ\" data-hveid=\"CAEIBhAE\" data-complete=\"true\"><\/button><\/span><\/span>\n<div class=\"Fwa2Od\" data-animation-skip=\"\" data-sfc-cb=\"\" data-ved=\"2ahUKEwif6Pu4paqTAxWhKFkFHWR5OdEQ3s0SegYIAQgGEAU\" data-complete=\"true\"><\/div>\n<\/li>\n<\/ul>\n<div class=\"otQkpb\" role=\"heading\" aria-level=\"3\" data-animation-nesting=\"\" data-sfc-cp=\"\" data-sfc-cb=\"\" data-complete=\"true\" data-processed=\"true\" data-sae=\"\">\u00c9quipements inclus<\/div>\n<div class=\"Y3BBE\" data-sfc-cp=\"\" data-sfc-cb=\"\" data-hveid=\"CAEICBAA\" data-complete=\"true\" data-processed=\"true\">Contrairement aux mod\u00e8les plus petits (comme l'Advantage 320), la 400 inclut de s\u00e9rie :<span class=\"uJ19be notranslate\" data-wiz-uids=\"zLu7t_2e,zLu7t_2f\" data-sfc-cb=\"\" data-complete=\"true\" data-processed=\"true\"><span class=\"vKEkVd\" data-animation-atomic=\"\" data-wiz-attrbind=\"class=zLu7t_2d\/TKHnVd\" data-sae=\"\"><span aria-hidden=\"true\">\u00a0<\/span><button class=\"rBl3me\" tabindex=\"0\" data-amic=\"true\" data-icl-uuid=\"bcf5787e-aaee-44c8-8806-7d486e19a05c\" aria-label=\"Afficher les liens associ\u00e9s\" data-wiz-attrbind=\"disabled=zLu7t_2d\/C5gNJc;aria-label=zLu7t_2d\/bOjMyf;class=zLu7t_2d\/UpSNec\" data-ved=\"2ahUKEwif6Pu4paqTAxWhKFkFHWR5OdEQye0OegYIAQgIEAE\" data-hveid=\"CAEICBAB\"><\/button><\/span><\/span><\/div>\n<ul class=\"KsbFXc U6u95\" data-sfc-cb=\"\" data-complete=\"true\" data-processed=\"true\">\n<li class=\"dF3vjf\" data-sfc-cb=\"\" data-hveid=\"CAEICRAA\" data-complete=\"true\" data-sae=\"\"><span class=\"T286Pc\" data-sfc-cp=\"\" data-sfc-cb=\"\" data-complete=\"true\">Unit\u00e9 de\u00a0<strong class=\"Yjhzub\" data-sfc-cb=\"\" data-complete=\"true\">fraisage de rayons<\/strong>\u00a0(radius milling) pour les chants affleur\u00e9s.<\/span><\/li>\n<li class=\"dF3vjf\" data-sfc-cb=\"\" data-hveid=\"CAEICRAB\" data-complete=\"true\" data-sae=\"\"><span class=\"T286Pc\" data-sfc-cp=\"\" data-sfc-cb=\"\" data-complete=\"true\">Unit\u00e9 de\u00a0<strong class=\"Yjhzub\" data-sfc-cb=\"\" data-complete=\"true\">polissage<\/strong>\u00a0(buffing).<\/span><\/li>\n<li class=\"dF3vjf\" data-sfc-cb=\"\" data-hveid=\"CAEICRAC\" data-complete=\"true\" data-sae=\"\"><span class=\"T286Pc\" data-sfc-cp=\"\" data-sfc-cb=\"\" data-complete=\"true\">Groupe de\u00a0<strong class=\"Yjhzub\" data-sfc-cb=\"\" data-complete=\"true\">pr\u00e9-fraisage Pre-milling<\/strong><\/span><\/li>\n<li class=\"dF3vjf\" data-sfc-cb=\"\" data-hveid=\"CAEICRAD\" data-complete=\"true\" data-sae=\"\"><span class=\"T286Pc\" data-sfc-cp=\"\" data-sfc-cb=\"\" data-complete=\"true\">Syst\u00e8me de contr\u00f4le\u00a0<strong class=\"Yjhzub\" data-sfc-cb=\"\" data-complete=\"true\">ICOS Open<\/strong> bas\u00e9 sur PC pour une gestion simplifi\u00e9e des pro<\/span><span class=\"uJ19be notranslate\" data-wiz-uids=\"zLu7t_2u,zLu7t_2v\" data-sfc-cb=\"\" data-complete=\"true\"><span class=\"vKEkVd\" data-animation-atomic=\"\" data-wiz-attrbind=\"class=zLu7t_2t\/TKHnVd\" data-complete=\"true\" data-sae=\"\"><span aria-hidden=\"true\">\u00a0<\/span><button class=\"rBl3me IWyTpf pjvauc\" tabindex=\"0\" data-amic=\"true\" data-icl-uuid=\"1fa61748-aa4a-468f-bda1-42e5dbd0e1f9\" aria-label=\"WOOD TEC PEDIA (+\u00a04) \u2013 Afficher les liens associ\u00e9s\" data-wiz-attrbind=\"disabled=zLu7t_2t\/C5gNJc;aria-label=zLu7t_2t\/bOjMyf;class=zLu7t_2t\/UpSNec\" data-ved=\"2ahUKEwif6Pu4paqTAxWhKFkFHWR5OdEQye0OegYIAQgJEAQ\" data-hveid=\"CAEICRAE\" data-complete=\"true\"><\/button><\/span><\/span><\/li>\n<\/ul>","protected":false},"excerpt":{"rendered":"<p>L'<strong class=\"Yjhzub\" data-sfc-cb=\"\" data-complete=\"true\" data-processed=\"true\">IMA Advantage 400<\/strong>\u00a0est\u00a0<mark class=\"HxTRcb\" data-sfc-cb=\"\" data-complete=\"true\" data-sae=\"\">une plaqueuse de chants industrielle de taille moyenne, l\u00e9g\u00e8rement plus compacte que la s\u00e9rie 500, mais con\u00e7ue pour la m\u00eame qualit\u00e9 de finition industrielle<\/mark>.<\/p>\n<p>Pas de convoyeur de retour<\/p>","protected":false},"author":3,"featured_media":81288,"comment_status":"open","ping_status":"closed","template":"","meta":[],"product_cat":[363],"product_tag":[],"acf":[],"yoast_head":"<!-- This site is optimized with the Yoast SEO plugin v16.8 - https:\/\/yoast.com\/wordpress\/plugins\/seo\/ -->\n<title>Plaqueuse de chant IMA Advantage 400 - Machineries BST<\/title>\n<meta name=\"robots\" content=\"index, follow, max-snippet:-1, max-image-preview:large, max-video-preview:-1\" \/>\n<link rel=\"canonical\" href=\"https:\/\/machineriesbst.com\/en\/catalogue\/plaqueuse-de-chant-ima-advantage-400\/\" \/>\n<meta property=\"og:locale\" content=\"en_US\" \/>\n<meta property=\"og:type\" content=\"article\" \/>\n<meta property=\"og:title\" content=\"Plaqueuse de chant IMA Advantage 400 - Machineries BST\" \/>\n<meta property=\"og:description\" content=\"L&#039;IMA Advantage 400\u00a0est\u00a0une plaqueuse de chants industrielle de taille moyenne, l\u00e9g\u00e8rement plus compacte que la s\u00e9rie 500, mais con\u00e7ue pour la m\u00eame qualit\u00e9 de finition industrielle.  Pas de convoyeur de retour\" \/>\n<meta property=\"og:url\" content=\"https:\/\/machineriesbst.com\/en\/catalogue\/plaqueuse-de-chant-ima-advantage-400\/\" \/>\n<meta property=\"og:site_name\" content=\"Machineries BST\" \/>\n<meta property=\"article:modified_time\" content=\"2026-03-18T21:58:04+00:00\" \/>\n<meta property=\"og:image\" content=\"https:\/\/machineriesbst.com\/wp-content\/uploads\/2026\/03\/IMG_0591-scaled.jpg\" \/>\n\t<meta property=\"og:image:width\" content=\"2560\" \/>\n\t<meta property=\"og:image:height\" content=\"1920\" \/>\n<meta name=\"twitter:card\" content=\"summary_large_image\" \/>\n<script type=\"application\/ld+json\" class=\"yoast-schema-graph\">{\"@context\":\"https:\/\/schema.org\",\"@graph\":[{\"@type\":\"WebSite\",\"@id\":\"https:\/\/machineriesbst.com\/en\/#website\",\"url\":\"https:\/\/machineriesbst.com\/en\/\",\"name\":\"Machineries BST\",\"description\":\"Machines neuves &amp; usag\\u00e9es\",\"potentialAction\":[{\"@type\":\"SearchAction\",\"target\":{\"@type\":\"EntryPoint\",\"urlTemplate\":\"https:\/\/machineriesbst.com\/en\/?s={search_term_string}\"},\"query-input\":\"required name=search_term_string\"}],\"inLanguage\":\"en-US\"},{\"@type\":\"ImageObject\",\"@id\":\"https:\/\/machineriesbst.com\/catalogue\/plaqueuse-de-chant-ima-advantage-400\/#primaryimage\",\"inLanguage\":\"en-US\",\"url\":\"https:\/\/machineriesbst.com\/wp-content\/uploads\/2026\/03\/IMG_0591-scaled.jpg\",\"contentUrl\":\"https:\/\/machineriesbst.com\/wp-content\/uploads\/2026\/03\/IMG_0591-scaled.jpg\",\"width\":2560,\"height\":1920},{\"@type\":\"WebPage\",\"@id\":\"https:\/\/machineriesbst.com\/catalogue\/plaqueuse-de-chant-ima-advantage-400\/#webpage\",\"url\":\"https:\/\/machineriesbst.com\/catalogue\/plaqueuse-de-chant-ima-advantage-400\/\",\"name\":\"Plaqueuse de chant IMA Advantage 400 - Machineries BST\",\"isPartOf\":{\"@id\":\"https:\/\/machineriesbst.com\/en\/#website\"},\"primaryImageOfPage\":{\"@id\":\"https:\/\/machineriesbst.com\/catalogue\/plaqueuse-de-chant-ima-advantage-400\/#primaryimage\"},\"datePublished\":\"2026-03-18T21:56:40+00:00\",\"dateModified\":\"2026-03-18T21:58:04+00:00\",\"breadcrumb\":{\"@id\":\"https:\/\/machineriesbst.com\/catalogue\/plaqueuse-de-chant-ima-advantage-400\/#breadcrumb\"},\"inLanguage\":\"en-US\",\"potentialAction\":[{\"@type\":\"ReadAction\",\"target\":[\"https:\/\/machineriesbst.com\/catalogue\/plaqueuse-de-chant-ima-advantage-400\/\"]}]},{\"@type\":\"BreadcrumbList\",\"@id\":\"https:\/\/machineriesbst.com\/catalogue\/plaqueuse-de-chant-ima-advantage-400\/#breadcrumb\",\"itemListElement\":[{\"@type\":\"ListItem\",\"position\":1,\"name\":\"Accueil\",\"item\":\"https:\/\/machineriesbst.com\/en\/\"},{\"@type\":\"ListItem\",\"position\":2,\"name\":\"Catalogue\",\"item\":\"https:\/\/machineriesbst.com\/en\/catalog\/\"},{\"@type\":\"ListItem\",\"position\":3,\"name\":\"Plaqueuse de chant IMA Advantage 400\"}]}]}<\/script>\n<!-- \/ Yoast SEO plugin. -->","yoast_head_json":{"title":"Plaqueuse de chant IMA Advantage 400 - Machineries BST","robots":{"index":"index","follow":"follow","max-snippet":"max-snippet:-1","max-image-preview":"max-image-preview:large","max-video-preview":"max-video-preview:-1"},"canonical":"https:\/\/machineriesbst.com\/en\/catalogue\/plaqueuse-de-chant-ima-advantage-400\/","og_locale":"en_US","og_type":"article","og_title":"Plaqueuse de chant IMA Advantage 400 - Machineries BST","og_description":"L'IMA Advantage 400\u00a0est\u00a0une plaqueuse de chants industrielle de taille moyenne, l\u00e9g\u00e8rement plus compacte que la s\u00e9rie 500, mais con\u00e7ue pour la m\u00eame qualit\u00e9 de finition industrielle.  Pas de convoyeur de retour","og_url":"https:\/\/machineriesbst.com\/en\/catalogue\/plaqueuse-de-chant-ima-advantage-400\/","og_site_name":"Machineries BST","article_modified_time":"2026-03-18T21:58:04+00:00","og_image":[{"width":2560,"height":1920,"url":"https:\/\/machineriesbst.com\/wp-content\/uploads\/2026\/03\/IMG_0591-scaled.jpg","path":"\/home\/jepeto\/public_html\/wp-content\/uploads\/2026\/03\/IMG_0591-scaled.jpg","size":"full","id":81288,"alt":"","pixels":4915200,"type":"image\/jpeg"}],"twitter_card":"summary_large_image","schema":{"@context":"https:\/\/schema.org","@graph":[{"@type":"WebSite","@id":"https:\/\/machineriesbst.com\/en\/#website","url":"https:\/\/machineriesbst.com\/en\/","name":"Machineries BST","description":"Machines neuves &amp; usag\u00e9es","potentialAction":[{"@type":"SearchAction","target":{"@type":"EntryPoint","urlTemplate":"https:\/\/machineriesbst.com\/en\/?s={search_term_string}"},"query-input":"required name=search_term_string"}],"inLanguage":"en-US"},{"@type":"ImageObject","@id":"https:\/\/machineriesbst.com\/catalogue\/plaqueuse-de-chant-ima-advantage-400\/#primaryimage","inLanguage":"en-US","url":"https:\/\/machineriesbst.com\/wp-content\/uploads\/2026\/03\/IMG_0591-scaled.jpg","contentUrl":"https:\/\/machineriesbst.com\/wp-content\/uploads\/2026\/03\/IMG_0591-scaled.jpg","width":2560,"height":1920},{"@type":"WebPage","@id":"https:\/\/machineriesbst.com\/catalogue\/plaqueuse-de-chant-ima-advantage-400\/#webpage","url":"https:\/\/machineriesbst.com\/catalogue\/plaqueuse-de-chant-ima-advantage-400\/","name":"Plaqueuse de chant IMA Advantage 400 - Machineries BST","isPartOf":{"@id":"https:\/\/machineriesbst.com\/en\/#website"},"primaryImageOfPage":{"@id":"https:\/\/machineriesbst.com\/catalogue\/plaqueuse-de-chant-ima-advantage-400\/#primaryimage"},"datePublished":"2026-03-18T21:56:40+00:00","dateModified":"2026-03-18T21:58:04+00:00","breadcrumb":{"@id":"https:\/\/machineriesbst.com\/catalogue\/plaqueuse-de-chant-ima-advantage-400\/#breadcrumb"},"inLanguage":"en-US","potentialAction":[{"@type":"ReadAction","target":["https:\/\/machineriesbst.com\/catalogue\/plaqueuse-de-chant-ima-advantage-400\/"]}]},{"@type":"BreadcrumbList","@id":"https:\/\/machineriesbst.com\/catalogue\/plaqueuse-de-chant-ima-advantage-400\/#breadcrumb","itemListElement":[{"@type":"ListItem","position":1,"name":"Accueil","item":"https:\/\/machineriesbst.com\/en\/"},{"@type":"ListItem","position":2,"name":"Catalogue","item":"https:\/\/machineriesbst.com\/en\/catalog\/"},{"@type":"ListItem","position":3,"name":"Plaqueuse de chant IMA Advantage 400"}]}]}},"_links":{"self":[{"href":"https:\/\/machineriesbst.com\/en\/wp-json\/wp\/v2\/product\/81287"}],"collection":[{"href":"https:\/\/machineriesbst.com\/en\/wp-json\/wp\/v2\/product"}],"about":[{"href":"https:\/\/machineriesbst.com\/en\/wp-json\/wp\/v2\/types\/product"}],"author":[{"embeddable":true,"href":"https:\/\/machineriesbst.com\/en\/wp-json\/wp\/v2\/users\/3"}],"replies":[{"embeddable":true,"href":"https:\/\/machineriesbst.com\/en\/wp-json\/wp\/v2\/comments?post=81287"}],"wp:featuredmedia":[{"embeddable":true,"href":"https:\/\/machineriesbst.com\/en\/wp-json\/wp\/v2\/media\/81288"}],"wp:attachment":[{"href":"https:\/\/machineriesbst.com\/en\/wp-json\/wp\/v2\/media?parent=81287"}],"wp:term":[{"taxonomy":"product_cat","embeddable":true,"href":"https:\/\/machineriesbst.com\/en\/wp-json\/wp\/v2\/product_cat?post=81287"},{"taxonomy":"product_tag","embeddable":true,"href":"https:\/\/machineriesbst.com\/en\/wp-json\/wp\/v2\/product_tag?post=81287"}],"curies":[{"name":"wp","href":"https:\/\/api.w.org\/{rel}","templated":true}]}}