{"id":81214,"date":"2026-01-26T12:01:13","date_gmt":"2026-01-26T17:01:13","guid":{"rendered":"https:\/\/machineriesbst.com\/?post_type=product&#038;p=81214"},"modified":"2026-01-26T12:01:13","modified_gmt":"2026-01-26T17:01:13","slug":"jointeuse-crp-2250","status":"publish","type":"product","link":"https:\/\/machineriesbst.com\/en\/catalogue\/jointeuse-crp-2250\/","title":{"rendered":"Jointeuse CRP 2250"},"content":{"rendered":"<p class=\"x_MsoNormal\"><b>\u00a0\u00a0 CRP-2250<\/b><\/p>\n<p class=\"x_MsoNormal\"><b>\u2022\u00a0\u00a0\u00a0\u00a0\u00a0\u00a0\u00a0 Ann\u00e9e installation 2001 \u2013\u00a0<\/b><\/p>\n<p class=\"x_MsoNormal\"><b>\u2022\u00a0\u00a0\u00a0\u00a0\u00a0\u00a0\u00a0 Con\u00e7ue pour passer du bois entre 10\u2019\u2019 \u00e0 43\u2019\u2019 de long<\/b><\/p>\n<p class=\"x_MsoNormal\"><b>\u2022\u00a0\u00a0\u00a0\u00a0\u00a0\u00a0\u00a0 Il y a 1 \u00e9bouteur de chaque c\u00f4t\u00e9 avant d\u2019entrer dans les t\u00eates<\/b><\/p>\n<p class=\"x_MsoNormal\"><b>\u2022\u00a0\u00a0\u00a0\u00a0\u00a0\u00a0\u00a0 La ligne est con\u00e7ue pour 32\u2019 maximum<\/b><\/p>\n<p class=\"x_MsoNormal\"><b>\u2022\u00a0\u00a0\u00a0\u00a0\u00a0\u00a0\u00a0 Il y a un syst\u00e8me d\u2019\u00e9boutage \u00e0 la sortie<\/b><\/p>\n<p class=\"x_MsoNormal\"><b>\u2022\u00a0\u00a0\u00a0\u00a0\u00a0\u00a0\u00a0 Il y a un planneur int\u00e9gr\u00e9 dans la ligne pour planner le bois \u00e0 la\u00a0<\/b><b>sortie du crowder<\/b><\/p>\n<p class=\"x_MsoNormal\"><b>\u00a0<\/b><\/p>\n<p class=\"x_MsoNormal\"><b>\u2022\u00a0\u00a0\u00a0\u00a0\u00a0\u00a0\u00a0 Alimenteur<\/b><\/p>\n<p class=\"x_MsoNormal\"><b>\u2022\u00a0\u00a0\u00a0\u00a0\u00a0\u00a0\u00a0 Profileuse<\/b><\/p>\n<p class=\"x_MsoNormal\"><b>\u2022\u00a0\u00a0\u00a0\u00a0\u00a0\u00a0\u00a0 Transfert<\/b><\/p>\n<p class=\"x_MsoNormal\"><b>\u2022\u00a0\u00a0\u00a0\u00a0\u00a0\u00a0\u00a0 Couloir<\/b><\/p>\n<p class=\"x_MsoNormal\"><b>\u2022\u00a0\u00a0\u00a0\u00a0\u00a0\u00a0\u00a0 Crowder<\/b><\/p>\n<p class=\"x_MsoNormal\"><b>\u2022\u00a0\u00a0\u00a0\u00a0\u00a0\u00a0\u00a0 Rectificateur<\/b><\/p>\n<p class=\"x_MsoNormal\"><b>\u2022\u00a0\u00a0\u00a0\u00a0\u00a0\u00a0\u00a0 Planneur<\/b><\/p>\n<p class=\"x_MsoNormal\"><b>\u2022\u00a0\u00a0\u00a0\u00a0\u00a0\u00a0\u00a0 Acc\u00e9l\u00e9rateur<\/b><\/p>\n<p class=\"x_MsoNormal\"><b>\u2022\u00a0\u00a0\u00a0\u00a0\u00a0\u00a0\u00a0 Tunnel<\/b><\/p>\n<p class=\"x_MsoNormal\"><b>\u2022\u00a0\u00a0\u00a0\u00a0\u00a0\u00a0\u00a0 Flysaw<\/b><\/p>\n<p class=\"x_MsoNormal\"><b>\u2022\u00a0\u00a0\u00a0\u00a0\u00a0\u00a0\u00a0 Sortie<\/b><\/p>\n<p class=\"x_MsoNormal\"><b>\u2022\u00a0\u00a0\u00a0\u00a0\u00a0\u00a0\u00a0 \u00c9bouteurs multiples avec une strap de sortie<\/b><\/p>","protected":false},"excerpt":{"rendered":"<p class=\"x_MsoNormal\"><b>CRP-2250<\/b><\/p>\n<p class=\"x_MsoNormal\"><b>\u2022\u00a0\u00a0\u00a0\u00a0\u00a0\u00a0\u00a0 Ann\u00e9e installation 2001 \u2013\u00a0<\/b><\/p>\n<p class=\"x_MsoNormal\"><b>\u2022\u00a0\u00a0\u00a0\u00a0\u00a0\u00a0\u00a0 Con\u00e7ue pour passer du bois entre 10\u2019\u2019 \u00e0 43\u2019\u2019 de long<\/b><\/p>\n<p class=\"x_MsoNormal\"><b>\u2022\u00a0\u00a0\u00a0\u00a0\u00a0\u00a0\u00a0 Il y a 1 \u00e9bouteur de chaque c\u00f4t\u00e9 avant d\u2019entrer dans les t\u00eates<\/b><\/p>\n<p class=\"x_MsoNormal\"><b>\u2022\u00a0\u00a0\u00a0\u00a0\u00a0\u00a0\u00a0 La ligne est con\u00e7ue pour 32\u2019 maximum<\/b><\/p>\n<p class=\"x_MsoNormal\"><b>\u2022\u00a0\u00a0\u00a0\u00a0\u00a0\u00a0\u00a0 Il y a un syst\u00e8me d\u2019\u00e9boutage \u00e0 la sortie<\/b><\/p>\n<p class=\"x_MsoNormal\"><b>\u2022\u00a0\u00a0\u00a0\u00a0\u00a0\u00a0\u00a0 Il y a un planneur int\u00e9gr\u00e9 dans la ligne pour planner le bois \u00e0 la\u00a0<\/b><b>sortie du crowder<\/b><\/p>\n<p class=\"x_MsoNormal\">","protected":false},"author":3,"featured_media":81215,"comment_status":"open","ping_status":"closed","template":"","meta":[],"product_cat":[278],"product_tag":[],"acf":[],"yoast_head":"<!-- This site is optimized with the Yoast SEO plugin v16.8 - https:\/\/yoast.com\/wordpress\/plugins\/seo\/ -->\n<title>Jointeuse CRP 2250 - Machineries BST<\/title>\n<meta name=\"robots\" content=\"index, follow, max-snippet:-1, max-image-preview:large, max-video-preview:-1\" \/>\n<link rel=\"canonical\" href=\"https:\/\/machineriesbst.com\/en\/catalogue\/jointeuse-crp-2250\/\" \/>\n<meta property=\"og:locale\" content=\"en_US\" \/>\n<meta property=\"og:type\" content=\"article\" \/>\n<meta property=\"og:title\" content=\"Jointeuse CRP 2250 - Machineries BST\" \/>\n<meta property=\"og:description\" content=\"CRP-2250 \u2022\u00a0\u00a0\u00a0\u00a0\u00a0\u00a0\u00a0 Ann\u00e9e installation 2001 \u2013\u00a0 \u2022\u00a0\u00a0\u00a0\u00a0\u00a0\u00a0\u00a0 Con\u00e7ue pour passer du bois entre 10\u2019\u2019 \u00e0 43\u2019\u2019 de long \u2022\u00a0\u00a0\u00a0\u00a0\u00a0\u00a0\u00a0 Il y a 1 \u00e9bouteur de chaque c\u00f4t\u00e9 avant d\u2019entrer dans les t\u00eates \u2022\u00a0\u00a0\u00a0\u00a0\u00a0\u00a0\u00a0 La ligne est con\u00e7ue pour 32\u2019 maximum \u2022\u00a0\u00a0\u00a0\u00a0\u00a0\u00a0\u00a0 Il y a un syst\u00e8me d\u2019\u00e9boutage \u00e0 la sortie \u2022\u00a0\u00a0\u00a0\u00a0\u00a0\u00a0\u00a0 Il y a un planneur int\u00e9gr\u00e9 dans la ligne pour planner le bois \u00e0 la\u00a0sortie du crowder\" \/>\n<meta property=\"og:url\" content=\"https:\/\/machineriesbst.com\/en\/catalogue\/jointeuse-crp-2250\/\" \/>\n<meta property=\"og:site_name\" content=\"Machineries BST\" \/>\n<meta property=\"og:image\" content=\"https:\/\/machineriesbst.com\/wp-content\/uploads\/2026\/01\/30-600x450-1.jpg\" \/>\n\t<meta property=\"og:image:width\" content=\"600\" \/>\n\t<meta property=\"og:image:height\" content=\"450\" \/>\n<meta name=\"twitter:card\" content=\"summary_large_image\" \/>\n<script type=\"application\/ld+json\" class=\"yoast-schema-graph\">{\"@context\":\"https:\/\/schema.org\",\"@graph\":[{\"@type\":\"WebSite\",\"@id\":\"https:\/\/machineriesbst.com\/en\/#website\",\"url\":\"https:\/\/machineriesbst.com\/en\/\",\"name\":\"Machineries BST\",\"description\":\"Machines neuves &amp; usag\\u00e9es\",\"potentialAction\":[{\"@type\":\"SearchAction\",\"target\":{\"@type\":\"EntryPoint\",\"urlTemplate\":\"https:\/\/machineriesbst.com\/en\/?s={search_term_string}\"},\"query-input\":\"required name=search_term_string\"}],\"inLanguage\":\"en-US\"},{\"@type\":\"ImageObject\",\"@id\":\"https:\/\/machineriesbst.com\/catalogue\/jointeuse-crp-2250\/#primaryimage\",\"inLanguage\":\"en-US\",\"url\":\"https:\/\/machineriesbst.com\/wp-content\/uploads\/2026\/01\/30-600x450-1.jpg\",\"contentUrl\":\"https:\/\/machineriesbst.com\/wp-content\/uploads\/2026\/01\/30-600x450-1.jpg\",\"width\":600,\"height\":450},{\"@type\":\"WebPage\",\"@id\":\"https:\/\/machineriesbst.com\/catalogue\/jointeuse-crp-2250\/#webpage\",\"url\":\"https:\/\/machineriesbst.com\/catalogue\/jointeuse-crp-2250\/\",\"name\":\"Jointeuse CRP 2250 - Machineries BST\",\"isPartOf\":{\"@id\":\"https:\/\/machineriesbst.com\/en\/#website\"},\"primaryImageOfPage\":{\"@id\":\"https:\/\/machineriesbst.com\/catalogue\/jointeuse-crp-2250\/#primaryimage\"},\"datePublished\":\"2026-01-26T17:01:13+00:00\",\"dateModified\":\"2026-01-26T17:01:13+00:00\",\"breadcrumb\":{\"@id\":\"https:\/\/machineriesbst.com\/catalogue\/jointeuse-crp-2250\/#breadcrumb\"},\"inLanguage\":\"en-US\",\"potentialAction\":[{\"@type\":\"ReadAction\",\"target\":[\"https:\/\/machineriesbst.com\/catalogue\/jointeuse-crp-2250\/\"]}]},{\"@type\":\"BreadcrumbList\",\"@id\":\"https:\/\/machineriesbst.com\/catalogue\/jointeuse-crp-2250\/#breadcrumb\",\"itemListElement\":[{\"@type\":\"ListItem\",\"position\":1,\"name\":\"Accueil\",\"item\":\"https:\/\/machineriesbst.com\/en\/\"},{\"@type\":\"ListItem\",\"position\":2,\"name\":\"Catalogue\",\"item\":\"https:\/\/machineriesbst.com\/en\/catalog\/\"},{\"@type\":\"ListItem\",\"position\":3,\"name\":\"Jointeuse CRP 2250\"}]}]}<\/script>\n<!-- \/ Yoast SEO plugin. -->","yoast_head_json":{"title":"Jointeuse CRP 2250 - Machineries BST","robots":{"index":"index","follow":"follow","max-snippet":"max-snippet:-1","max-image-preview":"max-image-preview:large","max-video-preview":"max-video-preview:-1"},"canonical":"https:\/\/machineriesbst.com\/en\/catalogue\/jointeuse-crp-2250\/","og_locale":"en_US","og_type":"article","og_title":"Jointeuse CRP 2250 - Machineries BST","og_description":"CRP-2250 \u2022\u00a0\u00a0\u00a0\u00a0\u00a0\u00a0\u00a0 Ann\u00e9e installation 2001 \u2013\u00a0 \u2022\u00a0\u00a0\u00a0\u00a0\u00a0\u00a0\u00a0 Con\u00e7ue pour passer du bois entre 10\u2019\u2019 \u00e0 43\u2019\u2019 de long \u2022\u00a0\u00a0\u00a0\u00a0\u00a0\u00a0\u00a0 Il y a 1 \u00e9bouteur de chaque c\u00f4t\u00e9 avant d\u2019entrer dans les t\u00eates \u2022\u00a0\u00a0\u00a0\u00a0\u00a0\u00a0\u00a0 La ligne est con\u00e7ue pour 32\u2019 maximum \u2022\u00a0\u00a0\u00a0\u00a0\u00a0\u00a0\u00a0 Il y a un syst\u00e8me d\u2019\u00e9boutage \u00e0 la sortie \u2022\u00a0\u00a0\u00a0\u00a0\u00a0\u00a0\u00a0 Il y a un planneur int\u00e9gr\u00e9 dans la ligne pour planner le bois \u00e0 la\u00a0sortie du crowder","og_url":"https:\/\/machineriesbst.com\/en\/catalogue\/jointeuse-crp-2250\/","og_site_name":"Machineries BST","og_image":[{"width":600,"height":450,"url":"https:\/\/machineriesbst.com\/wp-content\/uploads\/2026\/01\/30-600x450-1.jpg","path":"\/home\/jepeto\/public_html\/wp-content\/uploads\/2026\/01\/30-600x450-1.jpg","size":"full","id":81215,"alt":"","pixels":270000,"type":"image\/jpeg"}],"twitter_card":"summary_large_image","schema":{"@context":"https:\/\/schema.org","@graph":[{"@type":"WebSite","@id":"https:\/\/machineriesbst.com\/en\/#website","url":"https:\/\/machineriesbst.com\/en\/","name":"Machineries BST","description":"Machines neuves &amp; usag\u00e9es","potentialAction":[{"@type":"SearchAction","target":{"@type":"EntryPoint","urlTemplate":"https:\/\/machineriesbst.com\/en\/?s={search_term_string}"},"query-input":"required name=search_term_string"}],"inLanguage":"en-US"},{"@type":"ImageObject","@id":"https:\/\/machineriesbst.com\/catalogue\/jointeuse-crp-2250\/#primaryimage","inLanguage":"en-US","url":"https:\/\/machineriesbst.com\/wp-content\/uploads\/2026\/01\/30-600x450-1.jpg","contentUrl":"https:\/\/machineriesbst.com\/wp-content\/uploads\/2026\/01\/30-600x450-1.jpg","width":600,"height":450},{"@type":"WebPage","@id":"https:\/\/machineriesbst.com\/catalogue\/jointeuse-crp-2250\/#webpage","url":"https:\/\/machineriesbst.com\/catalogue\/jointeuse-crp-2250\/","name":"Jointeuse CRP 2250 - Machineries BST","isPartOf":{"@id":"https:\/\/machineriesbst.com\/en\/#website"},"primaryImageOfPage":{"@id":"https:\/\/machineriesbst.com\/catalogue\/jointeuse-crp-2250\/#primaryimage"},"datePublished":"2026-01-26T17:01:13+00:00","dateModified":"2026-01-26T17:01:13+00:00","breadcrumb":{"@id":"https:\/\/machineriesbst.com\/catalogue\/jointeuse-crp-2250\/#breadcrumb"},"inLanguage":"en-US","potentialAction":[{"@type":"ReadAction","target":["https:\/\/machineriesbst.com\/catalogue\/jointeuse-crp-2250\/"]}]},{"@type":"BreadcrumbList","@id":"https:\/\/machineriesbst.com\/catalogue\/jointeuse-crp-2250\/#breadcrumb","itemListElement":[{"@type":"ListItem","position":1,"name":"Accueil","item":"https:\/\/machineriesbst.com\/en\/"},{"@type":"ListItem","position":2,"name":"Catalogue","item":"https:\/\/machineriesbst.com\/en\/catalog\/"},{"@type":"ListItem","position":3,"name":"Jointeuse CRP 2250"}]}]}},"_links":{"self":[{"href":"https:\/\/machineriesbst.com\/en\/wp-json\/wp\/v2\/product\/81214"}],"collection":[{"href":"https:\/\/machineriesbst.com\/en\/wp-json\/wp\/v2\/product"}],"about":[{"href":"https:\/\/machineriesbst.com\/en\/wp-json\/wp\/v2\/types\/product"}],"author":[{"embeddable":true,"href":"https:\/\/machineriesbst.com\/en\/wp-json\/wp\/v2\/users\/3"}],"replies":[{"embeddable":true,"href":"https:\/\/machineriesbst.com\/en\/wp-json\/wp\/v2\/comments?post=81214"}],"wp:featuredmedia":[{"embeddable":true,"href":"https:\/\/machineriesbst.com\/en\/wp-json\/wp\/v2\/media\/81215"}],"wp:attachment":[{"href":"https:\/\/machineriesbst.com\/en\/wp-json\/wp\/v2\/media?parent=81214"}],"wp:term":[{"taxonomy":"product_cat","embeddable":true,"href":"https:\/\/machineriesbst.com\/en\/wp-json\/wp\/v2\/product_cat?post=81214"},{"taxonomy":"product_tag","embeddable":true,"href":"https:\/\/machineriesbst.com\/en\/wp-json\/wp\/v2\/product_tag?post=81214"}],"curies":[{"name":"wp","href":"https:\/\/api.w.org\/{rel}","templated":true}]}}