{"id":81199,"date":"2026-01-06T12:05:13","date_gmt":"2026-01-06T17:05:13","guid":{"rendered":"https:\/\/machineriesbst.com\/?post_type=product&#038;p=81199"},"modified":"2026-01-26T15:06:03","modified_gmt":"2026-01-26T20:06:03","slug":"plaqueuse-de-chant-homag-optimat-kal210-2-a1-s2","status":"publish","type":"product","link":"https:\/\/machineriesbst.com\/en\/catalogue\/plaqueuse-de-chant-homag-optimat-kal210-2-a1-s2\/","title":{"rendered":"Plaqueuse de chant Homag Optimat KAL210\/2\/A1\/S2"},"content":{"rendered":"<p class=\"asset-description\"><span dir=\"auto\"><span class=\"\" dir=\"auto\">Construite pour la vitesse et pour faire une seule chose, appliquer des bandes de chant de .5mm RAPIDEMENT.<\/span><\/span><\/p>\n<p class=\"asset-description\"><span dir=\"auto\"><span class=\"\" dir=\"auto\">\u00a0Cette machine est extr\u00eamement simple dans ses options et est LA SOLUTION PARFAITE pour les \u00e9b\u00e9nistes qui font de la production en s\u00e9rie de meubles-lavabos et de cuisines qui ne doivent n\u00e9cessairement qu'une bande de chant de 0,5 mm. La machine est \u00e9quip\u00e9e d'une unit\u00e9 de pr\u00e9-fraisage et d'un convoyeur de retour Doucet.<\/span><\/span><\/p>\n<p>Machine dimensions<br \/>\n- Overall length [mm] 5,130 (201.968\u201d)<br \/>\n- Noise protection covers [mm]<br \/>\nOverall width closed \/ opened 910\/1,540 (35.827\u201d\/60.63\u201d)<br \/>\nOverall height closed \/ opened 1,740\/2,280 (68.504\u201d\/89.764\u201d)<br \/>\nWorking height [mm] 950 (37.401\u201d)<br \/>\nWorking dimensions<br \/>\n- Workpiece width [mm]<br \/>\nWith workpiece thickness 22 (0.866\u201d) min. 60 (2.362\u201d)<br \/>\nWith workpiece thickness 40 (1.575\u201d) min. 105 (4.134\u201d)<br \/>\n- Workpiece thickness [mm] min. 12 (0.472\u201d)<br \/>\nmax. 40 (1.575\u201d)<br \/>\n(optionally 60) (2.362\u201d)<br \/>\n- Edge thickness coils [mm] max. 1.0 (0.039\u201d)<br \/>\n- Fixed workpiece overhang [mm] 30 (1.181\u201d)<br \/>\nMiscellaneous<br \/>\n- Feed adjustable 18-25 m\/min. (82.021 ft.p.m.)<\/p>","protected":false},"excerpt":{"rendered":"<p class=\"asset-description\"><span dir=\"auto\"><span class=\"\" dir=\"auto\">Construite pour la vitesse et pour faire une seule chose, appliquer des bandes de chant de .5mm RAPIDEMENT.<\/span><\/span><\/p>\n<p class=\"asset-description\"><span dir=\"auto\"><span class=\"\" dir=\"auto\">\u00a0Cette machine est extr\u00eamement simple dans ses options et est LA SOLUTION PARFAITE pour les \u00e9b\u00e9nistes qui font de la production en s\u00e9rie de meubles-lavabos et de cuisines qui ne doivent n\u00e9cessairement qu'une bande de chant de 0,5 mm. La machine est \u00e9quip\u00e9e d'une unit\u00e9 de pr\u00e9-fraisage et d'un convoyeur de retour Doucet.<\/span><\/span><\/p>","protected":false},"author":3,"featured_media":81200,"comment_status":"open","ping_status":"closed","template":"","meta":[],"product_cat":[363],"product_tag":[],"acf":[],"yoast_head":"<!-- This site is optimized with the Yoast SEO plugin v16.8 - https:\/\/yoast.com\/wordpress\/plugins\/seo\/ -->\n<title>Plaqueuse de chant Homag Optimat KAL210\/2\/A1\/S2 - Machineries BST<\/title>\n<meta name=\"robots\" content=\"index, follow, max-snippet:-1, max-image-preview:large, max-video-preview:-1\" \/>\n<link rel=\"canonical\" href=\"https:\/\/machineriesbst.com\/en\/catalogue\/plaqueuse-de-chant-homag-optimat-kal210-2-a1-s2\/\" \/>\n<meta property=\"og:locale\" content=\"en_US\" \/>\n<meta property=\"og:type\" content=\"article\" \/>\n<meta property=\"og:title\" content=\"Plaqueuse de chant Homag Optimat KAL210\/2\/A1\/S2 - Machineries BST\" \/>\n<meta property=\"og:description\" content=\"Construite pour la vitesse et pour faire une seule chose, appliquer des bandes de chant de .5mm RAPIDEMENT. \u00a0Cette machine est extr\u00eamement simple dans ses options et est LA SOLUTION PARFAITE pour les \u00e9b\u00e9nistes qui font de la production en s\u00e9rie de meubles-lavabos et de cuisines qui ne doivent n\u00e9cessairement qu&#039;une bande de chant de 0,5 mm. La machine est \u00e9quip\u00e9e d&#039;une unit\u00e9 de pr\u00e9-fraisage et d&#039;un convoyeur de retour Doucet.\" \/>\n<meta property=\"og:url\" content=\"https:\/\/machineriesbst.com\/en\/catalogue\/plaqueuse-de-chant-homag-optimat-kal210-2-a1-s2\/\" \/>\n<meta property=\"og:site_name\" content=\"Machineries BST\" \/>\n<meta property=\"article:modified_time\" content=\"2026-01-26T20:06:03+00:00\" \/>\n<meta property=\"og:image\" content=\"https:\/\/machineriesbst.com\/wp-content\/uploads\/2026\/01\/IMG_0773-scaled.jpg\" \/>\n\t<meta property=\"og:image:width\" content=\"2560\" \/>\n\t<meta property=\"og:image:height\" content=\"1920\" \/>\n<meta name=\"twitter:card\" content=\"summary_large_image\" \/>\n<meta name=\"twitter:label1\" content=\"Est. reading time\" \/>\n\t<meta name=\"twitter:data1\" content=\"1 minute\" \/>\n<script type=\"application\/ld+json\" class=\"yoast-schema-graph\">{\"@context\":\"https:\/\/schema.org\",\"@graph\":[{\"@type\":\"WebSite\",\"@id\":\"https:\/\/machineriesbst.com\/en\/#website\",\"url\":\"https:\/\/machineriesbst.com\/en\/\",\"name\":\"Machineries BST\",\"description\":\"Machines neuves &amp; usag\\u00e9es\",\"potentialAction\":[{\"@type\":\"SearchAction\",\"target\":{\"@type\":\"EntryPoint\",\"urlTemplate\":\"https:\/\/machineriesbst.com\/en\/?s={search_term_string}\"},\"query-input\":\"required name=search_term_string\"}],\"inLanguage\":\"en-US\"},{\"@type\":\"ImageObject\",\"@id\":\"https:\/\/machineriesbst.com\/catalogue\/plaqueuse-de-chant-homag-optimat-kal210-2-a1-s2\/#primaryimage\",\"inLanguage\":\"en-US\",\"url\":\"https:\/\/machineriesbst.com\/wp-content\/uploads\/2026\/01\/IMG_0773-scaled.jpg\",\"contentUrl\":\"https:\/\/machineriesbst.com\/wp-content\/uploads\/2026\/01\/IMG_0773-scaled.jpg\",\"width\":2560,\"height\":1920},{\"@type\":\"WebPage\",\"@id\":\"https:\/\/machineriesbst.com\/catalogue\/plaqueuse-de-chant-homag-optimat-kal210-2-a1-s2\/#webpage\",\"url\":\"https:\/\/machineriesbst.com\/catalogue\/plaqueuse-de-chant-homag-optimat-kal210-2-a1-s2\/\",\"name\":\"Plaqueuse de chant Homag Optimat KAL210\/2\/A1\/S2 - Machineries BST\",\"isPartOf\":{\"@id\":\"https:\/\/machineriesbst.com\/en\/#website\"},\"primaryImageOfPage\":{\"@id\":\"https:\/\/machineriesbst.com\/catalogue\/plaqueuse-de-chant-homag-optimat-kal210-2-a1-s2\/#primaryimage\"},\"datePublished\":\"2026-01-06T17:05:13+00:00\",\"dateModified\":\"2026-01-26T20:06:03+00:00\",\"breadcrumb\":{\"@id\":\"https:\/\/machineriesbst.com\/catalogue\/plaqueuse-de-chant-homag-optimat-kal210-2-a1-s2\/#breadcrumb\"},\"inLanguage\":\"en-US\",\"potentialAction\":[{\"@type\":\"ReadAction\",\"target\":[\"https:\/\/machineriesbst.com\/catalogue\/plaqueuse-de-chant-homag-optimat-kal210-2-a1-s2\/\"]}]},{\"@type\":\"BreadcrumbList\",\"@id\":\"https:\/\/machineriesbst.com\/catalogue\/plaqueuse-de-chant-homag-optimat-kal210-2-a1-s2\/#breadcrumb\",\"itemListElement\":[{\"@type\":\"ListItem\",\"position\":1,\"name\":\"Accueil\",\"item\":\"https:\/\/machineriesbst.com\/en\/\"},{\"@type\":\"ListItem\",\"position\":2,\"name\":\"Catalogue\",\"item\":\"https:\/\/machineriesbst.com\/en\/catalog\/\"},{\"@type\":\"ListItem\",\"position\":3,\"name\":\"Plaqueuse de chant Homag Optimat KAL210\/2\/A1\/S2\"}]}]}<\/script>\n<!-- \/ Yoast SEO plugin. -->","yoast_head_json":{"title":"Plaqueuse de chant Homag Optimat KAL210\/2\/A1\/S2 - Machineries BST","robots":{"index":"index","follow":"follow","max-snippet":"max-snippet:-1","max-image-preview":"max-image-preview:large","max-video-preview":"max-video-preview:-1"},"canonical":"https:\/\/machineriesbst.com\/en\/catalogue\/plaqueuse-de-chant-homag-optimat-kal210-2-a1-s2\/","og_locale":"en_US","og_type":"article","og_title":"Plaqueuse de chant Homag Optimat KAL210\/2\/A1\/S2 - Machineries BST","og_description":"Construite pour la vitesse et pour faire une seule chose, appliquer des bandes de chant de .5mm RAPIDEMENT. \u00a0Cette machine est extr\u00eamement simple dans ses options et est LA SOLUTION PARFAITE pour les \u00e9b\u00e9nistes qui font de la production en s\u00e9rie de meubles-lavabos et de cuisines qui ne doivent n\u00e9cessairement qu'une bande de chant de 0,5 mm. La machine est \u00e9quip\u00e9e d'une unit\u00e9 de pr\u00e9-fraisage et d'un convoyeur de retour Doucet.","og_url":"https:\/\/machineriesbst.com\/en\/catalogue\/plaqueuse-de-chant-homag-optimat-kal210-2-a1-s2\/","og_site_name":"Machineries BST","article_modified_time":"2026-01-26T20:06:03+00:00","og_image":[{"width":2560,"height":1920,"url":"https:\/\/machineriesbst.com\/wp-content\/uploads\/2026\/01\/IMG_0773-scaled.jpg","path":"\/home\/jepeto\/public_html\/wp-content\/uploads\/2026\/01\/IMG_0773-scaled.jpg","size":"full","id":81200,"alt":"","pixels":4915200,"type":"image\/jpeg"}],"twitter_card":"summary_large_image","twitter_misc":{"Est. reading time":"1 minute"},"schema":{"@context":"https:\/\/schema.org","@graph":[{"@type":"WebSite","@id":"https:\/\/machineriesbst.com\/en\/#website","url":"https:\/\/machineriesbst.com\/en\/","name":"Machineries BST","description":"Machines neuves &amp; usag\u00e9es","potentialAction":[{"@type":"SearchAction","target":{"@type":"EntryPoint","urlTemplate":"https:\/\/machineriesbst.com\/en\/?s={search_term_string}"},"query-input":"required name=search_term_string"}],"inLanguage":"en-US"},{"@type":"ImageObject","@id":"https:\/\/machineriesbst.com\/catalogue\/plaqueuse-de-chant-homag-optimat-kal210-2-a1-s2\/#primaryimage","inLanguage":"en-US","url":"https:\/\/machineriesbst.com\/wp-content\/uploads\/2026\/01\/IMG_0773-scaled.jpg","contentUrl":"https:\/\/machineriesbst.com\/wp-content\/uploads\/2026\/01\/IMG_0773-scaled.jpg","width":2560,"height":1920},{"@type":"WebPage","@id":"https:\/\/machineriesbst.com\/catalogue\/plaqueuse-de-chant-homag-optimat-kal210-2-a1-s2\/#webpage","url":"https:\/\/machineriesbst.com\/catalogue\/plaqueuse-de-chant-homag-optimat-kal210-2-a1-s2\/","name":"Plaqueuse de chant Homag Optimat KAL210\/2\/A1\/S2 - Machineries BST","isPartOf":{"@id":"https:\/\/machineriesbst.com\/en\/#website"},"primaryImageOfPage":{"@id":"https:\/\/machineriesbst.com\/catalogue\/plaqueuse-de-chant-homag-optimat-kal210-2-a1-s2\/#primaryimage"},"datePublished":"2026-01-06T17:05:13+00:00","dateModified":"2026-01-26T20:06:03+00:00","breadcrumb":{"@id":"https:\/\/machineriesbst.com\/catalogue\/plaqueuse-de-chant-homag-optimat-kal210-2-a1-s2\/#breadcrumb"},"inLanguage":"en-US","potentialAction":[{"@type":"ReadAction","target":["https:\/\/machineriesbst.com\/catalogue\/plaqueuse-de-chant-homag-optimat-kal210-2-a1-s2\/"]}]},{"@type":"BreadcrumbList","@id":"https:\/\/machineriesbst.com\/catalogue\/plaqueuse-de-chant-homag-optimat-kal210-2-a1-s2\/#breadcrumb","itemListElement":[{"@type":"ListItem","position":1,"name":"Accueil","item":"https:\/\/machineriesbst.com\/en\/"},{"@type":"ListItem","position":2,"name":"Catalogue","item":"https:\/\/machineriesbst.com\/en\/catalog\/"},{"@type":"ListItem","position":3,"name":"Plaqueuse de chant Homag Optimat KAL210\/2\/A1\/S2"}]}]}},"_links":{"self":[{"href":"https:\/\/machineriesbst.com\/en\/wp-json\/wp\/v2\/product\/81199"}],"collection":[{"href":"https:\/\/machineriesbst.com\/en\/wp-json\/wp\/v2\/product"}],"about":[{"href":"https:\/\/machineriesbst.com\/en\/wp-json\/wp\/v2\/types\/product"}],"author":[{"embeddable":true,"href":"https:\/\/machineriesbst.com\/en\/wp-json\/wp\/v2\/users\/3"}],"replies":[{"embeddable":true,"href":"https:\/\/machineriesbst.com\/en\/wp-json\/wp\/v2\/comments?post=81199"}],"wp:featuredmedia":[{"embeddable":true,"href":"https:\/\/machineriesbst.com\/en\/wp-json\/wp\/v2\/media\/81200"}],"wp:attachment":[{"href":"https:\/\/machineriesbst.com\/en\/wp-json\/wp\/v2\/media?parent=81199"}],"wp:term":[{"taxonomy":"product_cat","embeddable":true,"href":"https:\/\/machineriesbst.com\/en\/wp-json\/wp\/v2\/product_cat?post=81199"},{"taxonomy":"product_tag","embeddable":true,"href":"https:\/\/machineriesbst.com\/en\/wp-json\/wp\/v2\/product_tag?post=81199"}],"curies":[{"name":"wp","href":"https:\/\/api.w.org\/{rel}","templated":true}]}}