{"id":81152,"date":"2025-12-08T16:36:50","date_gmt":"2025-12-08T21:36:50","guid":{"rendered":"https:\/\/machineriesbst.com\/?post_type=product&#038;p=81152"},"modified":"2025-12-08T16:36:51","modified_gmt":"2025-12-08T21:36:51","slug":"cnc-biesse-rover-a-1536-chargement-dechargement","status":"publish","type":"product","link":"https:\/\/machineriesbst.com\/en\/catalogue\/cnc-biesse-rover-a-1536-chargement-dechargement\/","title":{"rendered":"CNC Biesse Rover A 1536 Chargement d\u00e9chargement"},"content":{"rendered":"<p>Cnc Biesse Rover A 1536 G FT<\/p>\n<p>Year 2012<\/p>\n<p>400 volts 3 phases<\/p>\n<p>-Worktable Style: Flat Vacuum Table.<\/p>\n<p>-Equipped with 61\u2033 x 138\u2033 Scissor Lift Table (Quad Hydraulic Cylinders)<\/p>\n<p>-Automatic De-stacking Functionality<\/p>\n<p>-16-Positiona Ride Along Rotary Tool Changer (all tools and tool holders mounted on the tool carrier are included with this machine)<\/p>\n<p>-Equipped with Main Router, Driven via HSD ES959 Motor, Compatible w\/HSK63F Tool Holder<\/p>\n<p>-Equipped with Ride Along Drill Block Assembly:<\/p>\n<p>-Vertical Spindles: (6) X-Axis and (5) Y-Axis w\/(1) Shared Spindle<\/p>\n<p>-Horizontal Spindles: (4) Horizontally Opposed X-Axis Spindles and (2) Horizontally Opposed Y-Axis Spindles.<\/p>\n<p>-Equipped with Grooving Saw (X-Axis)<\/p>\n<p>-Equipped with (2) Busch Mink MM1322AV Vacuum Pumps. 8kW Each.<\/p>\n<p>-Worktable is equipped with (6) Pneumatic reference fences along X-Axis and (2) Pneumatic Pop-Up Reference Stops Along Y-Axis.<\/p>\n<p>-Gantry is equipped with Pusher Arm for offloading finished product unto an outfeed conveyor<\/p>\n<p>-Outfeed conveyor dimensions: 62\u2033 x 176\u2033 approx. (61.5\u2033 wide belt)<\/p>\n<p>-Outfeed conveyor is equipped with cleaning station for extracting saw dust and misc scrap pieces prior to offloading.<\/p>\n<p>&nbsp;<\/p>","protected":false},"excerpt":{"rendered":"<p>CNC table pleine de 5 x 12 avec unit\u00e9 de chargement et de d\u00e9chargement .<\/p>\n<p>Table Hydraulique \u00e0 l\u2019entr\u00e9 de 61\u2033 x 138\u2033.<\/p>\n<p>Changeur d\u2019outils 16 . Block de percage 6 verticales \u2013\u00a0 5 X-Axis \u2013 1 \u2013 Y- Axis .<\/p>\n<p>Percage Horizontal -4- Scie \u00e0 grouv\u00e9 X-Axis .<\/p>\n<p>2 Pompes Vacuum Busch de 8kw.<\/p>\n<p>Convoyeur de sortie de 62\u2033 x 176\u2033 et 61\u2033 de large \u00e9quip\u00e9 d\u2019une station de nettoyage .<\/p>","protected":false},"author":3,"featured_media":81146,"comment_status":"open","ping_status":"closed","template":"","meta":[],"product_cat":[221,2265],"product_tag":[],"acf":[],"yoast_head":"<!-- This site is optimized with the Yoast SEO plugin v16.8 - https:\/\/yoast.com\/wordpress\/plugins\/seo\/ -->\n<title>CNC Biesse Rover A 1536 Chargement d\u00e9chargement - Machineries BST<\/title>\n<meta name=\"robots\" content=\"index, follow, max-snippet:-1, max-image-preview:large, max-video-preview:-1\" \/>\n<link rel=\"canonical\" href=\"https:\/\/machineriesbst.com\/en\/catalogue\/cnc-biesse-rover-a-1536-chargement-dechargement\/\" \/>\n<meta property=\"og:locale\" content=\"en_US\" \/>\n<meta property=\"og:type\" content=\"article\" \/>\n<meta property=\"og:title\" content=\"CNC Biesse Rover A 1536 Chargement d\u00e9chargement - Machineries BST\" \/>\n<meta property=\"og:description\" content=\"CNC table pleine de 5 x 12 avec unit\u00e9 de chargement et de d\u00e9chargement .  Table Hydraulique \u00e0 l\u2019entr\u00e9 de 61\u2033 x 138\u2033.  Changeur d\u2019outils 16 . Block de percage 6 verticales \u2013\u00a0 5 X-Axis \u2013 1 \u2013 Y- Axis .  Percage Horizontal -4- Scie \u00e0 grouv\u00e9 X-Axis .  2 Pompes Vacuum Busch de 8kw.  Convoyeur de sortie de 62\u2033 x 176\u2033 et 61\u2033 de large \u00e9quip\u00e9 d\u2019une station de nettoyage .\" \/>\n<meta property=\"og:url\" content=\"https:\/\/machineriesbst.com\/en\/catalogue\/cnc-biesse-rover-a-1536-chargement-dechargement\/\" \/>\n<meta property=\"og:site_name\" content=\"Machineries BST\" \/>\n<meta property=\"article:modified_time\" content=\"2025-12-08T21:36:51+00:00\" \/>\n<meta property=\"og:image\" content=\"https:\/\/machineriesbst.com\/wp-content\/uploads\/2025\/12\/IMG_0951-1.jpg\" \/>\n\t<meta property=\"og:image:width\" content=\"1179\" \/>\n\t<meta property=\"og:image:height\" content=\"751\" \/>\n<meta name=\"twitter:card\" content=\"summary_large_image\" \/>\n<meta name=\"twitter:label1\" content=\"Est. reading time\" \/>\n\t<meta name=\"twitter:data1\" content=\"1 minute\" \/>\n<script type=\"application\/ld+json\" class=\"yoast-schema-graph\">{\"@context\":\"https:\/\/schema.org\",\"@graph\":[{\"@type\":\"WebSite\",\"@id\":\"https:\/\/machineriesbst.com\/en\/#website\",\"url\":\"https:\/\/machineriesbst.com\/en\/\",\"name\":\"Machineries BST\",\"description\":\"Machines neuves &amp; usag\\u00e9es\",\"potentialAction\":[{\"@type\":\"SearchAction\",\"target\":{\"@type\":\"EntryPoint\",\"urlTemplate\":\"https:\/\/machineriesbst.com\/en\/?s={search_term_string}\"},\"query-input\":\"required name=search_term_string\"}],\"inLanguage\":\"en-US\"},{\"@type\":\"ImageObject\",\"@id\":\"https:\/\/machineriesbst.com\/catalogue\/cnc-biesse-rover-a-1536-chargement-dechargement\/#primaryimage\",\"inLanguage\":\"en-US\",\"url\":\"https:\/\/machineriesbst.com\/wp-content\/uploads\/2025\/12\/IMG_0951-1.jpg\",\"contentUrl\":\"https:\/\/machineriesbst.com\/wp-content\/uploads\/2025\/12\/IMG_0951-1.jpg\",\"width\":1179,\"height\":751},{\"@type\":\"WebPage\",\"@id\":\"https:\/\/machineriesbst.com\/catalogue\/cnc-biesse-rover-a-1536-chargement-dechargement\/#webpage\",\"url\":\"https:\/\/machineriesbst.com\/catalogue\/cnc-biesse-rover-a-1536-chargement-dechargement\/\",\"name\":\"CNC Biesse Rover A 1536 Chargement d\\u00e9chargement - Machineries BST\",\"isPartOf\":{\"@id\":\"https:\/\/machineriesbst.com\/en\/#website\"},\"primaryImageOfPage\":{\"@id\":\"https:\/\/machineriesbst.com\/catalogue\/cnc-biesse-rover-a-1536-chargement-dechargement\/#primaryimage\"},\"datePublished\":\"2025-12-08T21:36:50+00:00\",\"dateModified\":\"2025-12-08T21:36:51+00:00\",\"breadcrumb\":{\"@id\":\"https:\/\/machineriesbst.com\/catalogue\/cnc-biesse-rover-a-1536-chargement-dechargement\/#breadcrumb\"},\"inLanguage\":\"en-US\",\"potentialAction\":[{\"@type\":\"ReadAction\",\"target\":[\"https:\/\/machineriesbst.com\/catalogue\/cnc-biesse-rover-a-1536-chargement-dechargement\/\"]}]},{\"@type\":\"BreadcrumbList\",\"@id\":\"https:\/\/machineriesbst.com\/catalogue\/cnc-biesse-rover-a-1536-chargement-dechargement\/#breadcrumb\",\"itemListElement\":[{\"@type\":\"ListItem\",\"position\":1,\"name\":\"Accueil\",\"item\":\"https:\/\/machineriesbst.com\/en\/\"},{\"@type\":\"ListItem\",\"position\":2,\"name\":\"Catalogue\",\"item\":\"https:\/\/machineriesbst.com\/en\/catalog\/\"},{\"@type\":\"ListItem\",\"position\":3,\"name\":\"CNC Biesse Rover A 1536 Chargement d\\u00e9chargement\"}]}]}<\/script>\n<!-- \/ Yoast SEO plugin. -->","yoast_head_json":{"title":"CNC Biesse Rover A 1536 Chargement d\u00e9chargement - Machineries BST","robots":{"index":"index","follow":"follow","max-snippet":"max-snippet:-1","max-image-preview":"max-image-preview:large","max-video-preview":"max-video-preview:-1"},"canonical":"https:\/\/machineriesbst.com\/en\/catalogue\/cnc-biesse-rover-a-1536-chargement-dechargement\/","og_locale":"en_US","og_type":"article","og_title":"CNC Biesse Rover A 1536 Chargement d\u00e9chargement - Machineries BST","og_description":"CNC table pleine de 5 x 12 avec unit\u00e9 de chargement et de d\u00e9chargement .  Table Hydraulique \u00e0 l\u2019entr\u00e9 de 61\u2033 x 138\u2033.  Changeur d\u2019outils 16 . Block de percage 6 verticales \u2013\u00a0 5 X-Axis \u2013 1 \u2013 Y- Axis .  Percage Horizontal -4- Scie \u00e0 grouv\u00e9 X-Axis .  2 Pompes Vacuum Busch de 8kw.  Convoyeur de sortie de 62\u2033 x 176\u2033 et 61\u2033 de large \u00e9quip\u00e9 d\u2019une station de nettoyage .","og_url":"https:\/\/machineriesbst.com\/en\/catalogue\/cnc-biesse-rover-a-1536-chargement-dechargement\/","og_site_name":"Machineries BST","article_modified_time":"2025-12-08T21:36:51+00:00","og_image":[{"width":1179,"height":751,"url":"https:\/\/machineriesbst.com\/wp-content\/uploads\/2025\/12\/IMG_0951-1.jpg","path":"\/home\/jepeto\/public_html\/wp-content\/uploads\/2025\/12\/IMG_0951-1.jpg","size":"full","id":81146,"alt":"","pixels":885429,"type":"image\/jpeg"}],"twitter_card":"summary_large_image","twitter_misc":{"Est. reading time":"1 minute"},"schema":{"@context":"https:\/\/schema.org","@graph":[{"@type":"WebSite","@id":"https:\/\/machineriesbst.com\/en\/#website","url":"https:\/\/machineriesbst.com\/en\/","name":"Machineries BST","description":"Machines neuves &amp; usag\u00e9es","potentialAction":[{"@type":"SearchAction","target":{"@type":"EntryPoint","urlTemplate":"https:\/\/machineriesbst.com\/en\/?s={search_term_string}"},"query-input":"required name=search_term_string"}],"inLanguage":"en-US"},{"@type":"ImageObject","@id":"https:\/\/machineriesbst.com\/catalogue\/cnc-biesse-rover-a-1536-chargement-dechargement\/#primaryimage","inLanguage":"en-US","url":"https:\/\/machineriesbst.com\/wp-content\/uploads\/2025\/12\/IMG_0951-1.jpg","contentUrl":"https:\/\/machineriesbst.com\/wp-content\/uploads\/2025\/12\/IMG_0951-1.jpg","width":1179,"height":751},{"@type":"WebPage","@id":"https:\/\/machineriesbst.com\/catalogue\/cnc-biesse-rover-a-1536-chargement-dechargement\/#webpage","url":"https:\/\/machineriesbst.com\/catalogue\/cnc-biesse-rover-a-1536-chargement-dechargement\/","name":"CNC Biesse Rover A 1536 Chargement d\u00e9chargement - Machineries BST","isPartOf":{"@id":"https:\/\/machineriesbst.com\/en\/#website"},"primaryImageOfPage":{"@id":"https:\/\/machineriesbst.com\/catalogue\/cnc-biesse-rover-a-1536-chargement-dechargement\/#primaryimage"},"datePublished":"2025-12-08T21:36:50+00:00","dateModified":"2025-12-08T21:36:51+00:00","breadcrumb":{"@id":"https:\/\/machineriesbst.com\/catalogue\/cnc-biesse-rover-a-1536-chargement-dechargement\/#breadcrumb"},"inLanguage":"en-US","potentialAction":[{"@type":"ReadAction","target":["https:\/\/machineriesbst.com\/catalogue\/cnc-biesse-rover-a-1536-chargement-dechargement\/"]}]},{"@type":"BreadcrumbList","@id":"https:\/\/machineriesbst.com\/catalogue\/cnc-biesse-rover-a-1536-chargement-dechargement\/#breadcrumb","itemListElement":[{"@type":"ListItem","position":1,"name":"Accueil","item":"https:\/\/machineriesbst.com\/en\/"},{"@type":"ListItem","position":2,"name":"Catalogue","item":"https:\/\/machineriesbst.com\/en\/catalog\/"},{"@type":"ListItem","position":3,"name":"CNC Biesse Rover A 1536 Chargement d\u00e9chargement"}]}]}},"_links":{"self":[{"href":"https:\/\/machineriesbst.com\/en\/wp-json\/wp\/v2\/product\/81152"}],"collection":[{"href":"https:\/\/machineriesbst.com\/en\/wp-json\/wp\/v2\/product"}],"about":[{"href":"https:\/\/machineriesbst.com\/en\/wp-json\/wp\/v2\/types\/product"}],"author":[{"embeddable":true,"href":"https:\/\/machineriesbst.com\/en\/wp-json\/wp\/v2\/users\/3"}],"replies":[{"embeddable":true,"href":"https:\/\/machineriesbst.com\/en\/wp-json\/wp\/v2\/comments?post=81152"}],"wp:featuredmedia":[{"embeddable":true,"href":"https:\/\/machineriesbst.com\/en\/wp-json\/wp\/v2\/media\/81146"}],"wp:attachment":[{"href":"https:\/\/machineriesbst.com\/en\/wp-json\/wp\/v2\/media?parent=81152"}],"wp:term":[{"taxonomy":"product_cat","embeddable":true,"href":"https:\/\/machineriesbst.com\/en\/wp-json\/wp\/v2\/product_cat?post=81152"},{"taxonomy":"product_tag","embeddable":true,"href":"https:\/\/machineriesbst.com\/en\/wp-json\/wp\/v2\/product_tag?post=81152"}],"curies":[{"name":"wp","href":"https:\/\/api.w.org\/{rel}","templated":true}]}}