{"id":81118,"date":"2025-11-05T16:54:57","date_gmt":"2025-11-05T21:54:57","guid":{"rendered":"https:\/\/machineriesbst.com\/?post_type=product&#038;p=81118"},"modified":"2025-11-05T16:54:57","modified_gmt":"2025-11-05T21:54:57","slug":"scm-si-400-ep-classic","status":"publish","type":"product","link":"https:\/\/machineriesbst.com\/en\/catalogue\/scm-si-400-ep-classic\/","title":{"rendered":"SCM SI 400 EP Classic"},"content":{"rendered":"<p>Diam\u00e8tre de la lame de scie: 400 mm<\/p>\n<ul>\n<li class=\"layer_1 bullet\">diam\u00e8tre max. lame inciseur: 120 mm<\/li>\n<li class=\"layer_1 bullet\">Coupes \u00e0 format: 3200 x 3200 mm<\/li>\n<li class=\"layer_1 bullet\">Largeur de coupe au but\u00e9e parall\u00e8le: 1270 mm<\/li>\n<li class=\"layer_1 bullet\">Cutting height<\/li>\n<li class=\"layer_2 bullet\">\u00e0 90: 140 mm<\/li>\n<li class=\"layer_2 bullet\">\u00e0 45: 97 mm<\/li>\n<li class=\"layer_1 bullet\">Nombre des tours par minutes<\/li>\n<li class=\"layer_2 bullet\">Lame principale: 3000 \u2013 4000 \u2013 5000 tr\/min<\/li>\n<li class=\"layer_2 bullet\">Inciseur: 8500 U\/min<\/li>\n<li class=\"layer_1 bullet\">Puissance du moteur<\/li>\n<li class=\"layer_2 bullet\">Lame principale: 7 kW<\/li>\n<li class=\"layer_2 bullet\">Inciseur: 1,3 kW<\/li>\n<li class=\"layer_1 bullet\">Longueur du chariot \u00e0 d\u00e9ligner: 3200 mm<\/li>\n<li class=\"layer_1 bullet\">affichage num\u00e9rique m\u00e9canique avant pour la hauteur de coupe et l\u2019inclinaison de la lame de scie<\/li>\n<\/ul>","protected":false},"excerpt":{"rendered":"<p>Diam\u00e8tre de la lame de scie: 400 mm<\/p>\n<ul>\n<li class=\"layer_1 bullet\">diam\u00e8tre max. lame inciseur: 120 mm<\/li>\n<li class=\"layer_1 bullet\">Coupes \u00e0 format: 3200 x 3200 mm<\/li>\n<li class=\"layer_1 bullet\">Largeur de coupe au but\u00e9e parall\u00e8le: 1270 mm<\/li>\n<li class=\"layer_1 bullet\">Cutting height<\/li>\n<li class=\"layer_2 bullet\">\u00e0 90: 140 mm<\/li>\n<li class=\"layer_2 bullet\">\u00e0 45: 97 mm<\/li>\n<\/ul>","protected":false},"author":3,"featured_media":81105,"comment_status":"open","ping_status":"closed","template":"","meta":[],"product_cat":[214,3017],"product_tag":[],"acf":[],"yoast_head":"<!-- This site is optimized with the Yoast SEO plugin v16.8 - https:\/\/yoast.com\/wordpress\/plugins\/seo\/ -->\n<title>SCM SI 400 EP Classic - Machineries BST<\/title>\n<meta name=\"robots\" content=\"index, follow, max-snippet:-1, max-image-preview:large, max-video-preview:-1\" \/>\n<link rel=\"canonical\" href=\"https:\/\/machineriesbst.com\/en\/catalogue\/scm-si-400-ep-classic\/\" \/>\n<meta property=\"og:locale\" content=\"en_US\" \/>\n<meta property=\"og:type\" content=\"article\" \/>\n<meta property=\"og:title\" content=\"SCM SI 400 EP Classic - Machineries BST\" \/>\n<meta property=\"og:description\" content=\"Diam\u00e8tre de la lame de scie: 400 mm   diam\u00e8tre max. lame inciseur: 120 mm  Coupes \u00e0 format: 3200 x 3200 mm  Largeur de coupe au but\u00e9e parall\u00e8le: 1270 mm  Hauteur de coupe  \u00e0 90: 140 mm  \u00e0 45: 97 mm\" \/>\n<meta property=\"og:url\" content=\"https:\/\/machineriesbst.com\/en\/catalogue\/scm-si-400-ep-classic\/\" \/>\n<meta property=\"og:site_name\" content=\"Machineries BST\" \/>\n<meta property=\"og:image\" content=\"https:\/\/machineriesbst.com\/wp-content\/uploads\/2025\/11\/IMG_2627-1-scaled-e1762377795951.jpg\" \/>\n\t<meta property=\"og:image:width\" content=\"1920\" \/>\n\t<meta property=\"og:image:height\" content=\"2560\" \/>\n<meta name=\"twitter:card\" content=\"summary_large_image\" \/>\n<script type=\"application\/ld+json\" class=\"yoast-schema-graph\">{\"@context\":\"https:\/\/schema.org\",\"@graph\":[{\"@type\":\"WebSite\",\"@id\":\"https:\/\/machineriesbst.com\/en\/#website\",\"url\":\"https:\/\/machineriesbst.com\/en\/\",\"name\":\"Machineries BST\",\"description\":\"Machines neuves &amp; usag\\u00e9es\",\"potentialAction\":[{\"@type\":\"SearchAction\",\"target\":{\"@type\":\"EntryPoint\",\"urlTemplate\":\"https:\/\/machineriesbst.com\/en\/?s={search_term_string}\"},\"query-input\":\"required name=search_term_string\"}],\"inLanguage\":\"en-US\"},{\"@type\":\"ImageObject\",\"@id\":\"https:\/\/machineriesbst.com\/catalogue\/scm-si-400-ep-classic\/#primaryimage\",\"inLanguage\":\"en-US\",\"url\":\"https:\/\/machineriesbst.com\/wp-content\/uploads\/2025\/11\/IMG_2627-1-scaled-e1762377795951.jpg\",\"contentUrl\":\"https:\/\/machineriesbst.com\/wp-content\/uploads\/2025\/11\/IMG_2627-1-scaled-e1762377795951.jpg\",\"width\":1920,\"height\":2560},{\"@type\":\"WebPage\",\"@id\":\"https:\/\/machineriesbst.com\/catalogue\/scm-si-400-ep-classic\/#webpage\",\"url\":\"https:\/\/machineriesbst.com\/catalogue\/scm-si-400-ep-classic\/\",\"name\":\"SCM SI 400 EP Classic - Machineries BST\",\"isPartOf\":{\"@id\":\"https:\/\/machineriesbst.com\/en\/#website\"},\"primaryImageOfPage\":{\"@id\":\"https:\/\/machineriesbst.com\/catalogue\/scm-si-400-ep-classic\/#primaryimage\"},\"datePublished\":\"2025-11-05T21:54:57+00:00\",\"dateModified\":\"2025-11-05T21:54:57+00:00\",\"breadcrumb\":{\"@id\":\"https:\/\/machineriesbst.com\/catalogue\/scm-si-400-ep-classic\/#breadcrumb\"},\"inLanguage\":\"en-US\",\"potentialAction\":[{\"@type\":\"ReadAction\",\"target\":[\"https:\/\/machineriesbst.com\/catalogue\/scm-si-400-ep-classic\/\"]}]},{\"@type\":\"BreadcrumbList\",\"@id\":\"https:\/\/machineriesbst.com\/catalogue\/scm-si-400-ep-classic\/#breadcrumb\",\"itemListElement\":[{\"@type\":\"ListItem\",\"position\":1,\"name\":\"Accueil\",\"item\":\"https:\/\/machineriesbst.com\/en\/\"},{\"@type\":\"ListItem\",\"position\":2,\"name\":\"Catalogue\",\"item\":\"https:\/\/machineriesbst.com\/en\/catalog\/\"},{\"@type\":\"ListItem\",\"position\":3,\"name\":\"SCM SI 400 EP Classic\"}]}]}<\/script>\n<!-- \/ Yoast SEO plugin. -->","yoast_head_json":{"title":"SCM SI 400 EP Classic - Machineries BST","robots":{"index":"index","follow":"follow","max-snippet":"max-snippet:-1","max-image-preview":"max-image-preview:large","max-video-preview":"max-video-preview:-1"},"canonical":"https:\/\/machineriesbst.com\/en\/catalogue\/scm-si-400-ep-classic\/","og_locale":"en_US","og_type":"article","og_title":"SCM SI 400 EP Classic - Machineries BST","og_description":"Diam\u00e8tre de la lame de scie: 400 mm   diam\u00e8tre max. lame inciseur: 120 mm  Coupes \u00e0 format: 3200 x 3200 mm  Largeur de coupe au but\u00e9e parall\u00e8le: 1270 mm  Hauteur de coupe  \u00e0 90: 140 mm  \u00e0 45: 97 mm","og_url":"https:\/\/machineriesbst.com\/en\/catalogue\/scm-si-400-ep-classic\/","og_site_name":"Machineries BST","og_image":[{"width":1920,"height":2560,"url":"https:\/\/machineriesbst.com\/wp-content\/uploads\/2025\/11\/IMG_2627-1-scaled-e1762377795951.jpg","path":"\/home\/jepeto\/public_html\/wp-content\/uploads\/2025\/11\/IMG_2627-1-scaled-e1762377795951.jpg","size":"full","id":81105,"alt":"","pixels":4915200,"type":"image\/jpeg"}],"twitter_card":"summary_large_image","schema":{"@context":"https:\/\/schema.org","@graph":[{"@type":"WebSite","@id":"https:\/\/machineriesbst.com\/en\/#website","url":"https:\/\/machineriesbst.com\/en\/","name":"Machineries BST","description":"Machines neuves &amp; usag\u00e9es","potentialAction":[{"@type":"SearchAction","target":{"@type":"EntryPoint","urlTemplate":"https:\/\/machineriesbst.com\/en\/?s={search_term_string}"},"query-input":"required name=search_term_string"}],"inLanguage":"en-US"},{"@type":"ImageObject","@id":"https:\/\/machineriesbst.com\/catalogue\/scm-si-400-ep-classic\/#primaryimage","inLanguage":"en-US","url":"https:\/\/machineriesbst.com\/wp-content\/uploads\/2025\/11\/IMG_2627-1-scaled-e1762377795951.jpg","contentUrl":"https:\/\/machineriesbst.com\/wp-content\/uploads\/2025\/11\/IMG_2627-1-scaled-e1762377795951.jpg","width":1920,"height":2560},{"@type":"WebPage","@id":"https:\/\/machineriesbst.com\/catalogue\/scm-si-400-ep-classic\/#webpage","url":"https:\/\/machineriesbst.com\/catalogue\/scm-si-400-ep-classic\/","name":"SCM SI 400 EP Classic - Machineries BST","isPartOf":{"@id":"https:\/\/machineriesbst.com\/en\/#website"},"primaryImageOfPage":{"@id":"https:\/\/machineriesbst.com\/catalogue\/scm-si-400-ep-classic\/#primaryimage"},"datePublished":"2025-11-05T21:54:57+00:00","dateModified":"2025-11-05T21:54:57+00:00","breadcrumb":{"@id":"https:\/\/machineriesbst.com\/catalogue\/scm-si-400-ep-classic\/#breadcrumb"},"inLanguage":"en-US","potentialAction":[{"@type":"ReadAction","target":["https:\/\/machineriesbst.com\/catalogue\/scm-si-400-ep-classic\/"]}]},{"@type":"BreadcrumbList","@id":"https:\/\/machineriesbst.com\/catalogue\/scm-si-400-ep-classic\/#breadcrumb","itemListElement":[{"@type":"ListItem","position":1,"name":"Accueil","item":"https:\/\/machineriesbst.com\/en\/"},{"@type":"ListItem","position":2,"name":"Catalogue","item":"https:\/\/machineriesbst.com\/en\/catalog\/"},{"@type":"ListItem","position":3,"name":"SCM SI 400 EP Classic"}]}]}},"_links":{"self":[{"href":"https:\/\/machineriesbst.com\/en\/wp-json\/wp\/v2\/product\/81118"}],"collection":[{"href":"https:\/\/machineriesbst.com\/en\/wp-json\/wp\/v2\/product"}],"about":[{"href":"https:\/\/machineriesbst.com\/en\/wp-json\/wp\/v2\/types\/product"}],"author":[{"embeddable":true,"href":"https:\/\/machineriesbst.com\/en\/wp-json\/wp\/v2\/users\/3"}],"replies":[{"embeddable":true,"href":"https:\/\/machineriesbst.com\/en\/wp-json\/wp\/v2\/comments?post=81118"}],"wp:featuredmedia":[{"embeddable":true,"href":"https:\/\/machineriesbst.com\/en\/wp-json\/wp\/v2\/media\/81105"}],"wp:attachment":[{"href":"https:\/\/machineriesbst.com\/en\/wp-json\/wp\/v2\/media?parent=81118"}],"wp:term":[{"taxonomy":"product_cat","embeddable":true,"href":"https:\/\/machineriesbst.com\/en\/wp-json\/wp\/v2\/product_cat?post=81118"},{"taxonomy":"product_tag","embeddable":true,"href":"https:\/\/machineriesbst.com\/en\/wp-json\/wp\/v2\/product_tag?post=81118"}],"curies":[{"name":"wp","href":"https:\/\/api.w.org\/{rel}","templated":true}]}}