{"id":81075,"date":"2025-07-08T13:21:35","date_gmt":"2025-07-08T17:21:35","guid":{"rendered":"https:\/\/machineriesbst.com\/?post_type=product&#038;p=81075"},"modified":"2026-04-21T15:05:43","modified_gmt":"2026-04-21T19:05:43","slug":"homag-vantech-510","status":"publish","type":"product","link":"https:\/\/machineriesbst.com\/en\/catalogue\/homag-vantech-510\/","title":{"rendered":"HOMAG VANTECH 510"},"content":{"rendered":"<div>Donc\u00a0 2016 achet\u00e9 neuve en 2017 par le clent actuel<\/div>\n<div>toujours entretenu par Homag avec plan d entretien<\/div>\n<div>inclus syst\u00e8me pour \u00e9tiquetage avec imprimante et t\u00e9l\u00e9 pour pour identifier les pi\u00e8ces<\/div>\n<div>convoyeur de chargement et d\u00e9chargement OPTIMAT\u00a0 NBP084<\/div>\n<div><\/div>\n<div>WEEKE VANTECH 510\u00a0 FLAT TABLE MACHINE (LOADING &amp; UNLOADING): -- Specifications:5' x 10' Flat Table \"Bridge Gantry\" machine with User-Friendly \"S\/C Tech\" \"MATRIX\" grooved phenolic vacuum table. -- Working Area:\"X\" Axis is 122\" (3,100 mm), \"Y\" axis 61\" (1,550 mm), \"Z\" axis stroke is 9.6\" (243.8 mm), max. material thickness of 3.9\" (100 mm). -- Positioning Speed:\"X\" Axis is 236 FPM (72 MPM), \"Y\" axis is 203 FPM (62 MPM), \"Z\" axis 82 FPM (25 MPM).The head travels via AC brushless drives &amp; THK linear motion guides on all axes. -- Worktable: User-Friendly \"S\/C Tech MATRIX\" grooved phenolic vacuum table for easy vacuum pod placement.(2) Pop-up Pneumatic locator\/positioning bars, one on each side in \"X\" axis &amp; (1) Pop-up pneumatic locator\/positioning pins in \"Y\" axis.(4) Vacuum Table work zones can be used independently or together for full table area Foot pedal vacuum zone controls. -- Machining:(1) 16 HP (12 kW) High speed electro-spindle router with \"HSK F 63\" adaptor; constant duty, variable speed from 1,250 - 24,000 RPM, RH or LH rotation.(1) 8-Position ATC rack located at the end of machine. -- Operator Interface:PC Front-End with WEEKE \"PC 85T\" + Windows \"7\" + WoodWOP operating system.17\" TFT Color graphic monitor, keyboard for data entry, PC 85T hand control pendant; central USB hub, EtherNET interface for LAN connection to office PC, RS-232 serial interface, \"BECKHOFF\" Programmable logic control for (3\/4) axes, linear, circular &amp; helical interpolation; the controller is contained in a separate free-standing, dust-free control cabinet that can be placed at either the LH or RH side of the machine. -- Complete with:(2) 225 m\u00b3\/Hr Vacuum pumps; safety light curtain (the machine will stop when the operator enters the work area), safety fencing, separate control cabinet. -- Options Include: Boring unit with 2 HP (1.5 kW) motor &amp; (7) Independent vertical spindles with \"Quick Change\" drill bit holders; programmable variable speed from 1,500 - 7,500 RPM; Touch-off tool length<\/div>","protected":false},"excerpt":{"rendered":"<p>WEEKE VANTECH 510\u00a0 FLAT TABLE MACHINE (LOADING &amp; UNLOADING): -- Specifications:5' x 10' Flat Table \"Bridge Gantry\" machine with User-Friendly \"S\/C Tech\" \"MATRIX\" grooved phenolic vacuum table. -- Working Area:\"X\" Axis is 122\" (3,100 mm), \"Y\" axis 61\" (1,550 mm), \"Z\" axis stroke is 9.6\" (243.8 mm), max. material thickness of 3.9\" (100 mm)<\/p>","protected":false},"author":3,"featured_media":81076,"comment_status":"open","ping_status":"closed","template":"","meta":[],"product_cat":[221,2265],"product_tag":[],"acf":[],"yoast_head":"<!-- This site is optimized with the Yoast SEO plugin v16.8 - https:\/\/yoast.com\/wordpress\/plugins\/seo\/ -->\n<title>HOMAG VANTECH 510 - Machineries BST<\/title>\n<meta name=\"robots\" content=\"index, follow, max-snippet:-1, max-image-preview:large, max-video-preview:-1\" \/>\n<link rel=\"canonical\" href=\"https:\/\/machineriesbst.com\/en\/catalogue\/homag-vantech-510\/\" \/>\n<meta property=\"og:locale\" content=\"en_US\" \/>\n<meta property=\"og:type\" content=\"article\" \/>\n<meta property=\"og:title\" content=\"HOMAG VANTECH 510 - Machineries BST\" \/>\n<meta property=\"og:description\" content=\"WEEKE VANTECH 510\u00a0 FLAT TABLE MACHINE (LOADING &amp; UNLOADING): -- Specifications:5&#039; x 10&#039; Flat Table &quot;Bridge Gantry&quot; machine with User-Friendly &quot;S\/C Tech&quot; &quot;MATRIX&quot; grooved phenolic vacuum table. -- Working Area:&quot;X&quot; Axis is 122&quot; (3,100 mm), &quot;Y&quot; axis 61&quot; (1,550 mm), &quot;Z&quot; axis stroke is 9.6&quot; (243.8 mm), max. material thickness of 3.9&quot; (100 mm)\" \/>\n<meta property=\"og:url\" content=\"https:\/\/machineriesbst.com\/en\/catalogue\/homag-vantech-510\/\" \/>\n<meta property=\"og:site_name\" content=\"Machineries BST\" \/>\n<meta property=\"article:modified_time\" content=\"2026-04-21T19:05:43+00:00\" \/>\n<meta property=\"og:image\" content=\"https:\/\/machineriesbst.com\/wp-content\/uploads\/2025\/07\/IMG_0708-scaled.jpg\" \/>\n\t<meta property=\"og:image:width\" content=\"2560\" \/>\n\t<meta property=\"og:image:height\" content=\"1920\" \/>\n<meta name=\"twitter:card\" content=\"summary_large_image\" \/>\n<meta name=\"twitter:label1\" content=\"Est. reading time\" \/>\n\t<meta name=\"twitter:data1\" content=\"2 minutes\" \/>\n<script type=\"application\/ld+json\" class=\"yoast-schema-graph\">{\"@context\":\"https:\/\/schema.org\",\"@graph\":[{\"@type\":\"WebSite\",\"@id\":\"https:\/\/machineriesbst.com\/en\/#website\",\"url\":\"https:\/\/machineriesbst.com\/en\/\",\"name\":\"Machineries BST\",\"description\":\"Machines neuves &amp; usag\\u00e9es\",\"potentialAction\":[{\"@type\":\"SearchAction\",\"target\":{\"@type\":\"EntryPoint\",\"urlTemplate\":\"https:\/\/machineriesbst.com\/en\/?s={search_term_string}\"},\"query-input\":\"required name=search_term_string\"}],\"inLanguage\":\"en-US\"},{\"@type\":\"ImageObject\",\"@id\":\"https:\/\/machineriesbst.com\/catalogue\/homag-vantech-510\/#primaryimage\",\"inLanguage\":\"en-US\",\"url\":\"https:\/\/machineriesbst.com\/wp-content\/uploads\/2025\/07\/IMG_0708-scaled.jpg\",\"contentUrl\":\"https:\/\/machineriesbst.com\/wp-content\/uploads\/2025\/07\/IMG_0708-scaled.jpg\",\"width\":2560,\"height\":1920},{\"@type\":\"WebPage\",\"@id\":\"https:\/\/machineriesbst.com\/catalogue\/homag-vantech-510\/#webpage\",\"url\":\"https:\/\/machineriesbst.com\/catalogue\/homag-vantech-510\/\",\"name\":\"HOMAG VANTECH 510 - Machineries BST\",\"isPartOf\":{\"@id\":\"https:\/\/machineriesbst.com\/en\/#website\"},\"primaryImageOfPage\":{\"@id\":\"https:\/\/machineriesbst.com\/catalogue\/homag-vantech-510\/#primaryimage\"},\"datePublished\":\"2025-07-08T17:21:35+00:00\",\"dateModified\":\"2026-04-21T19:05:43+00:00\",\"breadcrumb\":{\"@id\":\"https:\/\/machineriesbst.com\/catalogue\/homag-vantech-510\/#breadcrumb\"},\"inLanguage\":\"en-US\",\"potentialAction\":[{\"@type\":\"ReadAction\",\"target\":[\"https:\/\/machineriesbst.com\/catalogue\/homag-vantech-510\/\"]}]},{\"@type\":\"BreadcrumbList\",\"@id\":\"https:\/\/machineriesbst.com\/catalogue\/homag-vantech-510\/#breadcrumb\",\"itemListElement\":[{\"@type\":\"ListItem\",\"position\":1,\"name\":\"Accueil\",\"item\":\"https:\/\/machineriesbst.com\/en\/\"},{\"@type\":\"ListItem\",\"position\":2,\"name\":\"Catalogue\",\"item\":\"https:\/\/machineriesbst.com\/en\/catalog\/\"},{\"@type\":\"ListItem\",\"position\":3,\"name\":\"HOMAG VANTECH 510\"}]}]}<\/script>\n<!-- \/ Yoast SEO plugin. -->","yoast_head_json":{"title":"HOMAG VANTECH 510 - Machineries BST","robots":{"index":"index","follow":"follow","max-snippet":"max-snippet:-1","max-image-preview":"max-image-preview:large","max-video-preview":"max-video-preview:-1"},"canonical":"https:\/\/machineriesbst.com\/en\/catalogue\/homag-vantech-510\/","og_locale":"en_US","og_type":"article","og_title":"HOMAG VANTECH 510 - Machineries BST","og_description":"WEEKE VANTECH 510\u00a0 FLAT TABLE MACHINE (LOADING &amp; UNLOADING): -- Specifications:5' x 10' Flat Table \"Bridge Gantry\" machine with User-Friendly \"S\/C Tech\" \"MATRIX\" grooved phenolic vacuum table. -- Working Area:\"X\" Axis is 122\" (3,100 mm), \"Y\" axis 61\" (1,550 mm), \"Z\" axis stroke is 9.6\" (243.8 mm), max. material thickness of 3.9\" (100 mm)","og_url":"https:\/\/machineriesbst.com\/en\/catalogue\/homag-vantech-510\/","og_site_name":"Machineries BST","article_modified_time":"2026-04-21T19:05:43+00:00","og_image":[{"width":2560,"height":1920,"url":"https:\/\/machineriesbst.com\/wp-content\/uploads\/2025\/07\/IMG_0708-scaled.jpg","path":"\/home\/jepeto\/public_html\/wp-content\/uploads\/2025\/07\/IMG_0708-scaled.jpg","size":"full","id":81076,"alt":"","pixels":4915200,"type":"image\/jpeg"}],"twitter_card":"summary_large_image","twitter_misc":{"Est. reading time":"2 minutes"},"schema":{"@context":"https:\/\/schema.org","@graph":[{"@type":"WebSite","@id":"https:\/\/machineriesbst.com\/en\/#website","url":"https:\/\/machineriesbst.com\/en\/","name":"Machineries BST","description":"Machines neuves &amp; usag\u00e9es","potentialAction":[{"@type":"SearchAction","target":{"@type":"EntryPoint","urlTemplate":"https:\/\/machineriesbst.com\/en\/?s={search_term_string}"},"query-input":"required name=search_term_string"}],"inLanguage":"en-US"},{"@type":"ImageObject","@id":"https:\/\/machineriesbst.com\/catalogue\/homag-vantech-510\/#primaryimage","inLanguage":"en-US","url":"https:\/\/machineriesbst.com\/wp-content\/uploads\/2025\/07\/IMG_0708-scaled.jpg","contentUrl":"https:\/\/machineriesbst.com\/wp-content\/uploads\/2025\/07\/IMG_0708-scaled.jpg","width":2560,"height":1920},{"@type":"WebPage","@id":"https:\/\/machineriesbst.com\/catalogue\/homag-vantech-510\/#webpage","url":"https:\/\/machineriesbst.com\/catalogue\/homag-vantech-510\/","name":"HOMAG VANTECH 510 - Machineries BST","isPartOf":{"@id":"https:\/\/machineriesbst.com\/en\/#website"},"primaryImageOfPage":{"@id":"https:\/\/machineriesbst.com\/catalogue\/homag-vantech-510\/#primaryimage"},"datePublished":"2025-07-08T17:21:35+00:00","dateModified":"2026-04-21T19:05:43+00:00","breadcrumb":{"@id":"https:\/\/machineriesbst.com\/catalogue\/homag-vantech-510\/#breadcrumb"},"inLanguage":"en-US","potentialAction":[{"@type":"ReadAction","target":["https:\/\/machineriesbst.com\/catalogue\/homag-vantech-510\/"]}]},{"@type":"BreadcrumbList","@id":"https:\/\/machineriesbst.com\/catalogue\/homag-vantech-510\/#breadcrumb","itemListElement":[{"@type":"ListItem","position":1,"name":"Accueil","item":"https:\/\/machineriesbst.com\/en\/"},{"@type":"ListItem","position":2,"name":"Catalogue","item":"https:\/\/machineriesbst.com\/en\/catalog\/"},{"@type":"ListItem","position":3,"name":"HOMAG VANTECH 510"}]}]}},"_links":{"self":[{"href":"https:\/\/machineriesbst.com\/en\/wp-json\/wp\/v2\/product\/81075"}],"collection":[{"href":"https:\/\/machineriesbst.com\/en\/wp-json\/wp\/v2\/product"}],"about":[{"href":"https:\/\/machineriesbst.com\/en\/wp-json\/wp\/v2\/types\/product"}],"author":[{"embeddable":true,"href":"https:\/\/machineriesbst.com\/en\/wp-json\/wp\/v2\/users\/3"}],"replies":[{"embeddable":true,"href":"https:\/\/machineriesbst.com\/en\/wp-json\/wp\/v2\/comments?post=81075"}],"wp:featuredmedia":[{"embeddable":true,"href":"https:\/\/machineriesbst.com\/en\/wp-json\/wp\/v2\/media\/81076"}],"wp:attachment":[{"href":"https:\/\/machineriesbst.com\/en\/wp-json\/wp\/v2\/media?parent=81075"}],"wp:term":[{"taxonomy":"product_cat","embeddable":true,"href":"https:\/\/machineriesbst.com\/en\/wp-json\/wp\/v2\/product_cat?post=81075"},{"taxonomy":"product_tag","embeddable":true,"href":"https:\/\/machineriesbst.com\/en\/wp-json\/wp\/v2\/product_tag?post=81075"}],"curies":[{"name":"wp","href":"https:\/\/api.w.org\/{rel}","templated":true}]}}