{"id":81040,"date":"2025-04-08T15:41:56","date_gmt":"2025-04-08T19:41:56","guid":{"rendered":"https:\/\/machineriesbst.com\/?post_type=product&#038;p=81040"},"modified":"2025-04-08T15:41:56","modified_gmt":"2025-04-08T19:41:56","slug":"tronconneuse-a-paquet","status":"publish","type":"product","link":"https:\/\/machineriesbst.com\/en\/catalogue\/tronconneuse-a-paquet\/","title":{"rendered":"Tron\u00e7onneuse \u00e0 paquet"},"content":{"rendered":"<p>Tronconneuse \u00e0 paquet avec convoyeurs d\u2019entr\u00e9e et de sortie.<\/p>\n<p>Capacit\u00e9: 50\u2033 de large<\/p>\n<p>550 volts (30 amp)<\/p>","protected":false},"excerpt":{"rendered":"<p>Tronconneuse \u00e0 paquet avec convoyeurs d\u2019entr\u00e9e et de sortie. Capacit\u00e9: 50\u2033 de large 550 volts (30 amp)<\/p>","protected":false},"author":3,"featured_media":81041,"comment_status":"open","ping_status":"closed","template":"","meta":[],"product_cat":[214,3092,1136],"product_tag":[],"acf":[],"yoast_head":"<!-- This site is optimized with the Yoast SEO plugin v16.8 - https:\/\/yoast.com\/wordpress\/plugins\/seo\/ -->\n<title>Tron\u00e7onneuse \u00e0 paquet - Machineries BST<\/title>\n<meta name=\"robots\" content=\"index, follow, max-snippet:-1, max-image-preview:large, max-video-preview:-1\" \/>\n<link rel=\"canonical\" href=\"https:\/\/machineriesbst.com\/en\/catalogue\/tronconneuse-a-paquet\/\" \/>\n<meta property=\"og:locale\" content=\"en_US\" \/>\n<meta property=\"og:type\" content=\"article\" \/>\n<meta property=\"og:title\" content=\"Tron\u00e7onneuse \u00e0 paquet - Machineries BST\" \/>\n<meta property=\"og:description\" content=\"Tronconneuse \u00e0 paquet avec convoyeurs d\u2019entr\u00e9e et de sortie. Capacit\u00e9: 50\u2033 de large 550 volts (30 amp)\" \/>\n<meta property=\"og:url\" content=\"https:\/\/machineriesbst.com\/en\/catalogue\/tronconneuse-a-paquet\/\" \/>\n<meta property=\"og:site_name\" content=\"Machineries BST\" \/>\n<meta property=\"og:image\" content=\"https:\/\/machineriesbst.com\/wp-content\/uploads\/2025\/04\/scie-a-paquet-8.jpg\" \/>\n\t<meta property=\"og:image:width\" content=\"360\" \/>\n\t<meta property=\"og:image:height\" content=\"480\" \/>\n<meta name=\"twitter:card\" content=\"summary_large_image\" \/>\n<script type=\"application\/ld+json\" class=\"yoast-schema-graph\">{\"@context\":\"https:\/\/schema.org\",\"@graph\":[{\"@type\":\"WebSite\",\"@id\":\"https:\/\/machineriesbst.com\/en\/#website\",\"url\":\"https:\/\/machineriesbst.com\/en\/\",\"name\":\"Machineries BST\",\"description\":\"Machines neuves &amp; usag\\u00e9es\",\"potentialAction\":[{\"@type\":\"SearchAction\",\"target\":{\"@type\":\"EntryPoint\",\"urlTemplate\":\"https:\/\/machineriesbst.com\/en\/?s={search_term_string}\"},\"query-input\":\"required name=search_term_string\"}],\"inLanguage\":\"en-US\"},{\"@type\":\"ImageObject\",\"@id\":\"https:\/\/machineriesbst.com\/catalogue\/tronconneuse-a-paquet\/#primaryimage\",\"inLanguage\":\"en-US\",\"url\":\"https:\/\/machineriesbst.com\/wp-content\/uploads\/2025\/04\/scie-a-paquet-8.jpg\",\"contentUrl\":\"https:\/\/machineriesbst.com\/wp-content\/uploads\/2025\/04\/scie-a-paquet-8.jpg\",\"width\":360,\"height\":480},{\"@type\":\"WebPage\",\"@id\":\"https:\/\/machineriesbst.com\/catalogue\/tronconneuse-a-paquet\/#webpage\",\"url\":\"https:\/\/machineriesbst.com\/catalogue\/tronconneuse-a-paquet\/\",\"name\":\"Tron\\u00e7onneuse \\u00e0 paquet - Machineries BST\",\"isPartOf\":{\"@id\":\"https:\/\/machineriesbst.com\/en\/#website\"},\"primaryImageOfPage\":{\"@id\":\"https:\/\/machineriesbst.com\/catalogue\/tronconneuse-a-paquet\/#primaryimage\"},\"datePublished\":\"2025-04-08T19:41:56+00:00\",\"dateModified\":\"2025-04-08T19:41:56+00:00\",\"breadcrumb\":{\"@id\":\"https:\/\/machineriesbst.com\/catalogue\/tronconneuse-a-paquet\/#breadcrumb\"},\"inLanguage\":\"en-US\",\"potentialAction\":[{\"@type\":\"ReadAction\",\"target\":[\"https:\/\/machineriesbst.com\/catalogue\/tronconneuse-a-paquet\/\"]}]},{\"@type\":\"BreadcrumbList\",\"@id\":\"https:\/\/machineriesbst.com\/catalogue\/tronconneuse-a-paquet\/#breadcrumb\",\"itemListElement\":[{\"@type\":\"ListItem\",\"position\":1,\"name\":\"Accueil\",\"item\":\"https:\/\/machineriesbst.com\/en\/\"},{\"@type\":\"ListItem\",\"position\":2,\"name\":\"Catalogue\",\"item\":\"https:\/\/machineriesbst.com\/en\/catalog\/\"},{\"@type\":\"ListItem\",\"position\":3,\"name\":\"Tron\\u00e7onneuse \\u00e0 paquet\"}]}]}<\/script>\n<!-- \/ Yoast SEO plugin. -->","yoast_head_json":{"title":"Tron\u00e7onneuse \u00e0 paquet - Machineries BST","robots":{"index":"index","follow":"follow","max-snippet":"max-snippet:-1","max-image-preview":"max-image-preview:large","max-video-preview":"max-video-preview:-1"},"canonical":"https:\/\/machineriesbst.com\/en\/catalogue\/tronconneuse-a-paquet\/","og_locale":"en_US","og_type":"article","og_title":"Tron\u00e7onneuse \u00e0 paquet - Machineries BST","og_description":"Tronconneuse \u00e0 paquet avec convoyeurs d\u2019entr\u00e9e et de sortie. Capacit\u00e9: 50\u2033 de large 550 volts (30 amp)","og_url":"https:\/\/machineriesbst.com\/en\/catalogue\/tronconneuse-a-paquet\/","og_site_name":"Machineries BST","og_image":[{"width":360,"height":480,"url":"https:\/\/machineriesbst.com\/wp-content\/uploads\/2025\/04\/scie-a-paquet-8.jpg","path":"\/home\/jepeto\/public_html\/wp-content\/uploads\/2025\/04\/scie-a-paquet-8.jpg","size":"full","id":81041,"alt":"","pixels":172800,"type":"image\/jpeg"}],"twitter_card":"summary_large_image","schema":{"@context":"https:\/\/schema.org","@graph":[{"@type":"WebSite","@id":"https:\/\/machineriesbst.com\/en\/#website","url":"https:\/\/machineriesbst.com\/en\/","name":"Machineries BST","description":"Machines neuves &amp; usag\u00e9es","potentialAction":[{"@type":"SearchAction","target":{"@type":"EntryPoint","urlTemplate":"https:\/\/machineriesbst.com\/en\/?s={search_term_string}"},"query-input":"required name=search_term_string"}],"inLanguage":"en-US"},{"@type":"ImageObject","@id":"https:\/\/machineriesbst.com\/catalogue\/tronconneuse-a-paquet\/#primaryimage","inLanguage":"en-US","url":"https:\/\/machineriesbst.com\/wp-content\/uploads\/2025\/04\/scie-a-paquet-8.jpg","contentUrl":"https:\/\/machineriesbst.com\/wp-content\/uploads\/2025\/04\/scie-a-paquet-8.jpg","width":360,"height":480},{"@type":"WebPage","@id":"https:\/\/machineriesbst.com\/catalogue\/tronconneuse-a-paquet\/#webpage","url":"https:\/\/machineriesbst.com\/catalogue\/tronconneuse-a-paquet\/","name":"Tron\u00e7onneuse \u00e0 paquet - Machineries BST","isPartOf":{"@id":"https:\/\/machineriesbst.com\/en\/#website"},"primaryImageOfPage":{"@id":"https:\/\/machineriesbst.com\/catalogue\/tronconneuse-a-paquet\/#primaryimage"},"datePublished":"2025-04-08T19:41:56+00:00","dateModified":"2025-04-08T19:41:56+00:00","breadcrumb":{"@id":"https:\/\/machineriesbst.com\/catalogue\/tronconneuse-a-paquet\/#breadcrumb"},"inLanguage":"en-US","potentialAction":[{"@type":"ReadAction","target":["https:\/\/machineriesbst.com\/catalogue\/tronconneuse-a-paquet\/"]}]},{"@type":"BreadcrumbList","@id":"https:\/\/machineriesbst.com\/catalogue\/tronconneuse-a-paquet\/#breadcrumb","itemListElement":[{"@type":"ListItem","position":1,"name":"Accueil","item":"https:\/\/machineriesbst.com\/en\/"},{"@type":"ListItem","position":2,"name":"Catalogue","item":"https:\/\/machineriesbst.com\/en\/catalog\/"},{"@type":"ListItem","position":3,"name":"Tron\u00e7onneuse \u00e0 paquet"}]}]}},"_links":{"self":[{"href":"https:\/\/machineriesbst.com\/en\/wp-json\/wp\/v2\/product\/81040"}],"collection":[{"href":"https:\/\/machineriesbst.com\/en\/wp-json\/wp\/v2\/product"}],"about":[{"href":"https:\/\/machineriesbst.com\/en\/wp-json\/wp\/v2\/types\/product"}],"author":[{"embeddable":true,"href":"https:\/\/machineriesbst.com\/en\/wp-json\/wp\/v2\/users\/3"}],"replies":[{"embeddable":true,"href":"https:\/\/machineriesbst.com\/en\/wp-json\/wp\/v2\/comments?post=81040"}],"wp:featuredmedia":[{"embeddable":true,"href":"https:\/\/machineriesbst.com\/en\/wp-json\/wp\/v2\/media\/81041"}],"wp:attachment":[{"href":"https:\/\/machineriesbst.com\/en\/wp-json\/wp\/v2\/media?parent=81040"}],"wp:term":[{"taxonomy":"product_cat","embeddable":true,"href":"https:\/\/machineriesbst.com\/en\/wp-json\/wp\/v2\/product_cat?post=81040"},{"taxonomy":"product_tag","embeddable":true,"href":"https:\/\/machineriesbst.com\/en\/wp-json\/wp\/v2\/product_tag?post=81040"}],"curies":[{"name":"wp","href":"https:\/\/api.w.org\/{rel}","templated":true}]}}