{"id":81028,"date":"2025-03-12T15:31:52","date_gmt":"2025-03-12T19:31:52","guid":{"rendered":"https:\/\/machineriesbst.com\/?post_type=product&#038;p=81028"},"modified":"2025-03-12T15:31:52","modified_gmt":"2025-03-12T19:31:52","slug":"strato-planeur-v-hold-24","status":"publish","type":"product","link":"https:\/\/machineriesbst.com\/en\/catalogue\/strato-planeur-v-hold-24\/","title":{"rendered":"Strato Planeur V-HOLD 24''"},"content":{"rendered":"<p>Strato Planeur 24 Pouces x 6 Pouces .<\/p>\n<p>Minimum longueur de la pi\u00e8ce de 12.5 pouces. RPM 5000. Vitesse 4 \u00e0 16 \u2013 M\u00e8tres Min.<\/p>\n<p>Moteur de 7.5 Kw et 5 Kw.<\/p>\n<p>Poids de 1860 Kg<\/p>\n<p>Encore en fonction<\/p>\n<p>tr\u00e8s bonne .\u00e9tat<\/p>","protected":false},"excerpt":{"rendered":"<p>Strato Planeur 24 Pouces x 6 Pouces . Minimum longueur de la pi\u00e8ce de 12.5 pouces. RPM 5000. Vitesse 4 \u00e0 16 \u2013 M\u00e8tres Min. Moteur de 7.5 Kw et 5 Kw. Poids de 1860 Kg Encore en fonction tr\u00e8s bonne .\u00e9tat<\/p>","protected":false},"author":3,"featured_media":81029,"comment_status":"open","ping_status":"closed","template":"","meta":[],"product_cat":[211,3025],"product_tag":[],"acf":[],"yoast_head":"<!-- This site is optimized with the Yoast SEO plugin v16.8 - https:\/\/yoast.com\/wordpress\/plugins\/seo\/ -->\n<title>Strato Planeur V-HOLD 24&#039;&#039; - Machineries BST<\/title>\n<meta name=\"robots\" content=\"index, follow, max-snippet:-1, max-image-preview:large, max-video-preview:-1\" \/>\n<link rel=\"canonical\" href=\"https:\/\/machineriesbst.com\/en\/catalogue\/strato-planeur-v-hold-24\/\" \/>\n<meta property=\"og:locale\" content=\"en_US\" \/>\n<meta property=\"og:type\" content=\"article\" \/>\n<meta property=\"og:title\" content=\"Strato Planeur V-HOLD 24&#039;&#039; - Machineries BST\" \/>\n<meta property=\"og:description\" content=\"Strato Planeur 24 Pouces x 6 Pouces . Minimum longueur de la pi\u00e8ce de 12.5 pouces. RPM 5000. Vitesse 4 \u00e0 16 \u2013 M\u00e8tres Min. Moteur de 7.5 Kw et 5 Kw. Poids de 1860 Kg Encore en fonction tr\u00e8s bonne .\u00e9tat\" \/>\n<meta property=\"og:url\" content=\"https:\/\/machineriesbst.com\/en\/catalogue\/strato-planeur-v-hold-24\/\" \/>\n<meta property=\"og:site_name\" content=\"Machineries BST\" \/>\n<meta property=\"og:image\" content=\"https:\/\/machineriesbst.com\/wp-content\/uploads\/2025\/03\/vhold.jpg\" \/>\n\t<meta property=\"og:image:width\" content=\"480\" \/>\n\t<meta property=\"og:image:height\" content=\"640\" \/>\n<meta name=\"twitter:card\" content=\"summary_large_image\" \/>\n<script type=\"application\/ld+json\" class=\"yoast-schema-graph\">{\"@context\":\"https:\/\/schema.org\",\"@graph\":[{\"@type\":\"WebSite\",\"@id\":\"https:\/\/machineriesbst.com\/en\/#website\",\"url\":\"https:\/\/machineriesbst.com\/en\/\",\"name\":\"Machineries BST\",\"description\":\"Machines neuves &amp; usag\\u00e9es\",\"potentialAction\":[{\"@type\":\"SearchAction\",\"target\":{\"@type\":\"EntryPoint\",\"urlTemplate\":\"https:\/\/machineriesbst.com\/en\/?s={search_term_string}\"},\"query-input\":\"required name=search_term_string\"}],\"inLanguage\":\"en-US\"},{\"@type\":\"ImageObject\",\"@id\":\"https:\/\/machineriesbst.com\/catalogue\/strato-planeur-v-hold-24\/#primaryimage\",\"inLanguage\":\"en-US\",\"url\":\"https:\/\/machineriesbst.com\/wp-content\/uploads\/2025\/03\/vhold.jpg\",\"contentUrl\":\"https:\/\/machineriesbst.com\/wp-content\/uploads\/2025\/03\/vhold.jpg\",\"width\":480,\"height\":640},{\"@type\":\"WebPage\",\"@id\":\"https:\/\/machineriesbst.com\/catalogue\/strato-planeur-v-hold-24\/#webpage\",\"url\":\"https:\/\/machineriesbst.com\/catalogue\/strato-planeur-v-hold-24\/\",\"name\":\"Strato Planeur V-HOLD 24'' - Machineries BST\",\"isPartOf\":{\"@id\":\"https:\/\/machineriesbst.com\/en\/#website\"},\"primaryImageOfPage\":{\"@id\":\"https:\/\/machineriesbst.com\/catalogue\/strato-planeur-v-hold-24\/#primaryimage\"},\"datePublished\":\"2025-03-12T19:31:52+00:00\",\"dateModified\":\"2025-03-12T19:31:52+00:00\",\"breadcrumb\":{\"@id\":\"https:\/\/machineriesbst.com\/catalogue\/strato-planeur-v-hold-24\/#breadcrumb\"},\"inLanguage\":\"en-US\",\"potentialAction\":[{\"@type\":\"ReadAction\",\"target\":[\"https:\/\/machineriesbst.com\/catalogue\/strato-planeur-v-hold-24\/\"]}]},{\"@type\":\"BreadcrumbList\",\"@id\":\"https:\/\/machineriesbst.com\/catalogue\/strato-planeur-v-hold-24\/#breadcrumb\",\"itemListElement\":[{\"@type\":\"ListItem\",\"position\":1,\"name\":\"Accueil\",\"item\":\"https:\/\/machineriesbst.com\/en\/\"},{\"@type\":\"ListItem\",\"position\":2,\"name\":\"Catalogue\",\"item\":\"https:\/\/machineriesbst.com\/en\/catalog\/\"},{\"@type\":\"ListItem\",\"position\":3,\"name\":\"Strato Planeur V-HOLD 24''\"}]}]}<\/script>\n<!-- \/ Yoast SEO plugin. -->","yoast_head_json":{"title":"Strato Planeur V-HOLD 24'' - Machineries BST","robots":{"index":"index","follow":"follow","max-snippet":"max-snippet:-1","max-image-preview":"max-image-preview:large","max-video-preview":"max-video-preview:-1"},"canonical":"https:\/\/machineriesbst.com\/en\/catalogue\/strato-planeur-v-hold-24\/","og_locale":"en_US","og_type":"article","og_title":"Strato Planeur V-HOLD 24'' - Machineries BST","og_description":"Strato Planeur 24 Pouces x 6 Pouces . Minimum longueur de la pi\u00e8ce de 12.5 pouces. RPM 5000. Vitesse 4 \u00e0 16 \u2013 M\u00e8tres Min. Moteur de 7.5 Kw et 5 Kw. Poids de 1860 Kg Encore en fonction tr\u00e8s bonne .\u00e9tat","og_url":"https:\/\/machineriesbst.com\/en\/catalogue\/strato-planeur-v-hold-24\/","og_site_name":"Machineries BST","og_image":[{"width":480,"height":640,"url":"https:\/\/machineriesbst.com\/wp-content\/uploads\/2025\/03\/vhold.jpg","path":"\/home\/jepeto\/public_html\/wp-content\/uploads\/2025\/03\/vhold.jpg","size":"full","id":81029,"alt":"","pixels":307200,"type":"image\/jpeg"}],"twitter_card":"summary_large_image","schema":{"@context":"https:\/\/schema.org","@graph":[{"@type":"WebSite","@id":"https:\/\/machineriesbst.com\/en\/#website","url":"https:\/\/machineriesbst.com\/en\/","name":"Machineries BST","description":"Machines neuves &amp; usag\u00e9es","potentialAction":[{"@type":"SearchAction","target":{"@type":"EntryPoint","urlTemplate":"https:\/\/machineriesbst.com\/en\/?s={search_term_string}"},"query-input":"required name=search_term_string"}],"inLanguage":"en-US"},{"@type":"ImageObject","@id":"https:\/\/machineriesbst.com\/catalogue\/strato-planeur-v-hold-24\/#primaryimage","inLanguage":"en-US","url":"https:\/\/machineriesbst.com\/wp-content\/uploads\/2025\/03\/vhold.jpg","contentUrl":"https:\/\/machineriesbst.com\/wp-content\/uploads\/2025\/03\/vhold.jpg","width":480,"height":640},{"@type":"WebPage","@id":"https:\/\/machineriesbst.com\/catalogue\/strato-planeur-v-hold-24\/#webpage","url":"https:\/\/machineriesbst.com\/catalogue\/strato-planeur-v-hold-24\/","name":"Strato Planeur V-HOLD 24'' - Machineries BST","isPartOf":{"@id":"https:\/\/machineriesbst.com\/en\/#website"},"primaryImageOfPage":{"@id":"https:\/\/machineriesbst.com\/catalogue\/strato-planeur-v-hold-24\/#primaryimage"},"datePublished":"2025-03-12T19:31:52+00:00","dateModified":"2025-03-12T19:31:52+00:00","breadcrumb":{"@id":"https:\/\/machineriesbst.com\/catalogue\/strato-planeur-v-hold-24\/#breadcrumb"},"inLanguage":"en-US","potentialAction":[{"@type":"ReadAction","target":["https:\/\/machineriesbst.com\/catalogue\/strato-planeur-v-hold-24\/"]}]},{"@type":"BreadcrumbList","@id":"https:\/\/machineriesbst.com\/catalogue\/strato-planeur-v-hold-24\/#breadcrumb","itemListElement":[{"@type":"ListItem","position":1,"name":"Accueil","item":"https:\/\/machineriesbst.com\/en\/"},{"@type":"ListItem","position":2,"name":"Catalogue","item":"https:\/\/machineriesbst.com\/en\/catalog\/"},{"@type":"ListItem","position":3,"name":"Strato Planeur V-HOLD 24''"}]}]}},"_links":{"self":[{"href":"https:\/\/machineriesbst.com\/en\/wp-json\/wp\/v2\/product\/81028"}],"collection":[{"href":"https:\/\/machineriesbst.com\/en\/wp-json\/wp\/v2\/product"}],"about":[{"href":"https:\/\/machineriesbst.com\/en\/wp-json\/wp\/v2\/types\/product"}],"author":[{"embeddable":true,"href":"https:\/\/machineriesbst.com\/en\/wp-json\/wp\/v2\/users\/3"}],"replies":[{"embeddable":true,"href":"https:\/\/machineriesbst.com\/en\/wp-json\/wp\/v2\/comments?post=81028"}],"wp:featuredmedia":[{"embeddable":true,"href":"https:\/\/machineriesbst.com\/en\/wp-json\/wp\/v2\/media\/81029"}],"wp:attachment":[{"href":"https:\/\/machineriesbst.com\/en\/wp-json\/wp\/v2\/media?parent=81028"}],"wp:term":[{"taxonomy":"product_cat","embeddable":true,"href":"https:\/\/machineriesbst.com\/en\/wp-json\/wp\/v2\/product_cat?post=81028"},{"taxonomy":"product_tag","embeddable":true,"href":"https:\/\/machineriesbst.com\/en\/wp-json\/wp\/v2\/product_tag?post=81028"}],"curies":[{"name":"wp","href":"https:\/\/api.w.org\/{rel}","templated":true}]}}