{"id":80989,"date":"2024-10-31T13:59:27","date_gmt":"2024-10-31T17:59:27","guid":{"rendered":"https:\/\/machineriesbst.com\/?post_type=product&#038;p=80989"},"modified":"2024-10-31T16:34:00","modified_gmt":"2024-10-31T20:34:00","slug":"ebouteuse-end-matcher-doucet-end-pro-8","status":"publish","type":"product","link":"https:\/\/machineriesbst.com\/en\/catalogue\/ebouteuse-end-matcher-doucet-end-pro-8\/","title":{"rendered":"\u00c9bouteuse (end matcher) Doucet End Pro 8"},"content":{"rendered":"<p>Model end pro 8\u00a0 \u00a0 \u00a0 \u00a0 End Matcher<\/p>\n<p>8 pouce Bouveteuse\u00a0 \u00a0 ann\u00e9e\u00a0 2004\u00a0 achet\u00e9 neuve pour un projet qui a rapidement \u00e9t\u00e9 abandonn\u00e9<\/p>\n<p>Tr\u00e8s peu utilis\u00e9\u00a0 comme neuve<\/p>\n<p>Entreposer dans un garage chauff\u00e9<\/p>\n<p>Viens avec le convoyeur, tout l\u2019ensemble au complet<\/p>","protected":false},"excerpt":{"rendered":"<p>Model end pro 8\u00a0 \u00a0 \u00a0 \u00a0 End Matcher<\/p>\n<p>8 pouce Bouveteuse\u00a0 \u00a0 ann\u00e9e\u00a0 2004\u00a0 achet\u00e9 neuve pour un projet qui a rapidement \u00e9t\u00e9 abandonn\u00e9<\/p>\n<p>avec t\u00eates de jointage<\/p>\n<p>Tr\u00e8s peu utilis\u00e9\u00a0 comme neuve<\/p>\n<p>Entreposer dans un garage chauff\u00e9<\/p>\n<p>Viens avec le convoyeur, tout l\u2019ensemble au complet<\/p>","protected":false},"author":3,"featured_media":80991,"comment_status":"open","ping_status":"closed","template":"","meta":[],"product_cat":[302],"product_tag":[],"acf":[],"yoast_head":"<!-- This site is optimized with the Yoast SEO plugin v16.8 - https:\/\/yoast.com\/wordpress\/plugins\/seo\/ -->\n<title>\u00c9bouteuse (end matcher) Doucet End Pro 8 - Machineries BST<\/title>\n<meta name=\"robots\" content=\"index, follow, max-snippet:-1, max-image-preview:large, max-video-preview:-1\" \/>\n<link rel=\"canonical\" href=\"https:\/\/machineriesbst.com\/en\/catalogue\/ebouteuse-end-matcher-doucet-end-pro-8\/\" \/>\n<meta property=\"og:locale\" content=\"en_US\" \/>\n<meta property=\"og:type\" content=\"article\" \/>\n<meta property=\"og:title\" content=\"\u00c9bouteuse (end matcher) Doucet End Pro 8 - Machineries BST\" \/>\n<meta property=\"og:description\" content=\"Model end pro 8\u00a0 \u00a0 \u00a0 \u00a0 End Matcher  8 pouce Bouveteuse\u00a0 \u00a0 ann\u00e9e\u00a0 2004\u00a0 achet\u00e9 neuve pour un projet qui a rapidement \u00e9t\u00e9 abandonn\u00e9  avec t\u00eates de jointage  Tr\u00e8s peu utilis\u00e9\u00a0 comme neuve  Entreposer dans un garage chauff\u00e9  Viens avec le convoyeur, tout l\u2019ensemble au complet\" \/>\n<meta property=\"og:url\" content=\"https:\/\/machineriesbst.com\/en\/catalogue\/ebouteuse-end-matcher-doucet-end-pro-8\/\" \/>\n<meta property=\"og:site_name\" content=\"Machineries BST\" \/>\n<meta property=\"article:modified_time\" content=\"2024-10-31T20:34:00+00:00\" \/>\n<meta property=\"og:image\" content=\"https:\/\/machineriesbst.com\/wp-content\/uploads\/2024\/10\/doucet-2.jpg\" \/>\n\t<meta property=\"og:image:width\" content=\"720\" \/>\n\t<meta property=\"og:image:height\" content=\"960\" \/>\n<meta name=\"twitter:card\" content=\"summary_large_image\" \/>\n<script type=\"application\/ld+json\" class=\"yoast-schema-graph\">{\"@context\":\"https:\/\/schema.org\",\"@graph\":[{\"@type\":\"WebSite\",\"@id\":\"https:\/\/machineriesbst.com\/en\/#website\",\"url\":\"https:\/\/machineriesbst.com\/en\/\",\"name\":\"Machineries BST\",\"description\":\"Machines neuves &amp; usag\\u00e9es\",\"potentialAction\":[{\"@type\":\"SearchAction\",\"target\":{\"@type\":\"EntryPoint\",\"urlTemplate\":\"https:\/\/machineriesbst.com\/en\/?s={search_term_string}\"},\"query-input\":\"required name=search_term_string\"}],\"inLanguage\":\"en-US\"},{\"@type\":\"ImageObject\",\"@id\":\"https:\/\/machineriesbst.com\/en\/catalogue\/ebouteuse-end-matcher-doucet-end-pro-8\/#primaryimage\",\"inLanguage\":\"en-US\",\"url\":\"https:\/\/machineriesbst.com\/wp-content\/uploads\/2024\/10\/doucet-2.jpg\",\"contentUrl\":\"https:\/\/machineriesbst.com\/wp-content\/uploads\/2024\/10\/doucet-2.jpg\",\"width\":720,\"height\":960},{\"@type\":\"WebPage\",\"@id\":\"https:\/\/machineriesbst.com\/en\/catalogue\/ebouteuse-end-matcher-doucet-end-pro-8\/#webpage\",\"url\":\"https:\/\/machineriesbst.com\/en\/catalogue\/ebouteuse-end-matcher-doucet-end-pro-8\/\",\"name\":\"\\u00c9bouteuse (end matcher) Doucet End Pro 8 - Machineries BST\",\"isPartOf\":{\"@id\":\"https:\/\/machineriesbst.com\/en\/#website\"},\"primaryImageOfPage\":{\"@id\":\"https:\/\/machineriesbst.com\/en\/catalogue\/ebouteuse-end-matcher-doucet-end-pro-8\/#primaryimage\"},\"datePublished\":\"2024-10-31T17:59:27+00:00\",\"dateModified\":\"2024-10-31T20:34:00+00:00\",\"breadcrumb\":{\"@id\":\"https:\/\/machineriesbst.com\/en\/catalogue\/ebouteuse-end-matcher-doucet-end-pro-8\/#breadcrumb\"},\"inLanguage\":\"en-US\",\"potentialAction\":[{\"@type\":\"ReadAction\",\"target\":[\"https:\/\/machineriesbst.com\/en\/catalogue\/ebouteuse-end-matcher-doucet-end-pro-8\/\"]}]},{\"@type\":\"BreadcrumbList\",\"@id\":\"https:\/\/machineriesbst.com\/en\/catalogue\/ebouteuse-end-matcher-doucet-end-pro-8\/#breadcrumb\",\"itemListElement\":[{\"@type\":\"ListItem\",\"position\":1,\"name\":\"Accueil\",\"item\":\"https:\/\/machineriesbst.com\/en\/\"},{\"@type\":\"ListItem\",\"position\":2,\"name\":\"Catalogue\",\"item\":\"https:\/\/machineriesbst.com\/en\/catalog\/\"},{\"@type\":\"ListItem\",\"position\":3,\"name\":\"\\u00c9bouteuse (end matcher) Doucet End Pro 8\"}]}]}<\/script>\n<!-- \/ Yoast SEO plugin. -->","yoast_head_json":{"title":"\u00c9bouteuse (end matcher) Doucet End Pro 8 - Machineries BST","robots":{"index":"index","follow":"follow","max-snippet":"max-snippet:-1","max-image-preview":"max-image-preview:large","max-video-preview":"max-video-preview:-1"},"canonical":"https:\/\/machineriesbst.com\/en\/catalogue\/ebouteuse-end-matcher-doucet-end-pro-8\/","og_locale":"en_US","og_type":"article","og_title":"\u00c9bouteuse (end matcher) Doucet End Pro 8 - Machineries BST","og_description":"Model end pro 8\u00a0 \u00a0 \u00a0 \u00a0 End Matcher  8 pouce Bouveteuse\u00a0 \u00a0 ann\u00e9e\u00a0 2004\u00a0 achet\u00e9 neuve pour un projet qui a rapidement \u00e9t\u00e9 abandonn\u00e9  avec t\u00eates de jointage  Tr\u00e8s peu utilis\u00e9\u00a0 comme neuve  Entreposer dans un garage chauff\u00e9  Viens avec le convoyeur, tout l\u2019ensemble au complet","og_url":"https:\/\/machineriesbst.com\/en\/catalogue\/ebouteuse-end-matcher-doucet-end-pro-8\/","og_site_name":"Machineries BST","article_modified_time":"2024-10-31T20:34:00+00:00","og_image":[{"width":720,"height":960,"url":"https:\/\/machineriesbst.com\/wp-content\/uploads\/2024\/10\/doucet-2.jpg","path":"\/home\/jepeto\/public_html\/wp-content\/uploads\/2024\/10\/doucet-2.jpg","size":"full","id":80991,"alt":"","pixels":691200,"type":"image\/jpeg"}],"twitter_card":"summary_large_image","schema":{"@context":"https:\/\/schema.org","@graph":[{"@type":"WebSite","@id":"https:\/\/machineriesbst.com\/en\/#website","url":"https:\/\/machineriesbst.com\/en\/","name":"Machineries BST","description":"Machines neuves &amp; usag\u00e9es","potentialAction":[{"@type":"SearchAction","target":{"@type":"EntryPoint","urlTemplate":"https:\/\/machineriesbst.com\/en\/?s={search_term_string}"},"query-input":"required name=search_term_string"}],"inLanguage":"en-US"},{"@type":"ImageObject","@id":"https:\/\/machineriesbst.com\/en\/catalogue\/ebouteuse-end-matcher-doucet-end-pro-8\/#primaryimage","inLanguage":"en-US","url":"https:\/\/machineriesbst.com\/wp-content\/uploads\/2024\/10\/doucet-2.jpg","contentUrl":"https:\/\/machineriesbst.com\/wp-content\/uploads\/2024\/10\/doucet-2.jpg","width":720,"height":960},{"@type":"WebPage","@id":"https:\/\/machineriesbst.com\/en\/catalogue\/ebouteuse-end-matcher-doucet-end-pro-8\/#webpage","url":"https:\/\/machineriesbst.com\/en\/catalogue\/ebouteuse-end-matcher-doucet-end-pro-8\/","name":"\u00c9bouteuse (end matcher) Doucet End Pro 8 - Machineries BST","isPartOf":{"@id":"https:\/\/machineriesbst.com\/en\/#website"},"primaryImageOfPage":{"@id":"https:\/\/machineriesbst.com\/en\/catalogue\/ebouteuse-end-matcher-doucet-end-pro-8\/#primaryimage"},"datePublished":"2024-10-31T17:59:27+00:00","dateModified":"2024-10-31T20:34:00+00:00","breadcrumb":{"@id":"https:\/\/machineriesbst.com\/en\/catalogue\/ebouteuse-end-matcher-doucet-end-pro-8\/#breadcrumb"},"inLanguage":"en-US","potentialAction":[{"@type":"ReadAction","target":["https:\/\/machineriesbst.com\/en\/catalogue\/ebouteuse-end-matcher-doucet-end-pro-8\/"]}]},{"@type":"BreadcrumbList","@id":"https:\/\/machineriesbst.com\/en\/catalogue\/ebouteuse-end-matcher-doucet-end-pro-8\/#breadcrumb","itemListElement":[{"@type":"ListItem","position":1,"name":"Accueil","item":"https:\/\/machineriesbst.com\/en\/"},{"@type":"ListItem","position":2,"name":"Catalogue","item":"https:\/\/machineriesbst.com\/en\/catalog\/"},{"@type":"ListItem","position":3,"name":"\u00c9bouteuse (end matcher) Doucet End Pro 8"}]}]}},"_links":{"self":[{"href":"https:\/\/machineriesbst.com\/en\/wp-json\/wp\/v2\/product\/80989"}],"collection":[{"href":"https:\/\/machineriesbst.com\/en\/wp-json\/wp\/v2\/product"}],"about":[{"href":"https:\/\/machineriesbst.com\/en\/wp-json\/wp\/v2\/types\/product"}],"author":[{"embeddable":true,"href":"https:\/\/machineriesbst.com\/en\/wp-json\/wp\/v2\/users\/3"}],"replies":[{"embeddable":true,"href":"https:\/\/machineriesbst.com\/en\/wp-json\/wp\/v2\/comments?post=80989"}],"wp:featuredmedia":[{"embeddable":true,"href":"https:\/\/machineriesbst.com\/en\/wp-json\/wp\/v2\/media\/80991"}],"wp:attachment":[{"href":"https:\/\/machineriesbst.com\/en\/wp-json\/wp\/v2\/media?parent=80989"}],"wp:term":[{"taxonomy":"product_cat","embeddable":true,"href":"https:\/\/machineriesbst.com\/en\/wp-json\/wp\/v2\/product_cat?post=80989"},{"taxonomy":"product_tag","embeddable":true,"href":"https:\/\/machineriesbst.com\/en\/wp-json\/wp\/v2\/product_tag?post=80989"}],"curies":[{"name":"wp","href":"https:\/\/api.w.org\/{rel}","templated":true}]}}