{"id":80920,"date":"2024-07-09T10:00:16","date_gmt":"2024-07-09T14:00:16","guid":{"rendered":"https:\/\/machineriesbst.com\/?post_type=product&#038;p=80920"},"modified":"2024-10-31T13:07:06","modified_gmt":"2024-10-31T17:07:06","slug":"ebouteuse-haute-precision-holytek","status":"publish","type":"product","link":"https:\/\/machineriesbst.com\/en\/catalogue\/ebouteuse-haute-precision-holytek\/","title":{"rendered":"\u00c9bouteuse haute pr\u00e9cision Holytek"},"content":{"rendered":"<p>Machine de haute pr\u00e9cision pour une efficacit\u00e9 optimis\u00e9e, une productivit\u00e9 accrue et une qualit\u00e9 optimale.<\/p>\n<p>Cette machine s'utilise avec un crayon fluorescent pour le marquage des pi\u00e8ces.\u00a0 Celui-ci est\u00a0d\u00e9tect\u00e9 par un capteur photosensible et la machine coupe les morceaux d\u00e9fectueux automatiquement.<\/p>","protected":false},"excerpt":{"rendered":"<p>Machine de haute pr\u00e9cision pour une efficacit\u00e9 optimis\u00e9e, une productivit\u00e9 accrue et une qualit\u00e9 optimale.<\/p>\n<p>Cette machine s'utilise avec un crayon fluorescent pour le marquage des pi\u00e8ces.\u00a0 Celui-ci est\u00a0d\u00e9tect\u00e9 par un capteur photosensible et la machine coupe les morceaux d\u00e9fectueux automatiquement.<\/p>\n<p>Capteur haute performance dirigeant le poussoir du convoyeur d'entr\u00e9e pour un positionnement pr\u00e9cis de la pi\u00e8ce de travail.<\/p>\n<p>Ordinateur ayant une m\u00e9moire de 100 configurations de\u00a036 longueurs de coupe chacune.<\/p>\n<p>Principales fonctions:<\/p>\n<ul>\n<li>\n<div>Longueur constante des pi\u00e8ces initiales<\/div>\n<\/li>\n<li>Coupe par marquage au crayon<\/li>\n<li>Coupe optimis\u00e9e<\/li>\n<\/ul>\n<p>Modes d'optimisation:<\/p>\n<ul>\n<li>Priorit\u00e9 longueur<\/li>\n<li>Priorit\u00e9 longueur avec coupe de fin de pi\u00e8ce<\/li>\n<li>R\u00e9duction des pertes de mat\u00e9riel<\/li>\n<li>Priorit\u00e9 prix<\/li>\n<\/ul>\n<p>Fil localis\u00e9 le long\u00a0de la table\u00a0d'entr\u00e9e pour un d\u00e9marrage rapide et facile de la machine.<\/p>\n<p>Interrupteur de s\u00e9curit\u00e9 \u00e0 l'int\u00e9rieur\u00a0du cabinet provoquant un arr\u00eat imm\u00e9diat de la machine \u00e0 l'ouverture.<\/p>\n<p>Table\u00a0d'entr\u00e9e \u00e9quip\u00e9e d'une lumi\u00e8re \u00e0 infrarouge sur toute sa longueur permettant \u00e0 l'op\u00e9rateur d'arr\u00eater la machine en cas d'urgence et ce, peu importe o\u00f9 il se trouve.\u00a0 L'op\u00e9rateur n'a qu'\u00e0 interrompre le faisceau lumineux\u00a0et la machine s'arr\u00eate compl\u00e8tement.<\/p>\n<p>Tunnel \u00e0 la sortie\u00a0pour une\u00a0protection maximale.<\/p>\n<p>Fluorescent light inside the cabinet.<\/p>","protected":false},"author":3,"featured_media":80921,"comment_status":"open","ping_status":"closed","template":"","meta":[],"product_cat":[214,3074],"product_tag":[],"acf":[],"yoast_head":"<!-- This site is optimized with the Yoast SEO plugin v16.8 - https:\/\/yoast.com\/wordpress\/plugins\/seo\/ -->\n<title>\u00c9bouteuse haute pr\u00e9cision Holytek - Machineries BST<\/title>\n<meta name=\"robots\" content=\"index, follow, max-snippet:-1, max-image-preview:large, max-video-preview:-1\" \/>\n<link rel=\"canonical\" href=\"https:\/\/machineriesbst.com\/en\/catalogue\/ebouteuse-haute-precision-holytek\/\" \/>\n<meta property=\"og:locale\" content=\"en_US\" \/>\n<meta property=\"og:type\" content=\"article\" \/>\n<meta property=\"og:title\" content=\"\u00c9bouteuse haute pr\u00e9cision Holytek - Machineries BST\" \/>\n<meta property=\"og:description\" content=\"Machine de haute pr\u00e9cision pour une efficacit\u00e9 optimis\u00e9e, une productivit\u00e9 accrue et une qualit\u00e9 optimale.  Cette machine s&#039;utilise avec un crayon fluorescent pour le marquage des pi\u00e8ces.\u00a0 Celui-ci est\u00a0d\u00e9tect\u00e9 par un capteur photosensible et la machine coupe les morceaux d\u00e9fectueux automatiquement.  Capteur haute performance dirigeant le poussoir du convoyeur d&#039;entr\u00e9e pour un positionnement pr\u00e9cis de la pi\u00e8ce de travail.  Ordinateur ayant une m\u00e9moire de 100 configurations de\u00a036 longueurs de coupe chacune.  Principales fonctions:    Longueur constante des pi\u00e8ces initiales  Coupe par marquage au crayon  Coupe optimis\u00e9e  Modes d&#039;optimisation:   Priorit\u00e9 longueur  Priorit\u00e9 longueur avec coupe de fin de pi\u00e8ce  R\u00e9duction des pertes de mat\u00e9riel  Priorit\u00e9 prix  Fil localis\u00e9 le long\u00a0de la table\u00a0d&#039;entr\u00e9e pour un d\u00e9marrage rapide et facile de la machine.  Interrupteur de s\u00e9curit\u00e9 \u00e0 l&#039;int\u00e9rieur\u00a0du cabinet provoquant un arr\u00eat imm\u00e9diat de la machine \u00e0 l&#039;ouverture.  Table\u00a0d&#039;entr\u00e9e \u00e9quip\u00e9e d&#039;une lumi\u00e8re \u00e0 infrarouge sur toute sa longueur permettant \u00e0 l&#039;op\u00e9rateur d&#039;arr\u00eater la machine en cas d&#039;urgence et ce, peu importe o\u00f9 il se trouve.\u00a0 L&#039;op\u00e9rateur n&#039;a qu&#039;\u00e0 interrompre le faisceau lumineux\u00a0et la machine s&#039;arr\u00eate compl\u00e8tement.  Tunnel \u00e0 la sortie\u00a0pour une\u00a0protection maximale.  Lumi\u00e8re fluorescente \u00e0 l&#039;int\u00e9rieur du cabinet.\" \/>\n<meta property=\"og:url\" content=\"https:\/\/machineriesbst.com\/en\/catalogue\/ebouteuse-haute-precision-holytek\/\" \/>\n<meta property=\"og:site_name\" content=\"Machineries BST\" \/>\n<meta property=\"article:modified_time\" content=\"2024-10-31T17:07:06+00:00\" \/>\n<meta property=\"og:image\" content=\"https:\/\/machineriesbst.com\/wp-content\/uploads\/2024\/07\/IMG_3391-2.jpg\" \/>\n\t<meta property=\"og:image:width\" content=\"240\" \/>\n\t<meta property=\"og:image:height\" content=\"320\" \/>\n<meta name=\"twitter:card\" content=\"summary_large_image\" \/>\n<script type=\"application\/ld+json\" class=\"yoast-schema-graph\">{\"@context\":\"https:\/\/schema.org\",\"@graph\":[{\"@type\":\"WebSite\",\"@id\":\"https:\/\/machineriesbst.com\/en\/#website\",\"url\":\"https:\/\/machineriesbst.com\/en\/\",\"name\":\"Machineries BST\",\"description\":\"Machines neuves &amp; usag\\u00e9es\",\"potentialAction\":[{\"@type\":\"SearchAction\",\"target\":{\"@type\":\"EntryPoint\",\"urlTemplate\":\"https:\/\/machineriesbst.com\/en\/?s={search_term_string}\"},\"query-input\":\"required name=search_term_string\"}],\"inLanguage\":\"en-US\"},{\"@type\":\"ImageObject\",\"@id\":\"https:\/\/machineriesbst.com\/en\/catalogue\/ebouteuse-haute-precision-holytek\/#primaryimage\",\"inLanguage\":\"en-US\",\"url\":\"https:\/\/machineriesbst.com\/wp-content\/uploads\/2024\/07\/IMG_3391-2.jpg\",\"contentUrl\":\"https:\/\/machineriesbst.com\/wp-content\/uploads\/2024\/07\/IMG_3391-2.jpg\",\"width\":240,\"height\":320},{\"@type\":\"WebPage\",\"@id\":\"https:\/\/machineriesbst.com\/en\/catalogue\/ebouteuse-haute-precision-holytek\/#webpage\",\"url\":\"https:\/\/machineriesbst.com\/en\/catalogue\/ebouteuse-haute-precision-holytek\/\",\"name\":\"\\u00c9bouteuse haute pr\\u00e9cision Holytek - Machineries BST\",\"isPartOf\":{\"@id\":\"https:\/\/machineriesbst.com\/en\/#website\"},\"primaryImageOfPage\":{\"@id\":\"https:\/\/machineriesbst.com\/en\/catalogue\/ebouteuse-haute-precision-holytek\/#primaryimage\"},\"datePublished\":\"2024-07-09T14:00:16+00:00\",\"dateModified\":\"2024-10-31T17:07:06+00:00\",\"breadcrumb\":{\"@id\":\"https:\/\/machineriesbst.com\/en\/catalogue\/ebouteuse-haute-precision-holytek\/#breadcrumb\"},\"inLanguage\":\"en-US\",\"potentialAction\":[{\"@type\":\"ReadAction\",\"target\":[\"https:\/\/machineriesbst.com\/en\/catalogue\/ebouteuse-haute-precision-holytek\/\"]}]},{\"@type\":\"BreadcrumbList\",\"@id\":\"https:\/\/machineriesbst.com\/en\/catalogue\/ebouteuse-haute-precision-holytek\/#breadcrumb\",\"itemListElement\":[{\"@type\":\"ListItem\",\"position\":1,\"name\":\"Accueil\",\"item\":\"https:\/\/machineriesbst.com\/en\/\"},{\"@type\":\"ListItem\",\"position\":2,\"name\":\"Catalogue\",\"item\":\"https:\/\/machineriesbst.com\/en\/catalog\/\"},{\"@type\":\"ListItem\",\"position\":3,\"name\":\"\\u00c9bouteuse haute pr\\u00e9cision Holytek\"}]}]}<\/script>\n<!-- \/ Yoast SEO plugin. -->","yoast_head_json":{"title":"\u00c9bouteuse haute pr\u00e9cision Holytek - Machineries BST","robots":{"index":"index","follow":"follow","max-snippet":"max-snippet:-1","max-image-preview":"max-image-preview:large","max-video-preview":"max-video-preview:-1"},"canonical":"https:\/\/machineriesbst.com\/en\/catalogue\/ebouteuse-haute-precision-holytek\/","og_locale":"en_US","og_type":"article","og_title":"\u00c9bouteuse haute pr\u00e9cision Holytek - Machineries BST","og_description":"Machine de haute pr\u00e9cision pour une efficacit\u00e9 optimis\u00e9e, une productivit\u00e9 accrue et une qualit\u00e9 optimale.  Cette machine s'utilise avec un crayon fluorescent pour le marquage des pi\u00e8ces.\u00a0 Celui-ci est\u00a0d\u00e9tect\u00e9 par un capteur photosensible et la machine coupe les morceaux d\u00e9fectueux automatiquement.  Capteur haute performance dirigeant le poussoir du convoyeur d'entr\u00e9e pour un positionnement pr\u00e9cis de la pi\u00e8ce de travail.  Ordinateur ayant une m\u00e9moire de 100 configurations de\u00a036 longueurs de coupe chacune.  Principales fonctions:    Longueur constante des pi\u00e8ces initiales  Coupe par marquage au crayon  Coupe optimis\u00e9e  Modes d'optimisation:   Priorit\u00e9 longueur  Priorit\u00e9 longueur avec coupe de fin de pi\u00e8ce  R\u00e9duction des pertes de mat\u00e9riel  Priorit\u00e9 prix  Fil localis\u00e9 le long\u00a0de la table\u00a0d'entr\u00e9e pour un d\u00e9marrage rapide et facile de la machine.  Interrupteur de s\u00e9curit\u00e9 \u00e0 l'int\u00e9rieur\u00a0du cabinet provoquant un arr\u00eat imm\u00e9diat de la machine \u00e0 l'ouverture.  Table\u00a0d'entr\u00e9e \u00e9quip\u00e9e d'une lumi\u00e8re \u00e0 infrarouge sur toute sa longueur permettant \u00e0 l'op\u00e9rateur d'arr\u00eater la machine en cas d'urgence et ce, peu importe o\u00f9 il se trouve.\u00a0 L'op\u00e9rateur n'a qu'\u00e0 interrompre le faisceau lumineux\u00a0et la machine s'arr\u00eate compl\u00e8tement.  Tunnel \u00e0 la sortie\u00a0pour une\u00a0protection maximale.  Lumi\u00e8re fluorescente \u00e0 l'int\u00e9rieur du cabinet.","og_url":"https:\/\/machineriesbst.com\/en\/catalogue\/ebouteuse-haute-precision-holytek\/","og_site_name":"Machineries BST","article_modified_time":"2024-10-31T17:07:06+00:00","og_image":[{"width":240,"height":320,"url":"https:\/\/machineriesbst.com\/wp-content\/uploads\/2024\/07\/IMG_3391-2.jpg","path":"\/home\/jepeto\/public_html\/wp-content\/uploads\/2024\/07\/IMG_3391-2.jpg","size":"full","id":80921,"alt":"","pixels":76800,"type":"image\/jpeg"}],"twitter_card":"summary_large_image","schema":{"@context":"https:\/\/schema.org","@graph":[{"@type":"WebSite","@id":"https:\/\/machineriesbst.com\/en\/#website","url":"https:\/\/machineriesbst.com\/en\/","name":"Machineries BST","description":"Machines neuves &amp; usag\u00e9es","potentialAction":[{"@type":"SearchAction","target":{"@type":"EntryPoint","urlTemplate":"https:\/\/machineriesbst.com\/en\/?s={search_term_string}"},"query-input":"required name=search_term_string"}],"inLanguage":"en-US"},{"@type":"ImageObject","@id":"https:\/\/machineriesbst.com\/en\/catalogue\/ebouteuse-haute-precision-holytek\/#primaryimage","inLanguage":"en-US","url":"https:\/\/machineriesbst.com\/wp-content\/uploads\/2024\/07\/IMG_3391-2.jpg","contentUrl":"https:\/\/machineriesbst.com\/wp-content\/uploads\/2024\/07\/IMG_3391-2.jpg","width":240,"height":320},{"@type":"WebPage","@id":"https:\/\/machineriesbst.com\/en\/catalogue\/ebouteuse-haute-precision-holytek\/#webpage","url":"https:\/\/machineriesbst.com\/en\/catalogue\/ebouteuse-haute-precision-holytek\/","name":"\u00c9bouteuse haute pr\u00e9cision Holytek - Machineries BST","isPartOf":{"@id":"https:\/\/machineriesbst.com\/en\/#website"},"primaryImageOfPage":{"@id":"https:\/\/machineriesbst.com\/en\/catalogue\/ebouteuse-haute-precision-holytek\/#primaryimage"},"datePublished":"2024-07-09T14:00:16+00:00","dateModified":"2024-10-31T17:07:06+00:00","breadcrumb":{"@id":"https:\/\/machineriesbst.com\/en\/catalogue\/ebouteuse-haute-precision-holytek\/#breadcrumb"},"inLanguage":"en-US","potentialAction":[{"@type":"ReadAction","target":["https:\/\/machineriesbst.com\/en\/catalogue\/ebouteuse-haute-precision-holytek\/"]}]},{"@type":"BreadcrumbList","@id":"https:\/\/machineriesbst.com\/en\/catalogue\/ebouteuse-haute-precision-holytek\/#breadcrumb","itemListElement":[{"@type":"ListItem","position":1,"name":"Accueil","item":"https:\/\/machineriesbst.com\/en\/"},{"@type":"ListItem","position":2,"name":"Catalogue","item":"https:\/\/machineriesbst.com\/en\/catalog\/"},{"@type":"ListItem","position":3,"name":"\u00c9bouteuse haute pr\u00e9cision Holytek"}]}]}},"_links":{"self":[{"href":"https:\/\/machineriesbst.com\/en\/wp-json\/wp\/v2\/product\/80920"}],"collection":[{"href":"https:\/\/machineriesbst.com\/en\/wp-json\/wp\/v2\/product"}],"about":[{"href":"https:\/\/machineriesbst.com\/en\/wp-json\/wp\/v2\/types\/product"}],"author":[{"embeddable":true,"href":"https:\/\/machineriesbst.com\/en\/wp-json\/wp\/v2\/users\/3"}],"replies":[{"embeddable":true,"href":"https:\/\/machineriesbst.com\/en\/wp-json\/wp\/v2\/comments?post=80920"}],"wp:featuredmedia":[{"embeddable":true,"href":"https:\/\/machineriesbst.com\/en\/wp-json\/wp\/v2\/media\/80921"}],"wp:attachment":[{"href":"https:\/\/machineriesbst.com\/en\/wp-json\/wp\/v2\/media?parent=80920"}],"wp:term":[{"taxonomy":"product_cat","embeddable":true,"href":"https:\/\/machineriesbst.com\/en\/wp-json\/wp\/v2\/product_cat?post=80920"},{"taxonomy":"product_tag","embeddable":true,"href":"https:\/\/machineriesbst.com\/en\/wp-json\/wp\/v2\/product_tag?post=80920"}],"curies":[{"name":"wp","href":"https:\/\/api.w.org\/{rel}","templated":true}]}}