{"id":80913,"date":"2024-05-30T16:28:31","date_gmt":"2024-05-30T20:28:31","guid":{"rendered":"https:\/\/machineriesbst.com\/?post_type=product&#038;p=80913"},"modified":"2024-05-30T16:28:31","modified_gmt":"2024-05-30T20:28:31","slug":"deligneuse-simple-a-joint-de-colle-holytek-hrs-12tk","status":"publish","type":"product","link":"https:\/\/machineriesbst.com\/en\/catalogue\/deligneuse-simple-a-joint-de-colle-holytek-hrs-12tk\/","title":{"rendered":"D\u00e9ligneuse simple \u00e0 joint de colle Holytek HRS 12TK"},"content":{"rendered":"<p>D\u00e9ligneuse simple \u00e0 joint de colle Holytek HRS 12TK<\/p>\n<p>Ann\u00e9e:\u00a0 2000<\/p>\n<p>Lame\u00a0 avec son\u00a0 Laser.<\/p>\n<p>Moteur\u00a015 hp.\u00a0 600 volts.<\/p>\n<p>4,500 RPM arbor. \u2014 12\u2033 Dia. max. saw blade. \u2014 3-3\/8\u2033 Max. depth of cut. \u2014 18\u2033 Max. throat depth<\/p>","protected":false},"excerpt":{"rendered":"<p>D\u00e9ligneuse simple \u00e0 joint de colle Holytek HRS 12TK Ann\u00e9e:\u00a0 2000 Lame\u00a0 avec son\u00a0 Laser. Moteur\u00a015 hp.\u00a0 600 volts. 4,500 RPM arbor. \u2014 12\u2033 Dia. max. saw blade. \u2014 3-3\/8\u2033 Max. depth of cut. \u2014 18\u2033 Max. throat depth<\/p>","protected":false},"author":3,"featured_media":80914,"comment_status":"open","ping_status":"closed","template":"","meta":[],"product_cat":[3075,214],"product_tag":[],"acf":[],"yoast_head":"<!-- This site is optimized with the Yoast SEO plugin v16.8 - https:\/\/yoast.com\/wordpress\/plugins\/seo\/ -->\n<title>D\u00e9ligneuse simple \u00e0 joint de colle Holytek HRS 12TK - Machineries BST<\/title>\n<meta name=\"robots\" content=\"index, follow, max-snippet:-1, max-image-preview:large, max-video-preview:-1\" \/>\n<link rel=\"canonical\" href=\"https:\/\/machineriesbst.com\/en\/catalogue\/deligneuse-simple-a-joint-de-colle-holytek-hrs-12tk\/\" \/>\n<meta property=\"og:locale\" content=\"en_US\" \/>\n<meta property=\"og:type\" content=\"article\" \/>\n<meta property=\"og:title\" content=\"D\u00e9ligneuse simple \u00e0 joint de colle Holytek HRS 12TK - Machineries BST\" \/>\n<meta property=\"og:description\" content=\"D\u00e9ligneuse simple \u00e0 joint de colle Holytek HRS 12TK Ann\u00e9e:\u00a0 2000 Lame\u00a0 avec son\u00a0 Laser. Moteur\u00a015 hp.\u00a0 600 volts. 4,500 RPM arbor. \u2014 12\u2033 Dia. max. saw blade. \u2014 3-3\/8\u2033 Max. depth of cut. \u2014 18\u2033 Max. throat depth\" \/>\n<meta property=\"og:url\" content=\"https:\/\/machineriesbst.com\/en\/catalogue\/deligneuse-simple-a-joint-de-colle-holytek-hrs-12tk\/\" \/>\n<meta property=\"og:site_name\" content=\"Machineries BST\" \/>\n<meta property=\"og:image\" content=\"https:\/\/machineriesbst.com\/wp-content\/uploads\/2024\/05\/HRS-12-tk-1.jpg\" \/>\n\t<meta property=\"og:image:width\" content=\"332\" \/>\n\t<meta property=\"og:image:height\" content=\"336\" \/>\n<meta name=\"twitter:card\" content=\"summary_large_image\" \/>\n<script type=\"application\/ld+json\" class=\"yoast-schema-graph\">{\"@context\":\"https:\/\/schema.org\",\"@graph\":[{\"@type\":\"WebSite\",\"@id\":\"https:\/\/machineriesbst.com\/en\/#website\",\"url\":\"https:\/\/machineriesbst.com\/en\/\",\"name\":\"Machineries BST\",\"description\":\"Machines neuves &amp; usag\\u00e9es\",\"potentialAction\":[{\"@type\":\"SearchAction\",\"target\":{\"@type\":\"EntryPoint\",\"urlTemplate\":\"https:\/\/machineriesbst.com\/en\/?s={search_term_string}\"},\"query-input\":\"required name=search_term_string\"}],\"inLanguage\":\"en-US\"},{\"@type\":\"ImageObject\",\"@id\":\"https:\/\/machineriesbst.com\/en\/catalogue\/deligneuse-simple-a-joint-de-colle-holytek-hrs-12tk\/#primaryimage\",\"inLanguage\":\"en-US\",\"url\":\"https:\/\/machineriesbst.com\/wp-content\/uploads\/2024\/05\/HRS-12-tk-1.jpg\",\"contentUrl\":\"https:\/\/machineriesbst.com\/wp-content\/uploads\/2024\/05\/HRS-12-tk-1.jpg\",\"width\":332,\"height\":336},{\"@type\":\"WebPage\",\"@id\":\"https:\/\/machineriesbst.com\/en\/catalogue\/deligneuse-simple-a-joint-de-colle-holytek-hrs-12tk\/#webpage\",\"url\":\"https:\/\/machineriesbst.com\/en\/catalogue\/deligneuse-simple-a-joint-de-colle-holytek-hrs-12tk\/\",\"name\":\"D\\u00e9ligneuse simple \\u00e0 joint de colle Holytek HRS 12TK - Machineries BST\",\"isPartOf\":{\"@id\":\"https:\/\/machineriesbst.com\/en\/#website\"},\"primaryImageOfPage\":{\"@id\":\"https:\/\/machineriesbst.com\/en\/catalogue\/deligneuse-simple-a-joint-de-colle-holytek-hrs-12tk\/#primaryimage\"},\"datePublished\":\"2024-05-30T20:28:31+00:00\",\"dateModified\":\"2024-05-30T20:28:31+00:00\",\"breadcrumb\":{\"@id\":\"https:\/\/machineriesbst.com\/en\/catalogue\/deligneuse-simple-a-joint-de-colle-holytek-hrs-12tk\/#breadcrumb\"},\"inLanguage\":\"en-US\",\"potentialAction\":[{\"@type\":\"ReadAction\",\"target\":[\"https:\/\/machineriesbst.com\/en\/catalogue\/deligneuse-simple-a-joint-de-colle-holytek-hrs-12tk\/\"]}]},{\"@type\":\"BreadcrumbList\",\"@id\":\"https:\/\/machineriesbst.com\/en\/catalogue\/deligneuse-simple-a-joint-de-colle-holytek-hrs-12tk\/#breadcrumb\",\"itemListElement\":[{\"@type\":\"ListItem\",\"position\":1,\"name\":\"Accueil\",\"item\":\"https:\/\/machineriesbst.com\/en\/\"},{\"@type\":\"ListItem\",\"position\":2,\"name\":\"Catalogue\",\"item\":\"https:\/\/machineriesbst.com\/en\/catalog\/\"},{\"@type\":\"ListItem\",\"position\":3,\"name\":\"D\\u00e9ligneuse simple \\u00e0 joint de colle Holytek HRS 12TK\"}]}]}<\/script>\n<!-- \/ Yoast SEO plugin. -->","yoast_head_json":{"title":"D\u00e9ligneuse simple \u00e0 joint de colle Holytek HRS 12TK - Machineries BST","robots":{"index":"index","follow":"follow","max-snippet":"max-snippet:-1","max-image-preview":"max-image-preview:large","max-video-preview":"max-video-preview:-1"},"canonical":"https:\/\/machineriesbst.com\/en\/catalogue\/deligneuse-simple-a-joint-de-colle-holytek-hrs-12tk\/","og_locale":"en_US","og_type":"article","og_title":"D\u00e9ligneuse simple \u00e0 joint de colle Holytek HRS 12TK - Machineries BST","og_description":"D\u00e9ligneuse simple \u00e0 joint de colle Holytek HRS 12TK Ann\u00e9e:\u00a0 2000 Lame\u00a0 avec son\u00a0 Laser. Moteur\u00a015 hp.\u00a0 600 volts. 4,500 RPM arbor. \u2014 12\u2033 Dia. max. saw blade. \u2014 3-3\/8\u2033 Max. depth of cut. \u2014 18\u2033 Max. throat depth","og_url":"https:\/\/machineriesbst.com\/en\/catalogue\/deligneuse-simple-a-joint-de-colle-holytek-hrs-12tk\/","og_site_name":"Machineries BST","og_image":[{"width":332,"height":336,"url":"https:\/\/machineriesbst.com\/wp-content\/uploads\/2024\/05\/HRS-12-tk-1.jpg","path":"\/home\/jepeto\/public_html\/wp-content\/uploads\/2024\/05\/HRS-12-tk-1.jpg","size":"full","id":80914,"alt":"","pixels":111552,"type":"image\/jpeg"}],"twitter_card":"summary_large_image","schema":{"@context":"https:\/\/schema.org","@graph":[{"@type":"WebSite","@id":"https:\/\/machineriesbst.com\/en\/#website","url":"https:\/\/machineriesbst.com\/en\/","name":"Machineries BST","description":"Machines neuves &amp; usag\u00e9es","potentialAction":[{"@type":"SearchAction","target":{"@type":"EntryPoint","urlTemplate":"https:\/\/machineriesbst.com\/en\/?s={search_term_string}"},"query-input":"required name=search_term_string"}],"inLanguage":"en-US"},{"@type":"ImageObject","@id":"https:\/\/machineriesbst.com\/en\/catalogue\/deligneuse-simple-a-joint-de-colle-holytek-hrs-12tk\/#primaryimage","inLanguage":"en-US","url":"https:\/\/machineriesbst.com\/wp-content\/uploads\/2024\/05\/HRS-12-tk-1.jpg","contentUrl":"https:\/\/machineriesbst.com\/wp-content\/uploads\/2024\/05\/HRS-12-tk-1.jpg","width":332,"height":336},{"@type":"WebPage","@id":"https:\/\/machineriesbst.com\/en\/catalogue\/deligneuse-simple-a-joint-de-colle-holytek-hrs-12tk\/#webpage","url":"https:\/\/machineriesbst.com\/en\/catalogue\/deligneuse-simple-a-joint-de-colle-holytek-hrs-12tk\/","name":"D\u00e9ligneuse simple \u00e0 joint de colle Holytek HRS 12TK - Machineries BST","isPartOf":{"@id":"https:\/\/machineriesbst.com\/en\/#website"},"primaryImageOfPage":{"@id":"https:\/\/machineriesbst.com\/en\/catalogue\/deligneuse-simple-a-joint-de-colle-holytek-hrs-12tk\/#primaryimage"},"datePublished":"2024-05-30T20:28:31+00:00","dateModified":"2024-05-30T20:28:31+00:00","breadcrumb":{"@id":"https:\/\/machineriesbst.com\/en\/catalogue\/deligneuse-simple-a-joint-de-colle-holytek-hrs-12tk\/#breadcrumb"},"inLanguage":"en-US","potentialAction":[{"@type":"ReadAction","target":["https:\/\/machineriesbst.com\/en\/catalogue\/deligneuse-simple-a-joint-de-colle-holytek-hrs-12tk\/"]}]},{"@type":"BreadcrumbList","@id":"https:\/\/machineriesbst.com\/en\/catalogue\/deligneuse-simple-a-joint-de-colle-holytek-hrs-12tk\/#breadcrumb","itemListElement":[{"@type":"ListItem","position":1,"name":"Accueil","item":"https:\/\/machineriesbst.com\/en\/"},{"@type":"ListItem","position":2,"name":"Catalogue","item":"https:\/\/machineriesbst.com\/en\/catalog\/"},{"@type":"ListItem","position":3,"name":"D\u00e9ligneuse simple \u00e0 joint de colle Holytek HRS 12TK"}]}]}},"_links":{"self":[{"href":"https:\/\/machineriesbst.com\/en\/wp-json\/wp\/v2\/product\/80913"}],"collection":[{"href":"https:\/\/machineriesbst.com\/en\/wp-json\/wp\/v2\/product"}],"about":[{"href":"https:\/\/machineriesbst.com\/en\/wp-json\/wp\/v2\/types\/product"}],"author":[{"embeddable":true,"href":"https:\/\/machineriesbst.com\/en\/wp-json\/wp\/v2\/users\/3"}],"replies":[{"embeddable":true,"href":"https:\/\/machineriesbst.com\/en\/wp-json\/wp\/v2\/comments?post=80913"}],"wp:featuredmedia":[{"embeddable":true,"href":"https:\/\/machineriesbst.com\/en\/wp-json\/wp\/v2\/media\/80914"}],"wp:attachment":[{"href":"https:\/\/machineriesbst.com\/en\/wp-json\/wp\/v2\/media?parent=80913"}],"wp:term":[{"taxonomy":"product_cat","embeddable":true,"href":"https:\/\/machineriesbst.com\/en\/wp-json\/wp\/v2\/product_cat?post=80913"},{"taxonomy":"product_tag","embeddable":true,"href":"https:\/\/machineriesbst.com\/en\/wp-json\/wp\/v2\/product_tag?post=80913"}],"curies":[{"name":"wp","href":"https:\/\/api.w.org\/{rel}","templated":true}]}}