{"id":80893,"date":"2024-05-08T14:51:17","date_gmt":"2024-05-08T18:51:17","guid":{"rendered":"https:\/\/machineriesbst.com\/?post_type=product&#038;p=80893"},"modified":"2024-05-08T14:51:18","modified_gmt":"2024-05-08T18:51:18","slug":"banc-de-scie-table-coulissante-sicard-3200","status":"publish","type":"product","link":"https:\/\/machineriesbst.com\/en\/catalogue\/banc-de-scie-table-coulissante-sicard-3200\/","title":{"rendered":"Banc de scie Table coulissante Sicard 3200"},"content":{"rendered":"<h3 id=\"headline-119-119\" class=\"ct-headline c-h3\">Description<\/h3>\n<div id=\"text_block-120-119\" class=\"ct-text-block c-text-dark c-text-m\">\n<p>Moteur principal de 7,5\u00a0HP avec moteur d'inciseur de 0,8\u00a0HP<\/p>\n<p>Levage et inclinaison \u00e9lectriques\u00a0!<\/p>\n<p>Vitesses de scie : 4 000, 5 000, 6 000\/tr\/min<\/p>\n<p>Diam\u00e8tre du cadran : 400 mm (16\")<\/p>\n<p>Diam\u00e8tre de la lame inciseur : 100 mm (4\")<\/p>\n<p>Hauteur de coupe maximale \u00e0 90\u00b0 : 130 mm (5-1\/8\")<\/p>\n<p>Max. Pointe de lame : 45\u00b0<\/p>\n<p>Hauteur de coupe max \u00e0 45\u00b0\u00a0: 90\u00a0mm (3,5\")<\/p>\n<p>Hauteur de coupe maximale de la lame inciseur @ 90\u00b0 : 5mm<\/p>\n<p>Max. hauteur de coupe de la lame inciseur @ 45\u00b0 : 3,5 mm<\/p>\n<p>Hauteur de la table\u00a0: 900 mm (35,5\")<\/p>\n<p>Taille de la table coulissante : 360x3200mm<\/p>\n<p>Max. Largeur de coupe\u00a0: 1\u00a0300\u00a0mm (51+\")<\/p>\n<\/div>","protected":false},"excerpt":{"rendered":"<p>Moteur principal de 7,5\u00a0HP avec moteur d'inciseur de 0,8\u00a0HP Levage et inclinaison \u00e9lectriques\u00a0! Vitesses de scie : 4 000, 5 000, 6 000\/tr\/min Diam\u00e8tre du cadran : 400 mm (16\") Diam\u00e8tre de la lame inciseur : 100 mm (4\") Hauteur de coupe maximale \u00e0 90\u00b0 : 130 mm (5-1\/8\") Max. Pointe de lame : 45\u00b0<\/p>","protected":false},"author":3,"featured_media":80894,"comment_status":"open","ping_status":"closed","template":"","meta":[],"product_cat":[214,3017],"product_tag":[],"acf":[],"yoast_head":"<!-- This site is optimized with the Yoast SEO plugin v16.8 - https:\/\/yoast.com\/wordpress\/plugins\/seo\/ -->\n<title>Banc de scie Table coulissante Sicard 3200 - Machineries BST<\/title>\n<meta name=\"robots\" content=\"index, follow, max-snippet:-1, max-image-preview:large, max-video-preview:-1\" \/>\n<link rel=\"canonical\" href=\"https:\/\/machineriesbst.com\/en\/catalogue\/banc-de-scie-table-coulissante-sicard-3200\/\" \/>\n<meta property=\"og:locale\" content=\"en_US\" \/>\n<meta property=\"og:type\" content=\"article\" \/>\n<meta property=\"og:title\" content=\"Banc de scie Table coulissante Sicard 3200 - Machineries BST\" \/>\n<meta property=\"og:description\" content=\"Moteur principal de 7,5\u00a0HP avec moteur d&#039;inciseur de 0,8\u00a0HP Levage et inclinaison \u00e9lectriques\u00a0! Vitesses de scie : 4 000, 5 000, 6 000\/tr\/min Diam\u00e8tre du cadran : 400 mm (16&quot;) Diam\u00e8tre de la lame inciseur : 100 mm (4&quot;) Hauteur de coupe maximale \u00e0 90\u00b0 : 130 mm (5-1\/8&quot;) Max. Pointe de lame : 45\u00b0\" \/>\n<meta property=\"og:url\" content=\"https:\/\/machineriesbst.com\/en\/catalogue\/banc-de-scie-table-coulissante-sicard-3200\/\" \/>\n<meta property=\"og:site_name\" content=\"Machineries BST\" \/>\n<meta property=\"article:modified_time\" content=\"2024-05-08T18:51:18+00:00\" \/>\n<meta property=\"og:image\" content=\"https:\/\/machineriesbst.com\/wp-content\/uploads\/2024\/05\/20231128_142814-scaled.jpg\" \/>\n\t<meta property=\"og:image:width\" content=\"2560\" \/>\n\t<meta property=\"og:image:height\" content=\"1220\" \/>\n<meta name=\"twitter:card\" content=\"summary_large_image\" \/>\n<script type=\"application\/ld+json\" class=\"yoast-schema-graph\">{\"@context\":\"https:\/\/schema.org\",\"@graph\":[{\"@type\":\"WebSite\",\"@id\":\"https:\/\/machineriesbst.com\/en\/#website\",\"url\":\"https:\/\/machineriesbst.com\/en\/\",\"name\":\"Machineries BST\",\"description\":\"Machines neuves &amp; usag\\u00e9es\",\"potentialAction\":[{\"@type\":\"SearchAction\",\"target\":{\"@type\":\"EntryPoint\",\"urlTemplate\":\"https:\/\/machineriesbst.com\/en\/?s={search_term_string}\"},\"query-input\":\"required name=search_term_string\"}],\"inLanguage\":\"en-US\"},{\"@type\":\"ImageObject\",\"@id\":\"https:\/\/machineriesbst.com\/en\/catalogue\/banc-de-scie-table-coulissante-sicard-3200\/#primaryimage\",\"inLanguage\":\"en-US\",\"url\":\"https:\/\/machineriesbst.com\/wp-content\/uploads\/2024\/05\/20231128_142814-scaled.jpg\",\"contentUrl\":\"https:\/\/machineriesbst.com\/wp-content\/uploads\/2024\/05\/20231128_142814-scaled.jpg\",\"width\":2560,\"height\":1220},{\"@type\":\"WebPage\",\"@id\":\"https:\/\/machineriesbst.com\/en\/catalogue\/banc-de-scie-table-coulissante-sicard-3200\/#webpage\",\"url\":\"https:\/\/machineriesbst.com\/en\/catalogue\/banc-de-scie-table-coulissante-sicard-3200\/\",\"name\":\"Banc de scie Table coulissante Sicard 3200 - Machineries BST\",\"isPartOf\":{\"@id\":\"https:\/\/machineriesbst.com\/en\/#website\"},\"primaryImageOfPage\":{\"@id\":\"https:\/\/machineriesbst.com\/en\/catalogue\/banc-de-scie-table-coulissante-sicard-3200\/#primaryimage\"},\"datePublished\":\"2024-05-08T18:51:17+00:00\",\"dateModified\":\"2024-05-08T18:51:18+00:00\",\"breadcrumb\":{\"@id\":\"https:\/\/machineriesbst.com\/en\/catalogue\/banc-de-scie-table-coulissante-sicard-3200\/#breadcrumb\"},\"inLanguage\":\"en-US\",\"potentialAction\":[{\"@type\":\"ReadAction\",\"target\":[\"https:\/\/machineriesbst.com\/en\/catalogue\/banc-de-scie-table-coulissante-sicard-3200\/\"]}]},{\"@type\":\"BreadcrumbList\",\"@id\":\"https:\/\/machineriesbst.com\/en\/catalogue\/banc-de-scie-table-coulissante-sicard-3200\/#breadcrumb\",\"itemListElement\":[{\"@type\":\"ListItem\",\"position\":1,\"name\":\"Accueil\",\"item\":\"https:\/\/machineriesbst.com\/en\/\"},{\"@type\":\"ListItem\",\"position\":2,\"name\":\"Catalogue\",\"item\":\"https:\/\/machineriesbst.com\/en\/catalog\/\"},{\"@type\":\"ListItem\",\"position\":3,\"name\":\"Banc de scie Table coulissante Sicard 3200\"}]}]}<\/script>\n<!-- \/ Yoast SEO plugin. -->","yoast_head_json":{"title":"Banc de scie Table coulissante Sicard 3200 - Machineries BST","robots":{"index":"index","follow":"follow","max-snippet":"max-snippet:-1","max-image-preview":"max-image-preview:large","max-video-preview":"max-video-preview:-1"},"canonical":"https:\/\/machineriesbst.com\/en\/catalogue\/banc-de-scie-table-coulissante-sicard-3200\/","og_locale":"en_US","og_type":"article","og_title":"Banc de scie Table coulissante Sicard 3200 - Machineries BST","og_description":"Moteur principal de 7,5\u00a0HP avec moteur d'inciseur de 0,8\u00a0HP Levage et inclinaison \u00e9lectriques\u00a0! Vitesses de scie : 4 000, 5 000, 6 000\/tr\/min Diam\u00e8tre du cadran : 400 mm (16\") Diam\u00e8tre de la lame inciseur : 100 mm (4\") Hauteur de coupe maximale \u00e0 90\u00b0 : 130 mm (5-1\/8\") Max. Pointe de lame : 45\u00b0","og_url":"https:\/\/machineriesbst.com\/en\/catalogue\/banc-de-scie-table-coulissante-sicard-3200\/","og_site_name":"Machineries BST","article_modified_time":"2024-05-08T18:51:18+00:00","og_image":[{"width":2560,"height":1220,"url":"https:\/\/machineriesbst.com\/wp-content\/uploads\/2024\/05\/20231128_142814-scaled.jpg","path":"\/home\/jepeto\/public_html\/wp-content\/uploads\/2024\/05\/20231128_142814-scaled.jpg","size":"full","id":80894,"alt":"","pixels":3123200,"type":"image\/jpeg"}],"twitter_card":"summary_large_image","schema":{"@context":"https:\/\/schema.org","@graph":[{"@type":"WebSite","@id":"https:\/\/machineriesbst.com\/en\/#website","url":"https:\/\/machineriesbst.com\/en\/","name":"Machineries BST","description":"Machines neuves &amp; usag\u00e9es","potentialAction":[{"@type":"SearchAction","target":{"@type":"EntryPoint","urlTemplate":"https:\/\/machineriesbst.com\/en\/?s={search_term_string}"},"query-input":"required name=search_term_string"}],"inLanguage":"en-US"},{"@type":"ImageObject","@id":"https:\/\/machineriesbst.com\/en\/catalogue\/banc-de-scie-table-coulissante-sicard-3200\/#primaryimage","inLanguage":"en-US","url":"https:\/\/machineriesbst.com\/wp-content\/uploads\/2024\/05\/20231128_142814-scaled.jpg","contentUrl":"https:\/\/machineriesbst.com\/wp-content\/uploads\/2024\/05\/20231128_142814-scaled.jpg","width":2560,"height":1220},{"@type":"WebPage","@id":"https:\/\/machineriesbst.com\/en\/catalogue\/banc-de-scie-table-coulissante-sicard-3200\/#webpage","url":"https:\/\/machineriesbst.com\/en\/catalogue\/banc-de-scie-table-coulissante-sicard-3200\/","name":"Banc de scie Table coulissante Sicard 3200 - Machineries BST","isPartOf":{"@id":"https:\/\/machineriesbst.com\/en\/#website"},"primaryImageOfPage":{"@id":"https:\/\/machineriesbst.com\/en\/catalogue\/banc-de-scie-table-coulissante-sicard-3200\/#primaryimage"},"datePublished":"2024-05-08T18:51:17+00:00","dateModified":"2024-05-08T18:51:18+00:00","breadcrumb":{"@id":"https:\/\/machineriesbst.com\/en\/catalogue\/banc-de-scie-table-coulissante-sicard-3200\/#breadcrumb"},"inLanguage":"en-US","potentialAction":[{"@type":"ReadAction","target":["https:\/\/machineriesbst.com\/en\/catalogue\/banc-de-scie-table-coulissante-sicard-3200\/"]}]},{"@type":"BreadcrumbList","@id":"https:\/\/machineriesbst.com\/en\/catalogue\/banc-de-scie-table-coulissante-sicard-3200\/#breadcrumb","itemListElement":[{"@type":"ListItem","position":1,"name":"Accueil","item":"https:\/\/machineriesbst.com\/en\/"},{"@type":"ListItem","position":2,"name":"Catalogue","item":"https:\/\/machineriesbst.com\/en\/catalog\/"},{"@type":"ListItem","position":3,"name":"Banc de scie Table coulissante Sicard 3200"}]}]}},"_links":{"self":[{"href":"https:\/\/machineriesbst.com\/en\/wp-json\/wp\/v2\/product\/80893"}],"collection":[{"href":"https:\/\/machineriesbst.com\/en\/wp-json\/wp\/v2\/product"}],"about":[{"href":"https:\/\/machineriesbst.com\/en\/wp-json\/wp\/v2\/types\/product"}],"author":[{"embeddable":true,"href":"https:\/\/machineriesbst.com\/en\/wp-json\/wp\/v2\/users\/3"}],"replies":[{"embeddable":true,"href":"https:\/\/machineriesbst.com\/en\/wp-json\/wp\/v2\/comments?post=80893"}],"wp:featuredmedia":[{"embeddable":true,"href":"https:\/\/machineriesbst.com\/en\/wp-json\/wp\/v2\/media\/80894"}],"wp:attachment":[{"href":"https:\/\/machineriesbst.com\/en\/wp-json\/wp\/v2\/media?parent=80893"}],"wp:term":[{"taxonomy":"product_cat","embeddable":true,"href":"https:\/\/machineriesbst.com\/en\/wp-json\/wp\/v2\/product_cat?post=80893"},{"taxonomy":"product_tag","embeddable":true,"href":"https:\/\/machineriesbst.com\/en\/wp-json\/wp\/v2\/product_tag?post=80893"}],"curies":[{"name":"wp","href":"https:\/\/api.w.org\/{rel}","templated":true}]}}