{"id":80888,"date":"2024-05-08T11:27:16","date_gmt":"2024-05-08T15:27:16","guid":{"rendered":"https:\/\/machineriesbst.com\/?post_type=product&#038;p=80888"},"modified":"2025-04-29T18:08:44","modified_gmt":"2025-04-29T22:08:44","slug":"plaqueuse-de-chant-scm-minimax-me-35-edgebander","status":"publish","type":"product","link":"https:\/\/machineriesbst.com\/en\/catalogue\/plaqueuse-de-chant-scm-minimax-me-35-edgebander\/","title":{"rendered":"Plaqueuse de chant SCM Minimax ME 35 Edgebander"},"content":{"rendered":"<p>La Minimax ME 35 est une plaqueuse de chants automatique monophas\u00e9e offrant une grande flexibilit\u00e9 pour les chants fins et \u00e9pais, destin\u00e9e \u00e0 combler le foss\u00e9 entre une plaqueuse de chants traditionnelle de petite et moyenne taille pour les menuisiers ; aux \u00e9quipements plus robustes utilis\u00e9s dans la gamme de produits Classical. Il n'y a pas de concurrence sur le march\u00e9 am\u00e9ricain pour une machine aussi petite et polyvalente, avec des unit\u00e9s de pr\u00e9-fraisage ou d'arrondi de coins si \u00e9conomiques ! Cette machine est destin\u00e9e \u00e0 \u00eatre utilis\u00e9e avec des chants en m\u00e9lamine, PVC et ABS jusqu'\u00e0 3 mm.<\/p>\n<p>Pr\u00e9sent\u00e9e en premi\u00e8re \u00e0 Xylexpo en Europe, la Minimax ME 35ETR a remport\u00e9 la premi\u00e8re place dans la cat\u00e9gorie \u00ab machine-outil \u00bb pour sa capacit\u00e9 \u00e0 combiner les fonctions d'arrondi et de d\u00e9tourage des coins en un seul outil, une machine de taille compacte avec un encombrement minimal. Cette technologie appliqu\u00e9e fait de cette plaqueuse de chants un produit incontournable pour les installations de petite et moyenne taille, la machine id\u00e9ale pour faire face et couper les extr\u00e9mit\u00e9s avant et arri\u00e8re des panneaux, tout en arrondissant les bords avant et arri\u00e8re. le tout \u00e0 un prix abordable pour chaque magasin.<\/p>\n<p>&nbsp;<\/p>\n<p>ME 35 : Plaqueuse de chants monophas\u00e9e avec magasin automatique de bandes, remplacement rapide du pot de colle et \u00e9clairage int\u00e9rieur. Livr\u00e9 avec les unit\u00e9s suivantes (outils \u00e0 rayon de 3 mm) : double pr\u00e9-fraisage, garniture d'extr\u00e9mit\u00e9 avec fonction RADIUS, garniture sup\u00e9rieure\/inf\u00e9rieure, grattage de profil, grattage de colle, polissage.<\/p>","protected":false},"excerpt":{"rendered":"<p>La Minimax ME 35 est une plaqueuse de chants automatique monophas\u00e9e offrant une grande flexibilit\u00e9 pour les chants fins et \u00e9pais, destin\u00e9e \u00e0 combler le foss\u00e9 entre une plaqueuse de chants traditionnelle de petite et moyenne taille pour les menuisiers ; aux \u00e9quipements plus robustes utilis\u00e9s dans la gamme de produits Classical. Il n'y a pas de concurrence sur le march\u00e9 am\u00e9ricain pour une machine aussi petite et polyvalente, avec des unit\u00e9s de pr\u00e9-fraisage ou d'arrondi de coins si \u00e9conomiques ! Cette machine est destin\u00e9e \u00e0 \u00eatre utilis\u00e9e avec des chants en m\u00e9lamine, PVC et ABS jusqu'\u00e0 3 mm.<\/p>","protected":false},"author":3,"featured_media":80889,"comment_status":"open","ping_status":"closed","template":"","meta":[],"product_cat":[363],"product_tag":[],"acf":[],"yoast_head":"<!-- This site is optimized with the Yoast SEO plugin v16.8 - https:\/\/yoast.com\/wordpress\/plugins\/seo\/ -->\n<title>Plaqueuse de chant SCM Minimax ME 35 Edgebander - Machineries BST<\/title>\n<meta name=\"robots\" content=\"index, follow, max-snippet:-1, max-image-preview:large, max-video-preview:-1\" \/>\n<link rel=\"canonical\" href=\"https:\/\/machineriesbst.com\/en\/catalogue\/plaqueuse-de-chant-scm-minimax-me-35-edgebander\/\" \/>\n<meta property=\"og:locale\" content=\"en_US\" \/>\n<meta property=\"og:type\" content=\"article\" \/>\n<meta property=\"og:title\" content=\"Plaqueuse de chant SCM Minimax ME 35 Edgebander - Machineries BST\" \/>\n<meta property=\"og:description\" content=\"La Minimax ME 35 est une plaqueuse de chants automatique monophas\u00e9e offrant une grande flexibilit\u00e9 pour les chants fins et \u00e9pais, destin\u00e9e \u00e0 combler le foss\u00e9 entre une plaqueuse de chants traditionnelle de petite et moyenne taille pour les menuisiers ; aux \u00e9quipements plus robustes utilis\u00e9s dans la gamme de produits Classical. Il n&#039;y a pas de concurrence sur le march\u00e9 am\u00e9ricain pour une machine aussi petite et polyvalente, avec des unit\u00e9s de pr\u00e9-fraisage ou d&#039;arrondi de coins si \u00e9conomiques ! Cette machine est destin\u00e9e \u00e0 \u00eatre utilis\u00e9e avec des chants en m\u00e9lamine, PVC et ABS jusqu&#039;\u00e0 3 mm.\" \/>\n<meta property=\"og:url\" content=\"https:\/\/machineriesbst.com\/en\/catalogue\/plaqueuse-de-chant-scm-minimax-me-35-edgebander\/\" \/>\n<meta property=\"og:site_name\" content=\"Machineries BST\" \/>\n<meta property=\"article:modified_time\" content=\"2025-04-29T22:08:44+00:00\" \/>\n<meta property=\"og:image\" content=\"https:\/\/machineriesbst.com\/wp-content\/uploads\/2024\/05\/20231128_143134-scaled.jpg\" \/>\n\t<meta property=\"og:image:width\" content=\"2560\" \/>\n\t<meta property=\"og:image:height\" content=\"1220\" \/>\n<meta name=\"twitter:card\" content=\"summary_large_image\" \/>\n<meta name=\"twitter:label1\" content=\"Est. reading time\" \/>\n\t<meta name=\"twitter:data1\" content=\"1 minute\" \/>\n<script type=\"application\/ld+json\" class=\"yoast-schema-graph\">{\"@context\":\"https:\/\/schema.org\",\"@graph\":[{\"@type\":\"WebSite\",\"@id\":\"https:\/\/machineriesbst.com\/en\/#website\",\"url\":\"https:\/\/machineriesbst.com\/en\/\",\"name\":\"Machineries BST\",\"description\":\"Machines neuves &amp; usag\\u00e9es\",\"potentialAction\":[{\"@type\":\"SearchAction\",\"target\":{\"@type\":\"EntryPoint\",\"urlTemplate\":\"https:\/\/machineriesbst.com\/en\/?s={search_term_string}\"},\"query-input\":\"required name=search_term_string\"}],\"inLanguage\":\"en-US\"},{\"@type\":\"ImageObject\",\"@id\":\"https:\/\/machineriesbst.com\/catalogue\/plaqueuse-de-chant-scm-minimax-me-35-edgebander\/#primaryimage\",\"inLanguage\":\"en-US\",\"url\":\"https:\/\/machineriesbst.com\/wp-content\/uploads\/2024\/05\/20231128_143134-scaled.jpg\",\"contentUrl\":\"https:\/\/machineriesbst.com\/wp-content\/uploads\/2024\/05\/20231128_143134-scaled.jpg\",\"width\":2560,\"height\":1220},{\"@type\":\"WebPage\",\"@id\":\"https:\/\/machineriesbst.com\/catalogue\/plaqueuse-de-chant-scm-minimax-me-35-edgebander\/#webpage\",\"url\":\"https:\/\/machineriesbst.com\/catalogue\/plaqueuse-de-chant-scm-minimax-me-35-edgebander\/\",\"name\":\"Plaqueuse de chant SCM Minimax ME 35 Edgebander - Machineries BST\",\"isPartOf\":{\"@id\":\"https:\/\/machineriesbst.com\/en\/#website\"},\"primaryImageOfPage\":{\"@id\":\"https:\/\/machineriesbst.com\/catalogue\/plaqueuse-de-chant-scm-minimax-me-35-edgebander\/#primaryimage\"},\"datePublished\":\"2024-05-08T15:27:16+00:00\",\"dateModified\":\"2025-04-29T22:08:44+00:00\",\"breadcrumb\":{\"@id\":\"https:\/\/machineriesbst.com\/catalogue\/plaqueuse-de-chant-scm-minimax-me-35-edgebander\/#breadcrumb\"},\"inLanguage\":\"en-US\",\"potentialAction\":[{\"@type\":\"ReadAction\",\"target\":[\"https:\/\/machineriesbst.com\/catalogue\/plaqueuse-de-chant-scm-minimax-me-35-edgebander\/\"]}]},{\"@type\":\"BreadcrumbList\",\"@id\":\"https:\/\/machineriesbst.com\/catalogue\/plaqueuse-de-chant-scm-minimax-me-35-edgebander\/#breadcrumb\",\"itemListElement\":[{\"@type\":\"ListItem\",\"position\":1,\"name\":\"Accueil\",\"item\":\"https:\/\/machineriesbst.com\/en\/\"},{\"@type\":\"ListItem\",\"position\":2,\"name\":\"Catalogue\",\"item\":\"https:\/\/machineriesbst.com\/en\/catalog\/\"},{\"@type\":\"ListItem\",\"position\":3,\"name\":\"Plaqueuse de chant SCM Minimax ME 35 Edgebander\"}]}]}<\/script>\n<!-- \/ Yoast SEO plugin. -->","yoast_head_json":{"title":"Plaqueuse de chant SCM Minimax ME 35 Edgebander - Machineries BST","robots":{"index":"index","follow":"follow","max-snippet":"max-snippet:-1","max-image-preview":"max-image-preview:large","max-video-preview":"max-video-preview:-1"},"canonical":"https:\/\/machineriesbst.com\/en\/catalogue\/plaqueuse-de-chant-scm-minimax-me-35-edgebander\/","og_locale":"en_US","og_type":"article","og_title":"Plaqueuse de chant SCM Minimax ME 35 Edgebander - Machineries BST","og_description":"La Minimax ME 35 est une plaqueuse de chants automatique monophas\u00e9e offrant une grande flexibilit\u00e9 pour les chants fins et \u00e9pais, destin\u00e9e \u00e0 combler le foss\u00e9 entre une plaqueuse de chants traditionnelle de petite et moyenne taille pour les menuisiers ; aux \u00e9quipements plus robustes utilis\u00e9s dans la gamme de produits Classical. Il n'y a pas de concurrence sur le march\u00e9 am\u00e9ricain pour une machine aussi petite et polyvalente, avec des unit\u00e9s de pr\u00e9-fraisage ou d'arrondi de coins si \u00e9conomiques ! Cette machine est destin\u00e9e \u00e0 \u00eatre utilis\u00e9e avec des chants en m\u00e9lamine, PVC et ABS jusqu'\u00e0 3 mm.","og_url":"https:\/\/machineriesbst.com\/en\/catalogue\/plaqueuse-de-chant-scm-minimax-me-35-edgebander\/","og_site_name":"Machineries BST","article_modified_time":"2025-04-29T22:08:44+00:00","og_image":[{"width":2560,"height":1220,"url":"https:\/\/machineriesbst.com\/wp-content\/uploads\/2024\/05\/20231128_143134-scaled.jpg","path":"\/home\/jepeto\/public_html\/wp-content\/uploads\/2024\/05\/20231128_143134-scaled.jpg","size":"full","id":80889,"alt":"","pixels":3123200,"type":"image\/jpeg"}],"twitter_card":"summary_large_image","twitter_misc":{"Est. reading time":"1 minute"},"schema":{"@context":"https:\/\/schema.org","@graph":[{"@type":"WebSite","@id":"https:\/\/machineriesbst.com\/en\/#website","url":"https:\/\/machineriesbst.com\/en\/","name":"Machineries BST","description":"Machines neuves &amp; usag\u00e9es","potentialAction":[{"@type":"SearchAction","target":{"@type":"EntryPoint","urlTemplate":"https:\/\/machineriesbst.com\/en\/?s={search_term_string}"},"query-input":"required name=search_term_string"}],"inLanguage":"en-US"},{"@type":"ImageObject","@id":"https:\/\/machineriesbst.com\/catalogue\/plaqueuse-de-chant-scm-minimax-me-35-edgebander\/#primaryimage","inLanguage":"en-US","url":"https:\/\/machineriesbst.com\/wp-content\/uploads\/2024\/05\/20231128_143134-scaled.jpg","contentUrl":"https:\/\/machineriesbst.com\/wp-content\/uploads\/2024\/05\/20231128_143134-scaled.jpg","width":2560,"height":1220},{"@type":"WebPage","@id":"https:\/\/machineriesbst.com\/catalogue\/plaqueuse-de-chant-scm-minimax-me-35-edgebander\/#webpage","url":"https:\/\/machineriesbst.com\/catalogue\/plaqueuse-de-chant-scm-minimax-me-35-edgebander\/","name":"Plaqueuse de chant SCM Minimax ME 35 Edgebander - Machineries BST","isPartOf":{"@id":"https:\/\/machineriesbst.com\/en\/#website"},"primaryImageOfPage":{"@id":"https:\/\/machineriesbst.com\/catalogue\/plaqueuse-de-chant-scm-minimax-me-35-edgebander\/#primaryimage"},"datePublished":"2024-05-08T15:27:16+00:00","dateModified":"2025-04-29T22:08:44+00:00","breadcrumb":{"@id":"https:\/\/machineriesbst.com\/catalogue\/plaqueuse-de-chant-scm-minimax-me-35-edgebander\/#breadcrumb"},"inLanguage":"en-US","potentialAction":[{"@type":"ReadAction","target":["https:\/\/machineriesbst.com\/catalogue\/plaqueuse-de-chant-scm-minimax-me-35-edgebander\/"]}]},{"@type":"BreadcrumbList","@id":"https:\/\/machineriesbst.com\/catalogue\/plaqueuse-de-chant-scm-minimax-me-35-edgebander\/#breadcrumb","itemListElement":[{"@type":"ListItem","position":1,"name":"Accueil","item":"https:\/\/machineriesbst.com\/en\/"},{"@type":"ListItem","position":2,"name":"Catalogue","item":"https:\/\/machineriesbst.com\/en\/catalog\/"},{"@type":"ListItem","position":3,"name":"Plaqueuse de chant SCM Minimax ME 35 Edgebander"}]}]}},"_links":{"self":[{"href":"https:\/\/machineriesbst.com\/en\/wp-json\/wp\/v2\/product\/80888"}],"collection":[{"href":"https:\/\/machineriesbst.com\/en\/wp-json\/wp\/v2\/product"}],"about":[{"href":"https:\/\/machineriesbst.com\/en\/wp-json\/wp\/v2\/types\/product"}],"author":[{"embeddable":true,"href":"https:\/\/machineriesbst.com\/en\/wp-json\/wp\/v2\/users\/3"}],"replies":[{"embeddable":true,"href":"https:\/\/machineriesbst.com\/en\/wp-json\/wp\/v2\/comments?post=80888"}],"wp:featuredmedia":[{"embeddable":true,"href":"https:\/\/machineriesbst.com\/en\/wp-json\/wp\/v2\/media\/80889"}],"wp:attachment":[{"href":"https:\/\/machineriesbst.com\/en\/wp-json\/wp\/v2\/media?parent=80888"}],"wp:term":[{"taxonomy":"product_cat","embeddable":true,"href":"https:\/\/machineriesbst.com\/en\/wp-json\/wp\/v2\/product_cat?post=80888"},{"taxonomy":"product_tag","embeddable":true,"href":"https:\/\/machineriesbst.com\/en\/wp-json\/wp\/v2\/product_tag?post=80888"}],"curies":[{"name":"wp","href":"https:\/\/api.w.org\/{rel}","templated":true}]}}