{"id":80848,"date":"2024-04-02T14:30:01","date_gmt":"2024-04-02T18:30:01","guid":{"rendered":"https:\/\/machineriesbst.com\/?post_type=product&#038;p=80848"},"modified":"2024-04-02T14:33:28","modified_gmt":"2024-04-02T18:33:28","slug":"80848","status":"publish","type":"product","link":"https:\/\/machineriesbst.com\/en\/catalogue\/80848\/","title":{"rendered":"C\u00e9fla Prima 2022"},"content":{"rendered":"<p>To provide a paint line that helps control coating costs, the PRIMA single arm reciprocating spray machine allows you to control the amount of wet film you disperse per meter.<\/p>\n<p>Additionally, its ventilation system can be pressurized or non-pressurized depending on the application and existing environment.<\/p>\n<p>PRIMA can be used as a stand-alone unit and managed by a single operator, avoiding fluctuations in the local labor market. It can also be used in-line with other automated technologies including sanding, panel cleaning, drying or curing.<\/p>\n<p>This technology also enables rapid color changes and small production batches with minimal downtime, making it an automated, flexible and cost-effective finishing solution compatible with solvent and water-based coatings.<\/p>\n<p>Equipment video: https:\/\/www.youtube.com\/watch?v=nBZc0EJMqBw&amp;t=3s<\/p>\n<p>&nbsp;<\/p>","protected":false},"excerpt":{"rendered":"<p>To provide a paint line that helps control coating costs, the PRIMA single arm reciprocating spray machine allows you to control the amount of wet film you disperse per meter. Additionally, its ventilation system can be pressurized or non-pressurized depending on the application and existing environment. There [\u2026]<\/p>","protected":false},"author":3,"featured_media":80855,"comment_status":"open","ping_status":"closed","template":"","meta":[],"product_cat":[1614,1917],"product_tag":[],"acf":[],"yoast_head":"<!-- This site is optimized with the Yoast SEO plugin v16.8 - https:\/\/yoast.com\/wordpress\/plugins\/seo\/ -->\n<title>C\u00e9fla Prima 2022 - Machineries BST<\/title>\n<meta name=\"robots\" content=\"index, follow, max-snippet:-1, max-image-preview:large, max-video-preview:-1\" \/>\n<link rel=\"canonical\" href=\"https:\/\/machineriesbst.com\/en\/catalogue\/80848\/\" \/>\n<meta property=\"og:locale\" content=\"en_US\" \/>\n<meta property=\"og:type\" content=\"article\" \/>\n<meta property=\"og:title\" content=\"C\u00e9fla Prima 2022 - Machineries BST\" \/>\n<meta property=\"og:description\" content=\"Pour fournir une ligne de peinture qui aide \u00e0 contr\u00f4ler les co\u00fbts de rev\u00eatement, la machine de pulv\u00e9risation alternative \u00e0 un bras PRIMA vous permet de contr\u00f4ler la quantit\u00e9 de films humides que vous dispersez par m\u00e8tre. De plus, son syst\u00e8me de ventilation peut \u00eatre pressuris\u00e9 ou non pressuris\u00e9 selon l\u2019application et l\u2019environnement existant. La [&hellip;]\" \/>\n<meta property=\"og:url\" content=\"https:\/\/machineriesbst.com\/en\/catalogue\/80848\/\" \/>\n<meta property=\"og:site_name\" content=\"Machineries BST\" \/>\n<meta property=\"article:modified_time\" content=\"2024-04-02T18:33:28+00:00\" \/>\n<meta property=\"og:image\" content=\"https:\/\/machineriesbst.com\/wp-content\/uploads\/2024\/04\/20240318_110253.jpg\" \/>\n\t<meta property=\"og:image:width\" content=\"576\" \/>\n\t<meta property=\"og:image:height\" content=\"768\" \/>\n<meta name=\"twitter:card\" content=\"summary_large_image\" \/>\n<meta name=\"twitter:label1\" content=\"Est. reading time\" \/>\n\t<meta name=\"twitter:data1\" content=\"1 minute\" \/>\n<script type=\"application\/ld+json\" class=\"yoast-schema-graph\">{\"@context\":\"https:\/\/schema.org\",\"@graph\":[{\"@type\":\"WebSite\",\"@id\":\"https:\/\/machineriesbst.com\/en\/#website\",\"url\":\"https:\/\/machineriesbst.com\/en\/\",\"name\":\"Machineries BST\",\"description\":\"Machines neuves &amp; usag\\u00e9es\",\"potentialAction\":[{\"@type\":\"SearchAction\",\"target\":{\"@type\":\"EntryPoint\",\"urlTemplate\":\"https:\/\/machineriesbst.com\/en\/?s={search_term_string}\"},\"query-input\":\"required name=search_term_string\"}],\"inLanguage\":\"en-US\"},{\"@type\":\"ImageObject\",\"@id\":\"https:\/\/machineriesbst.com\/en\/catalogue\/80848\/#primaryimage\",\"inLanguage\":\"en-US\",\"url\":\"https:\/\/machineriesbst.com\/wp-content\/uploads\/2024\/04\/20240318_110253.jpg\",\"contentUrl\":\"https:\/\/machineriesbst.com\/wp-content\/uploads\/2024\/04\/20240318_110253.jpg\",\"width\":576,\"height\":768},{\"@type\":\"WebPage\",\"@id\":\"https:\/\/machineriesbst.com\/en\/catalogue\/80848\/#webpage\",\"url\":\"https:\/\/machineriesbst.com\/en\/catalogue\/80848\/\",\"name\":\"C\\u00e9fla Prima 2022 - Machineries BST\",\"isPartOf\":{\"@id\":\"https:\/\/machineriesbst.com\/en\/#website\"},\"primaryImageOfPage\":{\"@id\":\"https:\/\/machineriesbst.com\/en\/catalogue\/80848\/#primaryimage\"},\"datePublished\":\"2024-04-02T18:30:01+00:00\",\"dateModified\":\"2024-04-02T18:33:28+00:00\",\"breadcrumb\":{\"@id\":\"https:\/\/machineriesbst.com\/en\/catalogue\/80848\/#breadcrumb\"},\"inLanguage\":\"en-US\",\"potentialAction\":[{\"@type\":\"ReadAction\",\"target\":[\"https:\/\/machineriesbst.com\/en\/catalogue\/80848\/\"]}]},{\"@type\":\"BreadcrumbList\",\"@id\":\"https:\/\/machineriesbst.com\/en\/catalogue\/80848\/#breadcrumb\",\"itemListElement\":[{\"@type\":\"ListItem\",\"position\":1,\"name\":\"Accueil\",\"item\":\"https:\/\/machineriesbst.com\/en\/\"},{\"@type\":\"ListItem\",\"position\":2,\"name\":\"Catalogue\",\"item\":\"https:\/\/machineriesbst.com\/en\/catalog\/\"},{\"@type\":\"ListItem\",\"position\":3,\"name\":\"C\\u00e9fla Prima 2022\"}]}]}<\/script>\n<!-- \/ Yoast SEO plugin. -->","yoast_head_json":{"title":"C\u00e9fla Prima 2022 - Machineries BST","robots":{"index":"index","follow":"follow","max-snippet":"max-snippet:-1","max-image-preview":"max-image-preview:large","max-video-preview":"max-video-preview:-1"},"canonical":"https:\/\/machineriesbst.com\/en\/catalogue\/80848\/","og_locale":"en_US","og_type":"article","og_title":"C\u00e9fla Prima 2022 - Machineries BST","og_description":"Pour fournir une ligne de peinture qui aide \u00e0 contr\u00f4ler les co\u00fbts de rev\u00eatement, la machine de pulv\u00e9risation alternative \u00e0 un bras PRIMA vous permet de contr\u00f4ler la quantit\u00e9 de films humides que vous dispersez par m\u00e8tre. De plus, son syst\u00e8me de ventilation peut \u00eatre pressuris\u00e9 ou non pressuris\u00e9 selon l\u2019application et l\u2019environnement existant. La [&hellip;]","og_url":"https:\/\/machineriesbst.com\/en\/catalogue\/80848\/","og_site_name":"Machineries BST","article_modified_time":"2024-04-02T18:33:28+00:00","og_image":[{"width":576,"height":768,"url":"https:\/\/machineriesbst.com\/wp-content\/uploads\/2024\/04\/20240318_110253.jpg","path":"\/home\/jepeto\/public_html\/wp-content\/uploads\/2024\/04\/20240318_110253.jpg","size":"full","id":80855,"alt":"","pixels":442368,"type":"image\/jpeg"}],"twitter_card":"summary_large_image","twitter_misc":{"Est. reading time":"1 minute"},"schema":{"@context":"https:\/\/schema.org","@graph":[{"@type":"WebSite","@id":"https:\/\/machineriesbst.com\/en\/#website","url":"https:\/\/machineriesbst.com\/en\/","name":"Machineries BST","description":"Machines neuves &amp; usag\u00e9es","potentialAction":[{"@type":"SearchAction","target":{"@type":"EntryPoint","urlTemplate":"https:\/\/machineriesbst.com\/en\/?s={search_term_string}"},"query-input":"required name=search_term_string"}],"inLanguage":"en-US"},{"@type":"ImageObject","@id":"https:\/\/machineriesbst.com\/en\/catalogue\/80848\/#primaryimage","inLanguage":"en-US","url":"https:\/\/machineriesbst.com\/wp-content\/uploads\/2024\/04\/20240318_110253.jpg","contentUrl":"https:\/\/machineriesbst.com\/wp-content\/uploads\/2024\/04\/20240318_110253.jpg","width":576,"height":768},{"@type":"WebPage","@id":"https:\/\/machineriesbst.com\/en\/catalogue\/80848\/#webpage","url":"https:\/\/machineriesbst.com\/en\/catalogue\/80848\/","name":"C\u00e9fla Prima 2022 - Machineries BST","isPartOf":{"@id":"https:\/\/machineriesbst.com\/en\/#website"},"primaryImageOfPage":{"@id":"https:\/\/machineriesbst.com\/en\/catalogue\/80848\/#primaryimage"},"datePublished":"2024-04-02T18:30:01+00:00","dateModified":"2024-04-02T18:33:28+00:00","breadcrumb":{"@id":"https:\/\/machineriesbst.com\/en\/catalogue\/80848\/#breadcrumb"},"inLanguage":"en-US","potentialAction":[{"@type":"ReadAction","target":["https:\/\/machineriesbst.com\/en\/catalogue\/80848\/"]}]},{"@type":"BreadcrumbList","@id":"https:\/\/machineriesbst.com\/en\/catalogue\/80848\/#breadcrumb","itemListElement":[{"@type":"ListItem","position":1,"name":"Accueil","item":"https:\/\/machineriesbst.com\/en\/"},{"@type":"ListItem","position":2,"name":"Catalogue","item":"https:\/\/machineriesbst.com\/en\/catalog\/"},{"@type":"ListItem","position":3,"name":"C\u00e9fla Prima 2022"}]}]}},"_links":{"self":[{"href":"https:\/\/machineriesbst.com\/en\/wp-json\/wp\/v2\/product\/80848"}],"collection":[{"href":"https:\/\/machineriesbst.com\/en\/wp-json\/wp\/v2\/product"}],"about":[{"href":"https:\/\/machineriesbst.com\/en\/wp-json\/wp\/v2\/types\/product"}],"author":[{"embeddable":true,"href":"https:\/\/machineriesbst.com\/en\/wp-json\/wp\/v2\/users\/3"}],"replies":[{"embeddable":true,"href":"https:\/\/machineriesbst.com\/en\/wp-json\/wp\/v2\/comments?post=80848"}],"wp:featuredmedia":[{"embeddable":true,"href":"https:\/\/machineriesbst.com\/en\/wp-json\/wp\/v2\/media\/80855"}],"wp:attachment":[{"href":"https:\/\/machineriesbst.com\/en\/wp-json\/wp\/v2\/media?parent=80848"}],"wp:term":[{"taxonomy":"product_cat","embeddable":true,"href":"https:\/\/machineriesbst.com\/en\/wp-json\/wp\/v2\/product_cat?post=80848"},{"taxonomy":"product_tag","embeddable":true,"href":"https:\/\/machineriesbst.com\/en\/wp-json\/wp\/v2\/product_tag?post=80848"}],"curies":[{"name":"wp","href":"https:\/\/api.w.org\/{rel}","templated":true}]}}