{"id":80816,"date":"2024-04-02T14:19:57","date_gmt":"2024-04-02T18:19:57","guid":{"rendered":"https:\/\/machineriesbst.com\/?post_type=product&#038;p=80816"},"modified":"2025-02-11T15:35:12","modified_gmt":"2025-02-11T20:35:12","slug":"cnc-cms-kosmos-5-axes-saw","status":"publish","type":"product","link":"https:\/\/machineriesbst.com\/en\/catalogue\/cnc-cms-kosmos-5-axes-saw\/","title":{"rendered":"CNC CMS Kosmos 5 Axis Saw"},"content":{"rendered":"<div class=\"container pb-5 pt-2\">\n<div class=\"gx-lg-5 gy-4 mb-5 row\">\n<div class=\"col-md-7\">\n<div id=\"accordionFlushExample\" class=\"accordion accordion-flush border-bottom border-top mt-5 wc-tabs-wrapper woocommerce-tabs\">\n<div class=\"accordion-item\">\n<div id=\"tab-description\" class=\"accordion-collapse collapse show\" role=\"tabpanel\" aria-labelledby=\"tab-title-description\" data-bs-parent=\"#accordionFlushExample\">\n<div class=\"accordion-body\">\n<div>\n<h5><strong>Video Available<\/strong><\/h5>\n<p>CMS Brembana presents a new 5-axis bridge saw entirely managed by numerical control.<\/p>\n<p>Compact and easy to install, it can be quickly moved without the need for a base.<\/p>\n<p><span class=\"VIpgJd-yAWNEb-VIpgJd-fmcmS-sn54Q\">Featuring an abrasive waterjet cutting head combined with a diamond blade.<\/span><\/p>\n<p><span class=\"VIpgJd-yAWNEb-VIpgJd-fmcmS-sn54Q\">it automates the cutting of natural stone and composite slabs, especially for complex cuts and internal angles.<\/span><\/p>\n<p>Designed for users cutting natural stone, composite and ceramic slabs, its 16,000 pound weight ensures rigidity for precise production:<\/p>\n<p>Useful for kitchen counters, vanity tops, wall panels, door thresholds, window sills and street furniture.<\/p>\n<p>Blade diameter 350 \u00f7 625 mm \/ 14 \u00f7 25 in<br \/>\nMaximum working thickness (90\u00b0 saw unit) 200 mm \/ 8 in<br \/>\nElectrospindle 14.3 kW \/ 19.5 HP<br \/>\nElectrospindle revolution 0\u00f75000 rpm<br \/>\nHead revolution (C axis) \u00b1 180\u00b0 (360\u00b0)<br \/>\nHead tilt (A axis) 0\u00b0 \u2013 90\u00b0<br \/>\nX-axis travel and speed 3960 mm \/ 156 in \u2013 30 m\/min<br \/>\nY-axis travel and speed 2450 mm \/ 97 in \u2013 25 m\/min<br \/>\nZ-axis travel and speed 400 mm \/ 16 in \u2013 7.5 m\/min<br \/>\nWorkbench dimensions 3600\u00d72500 mm \/ 142\u00d799 in<br \/>\nMinimum space required for installation 6400*x4110x3020 mm \/ 252x162x119 in<br \/>\nTotal machine weight Up to 5,100 kg \/ 11,300 lb.<\/p>\n<\/div>\n<\/div>\n<\/div>\n<\/div>\n<\/div>\n<\/div>\n<\/div>\n<\/div>\n<section class=\"bg-light pb-5 pg-lib-item pt-5\">\n<div class=\"container pb-5 pt-5\">\n<div class=\"align-items-center gy-4 row\">\n<div class=\"col\"><\/div>\n<\/div>\n<\/div>\n<\/section>","protected":false},"excerpt":{"rendered":"<p>Video Available CMS Brembana presents a new 5-axis bridge saw entirely managed by numerical control. Compact and easy to install, it can be quickly moved without the need for a base. Featuring an abrasive waterjet cutting head combined with a diamond blade. it automates the cutting of natural stone [\u2026]<\/p>","protected":false},"author":3,"featured_media":80832,"comment_status":"open","ping_status":"closed","template":"","meta":[],"product_cat":[221,214],"product_tag":[],"acf":[],"yoast_head":"<!-- This site is optimized with the Yoast SEO plugin v16.8 - https:\/\/yoast.com\/wordpress\/plugins\/seo\/ -->\n<title>CNC CMS Kosmos 5 Axes Saw - Machineries BST<\/title>\n<meta name=\"robots\" content=\"index, follow, max-snippet:-1, max-image-preview:large, max-video-preview:-1\" \/>\n<link rel=\"canonical\" href=\"https:\/\/machineriesbst.com\/en\/catalogue\/cnc-cms-kosmos-5-axes-saw\/\" \/>\n<meta property=\"og:locale\" content=\"en_US\" \/>\n<meta property=\"og:type\" content=\"article\" \/>\n<meta property=\"og:title\" content=\"CNC CMS Kosmos 5 Axes Saw - Machineries BST\" \/>\n<meta property=\"og:description\" content=\"Vid\u00e9o Disponible CMS Brembana pr\u00e9sente une nouvelle scie \u00e0 pont \u00e0 5 axes enti\u00e8rement g\u00e9r\u00e9e par commande num\u00e9rique. Compact et facile \u00e0 installer, il peut \u00eatre rapidement d\u00e9plac\u00e9 sans avoir besoin de socle. Dot\u00e9 d\u2019une t\u00eate de d\u00e9coupe au jet d\u2019eau abrasive associ\u00e9e \u00e0 une lame diamant\u00e9e. il automatise la d\u00e9coupe de la pierre naturelle [&hellip;]\" \/>\n<meta property=\"og:url\" content=\"https:\/\/machineriesbst.com\/en\/catalogue\/cnc-cms-kosmos-5-axes-saw\/\" \/>\n<meta property=\"og:site_name\" content=\"Machineries BST\" \/>\n<meta property=\"article:modified_time\" content=\"2025-02-11T20:35:12+00:00\" \/>\n<meta property=\"og:image\" content=\"https:\/\/machineriesbst.com\/wp-content\/uploads\/2024\/04\/20240327_114859-Medium-1.jpg\" \/>\n\t<meta property=\"og:image:width\" content=\"1024\" \/>\n\t<meta property=\"og:image:height\" content=\"576\" \/>\n<meta name=\"twitter:card\" content=\"summary_large_image\" \/>\n<meta name=\"twitter:label1\" content=\"Est. reading time\" \/>\n\t<meta name=\"twitter:data1\" content=\"1 minute\" \/>\n<script type=\"application\/ld+json\" class=\"yoast-schema-graph\">{\"@context\":\"https:\/\/schema.org\",\"@graph\":[{\"@type\":\"WebSite\",\"@id\":\"https:\/\/machineriesbst.com\/en\/#website\",\"url\":\"https:\/\/machineriesbst.com\/en\/\",\"name\":\"Machineries BST\",\"description\":\"Machines neuves &amp; usag\\u00e9es\",\"potentialAction\":[{\"@type\":\"SearchAction\",\"target\":{\"@type\":\"EntryPoint\",\"urlTemplate\":\"https:\/\/machineriesbst.com\/en\/?s={search_term_string}\"},\"query-input\":\"required name=search_term_string\"}],\"inLanguage\":\"en-US\"},{\"@type\":\"ImageObject\",\"@id\":\"https:\/\/machineriesbst.com\/en\/catalogue\/cnc-cms-kosmos-5-axes-saw\/#primaryimage\",\"inLanguage\":\"en-US\",\"url\":\"https:\/\/machineriesbst.com\/wp-content\/uploads\/2024\/04\/20240327_114859-Medium-1.jpg\",\"contentUrl\":\"https:\/\/machineriesbst.com\/wp-content\/uploads\/2024\/04\/20240327_114859-Medium-1.jpg\",\"width\":1024,\"height\":576},{\"@type\":\"WebPage\",\"@id\":\"https:\/\/machineriesbst.com\/en\/catalogue\/cnc-cms-kosmos-5-axes-saw\/#webpage\",\"url\":\"https:\/\/machineriesbst.com\/en\/catalogue\/cnc-cms-kosmos-5-axes-saw\/\",\"name\":\"CNC CMS Kosmos 5 Axes Saw - Machineries BST\",\"isPartOf\":{\"@id\":\"https:\/\/machineriesbst.com\/en\/#website\"},\"primaryImageOfPage\":{\"@id\":\"https:\/\/machineriesbst.com\/en\/catalogue\/cnc-cms-kosmos-5-axes-saw\/#primaryimage\"},\"datePublished\":\"2024-04-02T18:19:57+00:00\",\"dateModified\":\"2025-02-11T20:35:12+00:00\",\"breadcrumb\":{\"@id\":\"https:\/\/machineriesbst.com\/en\/catalogue\/cnc-cms-kosmos-5-axes-saw\/#breadcrumb\"},\"inLanguage\":\"en-US\",\"potentialAction\":[{\"@type\":\"ReadAction\",\"target\":[\"https:\/\/machineriesbst.com\/en\/catalogue\/cnc-cms-kosmos-5-axes-saw\/\"]}]},{\"@type\":\"BreadcrumbList\",\"@id\":\"https:\/\/machineriesbst.com\/en\/catalogue\/cnc-cms-kosmos-5-axes-saw\/#breadcrumb\",\"itemListElement\":[{\"@type\":\"ListItem\",\"position\":1,\"name\":\"Accueil\",\"item\":\"https:\/\/machineriesbst.com\/en\/\"},{\"@type\":\"ListItem\",\"position\":2,\"name\":\"Catalogue\",\"item\":\"https:\/\/machineriesbst.com\/en\/catalog\/\"},{\"@type\":\"ListItem\",\"position\":3,\"name\":\"CNC CMS Kosmos 5 Axes Saw\"}]}]}<\/script>\n<!-- \/ Yoast SEO plugin. -->","yoast_head_json":{"title":"CNC CMS Kosmos 5 Axes Saw - Machineries BST","robots":{"index":"index","follow":"follow","max-snippet":"max-snippet:-1","max-image-preview":"max-image-preview:large","max-video-preview":"max-video-preview:-1"},"canonical":"https:\/\/machineriesbst.com\/en\/catalogue\/cnc-cms-kosmos-5-axes-saw\/","og_locale":"en_US","og_type":"article","og_title":"CNC CMS Kosmos 5 Axes Saw - Machineries BST","og_description":"Vid\u00e9o Disponible CMS Brembana pr\u00e9sente une nouvelle scie \u00e0 pont \u00e0 5 axes enti\u00e8rement g\u00e9r\u00e9e par commande num\u00e9rique. Compact et facile \u00e0 installer, il peut \u00eatre rapidement d\u00e9plac\u00e9 sans avoir besoin de socle. Dot\u00e9 d\u2019une t\u00eate de d\u00e9coupe au jet d\u2019eau abrasive associ\u00e9e \u00e0 une lame diamant\u00e9e. il automatise la d\u00e9coupe de la pierre naturelle [&hellip;]","og_url":"https:\/\/machineriesbst.com\/en\/catalogue\/cnc-cms-kosmos-5-axes-saw\/","og_site_name":"Machineries BST","article_modified_time":"2025-02-11T20:35:12+00:00","og_image":[{"width":1024,"height":576,"url":"https:\/\/machineriesbst.com\/wp-content\/uploads\/2024\/04\/20240327_114859-Medium-1.jpg","path":"\/home\/jepeto\/public_html\/wp-content\/uploads\/2024\/04\/20240327_114859-Medium-1.jpg","size":"full","id":80832,"alt":"","pixels":589824,"type":"image\/jpeg"}],"twitter_card":"summary_large_image","twitter_misc":{"Est. reading time":"1 minute"},"schema":{"@context":"https:\/\/schema.org","@graph":[{"@type":"WebSite","@id":"https:\/\/machineriesbst.com\/en\/#website","url":"https:\/\/machineriesbst.com\/en\/","name":"Machineries BST","description":"Machines neuves &amp; usag\u00e9es","potentialAction":[{"@type":"SearchAction","target":{"@type":"EntryPoint","urlTemplate":"https:\/\/machineriesbst.com\/en\/?s={search_term_string}"},"query-input":"required name=search_term_string"}],"inLanguage":"en-US"},{"@type":"ImageObject","@id":"https:\/\/machineriesbst.com\/en\/catalogue\/cnc-cms-kosmos-5-axes-saw\/#primaryimage","inLanguage":"en-US","url":"https:\/\/machineriesbst.com\/wp-content\/uploads\/2024\/04\/20240327_114859-Medium-1.jpg","contentUrl":"https:\/\/machineriesbst.com\/wp-content\/uploads\/2024\/04\/20240327_114859-Medium-1.jpg","width":1024,"height":576},{"@type":"WebPage","@id":"https:\/\/machineriesbst.com\/en\/catalogue\/cnc-cms-kosmos-5-axes-saw\/#webpage","url":"https:\/\/machineriesbst.com\/en\/catalogue\/cnc-cms-kosmos-5-axes-saw\/","name":"CNC CMS Kosmos 5 Axes Saw - Machineries BST","isPartOf":{"@id":"https:\/\/machineriesbst.com\/en\/#website"},"primaryImageOfPage":{"@id":"https:\/\/machineriesbst.com\/en\/catalogue\/cnc-cms-kosmos-5-axes-saw\/#primaryimage"},"datePublished":"2024-04-02T18:19:57+00:00","dateModified":"2025-02-11T20:35:12+00:00","breadcrumb":{"@id":"https:\/\/machineriesbst.com\/en\/catalogue\/cnc-cms-kosmos-5-axes-saw\/#breadcrumb"},"inLanguage":"en-US","potentialAction":[{"@type":"ReadAction","target":["https:\/\/machineriesbst.com\/en\/catalogue\/cnc-cms-kosmos-5-axes-saw\/"]}]},{"@type":"BreadcrumbList","@id":"https:\/\/machineriesbst.com\/en\/catalogue\/cnc-cms-kosmos-5-axes-saw\/#breadcrumb","itemListElement":[{"@type":"ListItem","position":1,"name":"Accueil","item":"https:\/\/machineriesbst.com\/en\/"},{"@type":"ListItem","position":2,"name":"Catalogue","item":"https:\/\/machineriesbst.com\/en\/catalog\/"},{"@type":"ListItem","position":3,"name":"CNC CMS Kosmos 5 Axes Saw"}]}]}},"_links":{"self":[{"href":"https:\/\/machineriesbst.com\/en\/wp-json\/wp\/v2\/product\/80816"}],"collection":[{"href":"https:\/\/machineriesbst.com\/en\/wp-json\/wp\/v2\/product"}],"about":[{"href":"https:\/\/machineriesbst.com\/en\/wp-json\/wp\/v2\/types\/product"}],"author":[{"embeddable":true,"href":"https:\/\/machineriesbst.com\/en\/wp-json\/wp\/v2\/users\/3"}],"replies":[{"embeddable":true,"href":"https:\/\/machineriesbst.com\/en\/wp-json\/wp\/v2\/comments?post=80816"}],"wp:featuredmedia":[{"embeddable":true,"href":"https:\/\/machineriesbst.com\/en\/wp-json\/wp\/v2\/media\/80832"}],"wp:attachment":[{"href":"https:\/\/machineriesbst.com\/en\/wp-json\/wp\/v2\/media?parent=80816"}],"wp:term":[{"taxonomy":"product_cat","embeddable":true,"href":"https:\/\/machineriesbst.com\/en\/wp-json\/wp\/v2\/product_cat?post=80816"},{"taxonomy":"product_tag","embeddable":true,"href":"https:\/\/machineriesbst.com\/en\/wp-json\/wp\/v2\/product_tag?post=80816"}],"curies":[{"name":"wp","href":"https:\/\/api.w.org\/{rel}","templated":true}]}}