{"id":80776,"date":"2024-03-28T09:23:43","date_gmt":"2024-03-28T13:23:43","guid":{"rendered":"https:\/\/machineriesbst.com\/?post_type=product&#038;p=80776"},"modified":"2025-03-03T15:26:30","modified_gmt":"2025-03-03T20:26:30","slug":"perceuse-insereuse-a-gougeon-biesse","status":"publish","type":"product","link":"https:\/\/machineriesbst.com\/en\/catalogue\/perceuse-insereuse-a-gougeon-biesse\/","title":{"rendered":"Biesse Gougeon Drill Inserter"},"content":{"rendered":"<p>Elix is the hole drilling machine designed to insert dowels with great precision. This machine is ideal for multi-purpose drilling operations or combined drilling and inserting tasks in the production of kitchens, furniture, drawers and small components.<\/p>\n<p>Maximum length of parts 51\u2033 (1300 MM)<br \/>\nMin. Length of parts 4.7\u2033 (40 MM)<br \/>\nParts thickness 0.4\u2033 to 1.5\u2033 (10-40 MM)<br \/>\n2 work areas<br \/>\n4 deductions<br \/>\nCNC controller<\/p>\n<p>https:\/\/www.biesse.com\/downloads\/14508\/591\/LYQK050423_Bs_Cat_Elix_mag23_FRA_Lr.pdf<\/p>\n<p>&nbsp;<\/p>","protected":false},"excerpt":{"rendered":"<p>Elix is the hole drilling machine designed to insert dowels with great precision. This machine is ideal for multi-purpose drilling operations or combined drilling and inserting tasks in the production of kitchens, furniture, drawers and small components. Maximum length of parts 51\u2033 (1300 MM) [\u2026]<\/p>","protected":false},"author":3,"featured_media":80777,"comment_status":"open","ping_status":"closed","template":"","meta":[],"product_cat":[86],"product_tag":[],"acf":[],"yoast_head":"<!-- This site is optimized with the Yoast SEO plugin v16.8 - https:\/\/yoast.com\/wordpress\/plugins\/seo\/ -->\n<title>Perceuse Ins\u00e9reuse \u00e0 Gougeon Biesse - Machineries BST<\/title>\n<meta name=\"robots\" content=\"index, follow, max-snippet:-1, max-image-preview:large, max-video-preview:-1\" \/>\n<link rel=\"canonical\" href=\"https:\/\/machineriesbst.com\/en\/catalogue\/perceuse-insereuse-a-gougeon-biesse\/\" \/>\n<meta property=\"og:locale\" content=\"en_US\" \/>\n<meta property=\"og:type\" content=\"article\" \/>\n<meta property=\"og:title\" content=\"Perceuse Ins\u00e9reuse \u00e0 Gougeon Biesse - Machineries BST\" \/>\n<meta property=\"og:description\" content=\"Elix est la machine \u00e0 percer des trous et con\u00e7ue pour ins\u00e9rer les\u00a0 goujons de grande pr\u00e9cision. Cette machine est id\u00e9ale pour les op\u00e9rations de per\u00e7age polyvalentes ou les t\u00e2ches combin\u00e9es de per\u00e7age et d\u2019insertion dans la production de cuisines, de meubles, de tiroirs et de petits composants. Longueur maximale des pi\u00e8ces 51\u2033 (1300 MM) [&hellip;]\" \/>\n<meta property=\"og:url\" content=\"https:\/\/machineriesbst.com\/en\/catalogue\/perceuse-insereuse-a-gougeon-biesse\/\" \/>\n<meta property=\"og:site_name\" content=\"Machineries BST\" \/>\n<meta property=\"article:modified_time\" content=\"2025-03-03T20:26:30+00:00\" \/>\n<meta property=\"og:image\" content=\"https:\/\/machineriesbst.com\/wp-content\/uploads\/2024\/03\/20240318_104113-1.jpg\" \/>\n\t<meta property=\"og:image:width\" content=\"1024\" \/>\n\t<meta property=\"og:image:height\" content=\"768\" \/>\n<meta name=\"twitter:card\" content=\"summary_large_image\" \/>\n<script type=\"application\/ld+json\" class=\"yoast-schema-graph\">{\"@context\":\"https:\/\/schema.org\",\"@graph\":[{\"@type\":\"WebSite\",\"@id\":\"https:\/\/machineriesbst.com\/en\/#website\",\"url\":\"https:\/\/machineriesbst.com\/en\/\",\"name\":\"Machineries BST\",\"description\":\"Machines neuves &amp; usag\\u00e9es\",\"potentialAction\":[{\"@type\":\"SearchAction\",\"target\":{\"@type\":\"EntryPoint\",\"urlTemplate\":\"https:\/\/machineriesbst.com\/en\/?s={search_term_string}\"},\"query-input\":\"required name=search_term_string\"}],\"inLanguage\":\"en-US\"},{\"@type\":\"ImageObject\",\"@id\":\"https:\/\/machineriesbst.com\/catalogue\/perceuse-insereuse-a-gougeon-biesse\/#primaryimage\",\"inLanguage\":\"en-US\",\"url\":\"https:\/\/machineriesbst.com\/wp-content\/uploads\/2024\/03\/20240318_104113-1.jpg\",\"contentUrl\":\"https:\/\/machineriesbst.com\/wp-content\/uploads\/2024\/03\/20240318_104113-1.jpg\",\"width\":1024,\"height\":768},{\"@type\":\"WebPage\",\"@id\":\"https:\/\/machineriesbst.com\/catalogue\/perceuse-insereuse-a-gougeon-biesse\/#webpage\",\"url\":\"https:\/\/machineriesbst.com\/catalogue\/perceuse-insereuse-a-gougeon-biesse\/\",\"name\":\"Perceuse Ins\\u00e9reuse \\u00e0 Gougeon Biesse - Machineries BST\",\"isPartOf\":{\"@id\":\"https:\/\/machineriesbst.com\/en\/#website\"},\"primaryImageOfPage\":{\"@id\":\"https:\/\/machineriesbst.com\/catalogue\/perceuse-insereuse-a-gougeon-biesse\/#primaryimage\"},\"datePublished\":\"2024-03-28T13:23:43+00:00\",\"dateModified\":\"2025-03-03T20:26:30+00:00\",\"breadcrumb\":{\"@id\":\"https:\/\/machineriesbst.com\/catalogue\/perceuse-insereuse-a-gougeon-biesse\/#breadcrumb\"},\"inLanguage\":\"en-US\",\"potentialAction\":[{\"@type\":\"ReadAction\",\"target\":[\"https:\/\/machineriesbst.com\/catalogue\/perceuse-insereuse-a-gougeon-biesse\/\"]}]},{\"@type\":\"BreadcrumbList\",\"@id\":\"https:\/\/machineriesbst.com\/catalogue\/perceuse-insereuse-a-gougeon-biesse\/#breadcrumb\",\"itemListElement\":[{\"@type\":\"ListItem\",\"position\":1,\"name\":\"Accueil\",\"item\":\"https:\/\/machineriesbst.com\/en\/\"},{\"@type\":\"ListItem\",\"position\":2,\"name\":\"Catalogue\",\"item\":\"https:\/\/machineriesbst.com\/en\/catalog\/\"},{\"@type\":\"ListItem\",\"position\":3,\"name\":\"Perceuse Ins\\u00e9reuse \\u00e0 Gougeon Biesse\"}]}]}<\/script>\n<!-- \/ Yoast SEO plugin. -->","yoast_head_json":{"title":"Perceuse Ins\u00e9reuse \u00e0 Gougeon Biesse - Machineries BST","robots":{"index":"index","follow":"follow","max-snippet":"max-snippet:-1","max-image-preview":"max-image-preview:large","max-video-preview":"max-video-preview:-1"},"canonical":"https:\/\/machineriesbst.com\/en\/catalogue\/perceuse-insereuse-a-gougeon-biesse\/","og_locale":"en_US","og_type":"article","og_title":"Perceuse Ins\u00e9reuse \u00e0 Gougeon Biesse - Machineries BST","og_description":"Elix est la machine \u00e0 percer des trous et con\u00e7ue pour ins\u00e9rer les\u00a0 goujons de grande pr\u00e9cision. Cette machine est id\u00e9ale pour les op\u00e9rations de per\u00e7age polyvalentes ou les t\u00e2ches combin\u00e9es de per\u00e7age et d\u2019insertion dans la production de cuisines, de meubles, de tiroirs et de petits composants. Longueur maximale des pi\u00e8ces 51\u2033 (1300 MM) [&hellip;]","og_url":"https:\/\/machineriesbst.com\/en\/catalogue\/perceuse-insereuse-a-gougeon-biesse\/","og_site_name":"Machineries BST","article_modified_time":"2025-03-03T20:26:30+00:00","og_image":[{"width":1024,"height":768,"url":"https:\/\/machineriesbst.com\/wp-content\/uploads\/2024\/03\/20240318_104113-1.jpg","path":"\/home\/jepeto\/public_html\/wp-content\/uploads\/2024\/03\/20240318_104113-1.jpg","size":"full","id":80777,"alt":"","pixels":786432,"type":"image\/jpeg"}],"twitter_card":"summary_large_image","schema":{"@context":"https:\/\/schema.org","@graph":[{"@type":"WebSite","@id":"https:\/\/machineriesbst.com\/en\/#website","url":"https:\/\/machineriesbst.com\/en\/","name":"Machineries BST","description":"Machines neuves &amp; usag\u00e9es","potentialAction":[{"@type":"SearchAction","target":{"@type":"EntryPoint","urlTemplate":"https:\/\/machineriesbst.com\/en\/?s={search_term_string}"},"query-input":"required name=search_term_string"}],"inLanguage":"en-US"},{"@type":"ImageObject","@id":"https:\/\/machineriesbst.com\/catalogue\/perceuse-insereuse-a-gougeon-biesse\/#primaryimage","inLanguage":"en-US","url":"https:\/\/machineriesbst.com\/wp-content\/uploads\/2024\/03\/20240318_104113-1.jpg","contentUrl":"https:\/\/machineriesbst.com\/wp-content\/uploads\/2024\/03\/20240318_104113-1.jpg","width":1024,"height":768},{"@type":"WebPage","@id":"https:\/\/machineriesbst.com\/catalogue\/perceuse-insereuse-a-gougeon-biesse\/#webpage","url":"https:\/\/machineriesbst.com\/catalogue\/perceuse-insereuse-a-gougeon-biesse\/","name":"Perceuse Ins\u00e9reuse \u00e0 Gougeon Biesse - Machineries BST","isPartOf":{"@id":"https:\/\/machineriesbst.com\/en\/#website"},"primaryImageOfPage":{"@id":"https:\/\/machineriesbst.com\/catalogue\/perceuse-insereuse-a-gougeon-biesse\/#primaryimage"},"datePublished":"2024-03-28T13:23:43+00:00","dateModified":"2025-03-03T20:26:30+00:00","breadcrumb":{"@id":"https:\/\/machineriesbst.com\/catalogue\/perceuse-insereuse-a-gougeon-biesse\/#breadcrumb"},"inLanguage":"en-US","potentialAction":[{"@type":"ReadAction","target":["https:\/\/machineriesbst.com\/catalogue\/perceuse-insereuse-a-gougeon-biesse\/"]}]},{"@type":"BreadcrumbList","@id":"https:\/\/machineriesbst.com\/catalogue\/perceuse-insereuse-a-gougeon-biesse\/#breadcrumb","itemListElement":[{"@type":"ListItem","position":1,"name":"Accueil","item":"https:\/\/machineriesbst.com\/en\/"},{"@type":"ListItem","position":2,"name":"Catalogue","item":"https:\/\/machineriesbst.com\/en\/catalog\/"},{"@type":"ListItem","position":3,"name":"Perceuse Ins\u00e9reuse \u00e0 Gougeon Biesse"}]}]}},"_links":{"self":[{"href":"https:\/\/machineriesbst.com\/en\/wp-json\/wp\/v2\/product\/80776"}],"collection":[{"href":"https:\/\/machineriesbst.com\/en\/wp-json\/wp\/v2\/product"}],"about":[{"href":"https:\/\/machineriesbst.com\/en\/wp-json\/wp\/v2\/types\/product"}],"author":[{"embeddable":true,"href":"https:\/\/machineriesbst.com\/en\/wp-json\/wp\/v2\/users\/3"}],"replies":[{"embeddable":true,"href":"https:\/\/machineriesbst.com\/en\/wp-json\/wp\/v2\/comments?post=80776"}],"wp:featuredmedia":[{"embeddable":true,"href":"https:\/\/machineriesbst.com\/en\/wp-json\/wp\/v2\/media\/80777"}],"wp:attachment":[{"href":"https:\/\/machineriesbst.com\/en\/wp-json\/wp\/v2\/media?parent=80776"}],"wp:term":[{"taxonomy":"product_cat","embeddable":true,"href":"https:\/\/machineriesbst.com\/en\/wp-json\/wp\/v2\/product_cat?post=80776"},{"taxonomy":"product_tag","embeddable":true,"href":"https:\/\/machineriesbst.com\/en\/wp-json\/wp\/v2\/product_tag?post=80776"}],"curies":[{"name":"wp","href":"https:\/\/api.w.org\/{rel}","templated":true}]}}