{"id":80726,"date":"2024-01-31T12:50:32","date_gmt":"2024-01-31T17:50:32","guid":{"rendered":"https:\/\/machineriesbst.com\/?post_type=product&#038;p=80726"},"modified":"2024-01-31T15:07:48","modified_gmt":"2024-01-31T20:07:48","slug":"ligne-de-delignage-de-48-pouces","status":"publish","type":"product","link":"https:\/\/machineriesbst.com\/en\/catalogue\/ligne-de-delignage-de-48-pouces\/","title":{"rendered":"48 Inch Edging Line."},"content":{"rendered":"<p><strong>Complete edging line with a suction cup system at the entrance which feeds your products to an entrance conveyor which feeds the 48\u2033 edger. 22Kw motor for the 48\u2033 edger. 16\u2032<\/strong><\/p>\n<p><strong>Additional information on request.<\/strong><\/p>","protected":false},"excerpt":{"rendered":"<p>Complete edging line with a suction cup system at the entrance which feeds your products to an entrance conveyor which feeds the 48\u2033 edger. 22Kw motor for the 48\u2033 edger. 16\u2032<\/p>","protected":false},"author":3,"featured_media":80727,"comment_status":"open","ping_status":"closed","template":"","meta":[],"product_cat":[2018,3076,214],"product_tag":[],"acf":[],"yoast_head":"<!-- This site is optimized with the Yoast SEO plugin v16.8 - https:\/\/yoast.com\/wordpress\/plugins\/seo\/ -->\n<title>Ligne de D\u00e9lignage de 48 Pouces. - Machineries BST<\/title>\n<meta name=\"robots\" content=\"index, follow, max-snippet:-1, max-image-preview:large, max-video-preview:-1\" \/>\n<link rel=\"canonical\" href=\"https:\/\/machineriesbst.com\/en\/catalogue\/ligne-de-delignage-de-48-pouces\/\" \/>\n<meta property=\"og:locale\" content=\"en_US\" \/>\n<meta property=\"og:type\" content=\"article\" \/>\n<meta property=\"og:title\" content=\"Ligne de D\u00e9lignage de 48 Pouces. - Machineries BST\" \/>\n<meta property=\"og:description\" content=\"Ligne compl\u00e8te de d\u00e9lignage avec\u00a0 \u00e0 l\u2019entr\u00e9e un syst\u00e8me de\u00a0 ventouse qui alimente vos\u00a0 produits \u00e0 un convoyeur d\u2019entr\u00e9e qui alimente\u00a0 la d\u00e9ligneuse de 48\u2033. Moteur de 22Kw pour la d\u00e9ligneuse de 48\u2033. Convoyeur de sortie de 16\u2032 X 48\u2033\u00a0 de large qui alimente un convoyeur et un syst\u00e8me de rouleaux qui alimente\u00a0 l\u2019entr\u00e9e pour [&hellip;]\" \/>\n<meta property=\"og:url\" content=\"https:\/\/machineriesbst.com\/en\/catalogue\/ligne-de-delignage-de-48-pouces\/\" \/>\n<meta property=\"og:site_name\" content=\"Machineries BST\" \/>\n<meta property=\"article:modified_time\" content=\"2024-01-31T20:07:48+00:00\" \/>\n<meta property=\"og:image\" content=\"https:\/\/machineriesbst.com\/wp-content\/uploads\/2024\/01\/20231212_132252.jpg\" \/>\n\t<meta property=\"og:image:width\" content=\"1024\" \/>\n\t<meta property=\"og:image:height\" content=\"768\" \/>\n<meta name=\"twitter:card\" content=\"summary_large_image\" \/>\n<script type=\"application\/ld+json\" class=\"yoast-schema-graph\">{\"@context\":\"https:\/\/schema.org\",\"@graph\":[{\"@type\":\"WebSite\",\"@id\":\"https:\/\/machineriesbst.com\/en\/#website\",\"url\":\"https:\/\/machineriesbst.com\/en\/\",\"name\":\"Machineries BST\",\"description\":\"Machines neuves &amp; usag\\u00e9es\",\"potentialAction\":[{\"@type\":\"SearchAction\",\"target\":{\"@type\":\"EntryPoint\",\"urlTemplate\":\"https:\/\/machineriesbst.com\/en\/?s={search_term_string}\"},\"query-input\":\"required name=search_term_string\"}],\"inLanguage\":\"en-US\"},{\"@type\":\"ImageObject\",\"@id\":\"https:\/\/machineriesbst.com\/en\/catalogue\/ligne-de-delignage-de-48-pouces\/#primaryimage\",\"inLanguage\":\"en-US\",\"url\":\"https:\/\/machineriesbst.com\/wp-content\/uploads\/2024\/01\/20231212_132252.jpg\",\"contentUrl\":\"https:\/\/machineriesbst.com\/wp-content\/uploads\/2024\/01\/20231212_132252.jpg\",\"width\":1024,\"height\":768},{\"@type\":\"WebPage\",\"@id\":\"https:\/\/machineriesbst.com\/en\/catalogue\/ligne-de-delignage-de-48-pouces\/#webpage\",\"url\":\"https:\/\/machineriesbst.com\/en\/catalogue\/ligne-de-delignage-de-48-pouces\/\",\"name\":\"Ligne de D\\u00e9lignage de 48 Pouces. - Machineries BST\",\"isPartOf\":{\"@id\":\"https:\/\/machineriesbst.com\/en\/#website\"},\"primaryImageOfPage\":{\"@id\":\"https:\/\/machineriesbst.com\/en\/catalogue\/ligne-de-delignage-de-48-pouces\/#primaryimage\"},\"datePublished\":\"2024-01-31T17:50:32+00:00\",\"dateModified\":\"2024-01-31T20:07:48+00:00\",\"breadcrumb\":{\"@id\":\"https:\/\/machineriesbst.com\/en\/catalogue\/ligne-de-delignage-de-48-pouces\/#breadcrumb\"},\"inLanguage\":\"en-US\",\"potentialAction\":[{\"@type\":\"ReadAction\",\"target\":[\"https:\/\/machineriesbst.com\/en\/catalogue\/ligne-de-delignage-de-48-pouces\/\"]}]},{\"@type\":\"BreadcrumbList\",\"@id\":\"https:\/\/machineriesbst.com\/en\/catalogue\/ligne-de-delignage-de-48-pouces\/#breadcrumb\",\"itemListElement\":[{\"@type\":\"ListItem\",\"position\":1,\"name\":\"Accueil\",\"item\":\"https:\/\/machineriesbst.com\/en\/\"},{\"@type\":\"ListItem\",\"position\":2,\"name\":\"Catalogue\",\"item\":\"https:\/\/machineriesbst.com\/en\/catalog\/\"},{\"@type\":\"ListItem\",\"position\":3,\"name\":\"Ligne de D\\u00e9lignage de 48 Pouces.\"}]}]}<\/script>\n<!-- \/ Yoast SEO plugin. -->","yoast_head_json":{"title":"Ligne de D\u00e9lignage de 48 Pouces. - Machineries BST","robots":{"index":"index","follow":"follow","max-snippet":"max-snippet:-1","max-image-preview":"max-image-preview:large","max-video-preview":"max-video-preview:-1"},"canonical":"https:\/\/machineriesbst.com\/en\/catalogue\/ligne-de-delignage-de-48-pouces\/","og_locale":"en_US","og_type":"article","og_title":"Ligne de D\u00e9lignage de 48 Pouces. - Machineries BST","og_description":"Ligne compl\u00e8te de d\u00e9lignage avec\u00a0 \u00e0 l\u2019entr\u00e9e un syst\u00e8me de\u00a0 ventouse qui alimente vos\u00a0 produits \u00e0 un convoyeur d\u2019entr\u00e9e qui alimente\u00a0 la d\u00e9ligneuse de 48\u2033. Moteur de 22Kw pour la d\u00e9ligneuse de 48\u2033. Convoyeur de sortie de 16\u2032 X 48\u2033\u00a0 de large qui alimente un convoyeur et un syst\u00e8me de rouleaux qui alimente\u00a0 l\u2019entr\u00e9e pour [&hellip;]","og_url":"https:\/\/machineriesbst.com\/en\/catalogue\/ligne-de-delignage-de-48-pouces\/","og_site_name":"Machineries BST","article_modified_time":"2024-01-31T20:07:48+00:00","og_image":[{"width":1024,"height":768,"url":"https:\/\/machineriesbst.com\/wp-content\/uploads\/2024\/01\/20231212_132252.jpg","path":"\/home\/jepeto\/public_html\/wp-content\/uploads\/2024\/01\/20231212_132252.jpg","size":"full","id":80727,"alt":"","pixels":786432,"type":"image\/jpeg"}],"twitter_card":"summary_large_image","schema":{"@context":"https:\/\/schema.org","@graph":[{"@type":"WebSite","@id":"https:\/\/machineriesbst.com\/en\/#website","url":"https:\/\/machineriesbst.com\/en\/","name":"Machineries BST","description":"Machines neuves &amp; usag\u00e9es","potentialAction":[{"@type":"SearchAction","target":{"@type":"EntryPoint","urlTemplate":"https:\/\/machineriesbst.com\/en\/?s={search_term_string}"},"query-input":"required name=search_term_string"}],"inLanguage":"en-US"},{"@type":"ImageObject","@id":"https:\/\/machineriesbst.com\/en\/catalogue\/ligne-de-delignage-de-48-pouces\/#primaryimage","inLanguage":"en-US","url":"https:\/\/machineriesbst.com\/wp-content\/uploads\/2024\/01\/20231212_132252.jpg","contentUrl":"https:\/\/machineriesbst.com\/wp-content\/uploads\/2024\/01\/20231212_132252.jpg","width":1024,"height":768},{"@type":"WebPage","@id":"https:\/\/machineriesbst.com\/en\/catalogue\/ligne-de-delignage-de-48-pouces\/#webpage","url":"https:\/\/machineriesbst.com\/en\/catalogue\/ligne-de-delignage-de-48-pouces\/","name":"Ligne de D\u00e9lignage de 48 Pouces. - Machineries BST","isPartOf":{"@id":"https:\/\/machineriesbst.com\/en\/#website"},"primaryImageOfPage":{"@id":"https:\/\/machineriesbst.com\/en\/catalogue\/ligne-de-delignage-de-48-pouces\/#primaryimage"},"datePublished":"2024-01-31T17:50:32+00:00","dateModified":"2024-01-31T20:07:48+00:00","breadcrumb":{"@id":"https:\/\/machineriesbst.com\/en\/catalogue\/ligne-de-delignage-de-48-pouces\/#breadcrumb"},"inLanguage":"en-US","potentialAction":[{"@type":"ReadAction","target":["https:\/\/machineriesbst.com\/en\/catalogue\/ligne-de-delignage-de-48-pouces\/"]}]},{"@type":"BreadcrumbList","@id":"https:\/\/machineriesbst.com\/en\/catalogue\/ligne-de-delignage-de-48-pouces\/#breadcrumb","itemListElement":[{"@type":"ListItem","position":1,"name":"Accueil","item":"https:\/\/machineriesbst.com\/en\/"},{"@type":"ListItem","position":2,"name":"Catalogue","item":"https:\/\/machineriesbst.com\/en\/catalog\/"},{"@type":"ListItem","position":3,"name":"Ligne de D\u00e9lignage de 48 Pouces."}]}]}},"_links":{"self":[{"href":"https:\/\/machineriesbst.com\/en\/wp-json\/wp\/v2\/product\/80726"}],"collection":[{"href":"https:\/\/machineriesbst.com\/en\/wp-json\/wp\/v2\/product"}],"about":[{"href":"https:\/\/machineriesbst.com\/en\/wp-json\/wp\/v2\/types\/product"}],"author":[{"embeddable":true,"href":"https:\/\/machineriesbst.com\/en\/wp-json\/wp\/v2\/users\/3"}],"replies":[{"embeddable":true,"href":"https:\/\/machineriesbst.com\/en\/wp-json\/wp\/v2\/comments?post=80726"}],"wp:featuredmedia":[{"embeddable":true,"href":"https:\/\/machineriesbst.com\/en\/wp-json\/wp\/v2\/media\/80727"}],"wp:attachment":[{"href":"https:\/\/machineriesbst.com\/en\/wp-json\/wp\/v2\/media?parent=80726"}],"wp:term":[{"taxonomy":"product_cat","embeddable":true,"href":"https:\/\/machineriesbst.com\/en\/wp-json\/wp\/v2\/product_cat?post=80726"},{"taxonomy":"product_tag","embeddable":true,"href":"https:\/\/machineriesbst.com\/en\/wp-json\/wp\/v2\/product_tag?post=80726"}],"curies":[{"name":"wp","href":"https:\/\/api.w.org\/{rel}","templated":true}]}}