{"id":80696,"date":"2024-01-18T11:46:55","date_gmt":"2024-01-18T16:46:55","guid":{"rendered":"https:\/\/machineriesbst.com\/?post_type=product&#038;p=80696"},"modified":"2026-03-18T17:40:46","modified_gmt":"2026-03-18T21:40:46","slug":"plaqueuse-de-chants-scm-modele-stefani-md-rm-2018","status":"publish","type":"product","link":"https:\/\/machineriesbst.com\/en\/catalogue\/plaqueuse-de-chants-scm-modele-stefani-md-rm-2018\/","title":{"rendered":"SCM edgebander model Stefani md RM 2018"},"content":{"rendered":"<p>SCM edgebander model Stefani md RM 2018<\/p>\n<p>MAIN FEATURES<br \/>\nVariable chain feed speed m\/min 10-22<br \/>\nPanel thickness mm 10-60<br \/>\nEdge thickness in strips mm 0.3-15<br \/>\nEdge thickness in rolls mm 0.3-3<br \/>\nMax. section edge in rolls mm\u00b2 135<br \/>\nWidth of store edge in strips mm 195<br \/>\nMax speed working capacity solid wood material &gt; 6 mm m\/min 12<br \/>\nMax diameter roller mm 780<br \/>\nExcess material compared to panel thickness mm 2+3<br \/>\nSpace between panels with speed 12 m\/min mm 500<br \/>\nSpace between panels with speed 22 m\/min mm 650<\/p>\n<p>Minimum length. Panel (minimum width 100 mm)<br \/>\n\u2013 with speed up to 18 m\/min 140 mm<br \/>\n\u2013 with speed from 18.1 up to 22 m\/min 250 mm<\/p>\n<p>Minimum length. edge in roll mm 170<br \/>\nMinimum length. edge in strips mm 250<br \/>\nMinimum width. Panel (minimum length 210 mm)<br \/>\n\u2013 with panel thickness up to 40 mm 55 mm<br \/>\n\u2013 with panel thickness from 41 to 60 mm 80 mm<br \/>\n\u2013 with edge thickness greater than 3 mm 80 mm<br \/>\nRoller opening for panel support mm 600<br \/>\nHeight of machining table mm 950-980<\/p>\n<p>SOLID WOOD VENEER UP TO 15 MM:<br \/>\nSIMPLE AND FUNCTIONAL USE EVEN<br \/>\nLARGE SIZE SONGS<\/p>\n<p>PERFECT GLUE THREAD AND USE OF EVA GLUE<br \/>\nAND POLYURETHANE THANKS TO THE \u201cSGP\u201d GLUE TRAY AND<br \/>\nWITH THE SPECIAL SPREADING ROLLER, FOR A CHANGE<br \/>\nEASY AND QUICK GLUE<\/p>\n<p>\u201cSTARTOUCH\u201d CONTROL UNIT:<br \/>\nONLY ONE CONTACT FOR USE OF THE MACHINE<\/p>\n<p>Machine length: mm 7225 (61)<\/p>\n<p>Rectified group \u201cRT-E\u201d<\/p>\n<p>Gluing group \u201cVC-S4.1\/QMS-P\u201d<\/p>\n<p>\u201cK\/SEL\u201d end cutting group<\/p>\n<p>\u201cRI\/S\u201d tilting trimming unit<\/p>\n<p>\u201cROUND SK\u201d rounding group<\/p>\n<p>\u201cRAS\/1000\u201d edge scraper unit<\/p>\n<p>\u201cSPN\u201d brush group<\/p>\n<p>\u201cMAESTRO PRO EDGE\u201d CONTROL SYSTEM<\/p>\n<p>380 VOLTS<\/p>\n<p>Preventative maintenance was carried out.<\/p>","protected":false},"excerpt":{"rendered":"<p>SCM edgebander model Stefani md RM 2018 GENERAL CHARACTERISTICS Variable chain feed speed m\/min 10-22 Panel thickness mm 10-60 Edge thickness in strips mm 0.3-15 Edge thickness in rolls mm 0.3-3 Section max. edge in rolls mm\u00b2 135 Magazine width edge in strips mm 195 Max. speed. solid wood material work [\u2026]<\/p>","protected":false},"author":3,"featured_media":80697,"comment_status":"open","ping_status":"closed","template":"","meta":[],"product_cat":[363],"product_tag":[],"acf":[],"yoast_head":"<!-- This site is optimized with the Yoast SEO plugin v16.8 - https:\/\/yoast.com\/wordpress\/plugins\/seo\/ -->\n<title>Plaqueuse de chants SCM mod\u00e8le Stefani md RM 2018 - Machineries BST<\/title>\n<meta name=\"robots\" content=\"index, follow, max-snippet:-1, max-image-preview:large, max-video-preview:-1\" \/>\n<link rel=\"canonical\" href=\"https:\/\/machineriesbst.com\/en\/catalogue\/plaqueuse-de-chants-scm-modele-stefani-md-rm-2018\/\" \/>\n<meta property=\"og:locale\" content=\"en_US\" \/>\n<meta property=\"og:type\" content=\"article\" \/>\n<meta property=\"og:title\" content=\"Plaqueuse de chants SCM mod\u00e8le Stefani md RM 2018 - Machineries BST\" \/>\n<meta property=\"og:description\" content=\"Plaqueuse de chants SCM mod\u00e8le Stefani md RM 2018 CARACT\u00c9RISTIQUES G\u00c9N\u00c9RALES Vitesse d\u2019avancement cha\u00eene variable m\/min 10-22 \u00c9paisseur panneau mm 10-60 \u00c9paisseur chant en bandes mm 0,3-15 \u00c9paisseur chant en rouleaux mm 0,3-3 Section maxi. chant en rouleaux mm\u00b2 135 Largeur magasin chant en bandes mm 195 Vitesse maxi. de travail mat\u00e9riel en bois massif [&hellip;]\" \/>\n<meta property=\"og:url\" content=\"https:\/\/machineriesbst.com\/en\/catalogue\/plaqueuse-de-chants-scm-modele-stefani-md-rm-2018\/\" \/>\n<meta property=\"og:site_name\" content=\"Machineries BST\" \/>\n<meta property=\"article:modified_time\" content=\"2026-03-18T21:40:46+00:00\" \/>\n<meta property=\"og:image\" content=\"https:\/\/machineriesbst.com\/wp-content\/uploads\/2024\/01\/2.jpg\" \/>\n\t<meta property=\"og:image:width\" content=\"750\" \/>\n\t<meta property=\"og:image:height\" content=\"1000\" \/>\n<meta name=\"twitter:card\" content=\"summary_large_image\" \/>\n<meta name=\"twitter:label1\" content=\"Est. reading time\" \/>\n\t<meta name=\"twitter:data1\" content=\"1 minute\" \/>\n<script type=\"application\/ld+json\" class=\"yoast-schema-graph\">{\"@context\":\"https:\/\/schema.org\",\"@graph\":[{\"@type\":\"WebSite\",\"@id\":\"https:\/\/machineriesbst.com\/en\/#website\",\"url\":\"https:\/\/machineriesbst.com\/en\/\",\"name\":\"Machineries BST\",\"description\":\"Machines neuves &amp; usag\\u00e9es\",\"potentialAction\":[{\"@type\":\"SearchAction\",\"target\":{\"@type\":\"EntryPoint\",\"urlTemplate\":\"https:\/\/machineriesbst.com\/en\/?s={search_term_string}\"},\"query-input\":\"required name=search_term_string\"}],\"inLanguage\":\"en-US\"},{\"@type\":\"ImageObject\",\"@id\":\"https:\/\/machineriesbst.com\/catalogue\/plaqueuse-de-chants-scm-modele-stefani-md-rm-2018\/#primaryimage\",\"inLanguage\":\"en-US\",\"url\":\"https:\/\/machineriesbst.com\/wp-content\/uploads\/2024\/01\/2.jpg\",\"contentUrl\":\"https:\/\/machineriesbst.com\/wp-content\/uploads\/2024\/01\/2.jpg\",\"width\":750,\"height\":1000},{\"@type\":\"WebPage\",\"@id\":\"https:\/\/machineriesbst.com\/catalogue\/plaqueuse-de-chants-scm-modele-stefani-md-rm-2018\/#webpage\",\"url\":\"https:\/\/machineriesbst.com\/catalogue\/plaqueuse-de-chants-scm-modele-stefani-md-rm-2018\/\",\"name\":\"Plaqueuse de chants SCM mod\\u00e8le Stefani md RM 2018 - Machineries BST\",\"isPartOf\":{\"@id\":\"https:\/\/machineriesbst.com\/en\/#website\"},\"primaryImageOfPage\":{\"@id\":\"https:\/\/machineriesbst.com\/catalogue\/plaqueuse-de-chants-scm-modele-stefani-md-rm-2018\/#primaryimage\"},\"datePublished\":\"2024-01-18T16:46:55+00:00\",\"dateModified\":\"2026-03-18T21:40:46+00:00\",\"breadcrumb\":{\"@id\":\"https:\/\/machineriesbst.com\/catalogue\/plaqueuse-de-chants-scm-modele-stefani-md-rm-2018\/#breadcrumb\"},\"inLanguage\":\"en-US\",\"potentialAction\":[{\"@type\":\"ReadAction\",\"target\":[\"https:\/\/machineriesbst.com\/catalogue\/plaqueuse-de-chants-scm-modele-stefani-md-rm-2018\/\"]}]},{\"@type\":\"BreadcrumbList\",\"@id\":\"https:\/\/machineriesbst.com\/catalogue\/plaqueuse-de-chants-scm-modele-stefani-md-rm-2018\/#breadcrumb\",\"itemListElement\":[{\"@type\":\"ListItem\",\"position\":1,\"name\":\"Accueil\",\"item\":\"https:\/\/machineriesbst.com\/en\/\"},{\"@type\":\"ListItem\",\"position\":2,\"name\":\"Catalogue\",\"item\":\"https:\/\/machineriesbst.com\/en\/catalog\/\"},{\"@type\":\"ListItem\",\"position\":3,\"name\":\"Plaqueuse de chants SCM mod\\u00e8le Stefani md RM 2018\"}]}]}<\/script>\n<!-- \/ Yoast SEO plugin. -->","yoast_head_json":{"title":"Plaqueuse de chants SCM mod\u00e8le Stefani md RM 2018 - Machineries BST","robots":{"index":"index","follow":"follow","max-snippet":"max-snippet:-1","max-image-preview":"max-image-preview:large","max-video-preview":"max-video-preview:-1"},"canonical":"https:\/\/machineriesbst.com\/en\/catalogue\/plaqueuse-de-chants-scm-modele-stefani-md-rm-2018\/","og_locale":"en_US","og_type":"article","og_title":"Plaqueuse de chants SCM mod\u00e8le Stefani md RM 2018 - Machineries BST","og_description":"Plaqueuse de chants SCM mod\u00e8le Stefani md RM 2018 CARACT\u00c9RISTIQUES G\u00c9N\u00c9RALES Vitesse d\u2019avancement cha\u00eene variable m\/min 10-22 \u00c9paisseur panneau mm 10-60 \u00c9paisseur chant en bandes mm 0,3-15 \u00c9paisseur chant en rouleaux mm 0,3-3 Section maxi. chant en rouleaux mm\u00b2 135 Largeur magasin chant en bandes mm 195 Vitesse maxi. de travail mat\u00e9riel en bois massif [&hellip;]","og_url":"https:\/\/machineriesbst.com\/en\/catalogue\/plaqueuse-de-chants-scm-modele-stefani-md-rm-2018\/","og_site_name":"Machineries BST","article_modified_time":"2026-03-18T21:40:46+00:00","og_image":[{"width":750,"height":1000,"url":"https:\/\/machineriesbst.com\/wp-content\/uploads\/2024\/01\/2.jpg","path":"\/home\/jepeto\/public_html\/wp-content\/uploads\/2024\/01\/2.jpg","size":"full","id":80697,"alt":"","pixels":750000,"type":"image\/jpeg"}],"twitter_card":"summary_large_image","twitter_misc":{"Est. reading time":"1 minute"},"schema":{"@context":"https:\/\/schema.org","@graph":[{"@type":"WebSite","@id":"https:\/\/machineriesbst.com\/en\/#website","url":"https:\/\/machineriesbst.com\/en\/","name":"Machineries BST","description":"Machines neuves &amp; usag\u00e9es","potentialAction":[{"@type":"SearchAction","target":{"@type":"EntryPoint","urlTemplate":"https:\/\/machineriesbst.com\/en\/?s={search_term_string}"},"query-input":"required name=search_term_string"}],"inLanguage":"en-US"},{"@type":"ImageObject","@id":"https:\/\/machineriesbst.com\/catalogue\/plaqueuse-de-chants-scm-modele-stefani-md-rm-2018\/#primaryimage","inLanguage":"en-US","url":"https:\/\/machineriesbst.com\/wp-content\/uploads\/2024\/01\/2.jpg","contentUrl":"https:\/\/machineriesbst.com\/wp-content\/uploads\/2024\/01\/2.jpg","width":750,"height":1000},{"@type":"WebPage","@id":"https:\/\/machineriesbst.com\/catalogue\/plaqueuse-de-chants-scm-modele-stefani-md-rm-2018\/#webpage","url":"https:\/\/machineriesbst.com\/catalogue\/plaqueuse-de-chants-scm-modele-stefani-md-rm-2018\/","name":"Plaqueuse de chants SCM mod\u00e8le Stefani md RM 2018 - Machineries BST","isPartOf":{"@id":"https:\/\/machineriesbst.com\/en\/#website"},"primaryImageOfPage":{"@id":"https:\/\/machineriesbst.com\/catalogue\/plaqueuse-de-chants-scm-modele-stefani-md-rm-2018\/#primaryimage"},"datePublished":"2024-01-18T16:46:55+00:00","dateModified":"2026-03-18T21:40:46+00:00","breadcrumb":{"@id":"https:\/\/machineriesbst.com\/catalogue\/plaqueuse-de-chants-scm-modele-stefani-md-rm-2018\/#breadcrumb"},"inLanguage":"en-US","potentialAction":[{"@type":"ReadAction","target":["https:\/\/machineriesbst.com\/catalogue\/plaqueuse-de-chants-scm-modele-stefani-md-rm-2018\/"]}]},{"@type":"BreadcrumbList","@id":"https:\/\/machineriesbst.com\/catalogue\/plaqueuse-de-chants-scm-modele-stefani-md-rm-2018\/#breadcrumb","itemListElement":[{"@type":"ListItem","position":1,"name":"Accueil","item":"https:\/\/machineriesbst.com\/en\/"},{"@type":"ListItem","position":2,"name":"Catalogue","item":"https:\/\/machineriesbst.com\/en\/catalog\/"},{"@type":"ListItem","position":3,"name":"Plaqueuse de chants SCM mod\u00e8le Stefani md RM 2018"}]}]}},"_links":{"self":[{"href":"https:\/\/machineriesbst.com\/en\/wp-json\/wp\/v2\/product\/80696"}],"collection":[{"href":"https:\/\/machineriesbst.com\/en\/wp-json\/wp\/v2\/product"}],"about":[{"href":"https:\/\/machineriesbst.com\/en\/wp-json\/wp\/v2\/types\/product"}],"author":[{"embeddable":true,"href":"https:\/\/machineriesbst.com\/en\/wp-json\/wp\/v2\/users\/3"}],"replies":[{"embeddable":true,"href":"https:\/\/machineriesbst.com\/en\/wp-json\/wp\/v2\/comments?post=80696"}],"wp:featuredmedia":[{"embeddable":true,"href":"https:\/\/machineriesbst.com\/en\/wp-json\/wp\/v2\/media\/80697"}],"wp:attachment":[{"href":"https:\/\/machineriesbst.com\/en\/wp-json\/wp\/v2\/media?parent=80696"}],"wp:term":[{"taxonomy":"product_cat","embeddable":true,"href":"https:\/\/machineriesbst.com\/en\/wp-json\/wp\/v2\/product_cat?post=80696"},{"taxonomy":"product_tag","embeddable":true,"href":"https:\/\/machineriesbst.com\/en\/wp-json\/wp\/v2\/product_tag?post=80696"}],"curies":[{"name":"wp","href":"https:\/\/api.w.org\/{rel}","templated":true}]}}