{"id":80672,"date":"2023-12-21T11:42:50","date_gmt":"2023-12-21T16:42:50","guid":{"rendered":"https:\/\/machineriesbst.com\/?post_type=product&#038;p=80672"},"modified":"2026-02-05T14:44:24","modified_gmt":"2026-02-05T19:44:24","slug":"depoussiereur-50-hp-conceptair","status":"publish","type":"product","link":"https:\/\/machineriesbst.com\/en\/catalogue\/depoussiereur-50-hp-conceptair\/","title":{"rendered":"Conceptair 50 HP Dust Collector"},"content":{"rendered":"<p>Concept-air 50 hp dust collector meets 12000 cfm standards<\/p>\n<p>Included control panel, flame front deflector, anti-explosion panel.<\/p>\n<p>50 hp fan approximately 12000 cfm. 600 volts<\/p>\n<p>Included exterior piping.<\/p>\n<p>rotary valve<\/p>\n<p>summer\/winter valve<\/p>\n<p>pocket shaker type<\/p>\n<p>Control panel with soft start starter<\/p>","protected":false},"excerpt":{"rendered":"<p>Concept-air 50 hp dust collector to 12000 cfm standards Included control panel, flame front deflector, anti-explosion panel. 50 hp fan approximately 12000 cfm. 600 volts Included exterior piping. rotary valve summer\/winter valve shaker type with pockets Control panel with soft start starter<\/p>","protected":false},"author":3,"featured_media":80684,"comment_status":"open","ping_status":"closed","template":"","meta":[],"product_cat":[320,3036],"product_tag":[],"acf":[],"yoast_head":"<!-- This site is optimized with the Yoast SEO plugin v16.8 - https:\/\/yoast.com\/wordpress\/plugins\/seo\/ -->\n<title>D\u00e9poussi\u00e9reur 50 HP Conceptair - Machineries BST<\/title>\n<meta name=\"robots\" content=\"index, follow, max-snippet:-1, max-image-preview:large, max-video-preview:-1\" \/>\n<link rel=\"canonical\" href=\"https:\/\/machineriesbst.com\/en\/catalogue\/depoussiereur-50-hp-conceptair\/\" \/>\n<meta property=\"og:locale\" content=\"en_US\" \/>\n<meta property=\"og:type\" content=\"article\" \/>\n<meta property=\"og:title\" content=\"D\u00e9poussi\u00e9reur 50 HP Conceptair - Machineries BST\" \/>\n<meta property=\"og:description\" content=\"D\u00e9poussi\u00e9reur Concept-air\u00a0 50 hp aux normes 12000 cfm Inclus panneau de contr\u00f4le, d\u00e9flecteur de front de flamme, panneau anti-explosion. Ventilateur 50 hp environ 12000 cfm. 600 volts Inclus tuyauterie ext\u00e9rieur. valve rotative valve \u00e9t\u00e9 \/ hiver type shaker \u00e0 poches Panneau de contr\u00f4le avec d\u00e9marreur soft start\" \/>\n<meta property=\"og:url\" content=\"https:\/\/machineriesbst.com\/en\/catalogue\/depoussiereur-50-hp-conceptair\/\" \/>\n<meta property=\"og:site_name\" content=\"Machineries BST\" \/>\n<meta property=\"article:modified_time\" content=\"2026-02-05T19:44:24+00:00\" \/>\n<meta property=\"og:image\" content=\"https:\/\/machineriesbst.com\/wp-content\/uploads\/2023\/12\/depoussiereur1.jpg\" \/>\n\t<meta property=\"og:image:width\" content=\"1000\" \/>\n\t<meta property=\"og:image:height\" content=\"750\" \/>\n<meta name=\"twitter:card\" content=\"summary_large_image\" \/>\n<script type=\"application\/ld+json\" class=\"yoast-schema-graph\">{\"@context\":\"https:\/\/schema.org\",\"@graph\":[{\"@type\":\"WebSite\",\"@id\":\"https:\/\/machineriesbst.com\/en\/#website\",\"url\":\"https:\/\/machineriesbst.com\/en\/\",\"name\":\"Machineries BST\",\"description\":\"Machines neuves &amp; usag\\u00e9es\",\"potentialAction\":[{\"@type\":\"SearchAction\",\"target\":{\"@type\":\"EntryPoint\",\"urlTemplate\":\"https:\/\/machineriesbst.com\/en\/?s={search_term_string}\"},\"query-input\":\"required name=search_term_string\"}],\"inLanguage\":\"en-US\"},{\"@type\":\"ImageObject\",\"@id\":\"https:\/\/machineriesbst.com\/catalogue\/depoussiereur-50-hp-conceptair\/#primaryimage\",\"inLanguage\":\"en-US\",\"url\":\"https:\/\/machineriesbst.com\/wp-content\/uploads\/2023\/12\/depoussiereur1.jpg\",\"contentUrl\":\"https:\/\/machineriesbst.com\/wp-content\/uploads\/2023\/12\/depoussiereur1.jpg\",\"width\":1000,\"height\":750},{\"@type\":\"WebPage\",\"@id\":\"https:\/\/machineriesbst.com\/catalogue\/depoussiereur-50-hp-conceptair\/#webpage\",\"url\":\"https:\/\/machineriesbst.com\/catalogue\/depoussiereur-50-hp-conceptair\/\",\"name\":\"D\\u00e9poussi\\u00e9reur 50 HP Conceptair - Machineries BST\",\"isPartOf\":{\"@id\":\"https:\/\/machineriesbst.com\/en\/#website\"},\"primaryImageOfPage\":{\"@id\":\"https:\/\/machineriesbst.com\/catalogue\/depoussiereur-50-hp-conceptair\/#primaryimage\"},\"datePublished\":\"2023-12-21T16:42:50+00:00\",\"dateModified\":\"2026-02-05T19:44:24+00:00\",\"breadcrumb\":{\"@id\":\"https:\/\/machineriesbst.com\/catalogue\/depoussiereur-50-hp-conceptair\/#breadcrumb\"},\"inLanguage\":\"en-US\",\"potentialAction\":[{\"@type\":\"ReadAction\",\"target\":[\"https:\/\/machineriesbst.com\/catalogue\/depoussiereur-50-hp-conceptair\/\"]}]},{\"@type\":\"BreadcrumbList\",\"@id\":\"https:\/\/machineriesbst.com\/catalogue\/depoussiereur-50-hp-conceptair\/#breadcrumb\",\"itemListElement\":[{\"@type\":\"ListItem\",\"position\":1,\"name\":\"Accueil\",\"item\":\"https:\/\/machineriesbst.com\/en\/\"},{\"@type\":\"ListItem\",\"position\":2,\"name\":\"Catalogue\",\"item\":\"https:\/\/machineriesbst.com\/en\/catalog\/\"},{\"@type\":\"ListItem\",\"position\":3,\"name\":\"D\\u00e9poussi\\u00e9reur 50 HP Conceptair\"}]}]}<\/script>\n<!-- \/ Yoast SEO plugin. -->","yoast_head_json":{"title":"D\u00e9poussi\u00e9reur 50 HP Conceptair - Machineries BST","robots":{"index":"index","follow":"follow","max-snippet":"max-snippet:-1","max-image-preview":"max-image-preview:large","max-video-preview":"max-video-preview:-1"},"canonical":"https:\/\/machineriesbst.com\/en\/catalogue\/depoussiereur-50-hp-conceptair\/","og_locale":"en_US","og_type":"article","og_title":"D\u00e9poussi\u00e9reur 50 HP Conceptair - Machineries BST","og_description":"D\u00e9poussi\u00e9reur Concept-air\u00a0 50 hp aux normes 12000 cfm Inclus panneau de contr\u00f4le, d\u00e9flecteur de front de flamme, panneau anti-explosion. Ventilateur 50 hp environ 12000 cfm. 600 volts Inclus tuyauterie ext\u00e9rieur. valve rotative valve \u00e9t\u00e9 \/ hiver type shaker \u00e0 poches Panneau de contr\u00f4le avec d\u00e9marreur soft start","og_url":"https:\/\/machineriesbst.com\/en\/catalogue\/depoussiereur-50-hp-conceptair\/","og_site_name":"Machineries BST","article_modified_time":"2026-02-05T19:44:24+00:00","og_image":[{"width":1000,"height":750,"url":"https:\/\/machineriesbst.com\/wp-content\/uploads\/2023\/12\/depoussiereur1.jpg","path":"\/home\/jepeto\/public_html\/wp-content\/uploads\/2023\/12\/depoussiereur1.jpg","size":"full","id":80684,"alt":"","pixels":750000,"type":"image\/jpeg"}],"twitter_card":"summary_large_image","schema":{"@context":"https:\/\/schema.org","@graph":[{"@type":"WebSite","@id":"https:\/\/machineriesbst.com\/en\/#website","url":"https:\/\/machineriesbst.com\/en\/","name":"Machineries BST","description":"Machines neuves &amp; usag\u00e9es","potentialAction":[{"@type":"SearchAction","target":{"@type":"EntryPoint","urlTemplate":"https:\/\/machineriesbst.com\/en\/?s={search_term_string}"},"query-input":"required name=search_term_string"}],"inLanguage":"en-US"},{"@type":"ImageObject","@id":"https:\/\/machineriesbst.com\/catalogue\/depoussiereur-50-hp-conceptair\/#primaryimage","inLanguage":"en-US","url":"https:\/\/machineriesbst.com\/wp-content\/uploads\/2023\/12\/depoussiereur1.jpg","contentUrl":"https:\/\/machineriesbst.com\/wp-content\/uploads\/2023\/12\/depoussiereur1.jpg","width":1000,"height":750},{"@type":"WebPage","@id":"https:\/\/machineriesbst.com\/catalogue\/depoussiereur-50-hp-conceptair\/#webpage","url":"https:\/\/machineriesbst.com\/catalogue\/depoussiereur-50-hp-conceptair\/","name":"D\u00e9poussi\u00e9reur 50 HP Conceptair - Machineries BST","isPartOf":{"@id":"https:\/\/machineriesbst.com\/en\/#website"},"primaryImageOfPage":{"@id":"https:\/\/machineriesbst.com\/catalogue\/depoussiereur-50-hp-conceptair\/#primaryimage"},"datePublished":"2023-12-21T16:42:50+00:00","dateModified":"2026-02-05T19:44:24+00:00","breadcrumb":{"@id":"https:\/\/machineriesbst.com\/catalogue\/depoussiereur-50-hp-conceptair\/#breadcrumb"},"inLanguage":"en-US","potentialAction":[{"@type":"ReadAction","target":["https:\/\/machineriesbst.com\/catalogue\/depoussiereur-50-hp-conceptair\/"]}]},{"@type":"BreadcrumbList","@id":"https:\/\/machineriesbst.com\/catalogue\/depoussiereur-50-hp-conceptair\/#breadcrumb","itemListElement":[{"@type":"ListItem","position":1,"name":"Accueil","item":"https:\/\/machineriesbst.com\/en\/"},{"@type":"ListItem","position":2,"name":"Catalogue","item":"https:\/\/machineriesbst.com\/en\/catalog\/"},{"@type":"ListItem","position":3,"name":"D\u00e9poussi\u00e9reur 50 HP Conceptair"}]}]}},"_links":{"self":[{"href":"https:\/\/machineriesbst.com\/en\/wp-json\/wp\/v2\/product\/80672"}],"collection":[{"href":"https:\/\/machineriesbst.com\/en\/wp-json\/wp\/v2\/product"}],"about":[{"href":"https:\/\/machineriesbst.com\/en\/wp-json\/wp\/v2\/types\/product"}],"author":[{"embeddable":true,"href":"https:\/\/machineriesbst.com\/en\/wp-json\/wp\/v2\/users\/3"}],"replies":[{"embeddable":true,"href":"https:\/\/machineriesbst.com\/en\/wp-json\/wp\/v2\/comments?post=80672"}],"wp:featuredmedia":[{"embeddable":true,"href":"https:\/\/machineriesbst.com\/en\/wp-json\/wp\/v2\/media\/80684"}],"wp:attachment":[{"href":"https:\/\/machineriesbst.com\/en\/wp-json\/wp\/v2\/media?parent=80672"}],"wp:term":[{"taxonomy":"product_cat","embeddable":true,"href":"https:\/\/machineriesbst.com\/en\/wp-json\/wp\/v2\/product_cat?post=80672"},{"taxonomy":"product_tag","embeddable":true,"href":"https:\/\/machineriesbst.com\/en\/wp-json\/wp\/v2\/product_tag?post=80672"}],"curies":[{"name":"wp","href":"https:\/\/api.w.org\/{rel}","templated":true}]}}