{"id":80598,"date":"2023-09-13T13:41:12","date_gmt":"2023-09-13T17:41:12","guid":{"rendered":"https:\/\/machineriesbst.com\/?post_type=product&#038;p=80598"},"modified":"2023-11-30T20:22:03","modified_gmt":"2023-12-01T01:22:03","slug":"plaqueuse-de-chants-holz-her-sprint-1327-2019","status":"publish","type":"product","link":"https:\/\/machineriesbst.com\/en\/catalogue\/plaqueuse-de-chants-holz-her-sprint-1327-2019\/","title":{"rendered":"Holz-her Sprint 1327 2019 edgebander"},"content":{"rendered":"<p>CNC control<br \/>\nGlue Jet EVA and Pur bonding system.<br \/>\nMin\/Max edge thickness 0.4-8 mm (0.016 \u2013 0.315\u201d)<br \/>\nThickness 0.4-3mm (0.016-0.157&quot;)<br \/>\nPanel thickness 6-60 mm (0.236-2.362&quot;)<br \/>\nWorkpiece width Min. 65mm (2559&quot;)<br \/>\nFeed speed 10-18 MPM (33-59FPM)<br \/>\n18.5&quot; touch screen<\/p>\n<p>Pre-milling, end cutting, corner rounding (Pre-Milling and Corner Rounding)<br \/>\nScraping, Polishing<br \/>\nEdge Magazine for Strip Bois.<\/p>\n<p>Zero-joint technology<br \/>\nMotorized upper pressure unit<\/p>","protected":false},"excerpt":{"rendered":"<p>CNC controlled Glue Jet EVA and Pur bonding system. Min\/Max Edge Thickness 0.4-8 mm (0.016 \u2013 0.315\u201d) Thickness 0.4-3 mm (0.016-0.157\u201d) Panel Thickness 6-60 mm (0.236-2.362\u201d) Workpiece Width Min. of 65 mm (2,559&quot;) Feed speed 10-18 MPM (33-59FPM) 18.5&quot; touch screen Pre-mill, end cut, round [\u2026]<\/p>","protected":false},"author":3,"featured_media":80606,"comment_status":"open","ping_status":"closed","template":"","meta":[],"product_cat":[363],"product_tag":[],"acf":[],"yoast_head":"<!-- This site is optimized with the Yoast SEO plugin v16.8 - https:\/\/yoast.com\/wordpress\/plugins\/seo\/ -->\n<title>Plaqueuse de chants Holz-her Sprint 1327 2019 - Machineries BST<\/title>\n<meta name=\"robots\" content=\"index, follow, max-snippet:-1, max-image-preview:large, max-video-preview:-1\" \/>\n<link rel=\"canonical\" href=\"https:\/\/machineriesbst.com\/en\/catalogue\/plaqueuse-de-chants-holz-her-sprint-1327-2019\/\" \/>\n<meta property=\"og:locale\" content=\"en_US\" \/>\n<meta property=\"og:type\" content=\"article\" \/>\n<meta property=\"og:title\" content=\"Plaqueuse de chants Holz-her Sprint 1327 2019 - Machineries BST\" \/>\n<meta property=\"og:description\" content=\"Controle CNC Syst\u00e8me de collage Glue Jet EVA et Pur . \u00c9paisseur du bord Min\/Max 0,4-8 mm (0,016 \u2013 0,315\u201d) \u00c9paisseur 0,4-3 mm (0,016-0,157&quot;) \u00c9paisseur du panneau 6-60 mm (0,236-2,362&quot;) Largeur de la pi\u00e8ce \u00e0 travailler Min. de 65 mm (2 559&quot;) Vitesse d&#039;alimentation 10-18 MPM (33-59FPM) \u00c9cran tactile de 18.5&quot; Pr\u00e9-fraisage, coupe d&#039;extr\u00e9mit\u00e9, arrondi [&hellip;]\" \/>\n<meta property=\"og:url\" content=\"https:\/\/machineriesbst.com\/en\/catalogue\/plaqueuse-de-chants-holz-her-sprint-1327-2019\/\" \/>\n<meta property=\"og:site_name\" content=\"Machineries BST\" \/>\n<meta property=\"article:modified_time\" content=\"2023-12-01T01:22:03+00:00\" \/>\n<meta property=\"og:image\" content=\"https:\/\/machineriesbst.com\/wp-content\/uploads\/2023\/09\/holz-her1327-08.jpg\" \/>\n\t<meta property=\"og:image:width\" content=\"640\" \/>\n\t<meta property=\"og:image:height\" content=\"448\" \/>\n<meta name=\"twitter:card\" content=\"summary_large_image\" \/>\n<script type=\"application\/ld+json\" class=\"yoast-schema-graph\">{\"@context\":\"https:\/\/schema.org\",\"@graph\":[{\"@type\":\"WebSite\",\"@id\":\"https:\/\/machineriesbst.com\/en\/#website\",\"url\":\"https:\/\/machineriesbst.com\/en\/\",\"name\":\"Machineries BST\",\"description\":\"Machines neuves &amp; usag\\u00e9es\",\"potentialAction\":[{\"@type\":\"SearchAction\",\"target\":{\"@type\":\"EntryPoint\",\"urlTemplate\":\"https:\/\/machineriesbst.com\/en\/?s={search_term_string}\"},\"query-input\":\"required name=search_term_string\"}],\"inLanguage\":\"en-US\"},{\"@type\":\"ImageObject\",\"@id\":\"https:\/\/machineriesbst.com\/en\/catalogue\/plaqueuse-de-chants-holz-her-sprint-1327-2019\/#primaryimage\",\"inLanguage\":\"en-US\",\"url\":\"https:\/\/machineriesbst.com\/wp-content\/uploads\/2023\/09\/holz-her1327-08.jpg\",\"contentUrl\":\"https:\/\/machineriesbst.com\/wp-content\/uploads\/2023\/09\/holz-her1327-08.jpg\",\"width\":640,\"height\":448},{\"@type\":\"WebPage\",\"@id\":\"https:\/\/machineriesbst.com\/en\/catalogue\/plaqueuse-de-chants-holz-her-sprint-1327-2019\/#webpage\",\"url\":\"https:\/\/machineriesbst.com\/en\/catalogue\/plaqueuse-de-chants-holz-her-sprint-1327-2019\/\",\"name\":\"Plaqueuse de chants Holz-her Sprint 1327 2019 - Machineries BST\",\"isPartOf\":{\"@id\":\"https:\/\/machineriesbst.com\/en\/#website\"},\"primaryImageOfPage\":{\"@id\":\"https:\/\/machineriesbst.com\/en\/catalogue\/plaqueuse-de-chants-holz-her-sprint-1327-2019\/#primaryimage\"},\"datePublished\":\"2023-09-13T17:41:12+00:00\",\"dateModified\":\"2023-12-01T01:22:03+00:00\",\"breadcrumb\":{\"@id\":\"https:\/\/machineriesbst.com\/en\/catalogue\/plaqueuse-de-chants-holz-her-sprint-1327-2019\/#breadcrumb\"},\"inLanguage\":\"en-US\",\"potentialAction\":[{\"@type\":\"ReadAction\",\"target\":[\"https:\/\/machineriesbst.com\/en\/catalogue\/plaqueuse-de-chants-holz-her-sprint-1327-2019\/\"]}]},{\"@type\":\"BreadcrumbList\",\"@id\":\"https:\/\/machineriesbst.com\/en\/catalogue\/plaqueuse-de-chants-holz-her-sprint-1327-2019\/#breadcrumb\",\"itemListElement\":[{\"@type\":\"ListItem\",\"position\":1,\"name\":\"Accueil\",\"item\":\"https:\/\/machineriesbst.com\/en\/\"},{\"@type\":\"ListItem\",\"position\":2,\"name\":\"Catalogue\",\"item\":\"https:\/\/machineriesbst.com\/en\/catalog\/\"},{\"@type\":\"ListItem\",\"position\":3,\"name\":\"Plaqueuse de chants Holz-her Sprint 1327 2019\"}]}]}<\/script>\n<!-- \/ Yoast SEO plugin. -->","yoast_head_json":{"title":"Plaqueuse de chants Holz-her Sprint 1327 2019 - Machineries BST","robots":{"index":"index","follow":"follow","max-snippet":"max-snippet:-1","max-image-preview":"max-image-preview:large","max-video-preview":"max-video-preview:-1"},"canonical":"https:\/\/machineriesbst.com\/en\/catalogue\/plaqueuse-de-chants-holz-her-sprint-1327-2019\/","og_locale":"en_US","og_type":"article","og_title":"Plaqueuse de chants Holz-her Sprint 1327 2019 - Machineries BST","og_description":"Controle CNC Syst\u00e8me de collage Glue Jet EVA et Pur . \u00c9paisseur du bord Min\/Max 0,4-8 mm (0,016 \u2013 0,315\u201d) \u00c9paisseur 0,4-3 mm (0,016-0,157\") \u00c9paisseur du panneau 6-60 mm (0,236-2,362\") Largeur de la pi\u00e8ce \u00e0 travailler Min. de 65 mm (2 559\") Vitesse d'alimentation 10-18 MPM (33-59FPM) \u00c9cran tactile de 18.5\" Pr\u00e9-fraisage, coupe d'extr\u00e9mit\u00e9, arrondi [&hellip;]","og_url":"https:\/\/machineriesbst.com\/en\/catalogue\/plaqueuse-de-chants-holz-her-sprint-1327-2019\/","og_site_name":"Machineries BST","article_modified_time":"2023-12-01T01:22:03+00:00","og_image":[{"width":640,"height":448,"url":"https:\/\/machineriesbst.com\/wp-content\/uploads\/2023\/09\/holz-her1327-08.jpg","path":"\/home\/jepeto\/public_html\/wp-content\/uploads\/2023\/09\/holz-her1327-08.jpg","size":"full","id":80606,"alt":"","pixels":286720,"type":"image\/jpeg"}],"twitter_card":"summary_large_image","schema":{"@context":"https:\/\/schema.org","@graph":[{"@type":"WebSite","@id":"https:\/\/machineriesbst.com\/en\/#website","url":"https:\/\/machineriesbst.com\/en\/","name":"Machineries BST","description":"Machines neuves &amp; usag\u00e9es","potentialAction":[{"@type":"SearchAction","target":{"@type":"EntryPoint","urlTemplate":"https:\/\/machineriesbst.com\/en\/?s={search_term_string}"},"query-input":"required name=search_term_string"}],"inLanguage":"en-US"},{"@type":"ImageObject","@id":"https:\/\/machineriesbst.com\/en\/catalogue\/plaqueuse-de-chants-holz-her-sprint-1327-2019\/#primaryimage","inLanguage":"en-US","url":"https:\/\/machineriesbst.com\/wp-content\/uploads\/2023\/09\/holz-her1327-08.jpg","contentUrl":"https:\/\/machineriesbst.com\/wp-content\/uploads\/2023\/09\/holz-her1327-08.jpg","width":640,"height":448},{"@type":"WebPage","@id":"https:\/\/machineriesbst.com\/en\/catalogue\/plaqueuse-de-chants-holz-her-sprint-1327-2019\/#webpage","url":"https:\/\/machineriesbst.com\/en\/catalogue\/plaqueuse-de-chants-holz-her-sprint-1327-2019\/","name":"Plaqueuse de chants Holz-her Sprint 1327 2019 - Machineries BST","isPartOf":{"@id":"https:\/\/machineriesbst.com\/en\/#website"},"primaryImageOfPage":{"@id":"https:\/\/machineriesbst.com\/en\/catalogue\/plaqueuse-de-chants-holz-her-sprint-1327-2019\/#primaryimage"},"datePublished":"2023-09-13T17:41:12+00:00","dateModified":"2023-12-01T01:22:03+00:00","breadcrumb":{"@id":"https:\/\/machineriesbst.com\/en\/catalogue\/plaqueuse-de-chants-holz-her-sprint-1327-2019\/#breadcrumb"},"inLanguage":"en-US","potentialAction":[{"@type":"ReadAction","target":["https:\/\/machineriesbst.com\/en\/catalogue\/plaqueuse-de-chants-holz-her-sprint-1327-2019\/"]}]},{"@type":"BreadcrumbList","@id":"https:\/\/machineriesbst.com\/en\/catalogue\/plaqueuse-de-chants-holz-her-sprint-1327-2019\/#breadcrumb","itemListElement":[{"@type":"ListItem","position":1,"name":"Accueil","item":"https:\/\/machineriesbst.com\/en\/"},{"@type":"ListItem","position":2,"name":"Catalogue","item":"https:\/\/machineriesbst.com\/en\/catalog\/"},{"@type":"ListItem","position":3,"name":"Plaqueuse de chants Holz-her Sprint 1327 2019"}]}]}},"_links":{"self":[{"href":"https:\/\/machineriesbst.com\/en\/wp-json\/wp\/v2\/product\/80598"}],"collection":[{"href":"https:\/\/machineriesbst.com\/en\/wp-json\/wp\/v2\/product"}],"about":[{"href":"https:\/\/machineriesbst.com\/en\/wp-json\/wp\/v2\/types\/product"}],"author":[{"embeddable":true,"href":"https:\/\/machineriesbst.com\/en\/wp-json\/wp\/v2\/users\/3"}],"replies":[{"embeddable":true,"href":"https:\/\/machineriesbst.com\/en\/wp-json\/wp\/v2\/comments?post=80598"}],"wp:featuredmedia":[{"embeddable":true,"href":"https:\/\/machineriesbst.com\/en\/wp-json\/wp\/v2\/media\/80606"}],"wp:attachment":[{"href":"https:\/\/machineriesbst.com\/en\/wp-json\/wp\/v2\/media?parent=80598"}],"wp:term":[{"taxonomy":"product_cat","embeddable":true,"href":"https:\/\/machineriesbst.com\/en\/wp-json\/wp\/v2\/product_cat?post=80598"},{"taxonomy":"product_tag","embeddable":true,"href":"https:\/\/machineriesbst.com\/en\/wp-json\/wp\/v2\/product_tag?post=80598"}],"curies":[{"name":"wp","href":"https:\/\/api.w.org\/{rel}","templated":true}]}}