{"id":80486,"date":"2023-05-09T06:16:46","date_gmt":"2023-05-09T10:16:46","guid":{"rendered":"https:\/\/machineriesbst.com\/?post_type=product&#038;p=80486"},"modified":"2023-11-30T20:22:03","modified_gmt":"2023-12-01T01:22:03","slug":"deligneuse-multiple-mereen-johnson-modele-431","status":"publish","type":"product","link":"https:\/\/machineriesbst.com\/en\/catalogue\/deligneuse-multiple-mereen-johnson-modele-431\/","title":{"rendered":"Mereen Johnson Model 431 Multiple Edger"},"content":{"rendered":"<p>Mereen Johnson Gang Rip Saw Model 431<br \/>\n31&quot; capacity<br \/>\n75 HP Main engine<br \/>\n5 HP Power Motor<br \/>\nVariable feed 30-150 feed per minute<br \/>\nAll saw blades included<br \/>\n460 volts three phase 60 cycles<br \/>\nCO. Cameron Taylor Power Optimization System<\/p>","protected":false},"excerpt":{"rendered":"<p>Mereen Johnson Gang Rip Saw Model 431 31&quot; Capacity 75 HP Main Motor 5 HP Feed Motor Variable Feed 30-150 feeds per minute All Saw Blades Included 460 Volt 3 Phase 60 Cycles C\/O. Speed Optimization System Cameron Taylor Food<\/p>","protected":false},"author":3,"featured_media":80488,"comment_status":"open","ping_status":"closed","template":"","meta":[],"product_cat":[3076,214],"product_tag":[],"acf":[],"yoast_head":"<!-- This site is optimized with the Yoast SEO plugin v16.8 - https:\/\/yoast.com\/wordpress\/plugins\/seo\/ -->\n<title>D\u00e9ligneuse Multiple Mereen Johnson Mod\u00e8le 431 - Machineries BST<\/title>\n<meta name=\"robots\" content=\"index, follow, max-snippet:-1, max-image-preview:large, max-video-preview:-1\" \/>\n<link rel=\"canonical\" href=\"https:\/\/machineriesbst.com\/en\/catalogue\/deligneuse-multiple-mereen-johnson-modele-431\/\" \/>\n<meta property=\"og:locale\" content=\"en_US\" \/>\n<meta property=\"og:type\" content=\"article\" \/>\n<meta property=\"og:title\" content=\"D\u00e9ligneuse Multiple Mereen Johnson Mod\u00e8le 431 - Machineries BST\" \/>\n<meta property=\"og:description\" content=\"Mereen Johnson Gang Rip Saw Mod\u00e8le 431 Capacit\u00e9 de 31&quot; 75 CV Moteur principal 5 CV Moteur d&#039;alimentation Alimentation variable 30-150 alimentation par minute Toutes les lames de scie incluses 460 volts triphas\u00e9 60 cycles C\/O. Syst\u00e8me d&#039;optimisation de l&#039;alimentation Cameron Taylor\" \/>\n<meta property=\"og:url\" content=\"https:\/\/machineriesbst.com\/en\/catalogue\/deligneuse-multiple-mereen-johnson-modele-431\/\" \/>\n<meta property=\"og:site_name\" content=\"Machineries BST\" \/>\n<meta property=\"article:modified_time\" content=\"2023-12-01T01:22:03+00:00\" \/>\n<meta property=\"og:image\" content=\"https:\/\/machineriesbst.com\/wp-content\/uploads\/2023\/05\/DSC_0129__800x530_.jpg\" \/>\n\t<meta property=\"og:image:width\" content=\"800\" \/>\n\t<meta property=\"og:image:height\" content=\"530\" \/>\n<meta name=\"twitter:card\" content=\"summary_large_image\" \/>\n<script type=\"application\/ld+json\" class=\"yoast-schema-graph\">{\"@context\":\"https:\/\/schema.org\",\"@graph\":[{\"@type\":\"WebSite\",\"@id\":\"https:\/\/machineriesbst.com\/en\/#website\",\"url\":\"https:\/\/machineriesbst.com\/en\/\",\"name\":\"Machineries BST\",\"description\":\"Machines neuves &amp; usag\\u00e9es\",\"potentialAction\":[{\"@type\":\"SearchAction\",\"target\":{\"@type\":\"EntryPoint\",\"urlTemplate\":\"https:\/\/machineriesbst.com\/en\/?s={search_term_string}\"},\"query-input\":\"required name=search_term_string\"}],\"inLanguage\":\"en-US\"},{\"@type\":\"ImageObject\",\"@id\":\"https:\/\/machineriesbst.com\/en\/catalogue\/deligneuse-multiple-mereen-johnson-modele-431\/#primaryimage\",\"inLanguage\":\"en-US\",\"url\":\"https:\/\/machineriesbst.com\/wp-content\/uploads\/2023\/05\/DSC_0129__800x530_.jpg\",\"contentUrl\":\"https:\/\/machineriesbst.com\/wp-content\/uploads\/2023\/05\/DSC_0129__800x530_.jpg\",\"width\":800,\"height\":530},{\"@type\":\"WebPage\",\"@id\":\"https:\/\/machineriesbst.com\/en\/catalogue\/deligneuse-multiple-mereen-johnson-modele-431\/#webpage\",\"url\":\"https:\/\/machineriesbst.com\/en\/catalogue\/deligneuse-multiple-mereen-johnson-modele-431\/\",\"name\":\"D\\u00e9ligneuse Multiple Mereen Johnson Mod\\u00e8le 431 - Machineries BST\",\"isPartOf\":{\"@id\":\"https:\/\/machineriesbst.com\/en\/#website\"},\"primaryImageOfPage\":{\"@id\":\"https:\/\/machineriesbst.com\/en\/catalogue\/deligneuse-multiple-mereen-johnson-modele-431\/#primaryimage\"},\"datePublished\":\"2023-05-09T10:16:46+00:00\",\"dateModified\":\"2023-12-01T01:22:03+00:00\",\"breadcrumb\":{\"@id\":\"https:\/\/machineriesbst.com\/en\/catalogue\/deligneuse-multiple-mereen-johnson-modele-431\/#breadcrumb\"},\"inLanguage\":\"en-US\",\"potentialAction\":[{\"@type\":\"ReadAction\",\"target\":[\"https:\/\/machineriesbst.com\/en\/catalogue\/deligneuse-multiple-mereen-johnson-modele-431\/\"]}]},{\"@type\":\"BreadcrumbList\",\"@id\":\"https:\/\/machineriesbst.com\/en\/catalogue\/deligneuse-multiple-mereen-johnson-modele-431\/#breadcrumb\",\"itemListElement\":[{\"@type\":\"ListItem\",\"position\":1,\"name\":\"Accueil\",\"item\":\"https:\/\/machineriesbst.com\/en\/\"},{\"@type\":\"ListItem\",\"position\":2,\"name\":\"Catalogue\",\"item\":\"https:\/\/machineriesbst.com\/en\/catalog\/\"},{\"@type\":\"ListItem\",\"position\":3,\"name\":\"D\\u00e9ligneuse Multiple Mereen Johnson Mod\\u00e8le 431\"}]}]}<\/script>\n<!-- \/ Yoast SEO plugin. -->","yoast_head_json":{"title":"D\u00e9ligneuse Multiple Mereen Johnson Mod\u00e8le 431 - Machineries BST","robots":{"index":"index","follow":"follow","max-snippet":"max-snippet:-1","max-image-preview":"max-image-preview:large","max-video-preview":"max-video-preview:-1"},"canonical":"https:\/\/machineriesbst.com\/en\/catalogue\/deligneuse-multiple-mereen-johnson-modele-431\/","og_locale":"en_US","og_type":"article","og_title":"D\u00e9ligneuse Multiple Mereen Johnson Mod\u00e8le 431 - Machineries BST","og_description":"Mereen Johnson Gang Rip Saw Mod\u00e8le 431 Capacit\u00e9 de 31\" 75 CV Moteur principal 5 CV Moteur d'alimentation Alimentation variable 30-150 alimentation par minute Toutes les lames de scie incluses 460 volts triphas\u00e9 60 cycles C\/O. Syst\u00e8me d'optimisation de l'alimentation Cameron Taylor","og_url":"https:\/\/machineriesbst.com\/en\/catalogue\/deligneuse-multiple-mereen-johnson-modele-431\/","og_site_name":"Machineries BST","article_modified_time":"2023-12-01T01:22:03+00:00","og_image":[{"width":800,"height":530,"url":"https:\/\/machineriesbst.com\/wp-content\/uploads\/2023\/05\/DSC_0129__800x530_.jpg","path":"\/home\/jepeto\/public_html\/wp-content\/uploads\/2023\/05\/DSC_0129__800x530_.jpg","size":"full","id":80488,"alt":"","pixels":424000,"type":"image\/jpeg"}],"twitter_card":"summary_large_image","schema":{"@context":"https:\/\/schema.org","@graph":[{"@type":"WebSite","@id":"https:\/\/machineriesbst.com\/en\/#website","url":"https:\/\/machineriesbst.com\/en\/","name":"Machineries BST","description":"Machines neuves &amp; usag\u00e9es","potentialAction":[{"@type":"SearchAction","target":{"@type":"EntryPoint","urlTemplate":"https:\/\/machineriesbst.com\/en\/?s={search_term_string}"},"query-input":"required name=search_term_string"}],"inLanguage":"en-US"},{"@type":"ImageObject","@id":"https:\/\/machineriesbst.com\/en\/catalogue\/deligneuse-multiple-mereen-johnson-modele-431\/#primaryimage","inLanguage":"en-US","url":"https:\/\/machineriesbst.com\/wp-content\/uploads\/2023\/05\/DSC_0129__800x530_.jpg","contentUrl":"https:\/\/machineriesbst.com\/wp-content\/uploads\/2023\/05\/DSC_0129__800x530_.jpg","width":800,"height":530},{"@type":"WebPage","@id":"https:\/\/machineriesbst.com\/en\/catalogue\/deligneuse-multiple-mereen-johnson-modele-431\/#webpage","url":"https:\/\/machineriesbst.com\/en\/catalogue\/deligneuse-multiple-mereen-johnson-modele-431\/","name":"D\u00e9ligneuse Multiple Mereen Johnson Mod\u00e8le 431 - Machineries BST","isPartOf":{"@id":"https:\/\/machineriesbst.com\/en\/#website"},"primaryImageOfPage":{"@id":"https:\/\/machineriesbst.com\/en\/catalogue\/deligneuse-multiple-mereen-johnson-modele-431\/#primaryimage"},"datePublished":"2023-05-09T10:16:46+00:00","dateModified":"2023-12-01T01:22:03+00:00","breadcrumb":{"@id":"https:\/\/machineriesbst.com\/en\/catalogue\/deligneuse-multiple-mereen-johnson-modele-431\/#breadcrumb"},"inLanguage":"en-US","potentialAction":[{"@type":"ReadAction","target":["https:\/\/machineriesbst.com\/en\/catalogue\/deligneuse-multiple-mereen-johnson-modele-431\/"]}]},{"@type":"BreadcrumbList","@id":"https:\/\/machineriesbst.com\/en\/catalogue\/deligneuse-multiple-mereen-johnson-modele-431\/#breadcrumb","itemListElement":[{"@type":"ListItem","position":1,"name":"Accueil","item":"https:\/\/machineriesbst.com\/en\/"},{"@type":"ListItem","position":2,"name":"Catalogue","item":"https:\/\/machineriesbst.com\/en\/catalog\/"},{"@type":"ListItem","position":3,"name":"D\u00e9ligneuse Multiple Mereen Johnson Mod\u00e8le 431"}]}]}},"_links":{"self":[{"href":"https:\/\/machineriesbst.com\/en\/wp-json\/wp\/v2\/product\/80486"}],"collection":[{"href":"https:\/\/machineriesbst.com\/en\/wp-json\/wp\/v2\/product"}],"about":[{"href":"https:\/\/machineriesbst.com\/en\/wp-json\/wp\/v2\/types\/product"}],"author":[{"embeddable":true,"href":"https:\/\/machineriesbst.com\/en\/wp-json\/wp\/v2\/users\/3"}],"replies":[{"embeddable":true,"href":"https:\/\/machineriesbst.com\/en\/wp-json\/wp\/v2\/comments?post=80486"}],"wp:featuredmedia":[{"embeddable":true,"href":"https:\/\/machineriesbst.com\/en\/wp-json\/wp\/v2\/media\/80488"}],"wp:attachment":[{"href":"https:\/\/machineriesbst.com\/en\/wp-json\/wp\/v2\/media?parent=80486"}],"wp:term":[{"taxonomy":"product_cat","embeddable":true,"href":"https:\/\/machineriesbst.com\/en\/wp-json\/wp\/v2\/product_cat?post=80486"},{"taxonomy":"product_tag","embeddable":true,"href":"https:\/\/machineriesbst.com\/en\/wp-json\/wp\/v2\/product_tag?post=80486"}],"curies":[{"name":"wp","href":"https:\/\/api.w.org\/{rel}","templated":true}]}}