{"id":80480,"date":"2023-05-09T06:02:27","date_gmt":"2023-05-09T10:02:27","guid":{"rendered":"https:\/\/machineriesbst.com\/?post_type=product&#038;p=80480"},"modified":"2023-11-30T20:22:03","modified_gmt":"2023-12-01T01:22:03","slug":"mouluriere-5-tetes-weinig-gold","status":"publish","type":"product","link":"https:\/\/machineriesbst.com\/en\/catalogue\/mouluriere-5-tetes-weinig-gold\/","title":{"rendered":"Weinig Gold 5 Head Moulder"},"content":{"rendered":"<p>Working capacity: 9-1\/16&quot; x 4-3\/4&quot;<\/p>\n<p>Motor Layout: Low 10hp, Right\/Left (shared) 10hp, High 15hp, and Low 10hp.<\/p>\n<p>Pins: Dia. 1-1\/2&quot; with 6,000 RPM rotation. Digi-set readings for left and top spindles. Readings on chipbreaker and hold downs. 7-7\/8&quot; cutting circles<\/p>\n<p>Feed: Variable speed 4 HP frequency drive with feed speeds from 18 to 85 ft\/min. Motorized outfeed roller.<\/p>\n<p>Entrance\/Tables: 2 m (6&#39;6&#39;) entrance with side pressure roller. Chrome tables Manual table lubrication pump.<\/p>\n<p>Includes: manuals, tools, spacers, wrenches and miscellaneous spare parts<\/p>\n<p>shipping: 12 (length) x 7 (width) x 7 (height)<\/p>\n<p>Weight: 6000 pounds<\/p>\n<p>ONLY 649 HOURS!!<\/p>","protected":false},"excerpt":{"rendered":"<p>Working Capacity: 9-1\/16&quot; x 4-3\/4&quot; Motor Layout: Low 10 HP, Right\/Left (shared) 10 HP, High 15 HP, and Low 10 HP. Pins: Dia. 1-1\/2&quot; with 6,000 RPM rotation. Digi-set readings for left and top spindles. Readings on chipbreaker and hold-down elements. Cutting circles 7-7\/8&quot; [\u2026]<\/p>","protected":false},"author":3,"featured_media":80482,"comment_status":"open","ping_status":"closed","template":"","meta":[],"product_cat":[125],"product_tag":[],"acf":[],"yoast_head":"<!-- This site is optimized with the Yoast SEO plugin v16.8 - https:\/\/yoast.com\/wordpress\/plugins\/seo\/ -->\n<title>Mouluri\u00e8re 5 T\u00eates Weinig Gold - Machineries BST<\/title>\n<meta name=\"robots\" content=\"index, follow, max-snippet:-1, max-image-preview:large, max-video-preview:-1\" \/>\n<link rel=\"canonical\" href=\"https:\/\/machineriesbst.com\/en\/catalogue\/mouluriere-5-tetes-weinig-gold\/\" \/>\n<meta property=\"og:locale\" content=\"en_US\" \/>\n<meta property=\"og:type\" content=\"article\" \/>\n<meta property=\"og:title\" content=\"Mouluri\u00e8re 5 T\u00eates Weinig Gold - Machineries BST\" \/>\n<meta property=\"og:description\" content=\"Capacit\u00e9 de travail : 9-1\/16&quot; x 4-3\/4&quot; Disposition du moteur : bas 10 CV, droite\/gauche (partag\u00e9) 10 CV, haut 15 CV et bas 10 CV. Broches\u00a0: Dia. 1-1\/2&quot; avec rotation \u00e0 6 000 tr\/min. Lectures Digi-set pour les broches gauche et sup\u00e9rieure. Lectures sur le brise-copeaux et les \u00e9l\u00e9ments de maintien. Cercles de coupe 7-7\/8&quot; [&hellip;]\" \/>\n<meta property=\"og:url\" content=\"https:\/\/machineriesbst.com\/en\/catalogue\/mouluriere-5-tetes-weinig-gold\/\" \/>\n<meta property=\"og:site_name\" content=\"Machineries BST\" \/>\n<meta property=\"article:modified_time\" content=\"2023-12-01T01:22:03+00:00\" \/>\n<meta property=\"og:image\" content=\"https:\/\/machineriesbst.com\/wp-content\/uploads\/2023\/05\/B-scaled.jpg\" \/>\n\t<meta property=\"og:image:width\" content=\"2560\" \/>\n\t<meta property=\"og:image:height\" content=\"1920\" \/>\n<meta name=\"twitter:card\" content=\"summary_large_image\" \/>\n<meta name=\"twitter:label1\" content=\"Est. reading time\" \/>\n\t<meta name=\"twitter:data1\" content=\"1 minute\" \/>\n<script type=\"application\/ld+json\" class=\"yoast-schema-graph\">{\"@context\":\"https:\/\/schema.org\",\"@graph\":[{\"@type\":\"WebSite\",\"@id\":\"https:\/\/machineriesbst.com\/en\/#website\",\"url\":\"https:\/\/machineriesbst.com\/en\/\",\"name\":\"Machineries BST\",\"description\":\"Machines neuves &amp; usag\\u00e9es\",\"potentialAction\":[{\"@type\":\"SearchAction\",\"target\":{\"@type\":\"EntryPoint\",\"urlTemplate\":\"https:\/\/machineriesbst.com\/en\/?s={search_term_string}\"},\"query-input\":\"required name=search_term_string\"}],\"inLanguage\":\"en-US\"},{\"@type\":\"ImageObject\",\"@id\":\"https:\/\/machineriesbst.com\/en\/catalogue\/mouluriere-5-tetes-weinig-gold\/#primaryimage\",\"inLanguage\":\"en-US\",\"url\":\"https:\/\/machineriesbst.com\/wp-content\/uploads\/2023\/05\/B-scaled.jpg\",\"contentUrl\":\"https:\/\/machineriesbst.com\/wp-content\/uploads\/2023\/05\/B-scaled.jpg\",\"width\":2560,\"height\":1920},{\"@type\":\"WebPage\",\"@id\":\"https:\/\/machineriesbst.com\/en\/catalogue\/mouluriere-5-tetes-weinig-gold\/#webpage\",\"url\":\"https:\/\/machineriesbst.com\/en\/catalogue\/mouluriere-5-tetes-weinig-gold\/\",\"name\":\"Mouluri\\u00e8re 5 T\\u00eates Weinig Gold - Machineries BST\",\"isPartOf\":{\"@id\":\"https:\/\/machineriesbst.com\/en\/#website\"},\"primaryImageOfPage\":{\"@id\":\"https:\/\/machineriesbst.com\/en\/catalogue\/mouluriere-5-tetes-weinig-gold\/#primaryimage\"},\"datePublished\":\"2023-05-09T10:02:27+00:00\",\"dateModified\":\"2023-12-01T01:22:03+00:00\",\"breadcrumb\":{\"@id\":\"https:\/\/machineriesbst.com\/en\/catalogue\/mouluriere-5-tetes-weinig-gold\/#breadcrumb\"},\"inLanguage\":\"en-US\",\"potentialAction\":[{\"@type\":\"ReadAction\",\"target\":[\"https:\/\/machineriesbst.com\/en\/catalogue\/mouluriere-5-tetes-weinig-gold\/\"]}]},{\"@type\":\"BreadcrumbList\",\"@id\":\"https:\/\/machineriesbst.com\/en\/catalogue\/mouluriere-5-tetes-weinig-gold\/#breadcrumb\",\"itemListElement\":[{\"@type\":\"ListItem\",\"position\":1,\"name\":\"Accueil\",\"item\":\"https:\/\/machineriesbst.com\/en\/\"},{\"@type\":\"ListItem\",\"position\":2,\"name\":\"Catalogue\",\"item\":\"https:\/\/machineriesbst.com\/en\/catalog\/\"},{\"@type\":\"ListItem\",\"position\":3,\"name\":\"Mouluri\\u00e8re 5 T\\u00eates Weinig Gold\"}]}]}<\/script>\n<!-- \/ Yoast SEO plugin. -->","yoast_head_json":{"title":"Mouluri\u00e8re 5 T\u00eates Weinig Gold - Machineries BST","robots":{"index":"index","follow":"follow","max-snippet":"max-snippet:-1","max-image-preview":"max-image-preview:large","max-video-preview":"max-video-preview:-1"},"canonical":"https:\/\/machineriesbst.com\/en\/catalogue\/mouluriere-5-tetes-weinig-gold\/","og_locale":"en_US","og_type":"article","og_title":"Mouluri\u00e8re 5 T\u00eates Weinig Gold - Machineries BST","og_description":"Capacit\u00e9 de travail : 9-1\/16\" x 4-3\/4\" Disposition du moteur : bas 10 CV, droite\/gauche (partag\u00e9) 10 CV, haut 15 CV et bas 10 CV. Broches\u00a0: Dia. 1-1\/2\" avec rotation \u00e0 6 000 tr\/min. Lectures Digi-set pour les broches gauche et sup\u00e9rieure. Lectures sur le brise-copeaux et les \u00e9l\u00e9ments de maintien. Cercles de coupe 7-7\/8\" [&hellip;]","og_url":"https:\/\/machineriesbst.com\/en\/catalogue\/mouluriere-5-tetes-weinig-gold\/","og_site_name":"Machineries BST","article_modified_time":"2023-12-01T01:22:03+00:00","og_image":[{"width":2560,"height":1920,"url":"https:\/\/machineriesbst.com\/wp-content\/uploads\/2023\/05\/B-scaled.jpg","path":"\/home\/jepeto\/public_html\/wp-content\/uploads\/2023\/05\/B-scaled.jpg","size":"full","id":80482,"alt":"","pixels":4915200,"type":"image\/jpeg"}],"twitter_card":"summary_large_image","twitter_misc":{"Est. reading time":"1 minute"},"schema":{"@context":"https:\/\/schema.org","@graph":[{"@type":"WebSite","@id":"https:\/\/machineriesbst.com\/en\/#website","url":"https:\/\/machineriesbst.com\/en\/","name":"Machineries BST","description":"Machines neuves &amp; usag\u00e9es","potentialAction":[{"@type":"SearchAction","target":{"@type":"EntryPoint","urlTemplate":"https:\/\/machineriesbst.com\/en\/?s={search_term_string}"},"query-input":"required name=search_term_string"}],"inLanguage":"en-US"},{"@type":"ImageObject","@id":"https:\/\/machineriesbst.com\/en\/catalogue\/mouluriere-5-tetes-weinig-gold\/#primaryimage","inLanguage":"en-US","url":"https:\/\/machineriesbst.com\/wp-content\/uploads\/2023\/05\/B-scaled.jpg","contentUrl":"https:\/\/machineriesbst.com\/wp-content\/uploads\/2023\/05\/B-scaled.jpg","width":2560,"height":1920},{"@type":"WebPage","@id":"https:\/\/machineriesbst.com\/en\/catalogue\/mouluriere-5-tetes-weinig-gold\/#webpage","url":"https:\/\/machineriesbst.com\/en\/catalogue\/mouluriere-5-tetes-weinig-gold\/","name":"Mouluri\u00e8re 5 T\u00eates Weinig Gold - Machineries BST","isPartOf":{"@id":"https:\/\/machineriesbst.com\/en\/#website"},"primaryImageOfPage":{"@id":"https:\/\/machineriesbst.com\/en\/catalogue\/mouluriere-5-tetes-weinig-gold\/#primaryimage"},"datePublished":"2023-05-09T10:02:27+00:00","dateModified":"2023-12-01T01:22:03+00:00","breadcrumb":{"@id":"https:\/\/machineriesbst.com\/en\/catalogue\/mouluriere-5-tetes-weinig-gold\/#breadcrumb"},"inLanguage":"en-US","potentialAction":[{"@type":"ReadAction","target":["https:\/\/machineriesbst.com\/en\/catalogue\/mouluriere-5-tetes-weinig-gold\/"]}]},{"@type":"BreadcrumbList","@id":"https:\/\/machineriesbst.com\/en\/catalogue\/mouluriere-5-tetes-weinig-gold\/#breadcrumb","itemListElement":[{"@type":"ListItem","position":1,"name":"Accueil","item":"https:\/\/machineriesbst.com\/en\/"},{"@type":"ListItem","position":2,"name":"Catalogue","item":"https:\/\/machineriesbst.com\/en\/catalog\/"},{"@type":"ListItem","position":3,"name":"Mouluri\u00e8re 5 T\u00eates Weinig Gold"}]}]}},"_links":{"self":[{"href":"https:\/\/machineriesbst.com\/en\/wp-json\/wp\/v2\/product\/80480"}],"collection":[{"href":"https:\/\/machineriesbst.com\/en\/wp-json\/wp\/v2\/product"}],"about":[{"href":"https:\/\/machineriesbst.com\/en\/wp-json\/wp\/v2\/types\/product"}],"author":[{"embeddable":true,"href":"https:\/\/machineriesbst.com\/en\/wp-json\/wp\/v2\/users\/3"}],"replies":[{"embeddable":true,"href":"https:\/\/machineriesbst.com\/en\/wp-json\/wp\/v2\/comments?post=80480"}],"wp:featuredmedia":[{"embeddable":true,"href":"https:\/\/machineriesbst.com\/en\/wp-json\/wp\/v2\/media\/80482"}],"wp:attachment":[{"href":"https:\/\/machineriesbst.com\/en\/wp-json\/wp\/v2\/media?parent=80480"}],"wp:term":[{"taxonomy":"product_cat","embeddable":true,"href":"https:\/\/machineriesbst.com\/en\/wp-json\/wp\/v2\/product_cat?post=80480"},{"taxonomy":"product_tag","embeddable":true,"href":"https:\/\/machineriesbst.com\/en\/wp-json\/wp\/v2\/product_tag?post=80480"}],"curies":[{"name":"wp","href":"https:\/\/api.w.org\/{rel}","templated":true}]}}