{"id":80275,"date":"2023-04-25T13:21:18","date_gmt":"2023-04-25T17:21:18","guid":{"rendered":"https:\/\/machineriesbst.com\/?post_type=product&#038;p=80275"},"modified":"2023-11-30T20:22:03","modified_gmt":"2023-12-01T01:22:03","slug":"depoussiereur-belfab-40hp-pultion","status":"publish","type":"product","link":"https:\/\/machineriesbst.com\/en\/catalogue\/depoussiereur-belfab-40hp-pultion\/","title":{"rendered":"Belfab 40HP Pultion Dust Collector"},"content":{"rendered":"<p>Complete 40 HP Pulse dust collector with container loading. Can take up to 18,000 CFM.<\/p>\n<p>Explosion-proof door, 21-inch fan, 10,000 CFM, 169 6&quot; x 10&#39; pockets with cages. 13 goyenne valves. Rotary valve. Non-return valve. Fire cut-out, flame front detector, ladder and walkway .1 sequencer, 1 access door, sprinkler heads. temperature detector. soft start,.<\/p>","protected":false},"excerpt":{"rendered":"<p>Complete 40 HP Pulse dust collector with container loading. Can take up to 18,000 CFM. Explosion-proof door, 21-inch fan, 10,000 CFM, 169 6&quot; x 10&#39; pockets with cages. 13 goyenne valves. Rotary valve. Non-return valve. Fire cut-out, flame front detector, ladder and walkway .1 sequencer, 1 access door, sprinkler heads. temperature detector. soft start,.<\/p>","protected":false},"author":3,"featured_media":80292,"comment_status":"open","ping_status":"closed","template":"","meta":[],"product_cat":[320,3036],"product_tag":[],"acf":[],"yoast_head":"<!-- This site is optimized with the Yoast SEO plugin v16.8 - https:\/\/yoast.com\/wordpress\/plugins\/seo\/ -->\n<title>D\u00e9poussi\u00e9reur Belfab 40HP Pultion - Machineries BST<\/title>\n<meta name=\"robots\" content=\"index, follow, max-snippet:-1, max-image-preview:large, max-video-preview:-1\" \/>\n<link rel=\"canonical\" href=\"https:\/\/machineriesbst.com\/en\/catalogue\/depoussiereur-belfab-40hp-pultion\/\" \/>\n<meta property=\"og:locale\" content=\"en_US\" \/>\n<meta property=\"og:type\" content=\"article\" \/>\n<meta property=\"og:title\" content=\"D\u00e9poussi\u00e9reur Belfab 40HP Pultion - Machineries BST\" \/>\n<meta property=\"og:description\" content=\"D\u00e9poussi\u00e9reur complet\u00a0 \u00e0 Pulse de 40 HP avec chargement de conteneur . Peu prendre jusqu&#039;a 18,000 CFM . Porte anti-explosion ,Ventilateur de 21 pouces .10,000 CFM ,169 poches de 6&quot; x 10&#039; avec cages.13 valves goyenne..Valve rotative .Clapet Anti-retour..Coupe feu,d\u00e9tecteur de front de flamme, \u00e9chelle et passerelle.1 s\u00e9canceur,1 porte d&#039;acc\u00e8s,T\u00eates de gicleurs.d\u00e9decteur de temp\u00e9rature.soft start,.\" \/>\n<meta property=\"og:url\" content=\"https:\/\/machineriesbst.com\/en\/catalogue\/depoussiereur-belfab-40hp-pultion\/\" \/>\n<meta property=\"og:site_name\" content=\"Machineries BST\" \/>\n<meta property=\"article:modified_time\" content=\"2023-12-01T01:22:03+00:00\" \/>\n<meta property=\"og:image\" content=\"https:\/\/machineriesbst.com\/wp-content\/uploads\/2023\/04\/IMG_5131.jpg\" \/>\n\t<meta property=\"og:image:width\" content=\"480\" \/>\n\t<meta property=\"og:image:height\" content=\"640\" \/>\n<meta name=\"twitter:card\" content=\"summary_large_image\" \/>\n<script type=\"application\/ld+json\" class=\"yoast-schema-graph\">{\"@context\":\"https:\/\/schema.org\",\"@graph\":[{\"@type\":\"WebSite\",\"@id\":\"https:\/\/machineriesbst.com\/en\/#website\",\"url\":\"https:\/\/machineriesbst.com\/en\/\",\"name\":\"Machineries BST\",\"description\":\"Machines neuves &amp; usag\\u00e9es\",\"potentialAction\":[{\"@type\":\"SearchAction\",\"target\":{\"@type\":\"EntryPoint\",\"urlTemplate\":\"https:\/\/machineriesbst.com\/en\/?s={search_term_string}\"},\"query-input\":\"required name=search_term_string\"}],\"inLanguage\":\"en-US\"},{\"@type\":\"ImageObject\",\"@id\":\"https:\/\/machineriesbst.com\/en\/catalogue\/depoussiereur-belfab-40hp-pultion\/#primaryimage\",\"inLanguage\":\"en-US\",\"url\":\"https:\/\/machineriesbst.com\/wp-content\/uploads\/2023\/04\/IMG_5131.jpg\",\"contentUrl\":\"https:\/\/machineriesbst.com\/wp-content\/uploads\/2023\/04\/IMG_5131.jpg\",\"width\":480,\"height\":640},{\"@type\":\"WebPage\",\"@id\":\"https:\/\/machineriesbst.com\/en\/catalogue\/depoussiereur-belfab-40hp-pultion\/#webpage\",\"url\":\"https:\/\/machineriesbst.com\/en\/catalogue\/depoussiereur-belfab-40hp-pultion\/\",\"name\":\"D\\u00e9poussi\\u00e9reur Belfab 40HP Pultion - Machineries BST\",\"isPartOf\":{\"@id\":\"https:\/\/machineriesbst.com\/en\/#website\"},\"primaryImageOfPage\":{\"@id\":\"https:\/\/machineriesbst.com\/en\/catalogue\/depoussiereur-belfab-40hp-pultion\/#primaryimage\"},\"datePublished\":\"2023-04-25T17:21:18+00:00\",\"dateModified\":\"2023-12-01T01:22:03+00:00\",\"breadcrumb\":{\"@id\":\"https:\/\/machineriesbst.com\/en\/catalogue\/depoussiereur-belfab-40hp-pultion\/#breadcrumb\"},\"inLanguage\":\"en-US\",\"potentialAction\":[{\"@type\":\"ReadAction\",\"target\":[\"https:\/\/machineriesbst.com\/en\/catalogue\/depoussiereur-belfab-40hp-pultion\/\"]}]},{\"@type\":\"BreadcrumbList\",\"@id\":\"https:\/\/machineriesbst.com\/en\/catalogue\/depoussiereur-belfab-40hp-pultion\/#breadcrumb\",\"itemListElement\":[{\"@type\":\"ListItem\",\"position\":1,\"name\":\"Accueil\",\"item\":\"https:\/\/machineriesbst.com\/en\/\"},{\"@type\":\"ListItem\",\"position\":2,\"name\":\"Catalogue\",\"item\":\"https:\/\/machineriesbst.com\/en\/catalog\/\"},{\"@type\":\"ListItem\",\"position\":3,\"name\":\"D\\u00e9poussi\\u00e9reur Belfab 40HP Pultion\"}]}]}<\/script>\n<!-- \/ Yoast SEO plugin. -->","yoast_head_json":{"title":"D\u00e9poussi\u00e9reur Belfab 40HP Pultion - Machineries BST","robots":{"index":"index","follow":"follow","max-snippet":"max-snippet:-1","max-image-preview":"max-image-preview:large","max-video-preview":"max-video-preview:-1"},"canonical":"https:\/\/machineriesbst.com\/en\/catalogue\/depoussiereur-belfab-40hp-pultion\/","og_locale":"en_US","og_type":"article","og_title":"D\u00e9poussi\u00e9reur Belfab 40HP Pultion - Machineries BST","og_description":"D\u00e9poussi\u00e9reur complet\u00a0 \u00e0 Pulse de 40 HP avec chargement de conteneur . Peu prendre jusqu'a 18,000 CFM . Porte anti-explosion ,Ventilateur de 21 pouces .10,000 CFM ,169 poches de 6\" x 10' avec cages.13 valves goyenne..Valve rotative .Clapet Anti-retour..Coupe feu,d\u00e9tecteur de front de flamme, \u00e9chelle et passerelle.1 s\u00e9canceur,1 porte d'acc\u00e8s,T\u00eates de gicleurs.d\u00e9decteur de temp\u00e9rature.soft start,.","og_url":"https:\/\/machineriesbst.com\/en\/catalogue\/depoussiereur-belfab-40hp-pultion\/","og_site_name":"Machineries BST","article_modified_time":"2023-12-01T01:22:03+00:00","og_image":[{"width":480,"height":640,"url":"https:\/\/machineriesbst.com\/wp-content\/uploads\/2023\/04\/IMG_5131.jpg","path":"\/home\/jepeto\/public_html\/wp-content\/uploads\/2023\/04\/IMG_5131.jpg","size":"full","id":80292,"alt":"","pixels":307200,"type":"image\/jpeg"}],"twitter_card":"summary_large_image","schema":{"@context":"https:\/\/schema.org","@graph":[{"@type":"WebSite","@id":"https:\/\/machineriesbst.com\/en\/#website","url":"https:\/\/machineriesbst.com\/en\/","name":"Machineries BST","description":"Machines neuves &amp; usag\u00e9es","potentialAction":[{"@type":"SearchAction","target":{"@type":"EntryPoint","urlTemplate":"https:\/\/machineriesbst.com\/en\/?s={search_term_string}"},"query-input":"required name=search_term_string"}],"inLanguage":"en-US"},{"@type":"ImageObject","@id":"https:\/\/machineriesbst.com\/en\/catalogue\/depoussiereur-belfab-40hp-pultion\/#primaryimage","inLanguage":"en-US","url":"https:\/\/machineriesbst.com\/wp-content\/uploads\/2023\/04\/IMG_5131.jpg","contentUrl":"https:\/\/machineriesbst.com\/wp-content\/uploads\/2023\/04\/IMG_5131.jpg","width":480,"height":640},{"@type":"WebPage","@id":"https:\/\/machineriesbst.com\/en\/catalogue\/depoussiereur-belfab-40hp-pultion\/#webpage","url":"https:\/\/machineriesbst.com\/en\/catalogue\/depoussiereur-belfab-40hp-pultion\/","name":"D\u00e9poussi\u00e9reur Belfab 40HP Pultion - Machineries BST","isPartOf":{"@id":"https:\/\/machineriesbst.com\/en\/#website"},"primaryImageOfPage":{"@id":"https:\/\/machineriesbst.com\/en\/catalogue\/depoussiereur-belfab-40hp-pultion\/#primaryimage"},"datePublished":"2023-04-25T17:21:18+00:00","dateModified":"2023-12-01T01:22:03+00:00","breadcrumb":{"@id":"https:\/\/machineriesbst.com\/en\/catalogue\/depoussiereur-belfab-40hp-pultion\/#breadcrumb"},"inLanguage":"en-US","potentialAction":[{"@type":"ReadAction","target":["https:\/\/machineriesbst.com\/en\/catalogue\/depoussiereur-belfab-40hp-pultion\/"]}]},{"@type":"BreadcrumbList","@id":"https:\/\/machineriesbst.com\/en\/catalogue\/depoussiereur-belfab-40hp-pultion\/#breadcrumb","itemListElement":[{"@type":"ListItem","position":1,"name":"Accueil","item":"https:\/\/machineriesbst.com\/en\/"},{"@type":"ListItem","position":2,"name":"Catalogue","item":"https:\/\/machineriesbst.com\/en\/catalog\/"},{"@type":"ListItem","position":3,"name":"D\u00e9poussi\u00e9reur Belfab 40HP Pultion"}]}]}},"_links":{"self":[{"href":"https:\/\/machineriesbst.com\/en\/wp-json\/wp\/v2\/product\/80275"}],"collection":[{"href":"https:\/\/machineriesbst.com\/en\/wp-json\/wp\/v2\/product"}],"about":[{"href":"https:\/\/machineriesbst.com\/en\/wp-json\/wp\/v2\/types\/product"}],"author":[{"embeddable":true,"href":"https:\/\/machineriesbst.com\/en\/wp-json\/wp\/v2\/users\/3"}],"replies":[{"embeddable":true,"href":"https:\/\/machineriesbst.com\/en\/wp-json\/wp\/v2\/comments?post=80275"}],"wp:featuredmedia":[{"embeddable":true,"href":"https:\/\/machineriesbst.com\/en\/wp-json\/wp\/v2\/media\/80292"}],"wp:attachment":[{"href":"https:\/\/machineriesbst.com\/en\/wp-json\/wp\/v2\/media?parent=80275"}],"wp:term":[{"taxonomy":"product_cat","embeddable":true,"href":"https:\/\/machineriesbst.com\/en\/wp-json\/wp\/v2\/product_cat?post=80275"},{"taxonomy":"product_tag","embeddable":true,"href":"https:\/\/machineriesbst.com\/en\/wp-json\/wp\/v2\/product_tag?post=80275"}],"curies":[{"name":"wp","href":"https:\/\/api.w.org\/{rel}","templated":true}]}}