{"id":78925,"date":"2023-02-10T08:26:12","date_gmt":"2023-02-10T13:26:12","guid":{"rendered":"https:\/\/machineriesbst.com\/?post_type=product&#038;p=78925"},"modified":"2023-11-30T20:22:03","modified_gmt":"2023-12-01T01:22:03","slug":"78925","status":"publish","type":"product","link":"https:\/\/machineriesbst.com\/en\/catalogue\/78925\/","title":{"rendered":"Saw Optimizer Opticut S 90"},"content":{"rendered":"<p>Saw Optimize<br \/>\nIncoming lengths up to 248&quot; (20&#39;)<br \/>\nWidths 3\/4&quot; Min to 14-1\/4&quot; Max . Thickness 3\/8&quot; Min to 4&quot; Max<br \/>\nAutomatic length cut: 800 lengths spread over 16 cut lists can be stored.<br \/>\n10HP saw motor. Saw blade diameter 20-1\/2&quot;<br \/>\nPivoting positioning plunger with laser photocell for automatic length detection<br \/>\nSide pressure unit for more dynamic positioning and rectangular cut<br \/>\nFeed speed up to 393&#39;\/min. Return stroke speed up to 787&#39;\/min.<br \/>\nPrecision assembly for pusher positioning +\/- 0.1 mm<br \/>\nAutomatic start after inserting coins<\/p>\n<p>Output conveyor \/ Sorting station with 25&#39; drive unit<br \/>\nTwo (2) pneumatic kicks<\/p>","protected":false},"excerpt":{"rendered":"<p>Saw Optimize Incoming lengths up to 248&quot; (20&#39;) Widths 3\/4&quot; Min to 14-1\/4&quot; Max . Thickness 3\/8&quot; Min to 4&quot; Max Automatic length cutting: 800 lengths distributed on 16 lists of cut can be stored 10HP saw motor 20-1\/2&quot; saw blade diameter Pivoting positioning pusher with photocell [\u2026]<\/p>","protected":false},"author":3,"featured_media":78932,"comment_status":"open","ping_status":"closed","template":"","meta":[],"product_cat":[214,3074],"product_tag":[],"acf":[],"yoast_head":"<!-- This site is optimized with the Yoast SEO plugin v16.8 - https:\/\/yoast.com\/wordpress\/plugins\/seo\/ -->\n<title>Scie Optimiser Opticut S 90 - Machineries BST<\/title>\n<meta name=\"robots\" content=\"index, follow, max-snippet:-1, max-image-preview:large, max-video-preview:-1\" \/>\n<link rel=\"canonical\" href=\"https:\/\/machineriesbst.com\/en\/catalogue\/78925\/\" \/>\n<meta property=\"og:locale\" content=\"en_US\" \/>\n<meta property=\"og:type\" content=\"article\" \/>\n<meta property=\"og:title\" content=\"Scie Optimiser Opticut S 90 - Machineries BST\" \/>\n<meta property=\"og:description\" content=\"Scie Optimiser Longueurs entrantes jusqu&#039;\u00e0 248&quot; (20&#039;) Largeurs 3\/4&quot; Min \u00e0 14-1\/4&quot; Max . \u00c9paisseur 3\/8&quot; Min \u00e0 4&quot; Max Coupe de longueur automatique : 800 longueurs r\u00e9parties sur 16 listes de coupe peuvent \u00eatre stock\u00e9es. Moteur de scie 10HP . Diam\u00e8tre de la lame de scie 20-1\/2&quot; Poussoir de positionnement pivotant avec cellule photo\u00e9lectrique [&hellip;]\" \/>\n<meta property=\"og:url\" content=\"https:\/\/machineriesbst.com\/en\/catalogue\/78925\/\" \/>\n<meta property=\"og:site_name\" content=\"Machineries BST\" \/>\n<meta property=\"article:modified_time\" content=\"2023-12-01T01:22:03+00:00\" \/>\n<meta property=\"og:image\" content=\"https:\/\/machineriesbst.com\/wp-content\/uploads\/2023\/02\/get_image_cached-27.jpg\" \/>\n\t<meta property=\"og:image:width\" content=\"800\" \/>\n\t<meta property=\"og:image:height\" content=\"533\" \/>\n<meta name=\"twitter:card\" content=\"summary_large_image\" \/>\n<meta name=\"twitter:label1\" content=\"Est. reading time\" \/>\n\t<meta name=\"twitter:data1\" content=\"1 minute\" \/>\n<script type=\"application\/ld+json\" class=\"yoast-schema-graph\">{\"@context\":\"https:\/\/schema.org\",\"@graph\":[{\"@type\":\"WebSite\",\"@id\":\"https:\/\/machineriesbst.com\/en\/#website\",\"url\":\"https:\/\/machineriesbst.com\/en\/\",\"name\":\"Machineries BST\",\"description\":\"Machines neuves &amp; usag\\u00e9es\",\"potentialAction\":[{\"@type\":\"SearchAction\",\"target\":{\"@type\":\"EntryPoint\",\"urlTemplate\":\"https:\/\/machineriesbst.com\/en\/?s={search_term_string}\"},\"query-input\":\"required name=search_term_string\"}],\"inLanguage\":\"en-US\"},{\"@type\":\"ImageObject\",\"@id\":\"https:\/\/machineriesbst.com\/en\/catalogue\/78925\/#primaryimage\",\"inLanguage\":\"en-US\",\"url\":\"https:\/\/machineriesbst.com\/wp-content\/uploads\/2023\/02\/get_image_cached-27.jpg\",\"contentUrl\":\"https:\/\/machineriesbst.com\/wp-content\/uploads\/2023\/02\/get_image_cached-27.jpg\",\"width\":800,\"height\":533},{\"@type\":\"WebPage\",\"@id\":\"https:\/\/machineriesbst.com\/en\/catalogue\/78925\/#webpage\",\"url\":\"https:\/\/machineriesbst.com\/en\/catalogue\/78925\/\",\"name\":\"Scie Optimiser Opticut S 90 - Machineries BST\",\"isPartOf\":{\"@id\":\"https:\/\/machineriesbst.com\/en\/#website\"},\"primaryImageOfPage\":{\"@id\":\"https:\/\/machineriesbst.com\/en\/catalogue\/78925\/#primaryimage\"},\"datePublished\":\"2023-02-10T13:26:12+00:00\",\"dateModified\":\"2023-12-01T01:22:03+00:00\",\"breadcrumb\":{\"@id\":\"https:\/\/machineriesbst.com\/en\/catalogue\/78925\/#breadcrumb\"},\"inLanguage\":\"en-US\",\"potentialAction\":[{\"@type\":\"ReadAction\",\"target\":[\"https:\/\/machineriesbst.com\/en\/catalogue\/78925\/\"]}]},{\"@type\":\"BreadcrumbList\",\"@id\":\"https:\/\/machineriesbst.com\/en\/catalogue\/78925\/#breadcrumb\",\"itemListElement\":[{\"@type\":\"ListItem\",\"position\":1,\"name\":\"Accueil\",\"item\":\"https:\/\/machineriesbst.com\/en\/\"},{\"@type\":\"ListItem\",\"position\":2,\"name\":\"Catalogue\",\"item\":\"https:\/\/machineriesbst.com\/en\/catalog\/\"},{\"@type\":\"ListItem\",\"position\":3,\"name\":\"Scie Optimiser Opticut S 90\"}]}]}<\/script>\n<!-- \/ Yoast SEO plugin. -->","yoast_head_json":{"title":"Scie Optimiser Opticut S 90 - Machineries BST","robots":{"index":"index","follow":"follow","max-snippet":"max-snippet:-1","max-image-preview":"max-image-preview:large","max-video-preview":"max-video-preview:-1"},"canonical":"https:\/\/machineriesbst.com\/en\/catalogue\/78925\/","og_locale":"en_US","og_type":"article","og_title":"Scie Optimiser Opticut S 90 - Machineries BST","og_description":"Scie Optimiser Longueurs entrantes jusqu'\u00e0 248\" (20') Largeurs 3\/4\" Min \u00e0 14-1\/4\" Max . \u00c9paisseur 3\/8\" Min \u00e0 4\" Max Coupe de longueur automatique : 800 longueurs r\u00e9parties sur 16 listes de coupe peuvent \u00eatre stock\u00e9es. Moteur de scie 10HP . Diam\u00e8tre de la lame de scie 20-1\/2\" Poussoir de positionnement pivotant avec cellule photo\u00e9lectrique [&hellip;]","og_url":"https:\/\/machineriesbst.com\/en\/catalogue\/78925\/","og_site_name":"Machineries BST","article_modified_time":"2023-12-01T01:22:03+00:00","og_image":[{"width":800,"height":533,"url":"https:\/\/machineriesbst.com\/wp-content\/uploads\/2023\/02\/get_image_cached-27.jpg","path":"\/home\/jepeto\/public_html\/wp-content\/uploads\/2023\/02\/get_image_cached-27.jpg","size":"full","id":78932,"alt":"","pixels":426400,"type":"image\/jpeg"}],"twitter_card":"summary_large_image","twitter_misc":{"Est. reading time":"1 minute"},"schema":{"@context":"https:\/\/schema.org","@graph":[{"@type":"WebSite","@id":"https:\/\/machineriesbst.com\/en\/#website","url":"https:\/\/machineriesbst.com\/en\/","name":"Machineries BST","description":"Machines neuves &amp; usag\u00e9es","potentialAction":[{"@type":"SearchAction","target":{"@type":"EntryPoint","urlTemplate":"https:\/\/machineriesbst.com\/en\/?s={search_term_string}"},"query-input":"required name=search_term_string"}],"inLanguage":"en-US"},{"@type":"ImageObject","@id":"https:\/\/machineriesbst.com\/en\/catalogue\/78925\/#primaryimage","inLanguage":"en-US","url":"https:\/\/machineriesbst.com\/wp-content\/uploads\/2023\/02\/get_image_cached-27.jpg","contentUrl":"https:\/\/machineriesbst.com\/wp-content\/uploads\/2023\/02\/get_image_cached-27.jpg","width":800,"height":533},{"@type":"WebPage","@id":"https:\/\/machineriesbst.com\/en\/catalogue\/78925\/#webpage","url":"https:\/\/machineriesbst.com\/en\/catalogue\/78925\/","name":"Scie Optimiser Opticut S 90 - Machineries BST","isPartOf":{"@id":"https:\/\/machineriesbst.com\/en\/#website"},"primaryImageOfPage":{"@id":"https:\/\/machineriesbst.com\/en\/catalogue\/78925\/#primaryimage"},"datePublished":"2023-02-10T13:26:12+00:00","dateModified":"2023-12-01T01:22:03+00:00","breadcrumb":{"@id":"https:\/\/machineriesbst.com\/en\/catalogue\/78925\/#breadcrumb"},"inLanguage":"en-US","potentialAction":[{"@type":"ReadAction","target":["https:\/\/machineriesbst.com\/en\/catalogue\/78925\/"]}]},{"@type":"BreadcrumbList","@id":"https:\/\/machineriesbst.com\/en\/catalogue\/78925\/#breadcrumb","itemListElement":[{"@type":"ListItem","position":1,"name":"Accueil","item":"https:\/\/machineriesbst.com\/en\/"},{"@type":"ListItem","position":2,"name":"Catalogue","item":"https:\/\/machineriesbst.com\/en\/catalog\/"},{"@type":"ListItem","position":3,"name":"Scie Optimiser Opticut S 90"}]}]}},"_links":{"self":[{"href":"https:\/\/machineriesbst.com\/en\/wp-json\/wp\/v2\/product\/78925"}],"collection":[{"href":"https:\/\/machineriesbst.com\/en\/wp-json\/wp\/v2\/product"}],"about":[{"href":"https:\/\/machineriesbst.com\/en\/wp-json\/wp\/v2\/types\/product"}],"author":[{"embeddable":true,"href":"https:\/\/machineriesbst.com\/en\/wp-json\/wp\/v2\/users\/3"}],"replies":[{"embeddable":true,"href":"https:\/\/machineriesbst.com\/en\/wp-json\/wp\/v2\/comments?post=78925"}],"wp:featuredmedia":[{"embeddable":true,"href":"https:\/\/machineriesbst.com\/en\/wp-json\/wp\/v2\/media\/78932"}],"wp:attachment":[{"href":"https:\/\/machineriesbst.com\/en\/wp-json\/wp\/v2\/media?parent=78925"}],"wp:term":[{"taxonomy":"product_cat","embeddable":true,"href":"https:\/\/machineriesbst.com\/en\/wp-json\/wp\/v2\/product_cat?post=78925"},{"taxonomy":"product_tag","embeddable":true,"href":"https:\/\/machineriesbst.com\/en\/wp-json\/wp\/v2\/product_tag?post=78925"}],"curies":[{"name":"wp","href":"https:\/\/api.w.org\/{rel}","templated":true}]}}