{"id":78819,"date":"2023-01-27T12:54:08","date_gmt":"2023-01-27T17:54:08","guid":{"rendered":"https:\/\/machineriesbst.com\/?post_type=product&#038;p=78819"},"modified":"2023-11-30T20:22:04","modified_gmt":"2023-12-01T01:22:04","slug":"mouluriere-a-cinq-tetes-weinig-modele-u23e","status":"publish","type":"product","link":"https:\/\/machineriesbst.com\/en\/catalogue\/mouluriere-a-cinq-tetes-weinig-modele-u23e\/","title":{"rendered":"Weinig Model U23E Five Head Moulder"},"content":{"rendered":"<p>Weinig Model U23E Five Head Moulder<\/p>\n<p>Capacity: 9&quot; x 5&quot;<br \/>\nSpindle Diameters: 1-13\/16&quot;<br \/>\nPin Configuration: Down - 10 HP, Right\/Left - 20 HP, Up - 20 HP, Down - 15 HP<br \/>\nFeed motor: 5 HP<br \/>\nVariable speed feed<br \/>\n78&quot; feed table<br \/>\nSound\/safety enclosure<br \/>\nPrice information and additional photos on request.<br \/>\nThis item is part of an establishment liquidation. The buyer will be responsible for moving costs and arrangements.<\/p>\n<p>&nbsp;<\/p>","protected":false},"excerpt":{"rendered":"<p>Weinig Model U23E Five Head Moulder Capacity: 9&quot; x 5&quot; Spindle Diameters: 1-13\/16&quot; Spindle Configuration: Bottom - 10 HP, Right\/Left - 20 HP, Top - 20 HP, Bottom - 15 HP Feed Motor: 5 HP Variable Speed Feed 78&quot; Feed Table Sound\/Safety Enclosure Pricing information and additional photos on [\u2026]<\/p>","protected":false},"author":3,"featured_media":78820,"comment_status":"open","ping_status":"closed","template":"","meta":[],"product_cat":[125],"product_tag":[],"acf":[],"yoast_head":"<!-- This site is optimized with the Yoast SEO plugin v16.8 - https:\/\/yoast.com\/wordpress\/plugins\/seo\/ -->\n<title>Mouluri\u00e8re \u00e0 cinq t\u00eates Weinig mod\u00e8le U23E - Machineries BST<\/title>\n<meta name=\"robots\" content=\"index, follow, max-snippet:-1, max-image-preview:large, max-video-preview:-1\" \/>\n<link rel=\"canonical\" href=\"https:\/\/machineriesbst.com\/en\/catalogue\/mouluriere-a-cinq-tetes-weinig-modele-u23e\/\" \/>\n<meta property=\"og:locale\" content=\"en_US\" \/>\n<meta property=\"og:type\" content=\"article\" \/>\n<meta property=\"og:title\" content=\"Mouluri\u00e8re \u00e0 cinq t\u00eates Weinig mod\u00e8le U23E - Machineries BST\" \/>\n<meta property=\"og:description\" content=\"Mouluri\u00e8re \u00e0 cinq t\u00eates Weinig mod\u00e8le U23E Capacit\u00e9 : 9&quot; x\u00a0 5&quot; Diam\u00e8tres de broche : 1-13\/16&quot; Configuration de la broche\u00a0: Bas - 10\u00a0HP, Droite\/Gauche - 20\u00a0HP, Haut - 20\u00a0HP, Bas - 15\u00a0HP Moteur d&#039;alimentation : 5 HP Alimentation \u00e0 vitesse variable Table d&#039;alimentation de 78&quot; Enceinte sonore\/de s\u00e9curit\u00e9 Prix information et photos suppl\u00e9mentaire sur [&hellip;]\" \/>\n<meta property=\"og:url\" content=\"https:\/\/machineriesbst.com\/en\/catalogue\/mouluriere-a-cinq-tetes-weinig-modele-u23e\/\" \/>\n<meta property=\"og:site_name\" content=\"Machineries BST\" \/>\n<meta property=\"article:modified_time\" content=\"2023-12-01T01:22:04+00:00\" \/>\n<meta property=\"og:image\" content=\"https:\/\/machineriesbst.com\/wp-content\/uploads\/2023\/01\/w1.jpg\" \/>\n\t<meta property=\"og:image:width\" content=\"800\" \/>\n\t<meta property=\"og:image:height\" content=\"600\" \/>\n<meta name=\"twitter:card\" content=\"summary_large_image\" \/>\n<script type=\"application\/ld+json\" class=\"yoast-schema-graph\">{\"@context\":\"https:\/\/schema.org\",\"@graph\":[{\"@type\":\"WebSite\",\"@id\":\"https:\/\/machineriesbst.com\/en\/#website\",\"url\":\"https:\/\/machineriesbst.com\/en\/\",\"name\":\"Machineries BST\",\"description\":\"Machines neuves &amp; usag\\u00e9es\",\"potentialAction\":[{\"@type\":\"SearchAction\",\"target\":{\"@type\":\"EntryPoint\",\"urlTemplate\":\"https:\/\/machineriesbst.com\/en\/?s={search_term_string}\"},\"query-input\":\"required name=search_term_string\"}],\"inLanguage\":\"en-US\"},{\"@type\":\"ImageObject\",\"@id\":\"https:\/\/machineriesbst.com\/en\/catalogue\/mouluriere-a-cinq-tetes-weinig-modele-u23e\/#primaryimage\",\"inLanguage\":\"en-US\",\"url\":\"https:\/\/machineriesbst.com\/wp-content\/uploads\/2023\/01\/w1.jpg\",\"contentUrl\":\"https:\/\/machineriesbst.com\/wp-content\/uploads\/2023\/01\/w1.jpg\",\"width\":800,\"height\":600},{\"@type\":\"WebPage\",\"@id\":\"https:\/\/machineriesbst.com\/en\/catalogue\/mouluriere-a-cinq-tetes-weinig-modele-u23e\/#webpage\",\"url\":\"https:\/\/machineriesbst.com\/en\/catalogue\/mouluriere-a-cinq-tetes-weinig-modele-u23e\/\",\"name\":\"Mouluri\\u00e8re \\u00e0 cinq t\\u00eates Weinig mod\\u00e8le U23E - Machineries BST\",\"isPartOf\":{\"@id\":\"https:\/\/machineriesbst.com\/en\/#website\"},\"primaryImageOfPage\":{\"@id\":\"https:\/\/machineriesbst.com\/en\/catalogue\/mouluriere-a-cinq-tetes-weinig-modele-u23e\/#primaryimage\"},\"datePublished\":\"2023-01-27T17:54:08+00:00\",\"dateModified\":\"2023-12-01T01:22:04+00:00\",\"breadcrumb\":{\"@id\":\"https:\/\/machineriesbst.com\/en\/catalogue\/mouluriere-a-cinq-tetes-weinig-modele-u23e\/#breadcrumb\"},\"inLanguage\":\"en-US\",\"potentialAction\":[{\"@type\":\"ReadAction\",\"target\":[\"https:\/\/machineriesbst.com\/en\/catalogue\/mouluriere-a-cinq-tetes-weinig-modele-u23e\/\"]}]},{\"@type\":\"BreadcrumbList\",\"@id\":\"https:\/\/machineriesbst.com\/en\/catalogue\/mouluriere-a-cinq-tetes-weinig-modele-u23e\/#breadcrumb\",\"itemListElement\":[{\"@type\":\"ListItem\",\"position\":1,\"name\":\"Accueil\",\"item\":\"https:\/\/machineriesbst.com\/en\/\"},{\"@type\":\"ListItem\",\"position\":2,\"name\":\"Catalogue\",\"item\":\"https:\/\/machineriesbst.com\/en\/catalog\/\"},{\"@type\":\"ListItem\",\"position\":3,\"name\":\"Mouluri\\u00e8re \\u00e0 cinq t\\u00eates Weinig mod\\u00e8le U23E\"}]}]}<\/script>\n<!-- \/ Yoast SEO plugin. -->","yoast_head_json":{"title":"Mouluri\u00e8re \u00e0 cinq t\u00eates Weinig mod\u00e8le U23E - Machineries BST","robots":{"index":"index","follow":"follow","max-snippet":"max-snippet:-1","max-image-preview":"max-image-preview:large","max-video-preview":"max-video-preview:-1"},"canonical":"https:\/\/machineriesbst.com\/en\/catalogue\/mouluriere-a-cinq-tetes-weinig-modele-u23e\/","og_locale":"en_US","og_type":"article","og_title":"Mouluri\u00e8re \u00e0 cinq t\u00eates Weinig mod\u00e8le U23E - Machineries BST","og_description":"Mouluri\u00e8re \u00e0 cinq t\u00eates Weinig mod\u00e8le U23E Capacit\u00e9 : 9\" x\u00a0 5\" Diam\u00e8tres de broche : 1-13\/16\" Configuration de la broche\u00a0: Bas - 10\u00a0HP, Droite\/Gauche - 20\u00a0HP, Haut - 20\u00a0HP, Bas - 15\u00a0HP Moteur d'alimentation : 5 HP Alimentation \u00e0 vitesse variable Table d'alimentation de 78\" Enceinte sonore\/de s\u00e9curit\u00e9 Prix information et photos suppl\u00e9mentaire sur [&hellip;]","og_url":"https:\/\/machineriesbst.com\/en\/catalogue\/mouluriere-a-cinq-tetes-weinig-modele-u23e\/","og_site_name":"Machineries BST","article_modified_time":"2023-12-01T01:22:04+00:00","og_image":[{"width":800,"height":600,"url":"https:\/\/machineriesbst.com\/wp-content\/uploads\/2023\/01\/w1.jpg","path":"\/home\/jepeto\/public_html\/wp-content\/uploads\/2023\/01\/w1.jpg","size":"full","id":78820,"alt":"","pixels":480000,"type":"image\/jpeg"}],"twitter_card":"summary_large_image","schema":{"@context":"https:\/\/schema.org","@graph":[{"@type":"WebSite","@id":"https:\/\/machineriesbst.com\/en\/#website","url":"https:\/\/machineriesbst.com\/en\/","name":"Machineries BST","description":"Machines neuves &amp; usag\u00e9es","potentialAction":[{"@type":"SearchAction","target":{"@type":"EntryPoint","urlTemplate":"https:\/\/machineriesbst.com\/en\/?s={search_term_string}"},"query-input":"required name=search_term_string"}],"inLanguage":"en-US"},{"@type":"ImageObject","@id":"https:\/\/machineriesbst.com\/en\/catalogue\/mouluriere-a-cinq-tetes-weinig-modele-u23e\/#primaryimage","inLanguage":"en-US","url":"https:\/\/machineriesbst.com\/wp-content\/uploads\/2023\/01\/w1.jpg","contentUrl":"https:\/\/machineriesbst.com\/wp-content\/uploads\/2023\/01\/w1.jpg","width":800,"height":600},{"@type":"WebPage","@id":"https:\/\/machineriesbst.com\/en\/catalogue\/mouluriere-a-cinq-tetes-weinig-modele-u23e\/#webpage","url":"https:\/\/machineriesbst.com\/en\/catalogue\/mouluriere-a-cinq-tetes-weinig-modele-u23e\/","name":"Mouluri\u00e8re \u00e0 cinq t\u00eates Weinig mod\u00e8le U23E - Machineries BST","isPartOf":{"@id":"https:\/\/machineriesbst.com\/en\/#website"},"primaryImageOfPage":{"@id":"https:\/\/machineriesbst.com\/en\/catalogue\/mouluriere-a-cinq-tetes-weinig-modele-u23e\/#primaryimage"},"datePublished":"2023-01-27T17:54:08+00:00","dateModified":"2023-12-01T01:22:04+00:00","breadcrumb":{"@id":"https:\/\/machineriesbst.com\/en\/catalogue\/mouluriere-a-cinq-tetes-weinig-modele-u23e\/#breadcrumb"},"inLanguage":"en-US","potentialAction":[{"@type":"ReadAction","target":["https:\/\/machineriesbst.com\/en\/catalogue\/mouluriere-a-cinq-tetes-weinig-modele-u23e\/"]}]},{"@type":"BreadcrumbList","@id":"https:\/\/machineriesbst.com\/en\/catalogue\/mouluriere-a-cinq-tetes-weinig-modele-u23e\/#breadcrumb","itemListElement":[{"@type":"ListItem","position":1,"name":"Accueil","item":"https:\/\/machineriesbst.com\/en\/"},{"@type":"ListItem","position":2,"name":"Catalogue","item":"https:\/\/machineriesbst.com\/en\/catalog\/"},{"@type":"ListItem","position":3,"name":"Mouluri\u00e8re \u00e0 cinq t\u00eates Weinig mod\u00e8le U23E"}]}]}},"_links":{"self":[{"href":"https:\/\/machineriesbst.com\/en\/wp-json\/wp\/v2\/product\/78819"}],"collection":[{"href":"https:\/\/machineriesbst.com\/en\/wp-json\/wp\/v2\/product"}],"about":[{"href":"https:\/\/machineriesbst.com\/en\/wp-json\/wp\/v2\/types\/product"}],"author":[{"embeddable":true,"href":"https:\/\/machineriesbst.com\/en\/wp-json\/wp\/v2\/users\/3"}],"replies":[{"embeddable":true,"href":"https:\/\/machineriesbst.com\/en\/wp-json\/wp\/v2\/comments?post=78819"}],"wp:featuredmedia":[{"embeddable":true,"href":"https:\/\/machineriesbst.com\/en\/wp-json\/wp\/v2\/media\/78820"}],"wp:attachment":[{"href":"https:\/\/machineriesbst.com\/en\/wp-json\/wp\/v2\/media?parent=78819"}],"wp:term":[{"taxonomy":"product_cat","embeddable":true,"href":"https:\/\/machineriesbst.com\/en\/wp-json\/wp\/v2\/product_cat?post=78819"},{"taxonomy":"product_tag","embeddable":true,"href":"https:\/\/machineriesbst.com\/en\/wp-json\/wp\/v2\/product_tag?post=78819"}],"curies":[{"name":"wp","href":"https:\/\/api.w.org\/{rel}","templated":true}]}}