{"id":78230,"date":"2022-11-28T14:36:38","date_gmt":"2022-11-28T19:36:38","guid":{"rendered":"https:\/\/machineriesbst.com\/?post_type=product&#038;p=78230"},"modified":"2023-11-30T20:22:04","modified_gmt":"2023-12-01T01:22:04","slug":"four-secheur-uv-superfici","status":"publish","type":"product","link":"https:\/\/machineriesbst.com\/en\/catalogue\/four-secheur-uv-superfici\/","title":{"rendered":"Surface UV Dryer Oven"},"content":{"rendered":"<p>2012 SUPERFICI UV dryer with bar conveyor (TU166\/76) - 1381 total operating hours on the dryer.<\/p>\n<p>- 2UVM1 Ultra Violet modules mounted at an angle. 2 x 77&quot; 300 watt, (2000mm) individual 120V\/cm power lamps with variable power output control.<\/p>\n<p>- UV hours - 1381 hours. on the #1 lamp module, 1306 hours. on the #2 lamp module,<\/p>\n<p>The UV bulbs were recently replaced. Current UV bulbs have #1 - 126 hours, #2 - 68 hours.<\/p>\n<p>Inverter controlled variable speed from 20 to 60 FPM. A 2.2 KW exhaust fan per lamp. Digital control interface with individual controls for each UV lamp. 60&quot; L x 83&quot; W x 75&quot;. TU166\/76 Conveyor 216&quot; L x 83&quot; W x 8&quot; H. 480 Volts three phase.<\/p>\n<p>- Electric control cabinet for control \/ power with digital control interface with individual controls for each UV lamp. 60&quot; L x 83&quot; W x 75&quot;. 480 Volts Three Phase.<\/p>\n<p>- Min. \/ Maximum room dimensions:<br \/>\n- Min. Length - 12&quot;, Max Length - 138&quot;<br \/>\n- Min. Width - 1&quot;, maximum width - 63&quot;<br \/>\n- Min. Thickness - 0.118&quot;, maximum thickness - 3.15&quot;<br \/>\n- Max. Individual piece Weight 175lb.<br \/>\n- Max. Overall room dimension - 138&quot; L x 63&quot; W x 3.15 H<\/p>\n<p>- Excellent physical and mechanical condition. Made to order by Superfici in 2012 and installed Spring 2012. Includes full factory manual and wrench.<\/p>\n<p>- The UV dryer can be seen at the factory .West US-<\/p>\n<p>Additional information on request.<\/p>","protected":false},"excerpt":{"rendered":"<p>2012 SUPERFICI UV dryer with bar conveyor (TU166\/76) - 1381 total operating hours on the dryer. - 2UVM1 Ultra Violet modules mounted at an angle. 2 x 77&quot; 300 watt, (2000mm) individual lamps rated at 120V\/cm with variable output wattage control. - UV Hours - 1381 hours. on lamp module [\u2026]<\/p>","protected":false},"author":3,"featured_media":78240,"comment_status":"open","ping_status":"closed","template":"","meta":[],"product_cat":[1614,1809,1607],"product_tag":[],"acf":[],"yoast_head":"<!-- This site is optimized with the Yoast SEO plugin v16.8 - https:\/\/yoast.com\/wordpress\/plugins\/seo\/ -->\n<title>Four S\u00e9cheur UV Superfici - Machineries BST<\/title>\n<meta name=\"robots\" content=\"index, follow, max-snippet:-1, max-image-preview:large, max-video-preview:-1\" \/>\n<link rel=\"canonical\" href=\"https:\/\/machineriesbst.com\/en\/catalogue\/four-secheur-uv-superfici\/\" \/>\n<meta property=\"og:locale\" content=\"en_US\" \/>\n<meta property=\"og:type\" content=\"article\" \/>\n<meta property=\"og:title\" content=\"Four S\u00e9cheur UV Superfici - Machineries BST\" \/>\n<meta property=\"og:description\" content=\"2012 S\u00e9cheur UV SUPERFICI avec convoyeur \u00e0 barres (TU166\/76) - 1381 heures de fonctionnement total sur le s\u00e9cheur. - Modules Ultra Violet 2UVM1 mont\u00e9s en angle. 2 x 77&quot; 300 watts, (2000mm) lampes individuelles de puissance 120V\/cm avec contr\u00f4le de puissance de sortie variable. - Heures UV - 1381 heures. sur le module de lampe [&hellip;]\" \/>\n<meta property=\"og:url\" content=\"https:\/\/machineriesbst.com\/en\/catalogue\/four-secheur-uv-superfici\/\" \/>\n<meta property=\"og:site_name\" content=\"Machineries BST\" \/>\n<meta property=\"article:modified_time\" content=\"2023-12-01T01:22:04+00:00\" \/>\n<meta property=\"og:image\" content=\"https:\/\/machineriesbst.com\/wp-content\/uploads\/2022\/11\/Superfici_2012_029-scaled.jpg\" \/>\n\t<meta property=\"og:image:width\" content=\"1920\" \/>\n\t<meta property=\"og:image:height\" content=\"2560\" \/>\n<meta name=\"twitter:card\" content=\"summary_large_image\" \/>\n<meta name=\"twitter:label1\" content=\"Est. reading time\" \/>\n\t<meta name=\"twitter:data1\" content=\"1 minute\" \/>\n<script type=\"application\/ld+json\" class=\"yoast-schema-graph\">{\"@context\":\"https:\/\/schema.org\",\"@graph\":[{\"@type\":\"WebSite\",\"@id\":\"https:\/\/machineriesbst.com\/en\/#website\",\"url\":\"https:\/\/machineriesbst.com\/en\/\",\"name\":\"Machineries BST\",\"description\":\"Machines neuves &amp; usag\\u00e9es\",\"potentialAction\":[{\"@type\":\"SearchAction\",\"target\":{\"@type\":\"EntryPoint\",\"urlTemplate\":\"https:\/\/machineriesbst.com\/en\/?s={search_term_string}\"},\"query-input\":\"required name=search_term_string\"}],\"inLanguage\":\"en-US\"},{\"@type\":\"ImageObject\",\"@id\":\"https:\/\/machineriesbst.com\/en\/catalogue\/four-secheur-uv-superfici\/#primaryimage\",\"inLanguage\":\"en-US\",\"url\":\"https:\/\/machineriesbst.com\/wp-content\/uploads\/2022\/11\/Superfici_2012_029-scaled.jpg\",\"contentUrl\":\"https:\/\/machineriesbst.com\/wp-content\/uploads\/2022\/11\/Superfici_2012_029-scaled.jpg\",\"width\":1920,\"height\":2560},{\"@type\":\"WebPage\",\"@id\":\"https:\/\/machineriesbst.com\/en\/catalogue\/four-secheur-uv-superfici\/#webpage\",\"url\":\"https:\/\/machineriesbst.com\/en\/catalogue\/four-secheur-uv-superfici\/\",\"name\":\"Four S\\u00e9cheur UV Superfici - Machineries BST\",\"isPartOf\":{\"@id\":\"https:\/\/machineriesbst.com\/en\/#website\"},\"primaryImageOfPage\":{\"@id\":\"https:\/\/machineriesbst.com\/en\/catalogue\/four-secheur-uv-superfici\/#primaryimage\"},\"datePublished\":\"2022-11-28T19:36:38+00:00\",\"dateModified\":\"2023-12-01T01:22:04+00:00\",\"breadcrumb\":{\"@id\":\"https:\/\/machineriesbst.com\/en\/catalogue\/four-secheur-uv-superfici\/#breadcrumb\"},\"inLanguage\":\"en-US\",\"potentialAction\":[{\"@type\":\"ReadAction\",\"target\":[\"https:\/\/machineriesbst.com\/en\/catalogue\/four-secheur-uv-superfici\/\"]}]},{\"@type\":\"BreadcrumbList\",\"@id\":\"https:\/\/machineriesbst.com\/en\/catalogue\/four-secheur-uv-superfici\/#breadcrumb\",\"itemListElement\":[{\"@type\":\"ListItem\",\"position\":1,\"name\":\"Accueil\",\"item\":\"https:\/\/machineriesbst.com\/en\/\"},{\"@type\":\"ListItem\",\"position\":2,\"name\":\"Catalogue\",\"item\":\"https:\/\/machineriesbst.com\/en\/catalog\/\"},{\"@type\":\"ListItem\",\"position\":3,\"name\":\"Four S\\u00e9cheur UV Superfici\"}]}]}<\/script>\n<!-- \/ Yoast SEO plugin. -->","yoast_head_json":{"title":"Four S\u00e9cheur UV Superfici - Machineries BST","robots":{"index":"index","follow":"follow","max-snippet":"max-snippet:-1","max-image-preview":"max-image-preview:large","max-video-preview":"max-video-preview:-1"},"canonical":"https:\/\/machineriesbst.com\/en\/catalogue\/four-secheur-uv-superfici\/","og_locale":"en_US","og_type":"article","og_title":"Four S\u00e9cheur UV Superfici - Machineries BST","og_description":"2012 S\u00e9cheur UV SUPERFICI avec convoyeur \u00e0 barres (TU166\/76) - 1381 heures de fonctionnement total sur le s\u00e9cheur. - Modules Ultra Violet 2UVM1 mont\u00e9s en angle. 2 x 77\" 300 watts, (2000mm) lampes individuelles de puissance 120V\/cm avec contr\u00f4le de puissance de sortie variable. - Heures UV - 1381 heures. sur le module de lampe [&hellip;]","og_url":"https:\/\/machineriesbst.com\/en\/catalogue\/four-secheur-uv-superfici\/","og_site_name":"Machineries BST","article_modified_time":"2023-12-01T01:22:04+00:00","og_image":[{"width":1920,"height":2560,"url":"https:\/\/machineriesbst.com\/wp-content\/uploads\/2022\/11\/Superfici_2012_029-scaled.jpg","path":"\/home\/jepeto\/public_html\/wp-content\/uploads\/2022\/11\/Superfici_2012_029-scaled.jpg","size":"full","id":78240,"alt":"","pixels":4915200,"type":"image\/jpeg"}],"twitter_card":"summary_large_image","twitter_misc":{"Est. reading time":"1 minute"},"schema":{"@context":"https:\/\/schema.org","@graph":[{"@type":"WebSite","@id":"https:\/\/machineriesbst.com\/en\/#website","url":"https:\/\/machineriesbst.com\/en\/","name":"Machineries BST","description":"Machines neuves &amp; usag\u00e9es","potentialAction":[{"@type":"SearchAction","target":{"@type":"EntryPoint","urlTemplate":"https:\/\/machineriesbst.com\/en\/?s={search_term_string}"},"query-input":"required name=search_term_string"}],"inLanguage":"en-US"},{"@type":"ImageObject","@id":"https:\/\/machineriesbst.com\/en\/catalogue\/four-secheur-uv-superfici\/#primaryimage","inLanguage":"en-US","url":"https:\/\/machineriesbst.com\/wp-content\/uploads\/2022\/11\/Superfici_2012_029-scaled.jpg","contentUrl":"https:\/\/machineriesbst.com\/wp-content\/uploads\/2022\/11\/Superfici_2012_029-scaled.jpg","width":1920,"height":2560},{"@type":"WebPage","@id":"https:\/\/machineriesbst.com\/en\/catalogue\/four-secheur-uv-superfici\/#webpage","url":"https:\/\/machineriesbst.com\/en\/catalogue\/four-secheur-uv-superfici\/","name":"Four S\u00e9cheur UV Superfici - Machineries BST","isPartOf":{"@id":"https:\/\/machineriesbst.com\/en\/#website"},"primaryImageOfPage":{"@id":"https:\/\/machineriesbst.com\/en\/catalogue\/four-secheur-uv-superfici\/#primaryimage"},"datePublished":"2022-11-28T19:36:38+00:00","dateModified":"2023-12-01T01:22:04+00:00","breadcrumb":{"@id":"https:\/\/machineriesbst.com\/en\/catalogue\/four-secheur-uv-superfici\/#breadcrumb"},"inLanguage":"en-US","potentialAction":[{"@type":"ReadAction","target":["https:\/\/machineriesbst.com\/en\/catalogue\/four-secheur-uv-superfici\/"]}]},{"@type":"BreadcrumbList","@id":"https:\/\/machineriesbst.com\/en\/catalogue\/four-secheur-uv-superfici\/#breadcrumb","itemListElement":[{"@type":"ListItem","position":1,"name":"Accueil","item":"https:\/\/machineriesbst.com\/en\/"},{"@type":"ListItem","position":2,"name":"Catalogue","item":"https:\/\/machineriesbst.com\/en\/catalog\/"},{"@type":"ListItem","position":3,"name":"Four S\u00e9cheur UV Superfici"}]}]}},"_links":{"self":[{"href":"https:\/\/machineriesbst.com\/en\/wp-json\/wp\/v2\/product\/78230"}],"collection":[{"href":"https:\/\/machineriesbst.com\/en\/wp-json\/wp\/v2\/product"}],"about":[{"href":"https:\/\/machineriesbst.com\/en\/wp-json\/wp\/v2\/types\/product"}],"author":[{"embeddable":true,"href":"https:\/\/machineriesbst.com\/en\/wp-json\/wp\/v2\/users\/3"}],"replies":[{"embeddable":true,"href":"https:\/\/machineriesbst.com\/en\/wp-json\/wp\/v2\/comments?post=78230"}],"wp:featuredmedia":[{"embeddable":true,"href":"https:\/\/machineriesbst.com\/en\/wp-json\/wp\/v2\/media\/78240"}],"wp:attachment":[{"href":"https:\/\/machineriesbst.com\/en\/wp-json\/wp\/v2\/media?parent=78230"}],"wp:term":[{"taxonomy":"product_cat","embeddable":true,"href":"https:\/\/machineriesbst.com\/en\/wp-json\/wp\/v2\/product_cat?post=78230"},{"taxonomy":"product_tag","embeddable":true,"href":"https:\/\/machineriesbst.com\/en\/wp-json\/wp\/v2\/product_tag?post=78230"}],"curies":[{"name":"wp","href":"https:\/\/api.w.org\/{rel}","templated":true}]}}