{"id":78201,"date":"2022-11-25T21:44:38","date_gmt":"2022-11-26T02:44:38","guid":{"rendered":"https:\/\/machineriesbst.com\/?post_type=product&#038;p=78201"},"modified":"2023-11-30T20:22:04","modified_gmt":"2023-12-01T01:22:04","slug":"ligne-de-finition-superfici","status":"publish","type":"product","link":"https:\/\/machineriesbst.com\/en\/catalogue\/ligne-de-finition-superfici\/","title":{"rendered":"Superfici Finishing Line"},"content":{"rendered":"<p><strong>GENERAL CHARACTERISTICS: Complete description of line information in a File on Demand.<\/strong><br \/>\nROBOT VALTORTA BRAVOROBOT .Water-based product application. Drying results vary by coating.<br \/>\nDimensions (Approx.):<br \/>\nMin. - max. length. \u2022 300 mm (12&quot;)- 10&#39; (panels); 12 moldings<br \/>\nMin. - max. width: 25mm (1&quot;) - 1300mm (51&quot;, 4&#39; nominal)<br \/>\nMin. - max. thickness: 3mm (1\/8&quot;) - 105mm<\/p>\n<p>Passage line height: 900 mm (35-7\/16&quot;)<br \/>\nMechanical speed: 24 m\/min (6.5 - 19.5 fpm). Average production speed: 3 min (13 fpm).<br \/>\n<strong>Entrance conveyor:<\/strong> 3,500mm . Control with push button and indicator light for line insertion.<br \/>\nStrip width: 1500 mm Working width: 1300 mm Min. dimensions of the parts: 150 mm<br \/>\nWork table height: 900 \u00b1 20 mm Feed rate: 6 - 18 m\/min<\/p>\n<p>BRUSH sandblaster with 2 BRUSHES inclined with high grip belt conveyor with speed adjustment by inverter;<br \/>\nSuction belt conveyor with suction fan mounted in the machine frame;<br \/>\nTwo FLEXTRIM type brush sanding units with individual speed adjustment by frequency converter, inclined at 8 degrees.<br \/>\nCentral height adjustment with electric lift - Control panel mounted on the machine Technical data: Working width 1300 mm Working height 900 +1- 20 mm<br \/>\nMachine length 1480 mm . Panel thickness 10-100 mm , Brush diameter 300 mm<br \/>\nBrush rotation speed 35-100 or 90-260 Rpm. Suction diameter 1 x 180 mm<br \/>\nFeed speed 2 - 6 or 3-9 or 6-18 mt\/min. Installed power 6 kw SANDING BELT CONVEYOR<br \/>\nConveyor length 4000 mm<br \/>\nThis type of conveyor is specially used for handling parts in automatic teeth.<br \/>\nModular construction with extruded aluminum profiles.<br \/>\nAnti-solvent belt in non-slip fabric. The guided belt system allows safe and quiet operation even at high speeds and with very short parts.<br \/>\nTension frame for belt adjustment.<br \/>\nThe machine feet are height adjustable to ensure perfect leveling.<br \/>\nAdvance speed adjustable by inverter. 0.75kw motor power<br \/>\nControl with push button and indicator light for line insertion.<br \/>\nStrip width: 1500 mm Working width: 1300 mmMin. dimensions of the parts: 150 mm<br \/>\nWork table height: 900 \u00b1 20 mm Feed rate: 6 - 18 mimin (unless otherwise specified)<\/p>\n<p>UPPER BRUSH TYPE FV\/S&#39;SAL\/I<br \/>\nThe machine ensures a complete deep cleaning of the surfaces of the sanded panels before lacquering.<br \/>\nThe machine basically consists of a high grip belt conveyor with speed adjustment by inverter;<br \/>\nUpper brushing unit with extractor hood. Holding rollers to ensure the clamping of the parts during brushing Working thickness adjustable by handle and display of the separate electric control panel.<br \/>\nTechnical data: Working width 1300 mm Working height 900 +1- 20 mm Machine length 1100 mm<br \/>\nPanel thickness 3 - 100 mm .Min. panel length 300 mm<br \/>\n- Brush diameter 250 mm. Standard line speed 6-18 mimin (2-6 or 3-9 mimin on request)<br \/>\n- Standard upper brush rotation speed 800 rpm (200 rpm for feed speeds 2-6 or 3-9 m\/min)<br \/>\n- Suction air speed 25 m\/sec 1 x 2300 m3\/h. Extractor hood diameter 180 mm. Installed power 2.5<\/p>\n<p>VALTORTA BRAVOROBOT AUTOMATIC SPRAYING ROBOT is made up of Solid Structure carrying trolley system for moving the robotic spraying arm. jet moving on high-precision linear guides for fast, smooth and precise shifting. This enables high-speed positioning.<br \/>\nThe handling of the axes is carried out by Brushless motors. X axis (longitudinal movement)<br \/>\nSpray length 3100 mm (With guns in vertical position).<br \/>\nY axis (cross movement) .spray width 1300 mm.<br \/>\nZ axis (movement in height), from 0 to 350 mm - max. panel thickness 200 mm. .R axis rotation 360 degrees.<br \/>\nPositioning the gun on the edge of the P axis<br \/>\nSpray arm suitable for the installation of 4 guns for the surface and 1 gun for the edges<br \/>\nPressurized cabin with large filtering roof and air intake by supply fans.<br \/>\nThe cabin contains a main conveying system, the deck construction and a spray area.<br \/>\nAir inlet by air supply fans for a total air volume of 18000 m3\/h.<br \/>\nAdditional information on drying on request.<\/p>\n<p>OVERALL DIMENSION: 130 Ft x 30 Ft.<\/p>\n<p>&nbsp;<\/p>","protected":false},"excerpt":{"rendered":"<p>GENERAL CHARACTERISTICS: Complete description of line information in a File on Demand. ROBOT VALTORTA BRAVOROBOT .Water-based product application. Drying results vary by coating. Dimensions (Approx.): Min. - max. length. \u2022 300 mm (12&quot;) - 10&#39; (panels); 12 moldings Min. - max. width: 25 mm (1&quot;) - 1300 mm [\u2026]<\/p>","protected":false},"author":3,"featured_media":78215,"comment_status":"open","ping_status":"closed","template":"","meta":[],"product_cat":[3061,3069],"product_tag":[],"acf":[],"yoast_head":"<!-- This site is optimized with the Yoast SEO plugin v16.8 - https:\/\/yoast.com\/wordpress\/plugins\/seo\/ -->\n<title>Ligne de Finition Superfici - Machineries BST<\/title>\n<meta name=\"robots\" content=\"index, follow, max-snippet:-1, max-image-preview:large, max-video-preview:-1\" \/>\n<link rel=\"canonical\" href=\"https:\/\/machineriesbst.com\/en\/catalogue\/ligne-de-finition-superfici\/\" \/>\n<meta property=\"og:locale\" content=\"en_US\" \/>\n<meta property=\"og:type\" content=\"article\" \/>\n<meta property=\"og:title\" content=\"Ligne de Finition Superfici - Machineries BST\" \/>\n<meta property=\"og:description\" content=\"CARACTERISTIQUES GENERAL: Description compl\u00e8te des informations sur la ligne\u00a0 dans un Fichier sur demande . ROBOT VALTORTA BRAVOROBOT .Application produit\u00a0 \u00e0 base d&#039;eau. Les r\u00e9sultats de s\u00e9chage varient selon le rev\u00eatement. Dimention (Approx.): Min. - max. longueur.\u2022 300 mm (12&quot;)- 10&#039; (panneaux); 12 moulures Min. - max. largeur : 25 mm (1&quot;) - 1300 mm [&hellip;]\" \/>\n<meta property=\"og:url\" content=\"https:\/\/machineriesbst.com\/en\/catalogue\/ligne-de-finition-superfici\/\" \/>\n<meta property=\"og:site_name\" content=\"Machineries BST\" \/>\n<meta property=\"article:modified_time\" content=\"2023-12-01T01:22:04+00:00\" \/>\n<meta property=\"og:image\" content=\"https:\/\/machineriesbst.com\/wp-content\/uploads\/2022\/11\/IMG_0255.jpg\" \/>\n\t<meta property=\"og:image:width\" content=\"576\" \/>\n\t<meta property=\"og:image:height\" content=\"768\" \/>\n<meta name=\"twitter:card\" content=\"summary_large_image\" \/>\n<meta name=\"twitter:label1\" content=\"Est. reading time\" \/>\n\t<meta name=\"twitter:data1\" content=\"4 minutes\" \/>\n<script type=\"application\/ld+json\" class=\"yoast-schema-graph\">{\"@context\":\"https:\/\/schema.org\",\"@graph\":[{\"@type\":\"WebSite\",\"@id\":\"https:\/\/machineriesbst.com\/en\/#website\",\"url\":\"https:\/\/machineriesbst.com\/en\/\",\"name\":\"Machineries BST\",\"description\":\"Machines neuves &amp; usag\\u00e9es\",\"potentialAction\":[{\"@type\":\"SearchAction\",\"target\":{\"@type\":\"EntryPoint\",\"urlTemplate\":\"https:\/\/machineriesbst.com\/en\/?s={search_term_string}\"},\"query-input\":\"required name=search_term_string\"}],\"inLanguage\":\"en-US\"},{\"@type\":\"ImageObject\",\"@id\":\"https:\/\/machineriesbst.com\/en\/catalogue\/ligne-de-finition-superfici\/#primaryimage\",\"inLanguage\":\"en-US\",\"url\":\"https:\/\/machineriesbst.com\/wp-content\/uploads\/2022\/11\/IMG_0255.jpg\",\"contentUrl\":\"https:\/\/machineriesbst.com\/wp-content\/uploads\/2022\/11\/IMG_0255.jpg\",\"width\":576,\"height\":768},{\"@type\":\"WebPage\",\"@id\":\"https:\/\/machineriesbst.com\/en\/catalogue\/ligne-de-finition-superfici\/#webpage\",\"url\":\"https:\/\/machineriesbst.com\/en\/catalogue\/ligne-de-finition-superfici\/\",\"name\":\"Ligne de Finition Superfici - Machineries BST\",\"isPartOf\":{\"@id\":\"https:\/\/machineriesbst.com\/en\/#website\"},\"primaryImageOfPage\":{\"@id\":\"https:\/\/machineriesbst.com\/en\/catalogue\/ligne-de-finition-superfici\/#primaryimage\"},\"datePublished\":\"2022-11-26T02:44:38+00:00\",\"dateModified\":\"2023-12-01T01:22:04+00:00\",\"breadcrumb\":{\"@id\":\"https:\/\/machineriesbst.com\/en\/catalogue\/ligne-de-finition-superfici\/#breadcrumb\"},\"inLanguage\":\"en-US\",\"potentialAction\":[{\"@type\":\"ReadAction\",\"target\":[\"https:\/\/machineriesbst.com\/en\/catalogue\/ligne-de-finition-superfici\/\"]}]},{\"@type\":\"BreadcrumbList\",\"@id\":\"https:\/\/machineriesbst.com\/en\/catalogue\/ligne-de-finition-superfici\/#breadcrumb\",\"itemListElement\":[{\"@type\":\"ListItem\",\"position\":1,\"name\":\"Accueil\",\"item\":\"https:\/\/machineriesbst.com\/en\/\"},{\"@type\":\"ListItem\",\"position\":2,\"name\":\"Catalogue\",\"item\":\"https:\/\/machineriesbst.com\/en\/catalog\/\"},{\"@type\":\"ListItem\",\"position\":3,\"name\":\"Ligne de Finition Superfici\"}]}]}<\/script>\n<!-- \/ Yoast SEO plugin. -->","yoast_head_json":{"title":"Ligne de Finition Superfici - Machineries BST","robots":{"index":"index","follow":"follow","max-snippet":"max-snippet:-1","max-image-preview":"max-image-preview:large","max-video-preview":"max-video-preview:-1"},"canonical":"https:\/\/machineriesbst.com\/en\/catalogue\/ligne-de-finition-superfici\/","og_locale":"en_US","og_type":"article","og_title":"Ligne de Finition Superfici - Machineries BST","og_description":"CARACTERISTIQUES GENERAL: Description compl\u00e8te des informations sur la ligne\u00a0 dans un Fichier sur demande . ROBOT VALTORTA BRAVOROBOT .Application produit\u00a0 \u00e0 base d'eau. Les r\u00e9sultats de s\u00e9chage varient selon le rev\u00eatement. Dimention (Approx.): Min. - max. longueur.\u2022 300 mm (12\")- 10' (panneaux); 12 moulures Min. - max. largeur : 25 mm (1\") - 1300 mm [&hellip;]","og_url":"https:\/\/machineriesbst.com\/en\/catalogue\/ligne-de-finition-superfici\/","og_site_name":"Machineries BST","article_modified_time":"2023-12-01T01:22:04+00:00","og_image":[{"width":576,"height":768,"url":"https:\/\/machineriesbst.com\/wp-content\/uploads\/2022\/11\/IMG_0255.jpg","path":"\/home\/jepeto\/public_html\/wp-content\/uploads\/2022\/11\/IMG_0255.jpg","size":"full","id":78215,"alt":"","pixels":442368,"type":"image\/jpeg"}],"twitter_card":"summary_large_image","twitter_misc":{"Est. reading time":"4 minutes"},"schema":{"@context":"https:\/\/schema.org","@graph":[{"@type":"WebSite","@id":"https:\/\/machineriesbst.com\/en\/#website","url":"https:\/\/machineriesbst.com\/en\/","name":"Machineries BST","description":"Machines neuves &amp; usag\u00e9es","potentialAction":[{"@type":"SearchAction","target":{"@type":"EntryPoint","urlTemplate":"https:\/\/machineriesbst.com\/en\/?s={search_term_string}"},"query-input":"required name=search_term_string"}],"inLanguage":"en-US"},{"@type":"ImageObject","@id":"https:\/\/machineriesbst.com\/en\/catalogue\/ligne-de-finition-superfici\/#primaryimage","inLanguage":"en-US","url":"https:\/\/machineriesbst.com\/wp-content\/uploads\/2022\/11\/IMG_0255.jpg","contentUrl":"https:\/\/machineriesbst.com\/wp-content\/uploads\/2022\/11\/IMG_0255.jpg","width":576,"height":768},{"@type":"WebPage","@id":"https:\/\/machineriesbst.com\/en\/catalogue\/ligne-de-finition-superfici\/#webpage","url":"https:\/\/machineriesbst.com\/en\/catalogue\/ligne-de-finition-superfici\/","name":"Ligne de Finition Superfici - Machineries BST","isPartOf":{"@id":"https:\/\/machineriesbst.com\/en\/#website"},"primaryImageOfPage":{"@id":"https:\/\/machineriesbst.com\/en\/catalogue\/ligne-de-finition-superfici\/#primaryimage"},"datePublished":"2022-11-26T02:44:38+00:00","dateModified":"2023-12-01T01:22:04+00:00","breadcrumb":{"@id":"https:\/\/machineriesbst.com\/en\/catalogue\/ligne-de-finition-superfici\/#breadcrumb"},"inLanguage":"en-US","potentialAction":[{"@type":"ReadAction","target":["https:\/\/machineriesbst.com\/en\/catalogue\/ligne-de-finition-superfici\/"]}]},{"@type":"BreadcrumbList","@id":"https:\/\/machineriesbst.com\/en\/catalogue\/ligne-de-finition-superfici\/#breadcrumb","itemListElement":[{"@type":"ListItem","position":1,"name":"Accueil","item":"https:\/\/machineriesbst.com\/en\/"},{"@type":"ListItem","position":2,"name":"Catalogue","item":"https:\/\/machineriesbst.com\/en\/catalog\/"},{"@type":"ListItem","position":3,"name":"Ligne de Finition Superfici"}]}]}},"_links":{"self":[{"href":"https:\/\/machineriesbst.com\/en\/wp-json\/wp\/v2\/product\/78201"}],"collection":[{"href":"https:\/\/machineriesbst.com\/en\/wp-json\/wp\/v2\/product"}],"about":[{"href":"https:\/\/machineriesbst.com\/en\/wp-json\/wp\/v2\/types\/product"}],"author":[{"embeddable":true,"href":"https:\/\/machineriesbst.com\/en\/wp-json\/wp\/v2\/users\/3"}],"replies":[{"embeddable":true,"href":"https:\/\/machineriesbst.com\/en\/wp-json\/wp\/v2\/comments?post=78201"}],"wp:featuredmedia":[{"embeddable":true,"href":"https:\/\/machineriesbst.com\/en\/wp-json\/wp\/v2\/media\/78215"}],"wp:attachment":[{"href":"https:\/\/machineriesbst.com\/en\/wp-json\/wp\/v2\/media?parent=78201"}],"wp:term":[{"taxonomy":"product_cat","embeddable":true,"href":"https:\/\/machineriesbst.com\/en\/wp-json\/wp\/v2\/product_cat?post=78201"},{"taxonomy":"product_tag","embeddable":true,"href":"https:\/\/machineriesbst.com\/en\/wp-json\/wp\/v2\/product_tag?post=78201"}],"curies":[{"name":"wp","href":"https:\/\/api.w.org\/{rel}","templated":true}]}}