{"id":78194,"date":"2022-11-24T10:56:35","date_gmt":"2022-11-24T15:56:35","guid":{"rendered":"https:\/\/machineriesbst.com\/?post_type=product&#038;p=78194"},"modified":"2023-11-30T20:22:04","modified_gmt":"2023-12-01T01:22:04","slug":"78194","status":"publish","type":"product","link":"https:\/\/machineriesbst.com\/en\/catalogue\/78194\/","title":{"rendered":"Beam Saw HOLZMA HPP 380"},"content":{"rendered":"<p>Cutting lengths 3800<\/p>\n<p>Main saw motor: 13.5 kW; notch saw motor: 2.2 kW<\/p>\n<p>Saw carriage feed: 1-150 m\/min<\/p>\n<p>Programmed cursor advance: 90 m\/min<\/p>\n<p>Holzma HPP380, 2008 in excellent condition. It has an upgraded air cushion power table, Cut-Rite optimization software, AC cooling tower for all electronics. It comes with a Zebra printer. This machine has very few hours of use. Purchased in 2008 and serviced regularly by factory trained technicians. This machine has been disassembled by a qualified technician and ready to be shipped.<\/p>","protected":false},"excerpt":{"rendered":"<p>Cutting lengths 3800 Main saw motor: 13.5 kW; notch saw motor: 2.2 kW Saw carriage feed: 1-150 m\/min Programmed slider feed: 90 m\/min Holzma HPP380, 2008 in excellent condition. It features an upgraded air cushion power table, Cut-Rite optimization software, an AC cooling tower for all [\u2026]<\/p>","protected":false},"author":3,"featured_media":78200,"comment_status":"open","ping_status":"closed","template":"","meta":[],"product_cat":[3093,214],"product_tag":[],"acf":[],"yoast_head":"<!-- This site is optimized with the Yoast SEO plugin v16.8 - https:\/\/yoast.com\/wordpress\/plugins\/seo\/ -->\n<title>Beam Saw HOLZMA HPP 380 - Machineries BST<\/title>\n<meta name=\"robots\" content=\"index, follow, max-snippet:-1, max-image-preview:large, max-video-preview:-1\" \/>\n<link rel=\"canonical\" href=\"https:\/\/machineriesbst.com\/en\/catalogue\/78194\/\" \/>\n<meta property=\"og:locale\" content=\"en_US\" \/>\n<meta property=\"og:type\" content=\"article\" \/>\n<meta property=\"og:title\" content=\"Beam Saw HOLZMA HPP 380 - Machineries BST\" \/>\n<meta property=\"og:description\" content=\"Longueurs de coupe 3800 Moteur de scie principale: 13,5 kW; moteur de scie d&#039;entaille: 2,2 kW Avancement de chariot de scie: 1-150 m\/min Avancement de curseur programm\u00e9: 90 m\/min Holzma HPP380, 2008 en excellent \u00e9tat. Elle dispose d&#039;une table d&#039;alimentation \u00e0 coussin d&#039;air am\u00e9lior\u00e9e, d&#039;un logiciel d&#039;optimisation Cut-Rite, d&#039;une tour de refroidissement AC pour tous [&hellip;]\" \/>\n<meta property=\"og:url\" content=\"https:\/\/machineriesbst.com\/en\/catalogue\/78194\/\" \/>\n<meta property=\"og:site_name\" content=\"Machineries BST\" \/>\n<meta property=\"article:modified_time\" content=\"2023-12-01T01:22:04+00:00\" \/>\n<meta property=\"og:image\" content=\"https:\/\/machineriesbst.com\/wp-content\/uploads\/2022\/11\/IMG_1966-1.jpg\" \/>\n\t<meta property=\"og:image:width\" content=\"640\" \/>\n\t<meta property=\"og:image:height\" content=\"480\" \/>\n<meta name=\"twitter:card\" content=\"summary_large_image\" \/>\n<meta name=\"twitter:label1\" content=\"Est. reading time\" \/>\n\t<meta name=\"twitter:data1\" content=\"1 minute\" \/>\n<script type=\"application\/ld+json\" class=\"yoast-schema-graph\">{\"@context\":\"https:\/\/schema.org\",\"@graph\":[{\"@type\":\"WebSite\",\"@id\":\"https:\/\/machineriesbst.com\/en\/#website\",\"url\":\"https:\/\/machineriesbst.com\/en\/\",\"name\":\"Machineries BST\",\"description\":\"Machines neuves &amp; usag\\u00e9es\",\"potentialAction\":[{\"@type\":\"SearchAction\",\"target\":{\"@type\":\"EntryPoint\",\"urlTemplate\":\"https:\/\/machineriesbst.com\/en\/?s={search_term_string}\"},\"query-input\":\"required name=search_term_string\"}],\"inLanguage\":\"en-US\"},{\"@type\":\"ImageObject\",\"@id\":\"https:\/\/machineriesbst.com\/en\/catalogue\/78194\/#primaryimage\",\"inLanguage\":\"en-US\",\"url\":\"https:\/\/machineriesbst.com\/wp-content\/uploads\/2022\/11\/IMG_1966-1.jpg\",\"contentUrl\":\"https:\/\/machineriesbst.com\/wp-content\/uploads\/2022\/11\/IMG_1966-1.jpg\",\"width\":640,\"height\":480},{\"@type\":\"WebPage\",\"@id\":\"https:\/\/machineriesbst.com\/en\/catalogue\/78194\/#webpage\",\"url\":\"https:\/\/machineriesbst.com\/en\/catalogue\/78194\/\",\"name\":\"Beam Saw HOLZMA HPP 380 - Machineries BST\",\"isPartOf\":{\"@id\":\"https:\/\/machineriesbst.com\/en\/#website\"},\"primaryImageOfPage\":{\"@id\":\"https:\/\/machineriesbst.com\/en\/catalogue\/78194\/#primaryimage\"},\"datePublished\":\"2022-11-24T15:56:35+00:00\",\"dateModified\":\"2023-12-01T01:22:04+00:00\",\"breadcrumb\":{\"@id\":\"https:\/\/machineriesbst.com\/en\/catalogue\/78194\/#breadcrumb\"},\"inLanguage\":\"en-US\",\"potentialAction\":[{\"@type\":\"ReadAction\",\"target\":[\"https:\/\/machineriesbst.com\/en\/catalogue\/78194\/\"]}]},{\"@type\":\"BreadcrumbList\",\"@id\":\"https:\/\/machineriesbst.com\/en\/catalogue\/78194\/#breadcrumb\",\"itemListElement\":[{\"@type\":\"ListItem\",\"position\":1,\"name\":\"Accueil\",\"item\":\"https:\/\/machineriesbst.com\/en\/\"},{\"@type\":\"ListItem\",\"position\":2,\"name\":\"Catalogue\",\"item\":\"https:\/\/machineriesbst.com\/en\/catalog\/\"},{\"@type\":\"ListItem\",\"position\":3,\"name\":\"Beam Saw HOLZMA HPP 380\"}]}]}<\/script>\n<!-- \/ Yoast SEO plugin. -->","yoast_head_json":{"title":"Beam Saw HOLZMA HPP 380 - Machineries BST","robots":{"index":"index","follow":"follow","max-snippet":"max-snippet:-1","max-image-preview":"max-image-preview:large","max-video-preview":"max-video-preview:-1"},"canonical":"https:\/\/machineriesbst.com\/en\/catalogue\/78194\/","og_locale":"en_US","og_type":"article","og_title":"Beam Saw HOLZMA HPP 380 - Machineries BST","og_description":"Longueurs de coupe 3800 Moteur de scie principale: 13,5 kW; moteur de scie d'entaille: 2,2 kW Avancement de chariot de scie: 1-150 m\/min Avancement de curseur programm\u00e9: 90 m\/min Holzma HPP380, 2008 en excellent \u00e9tat. Elle dispose d'une table d'alimentation \u00e0 coussin d'air am\u00e9lior\u00e9e, d'un logiciel d'optimisation Cut-Rite, d'une tour de refroidissement AC pour tous [&hellip;]","og_url":"https:\/\/machineriesbst.com\/en\/catalogue\/78194\/","og_site_name":"Machineries BST","article_modified_time":"2023-12-01T01:22:04+00:00","og_image":[{"width":640,"height":480,"url":"https:\/\/machineriesbst.com\/wp-content\/uploads\/2022\/11\/IMG_1966-1.jpg","path":"\/home\/jepeto\/public_html\/wp-content\/uploads\/2022\/11\/IMG_1966-1.jpg","size":"full","id":78200,"alt":"","pixels":307200,"type":"image\/jpeg"}],"twitter_card":"summary_large_image","twitter_misc":{"Est. reading time":"1 minute"},"schema":{"@context":"https:\/\/schema.org","@graph":[{"@type":"WebSite","@id":"https:\/\/machineriesbst.com\/en\/#website","url":"https:\/\/machineriesbst.com\/en\/","name":"Machineries BST","description":"Machines neuves &amp; usag\u00e9es","potentialAction":[{"@type":"SearchAction","target":{"@type":"EntryPoint","urlTemplate":"https:\/\/machineriesbst.com\/en\/?s={search_term_string}"},"query-input":"required name=search_term_string"}],"inLanguage":"en-US"},{"@type":"ImageObject","@id":"https:\/\/machineriesbst.com\/en\/catalogue\/78194\/#primaryimage","inLanguage":"en-US","url":"https:\/\/machineriesbst.com\/wp-content\/uploads\/2022\/11\/IMG_1966-1.jpg","contentUrl":"https:\/\/machineriesbst.com\/wp-content\/uploads\/2022\/11\/IMG_1966-1.jpg","width":640,"height":480},{"@type":"WebPage","@id":"https:\/\/machineriesbst.com\/en\/catalogue\/78194\/#webpage","url":"https:\/\/machineriesbst.com\/en\/catalogue\/78194\/","name":"Beam Saw HOLZMA HPP 380 - Machineries BST","isPartOf":{"@id":"https:\/\/machineriesbst.com\/en\/#website"},"primaryImageOfPage":{"@id":"https:\/\/machineriesbst.com\/en\/catalogue\/78194\/#primaryimage"},"datePublished":"2022-11-24T15:56:35+00:00","dateModified":"2023-12-01T01:22:04+00:00","breadcrumb":{"@id":"https:\/\/machineriesbst.com\/en\/catalogue\/78194\/#breadcrumb"},"inLanguage":"en-US","potentialAction":[{"@type":"ReadAction","target":["https:\/\/machineriesbst.com\/en\/catalogue\/78194\/"]}]},{"@type":"BreadcrumbList","@id":"https:\/\/machineriesbst.com\/en\/catalogue\/78194\/#breadcrumb","itemListElement":[{"@type":"ListItem","position":1,"name":"Accueil","item":"https:\/\/machineriesbst.com\/en\/"},{"@type":"ListItem","position":2,"name":"Catalogue","item":"https:\/\/machineriesbst.com\/en\/catalog\/"},{"@type":"ListItem","position":3,"name":"Beam Saw HOLZMA HPP 380"}]}]}},"_links":{"self":[{"href":"https:\/\/machineriesbst.com\/en\/wp-json\/wp\/v2\/product\/78194"}],"collection":[{"href":"https:\/\/machineriesbst.com\/en\/wp-json\/wp\/v2\/product"}],"about":[{"href":"https:\/\/machineriesbst.com\/en\/wp-json\/wp\/v2\/types\/product"}],"author":[{"embeddable":true,"href":"https:\/\/machineriesbst.com\/en\/wp-json\/wp\/v2\/users\/3"}],"replies":[{"embeddable":true,"href":"https:\/\/machineriesbst.com\/en\/wp-json\/wp\/v2\/comments?post=78194"}],"wp:featuredmedia":[{"embeddable":true,"href":"https:\/\/machineriesbst.com\/en\/wp-json\/wp\/v2\/media\/78200"}],"wp:attachment":[{"href":"https:\/\/machineriesbst.com\/en\/wp-json\/wp\/v2\/media?parent=78194"}],"wp:term":[{"taxonomy":"product_cat","embeddable":true,"href":"https:\/\/machineriesbst.com\/en\/wp-json\/wp\/v2\/product_cat?post=78194"},{"taxonomy":"product_tag","embeddable":true,"href":"https:\/\/machineriesbst.com\/en\/wp-json\/wp\/v2\/product_tag?post=78194"}],"curies":[{"name":"wp","href":"https:\/\/api.w.org\/{rel}","templated":true}]}}