{"id":78175,"date":"2022-11-22T10:22:03","date_gmt":"2022-11-22T15:22:03","guid":{"rendered":"https:\/\/machineriesbst.com\/?post_type=product&#038;p=78175"},"modified":"2024-10-15T10:56:04","modified_gmt":"2024-10-15T14:56:04","slug":"table-elevatrice-4-x-8-6000lls","status":"publish","type":"product","link":"https:\/\/machineriesbst.com\/en\/catalogue\/table-elevatrice-4-x-8-6000lls\/","title":{"rendered":"Lift Table 4 x 8 6,000lls"},"content":{"rendered":"<p>Lift table 6,000lls. Size of 4x8. Electric Elevation.<\/p>","protected":false},"excerpt":{"rendered":"<p>Lift table 6,000lls. Size of 4x8. Electric Elevation.<\/p>","protected":false},"author":3,"featured_media":78176,"comment_status":"open","ping_status":"closed","template":"","meta":[],"product_cat":[237,3021],"product_tag":[],"acf":[],"yoast_head":"<!-- This site is optimized with the Yoast SEO plugin v16.8 - https:\/\/yoast.com\/wordpress\/plugins\/seo\/ -->\n<title>Table \u00c9l\u00e9vatrice 4 x 8   6,000lls - Machineries BST<\/title>\n<meta name=\"robots\" content=\"index, follow, max-snippet:-1, max-image-preview:large, max-video-preview:-1\" \/>\n<link rel=\"canonical\" href=\"https:\/\/machineriesbst.com\/en\/catalogue\/table-elevatrice-4-x-8-6000lls\/\" \/>\n<meta property=\"og:locale\" content=\"en_US\" \/>\n<meta property=\"og:type\" content=\"article\" \/>\n<meta property=\"og:title\" content=\"Table \u00c9l\u00e9vatrice 4 x 8   6,000lls - Machineries BST\" \/>\n<meta property=\"og:description\" content=\"Table \u00e9l\u00e9vatrice 6,000lls . Grandeur de 4x8 .\u00c9l\u00e9vation \u00c9lectrique .\" \/>\n<meta property=\"og:url\" content=\"https:\/\/machineriesbst.com\/en\/catalogue\/table-elevatrice-4-x-8-6000lls\/\" \/>\n<meta property=\"og:site_name\" content=\"Machineries BST\" \/>\n<meta property=\"article:modified_time\" content=\"2024-10-15T14:56:04+00:00\" \/>\n<meta property=\"og:image\" content=\"https:\/\/machineriesbst.com\/wp-content\/uploads\/2022\/11\/IMG_1364.jpg\" \/>\n\t<meta property=\"og:image:width\" content=\"1200\" \/>\n\t<meta property=\"og:image:height\" content=\"1200\" \/>\n<meta name=\"twitter:card\" content=\"summary_large_image\" \/>\n<script type=\"application\/ld+json\" class=\"yoast-schema-graph\">{\"@context\":\"https:\/\/schema.org\",\"@graph\":[{\"@type\":\"WebSite\",\"@id\":\"https:\/\/machineriesbst.com\/en\/#website\",\"url\":\"https:\/\/machineriesbst.com\/en\/\",\"name\":\"Machineries BST\",\"description\":\"Machines neuves &amp; usag\\u00e9es\",\"potentialAction\":[{\"@type\":\"SearchAction\",\"target\":{\"@type\":\"EntryPoint\",\"urlTemplate\":\"https:\/\/machineriesbst.com\/en\/?s={search_term_string}\"},\"query-input\":\"required name=search_term_string\"}],\"inLanguage\":\"en-US\"},{\"@type\":\"ImageObject\",\"@id\":\"https:\/\/machineriesbst.com\/en\/catalogue\/table-elevatrice-4-x-8-6000lls\/#primaryimage\",\"inLanguage\":\"en-US\",\"url\":\"https:\/\/machineriesbst.com\/wp-content\/uploads\/2022\/11\/IMG_1364.jpg\",\"contentUrl\":\"https:\/\/machineriesbst.com\/wp-content\/uploads\/2022\/11\/IMG_1364.jpg\",\"width\":1200,\"height\":1200},{\"@type\":\"WebPage\",\"@id\":\"https:\/\/machineriesbst.com\/en\/catalogue\/table-elevatrice-4-x-8-6000lls\/#webpage\",\"url\":\"https:\/\/machineriesbst.com\/en\/catalogue\/table-elevatrice-4-x-8-6000lls\/\",\"name\":\"Table \\u00c9l\\u00e9vatrice 4 x 8 6,000lls - Machineries BST\",\"isPartOf\":{\"@id\":\"https:\/\/machineriesbst.com\/en\/#website\"},\"primaryImageOfPage\":{\"@id\":\"https:\/\/machineriesbst.com\/en\/catalogue\/table-elevatrice-4-x-8-6000lls\/#primaryimage\"},\"datePublished\":\"2022-11-22T15:22:03+00:00\",\"dateModified\":\"2024-10-15T14:56:04+00:00\",\"breadcrumb\":{\"@id\":\"https:\/\/machineriesbst.com\/en\/catalogue\/table-elevatrice-4-x-8-6000lls\/#breadcrumb\"},\"inLanguage\":\"en-US\",\"potentialAction\":[{\"@type\":\"ReadAction\",\"target\":[\"https:\/\/machineriesbst.com\/en\/catalogue\/table-elevatrice-4-x-8-6000lls\/\"]}]},{\"@type\":\"BreadcrumbList\",\"@id\":\"https:\/\/machineriesbst.com\/en\/catalogue\/table-elevatrice-4-x-8-6000lls\/#breadcrumb\",\"itemListElement\":[{\"@type\":\"ListItem\",\"position\":1,\"name\":\"Accueil\",\"item\":\"https:\/\/machineriesbst.com\/en\/\"},{\"@type\":\"ListItem\",\"position\":2,\"name\":\"Catalogue\",\"item\":\"https:\/\/machineriesbst.com\/en\/catalog\/\"},{\"@type\":\"ListItem\",\"position\":3,\"name\":\"Table \\u00c9l\\u00e9vatrice 4 x 8 6,000lls\"}]}]}<\/script>\n<!-- \/ Yoast SEO plugin. -->","yoast_head_json":{"title":"Table \u00c9l\u00e9vatrice 4 x 8   6,000lls - Machineries BST","robots":{"index":"index","follow":"follow","max-snippet":"max-snippet:-1","max-image-preview":"max-image-preview:large","max-video-preview":"max-video-preview:-1"},"canonical":"https:\/\/machineriesbst.com\/en\/catalogue\/table-elevatrice-4-x-8-6000lls\/","og_locale":"en_US","og_type":"article","og_title":"Table \u00c9l\u00e9vatrice 4 x 8   6,000lls - Machineries BST","og_description":"Table \u00e9l\u00e9vatrice 6,000lls . Grandeur de 4x8 .\u00c9l\u00e9vation \u00c9lectrique .","og_url":"https:\/\/machineriesbst.com\/en\/catalogue\/table-elevatrice-4-x-8-6000lls\/","og_site_name":"Machineries BST","article_modified_time":"2024-10-15T14:56:04+00:00","og_image":[{"width":1200,"height":1200,"url":"https:\/\/machineriesbst.com\/wp-content\/uploads\/2022\/11\/IMG_1364.jpg","path":"\/home\/jepeto\/public_html\/wp-content\/uploads\/2022\/11\/IMG_1364.jpg","size":"full","id":78176,"alt":"","pixels":1440000,"type":"image\/jpeg"}],"twitter_card":"summary_large_image","schema":{"@context":"https:\/\/schema.org","@graph":[{"@type":"WebSite","@id":"https:\/\/machineriesbst.com\/en\/#website","url":"https:\/\/machineriesbst.com\/en\/","name":"Machineries BST","description":"Machines neuves &amp; usag\u00e9es","potentialAction":[{"@type":"SearchAction","target":{"@type":"EntryPoint","urlTemplate":"https:\/\/machineriesbst.com\/en\/?s={search_term_string}"},"query-input":"required name=search_term_string"}],"inLanguage":"en-US"},{"@type":"ImageObject","@id":"https:\/\/machineriesbst.com\/en\/catalogue\/table-elevatrice-4-x-8-6000lls\/#primaryimage","inLanguage":"en-US","url":"https:\/\/machineriesbst.com\/wp-content\/uploads\/2022\/11\/IMG_1364.jpg","contentUrl":"https:\/\/machineriesbst.com\/wp-content\/uploads\/2022\/11\/IMG_1364.jpg","width":1200,"height":1200},{"@type":"WebPage","@id":"https:\/\/machineriesbst.com\/en\/catalogue\/table-elevatrice-4-x-8-6000lls\/#webpage","url":"https:\/\/machineriesbst.com\/en\/catalogue\/table-elevatrice-4-x-8-6000lls\/","name":"Table \u00c9l\u00e9vatrice 4 x 8 6,000lls - Machineries BST","isPartOf":{"@id":"https:\/\/machineriesbst.com\/en\/#website"},"primaryImageOfPage":{"@id":"https:\/\/machineriesbst.com\/en\/catalogue\/table-elevatrice-4-x-8-6000lls\/#primaryimage"},"datePublished":"2022-11-22T15:22:03+00:00","dateModified":"2024-10-15T14:56:04+00:00","breadcrumb":{"@id":"https:\/\/machineriesbst.com\/en\/catalogue\/table-elevatrice-4-x-8-6000lls\/#breadcrumb"},"inLanguage":"en-US","potentialAction":[{"@type":"ReadAction","target":["https:\/\/machineriesbst.com\/en\/catalogue\/table-elevatrice-4-x-8-6000lls\/"]}]},{"@type":"BreadcrumbList","@id":"https:\/\/machineriesbst.com\/en\/catalogue\/table-elevatrice-4-x-8-6000lls\/#breadcrumb","itemListElement":[{"@type":"ListItem","position":1,"name":"Accueil","item":"https:\/\/machineriesbst.com\/en\/"},{"@type":"ListItem","position":2,"name":"Catalogue","item":"https:\/\/machineriesbst.com\/en\/catalog\/"},{"@type":"ListItem","position":3,"name":"Table \u00c9l\u00e9vatrice 4 x 8 6,000lls"}]}]}},"_links":{"self":[{"href":"https:\/\/machineriesbst.com\/en\/wp-json\/wp\/v2\/product\/78175"}],"collection":[{"href":"https:\/\/machineriesbst.com\/en\/wp-json\/wp\/v2\/product"}],"about":[{"href":"https:\/\/machineriesbst.com\/en\/wp-json\/wp\/v2\/types\/product"}],"author":[{"embeddable":true,"href":"https:\/\/machineriesbst.com\/en\/wp-json\/wp\/v2\/users\/3"}],"replies":[{"embeddable":true,"href":"https:\/\/machineriesbst.com\/en\/wp-json\/wp\/v2\/comments?post=78175"}],"wp:featuredmedia":[{"embeddable":true,"href":"https:\/\/machineriesbst.com\/en\/wp-json\/wp\/v2\/media\/78176"}],"wp:attachment":[{"href":"https:\/\/machineriesbst.com\/en\/wp-json\/wp\/v2\/media?parent=78175"}],"wp:term":[{"taxonomy":"product_cat","embeddable":true,"href":"https:\/\/machineriesbst.com\/en\/wp-json\/wp\/v2\/product_cat?post=78175"},{"taxonomy":"product_tag","embeddable":true,"href":"https:\/\/machineriesbst.com\/en\/wp-json\/wp\/v2\/product_tag?post=78175"}],"curies":[{"name":"wp","href":"https:\/\/api.w.org\/{rel}","templated":true}]}}