{"id":78090,"date":"2022-11-03T15:10:26","date_gmt":"2022-11-03T19:10:26","guid":{"rendered":"https:\/\/machineriesbst.com\/?post_type=product&#038;p=78090"},"modified":"2024-01-09T14:32:19","modified_gmt":"2024-01-09T19:32:19","slug":"tenonneuse-double-fruilmac","status":"publish","type":"product","link":"https:\/\/machineriesbst.com\/en\/catalogue\/tenonneuse-double-fruilmac\/","title":{"rendered":"Fruilmac Double Tenoner"},"content":{"rendered":"<div class=\"titolo_prodotto\"><span class=\"tit_grigio\"><span class=\"tit_orange\">CONTOURAMAT: easy, compact and extremely productive! One of Friulmac&#39;s best-selling products ever.<\/span><\/span><\/div>\n<div>Delivered to your factory.<\/div>\n<div class=\"descrizione_prodotto\">\n<p>Main Features :<\/p>\n<p>Contouramat is equipped with incision\/cutting unit, automatic milling unit and fixed milling unit<\/p>\n<ul>\n<li>Job\u00a0<strong>a single operator<\/strong>.<\/li>\n<\/ul>\n<ul>\n<li>Any kind of\u00a0<strong>profile<\/strong>.<\/li>\n<\/ul>\n<ul>\n<li>Compact dimensions that reduce the need for space in your plant.<\/li>\n<\/ul>\n<ul>\n<li><strong>Minimum setup time<\/strong>\u00a0to change the profile.<\/li>\n<\/ul>\n<ul>\n<li>Guarantees precision and high quality milling without splintering.<\/li>\n<\/ul>\n<ul>\n<li>It can also be composed with end, vertical and frontal drilling units.<\/li>\n<\/ul>\n<ul>\n<li>Can perform cuts inclined at 45\u00b0 (on the vertical axis).<\/li>\n<\/ul>\n<\/div>","protected":false},"excerpt":{"rendered":"<p>CONTOURAMAT: easy, compact and extremely productive! One of Friulmac&#39;s best-selling products ever. Delivered to your factory. Main characteristics: Contouramat is equipped with incision\/cutting unit, automatic milling unit and stationary milling unit Employs a single operator. Any type of profile. Compact dimensions that reduce the need for space in your plant. Minimum time of [\u2026]<\/p>","protected":false},"author":3,"featured_media":78092,"comment_status":"open","ping_status":"closed","template":"","meta":[],"product_cat":[308],"product_tag":[],"acf":[],"yoast_head":"<!-- This site is optimized with the Yoast SEO plugin v16.8 - https:\/\/yoast.com\/wordpress\/plugins\/seo\/ -->\n<title>Tenonneuse Double Fruilmac - Machineries BST<\/title>\n<meta name=\"robots\" content=\"index, follow, max-snippet:-1, max-image-preview:large, max-video-preview:-1\" \/>\n<link rel=\"canonical\" href=\"https:\/\/machineriesbst.com\/en\/catalogue\/tenonneuse-double-fruilmac\/\" \/>\n<meta property=\"og:locale\" content=\"en_US\" \/>\n<meta property=\"og:type\" content=\"article\" \/>\n<meta property=\"og:title\" content=\"Tenonneuse Double Fruilmac - Machineries BST\" \/>\n<meta property=\"og:description\" content=\"CONTOURAMAT: facile, compacte et extr\u00eamement productive! Un des produits Friulmac le plus vendu depuis toujours. Livr\u00e9 \u00e0 votre usine. Caract\u00e9ristiques principales : Contouramat est \u00e9quip\u00e9e d&#039;unit\u00e9 d\u2019incision\/tron\u00e7onnage, unit\u00e9 de fraisage automatique et unit\u00e9 de fraisage fixe Emploie\u00a0un seul op\u00e9rateur. Tout type de\u00a0profil. Dimensions compactes qui r\u00e9duisent la n\u00e9cessit\u00e9 d\u2019espace dans votre usine. Temps minimum de [&hellip;]\" \/>\n<meta property=\"og:url\" content=\"https:\/\/machineriesbst.com\/en\/catalogue\/tenonneuse-double-fruilmac\/\" \/>\n<meta property=\"og:site_name\" content=\"Machineries BST\" \/>\n<meta property=\"article:modified_time\" content=\"2024-01-09T19:32:19+00:00\" \/>\n<meta property=\"og:image\" content=\"https:\/\/machineriesbst.com\/wp-content\/uploads\/2022\/11\/Image3.jpg\" \/>\n\t<meta property=\"og:image:width\" content=\"640\" \/>\n\t<meta property=\"og:image:height\" content=\"480\" \/>\n<meta name=\"twitter:card\" content=\"summary_large_image\" \/>\n<meta name=\"twitter:label1\" content=\"Est. reading time\" \/>\n\t<meta name=\"twitter:data1\" content=\"1 minute\" \/>\n<script type=\"application\/ld+json\" class=\"yoast-schema-graph\">{\"@context\":\"https:\/\/schema.org\",\"@graph\":[{\"@type\":\"WebSite\",\"@id\":\"https:\/\/machineriesbst.com\/en\/#website\",\"url\":\"https:\/\/machineriesbst.com\/en\/\",\"name\":\"Machineries BST\",\"description\":\"Machines neuves &amp; usag\\u00e9es\",\"potentialAction\":[{\"@type\":\"SearchAction\",\"target\":{\"@type\":\"EntryPoint\",\"urlTemplate\":\"https:\/\/machineriesbst.com\/en\/?s={search_term_string}\"},\"query-input\":\"required name=search_term_string\"}],\"inLanguage\":\"en-US\"},{\"@type\":\"ImageObject\",\"@id\":\"https:\/\/machineriesbst.com\/en\/catalogue\/tenonneuse-double-fruilmac\/#primaryimage\",\"inLanguage\":\"en-US\",\"url\":\"https:\/\/machineriesbst.com\/wp-content\/uploads\/2022\/11\/Image3.jpg\",\"contentUrl\":\"https:\/\/machineriesbst.com\/wp-content\/uploads\/2022\/11\/Image3.jpg\",\"width\":640,\"height\":480},{\"@type\":\"WebPage\",\"@id\":\"https:\/\/machineriesbst.com\/en\/catalogue\/tenonneuse-double-fruilmac\/#webpage\",\"url\":\"https:\/\/machineriesbst.com\/en\/catalogue\/tenonneuse-double-fruilmac\/\",\"name\":\"Tenonneuse Double Fruilmac - Machineries BST\",\"isPartOf\":{\"@id\":\"https:\/\/machineriesbst.com\/en\/#website\"},\"primaryImageOfPage\":{\"@id\":\"https:\/\/machineriesbst.com\/en\/catalogue\/tenonneuse-double-fruilmac\/#primaryimage\"},\"datePublished\":\"2022-11-03T19:10:26+00:00\",\"dateModified\":\"2024-01-09T19:32:19+00:00\",\"breadcrumb\":{\"@id\":\"https:\/\/machineriesbst.com\/en\/catalogue\/tenonneuse-double-fruilmac\/#breadcrumb\"},\"inLanguage\":\"en-US\",\"potentialAction\":[{\"@type\":\"ReadAction\",\"target\":[\"https:\/\/machineriesbst.com\/en\/catalogue\/tenonneuse-double-fruilmac\/\"]}]},{\"@type\":\"BreadcrumbList\",\"@id\":\"https:\/\/machineriesbst.com\/en\/catalogue\/tenonneuse-double-fruilmac\/#breadcrumb\",\"itemListElement\":[{\"@type\":\"ListItem\",\"position\":1,\"name\":\"Accueil\",\"item\":\"https:\/\/machineriesbst.com\/en\/\"},{\"@type\":\"ListItem\",\"position\":2,\"name\":\"Catalogue\",\"item\":\"https:\/\/machineriesbst.com\/en\/catalog\/\"},{\"@type\":\"ListItem\",\"position\":3,\"name\":\"Tenonneuse Double Fruilmac\"}]}]}<\/script>\n<!-- \/ Yoast SEO plugin. -->","yoast_head_json":{"title":"Tenonneuse Double Fruilmac - Machineries BST","robots":{"index":"index","follow":"follow","max-snippet":"max-snippet:-1","max-image-preview":"max-image-preview:large","max-video-preview":"max-video-preview:-1"},"canonical":"https:\/\/machineriesbst.com\/en\/catalogue\/tenonneuse-double-fruilmac\/","og_locale":"en_US","og_type":"article","og_title":"Tenonneuse Double Fruilmac - Machineries BST","og_description":"CONTOURAMAT: facile, compacte et extr\u00eamement productive! Un des produits Friulmac le plus vendu depuis toujours. Livr\u00e9 \u00e0 votre usine. Caract\u00e9ristiques principales : Contouramat est \u00e9quip\u00e9e d'unit\u00e9 d\u2019incision\/tron\u00e7onnage, unit\u00e9 de fraisage automatique et unit\u00e9 de fraisage fixe Emploie\u00a0un seul op\u00e9rateur. Tout type de\u00a0profil. Dimensions compactes qui r\u00e9duisent la n\u00e9cessit\u00e9 d\u2019espace dans votre usine. Temps minimum de [&hellip;]","og_url":"https:\/\/machineriesbst.com\/en\/catalogue\/tenonneuse-double-fruilmac\/","og_site_name":"Machineries BST","article_modified_time":"2024-01-09T19:32:19+00:00","og_image":[{"width":640,"height":480,"url":"https:\/\/machineriesbst.com\/wp-content\/uploads\/2022\/11\/Image3.jpg","path":"\/home\/jepeto\/public_html\/wp-content\/uploads\/2022\/11\/Image3.jpg","size":"full","id":78092,"alt":"","pixels":307200,"type":"image\/jpeg"}],"twitter_card":"summary_large_image","twitter_misc":{"Est. reading time":"1 minute"},"schema":{"@context":"https:\/\/schema.org","@graph":[{"@type":"WebSite","@id":"https:\/\/machineriesbst.com\/en\/#website","url":"https:\/\/machineriesbst.com\/en\/","name":"Machineries BST","description":"Machines neuves &amp; usag\u00e9es","potentialAction":[{"@type":"SearchAction","target":{"@type":"EntryPoint","urlTemplate":"https:\/\/machineriesbst.com\/en\/?s={search_term_string}"},"query-input":"required name=search_term_string"}],"inLanguage":"en-US"},{"@type":"ImageObject","@id":"https:\/\/machineriesbst.com\/en\/catalogue\/tenonneuse-double-fruilmac\/#primaryimage","inLanguage":"en-US","url":"https:\/\/machineriesbst.com\/wp-content\/uploads\/2022\/11\/Image3.jpg","contentUrl":"https:\/\/machineriesbst.com\/wp-content\/uploads\/2022\/11\/Image3.jpg","width":640,"height":480},{"@type":"WebPage","@id":"https:\/\/machineriesbst.com\/en\/catalogue\/tenonneuse-double-fruilmac\/#webpage","url":"https:\/\/machineriesbst.com\/en\/catalogue\/tenonneuse-double-fruilmac\/","name":"Tenonneuse Double Fruilmac - Machineries BST","isPartOf":{"@id":"https:\/\/machineriesbst.com\/en\/#website"},"primaryImageOfPage":{"@id":"https:\/\/machineriesbst.com\/en\/catalogue\/tenonneuse-double-fruilmac\/#primaryimage"},"datePublished":"2022-11-03T19:10:26+00:00","dateModified":"2024-01-09T19:32:19+00:00","breadcrumb":{"@id":"https:\/\/machineriesbst.com\/en\/catalogue\/tenonneuse-double-fruilmac\/#breadcrumb"},"inLanguage":"en-US","potentialAction":[{"@type":"ReadAction","target":["https:\/\/machineriesbst.com\/en\/catalogue\/tenonneuse-double-fruilmac\/"]}]},{"@type":"BreadcrumbList","@id":"https:\/\/machineriesbst.com\/en\/catalogue\/tenonneuse-double-fruilmac\/#breadcrumb","itemListElement":[{"@type":"ListItem","position":1,"name":"Accueil","item":"https:\/\/machineriesbst.com\/en\/"},{"@type":"ListItem","position":2,"name":"Catalogue","item":"https:\/\/machineriesbst.com\/en\/catalog\/"},{"@type":"ListItem","position":3,"name":"Tenonneuse Double Fruilmac"}]}]}},"_links":{"self":[{"href":"https:\/\/machineriesbst.com\/en\/wp-json\/wp\/v2\/product\/78090"}],"collection":[{"href":"https:\/\/machineriesbst.com\/en\/wp-json\/wp\/v2\/product"}],"about":[{"href":"https:\/\/machineriesbst.com\/en\/wp-json\/wp\/v2\/types\/product"}],"author":[{"embeddable":true,"href":"https:\/\/machineriesbst.com\/en\/wp-json\/wp\/v2\/users\/3"}],"replies":[{"embeddable":true,"href":"https:\/\/machineriesbst.com\/en\/wp-json\/wp\/v2\/comments?post=78090"}],"wp:featuredmedia":[{"embeddable":true,"href":"https:\/\/machineriesbst.com\/en\/wp-json\/wp\/v2\/media\/78092"}],"wp:attachment":[{"href":"https:\/\/machineriesbst.com\/en\/wp-json\/wp\/v2\/media?parent=78090"}],"wp:term":[{"taxonomy":"product_cat","embeddable":true,"href":"https:\/\/machineriesbst.com\/en\/wp-json\/wp\/v2\/product_cat?post=78090"},{"taxonomy":"product_tag","embeddable":true,"href":"https:\/\/machineriesbst.com\/en\/wp-json\/wp\/v2\/product_tag?post=78090"}],"curies":[{"name":"wp","href":"https:\/\/api.w.org\/{rel}","templated":true}]}}