{"id":78020,"date":"2022-10-28T14:25:15","date_gmt":"2022-10-28T18:25:15","guid":{"rendered":"https:\/\/machineriesbst.com\/?post_type=product&#038;p=78020"},"modified":"2023-11-30T20:22:04","modified_gmt":"2023-12-01T01:22:04","slug":"depoussiereur","status":"publish","type":"product","link":"https:\/\/machineriesbst.com\/en\/catalogue\/depoussiereur\/","title":{"rendered":"Dust collector"},"content":{"rendered":"<p>The NBM dust collector was designed to filter air volumes varying between 1,000 CFM and 12,000 CFM. This dust collector is ideal for an application involving a volume of dust from medium to high, both for coarse (cutting) and fine (sanding) particles. This dust collector is perfect for outdoor installation.<\/p>\n<p>The NBM system includes BELFAB modular filter technology. This feature offers the possibility of increasing the filtration area by adding additional filtration modules.<\/p>\n<p>This modular system allows for large filtration areas, offering an air volume\/filtering area ratio as low as 6:1 or better. This feature is ideal for an application involving a volume of dust from medium to high, for both coarse and fine particles.<\/p>\n<p>BELFAB modular dust collectors are fitted with our<strong>\u00a0patented standard fan<\/strong>\u00a0expandable offering the ability to increase power from 5HP\/2500 CFM to 30 HP\/18000 CFM, simply and inexpensively by simply replacing the motor and fan wheel inside the same fan housing. Our super quiet fan\u00a0<strong>HUMMER 1800RPM<\/strong>\u00a0is ideal for low noise operation, up to 9000 CFM (less than 84 db). The HUMMER series is available for applications between 10HP and 30HP (9000 CFM). the\u00a0<strong>RSC fan<\/strong>\u00a0(option) from Belfab is more efficient and more efficient. The RSC model is designed for systems transporting medium volumes of dust and particles.<\/p>\n<p><i>* At max height of 5000 CFM for indoor installation<\/i><i>. Above 5000 CFM, the NFPA 664 standard requires outdoor installation.<\/i><\/p>","protected":false},"excerpt":{"rendered":"<p>The NBM dust collector was designed to filter air volumes varying between 1,000 CFM and 12,000 CFM. This dust collector is ideal for an application involving a volume of dust from medium to high, both for coarse (cutting) and fine (sanding) particles. This dust collector is perfect for outdoor installation. The system [\u2026]<\/p>","protected":false},"author":3,"featured_media":78024,"comment_status":"open","ping_status":"closed","template":"","meta":[],"product_cat":[320,3036],"product_tag":[],"acf":[],"yoast_head":"<!-- This site is optimized with the Yoast SEO plugin v16.8 - https:\/\/yoast.com\/wordpress\/plugins\/seo\/ -->\n<title>D\u00e9poussi\u00e9reur - Machineries BST<\/title>\n<meta name=\"robots\" content=\"index, follow, max-snippet:-1, max-image-preview:large, max-video-preview:-1\" \/>\n<link rel=\"canonical\" href=\"https:\/\/machineriesbst.com\/en\/catalogue\/depoussiereur\/\" \/>\n<meta property=\"og:locale\" content=\"en_US\" \/>\n<meta property=\"og:type\" content=\"article\" \/>\n<meta property=\"og:title\" content=\"D\u00e9poussi\u00e9reur - Machineries BST\" \/>\n<meta property=\"og:description\" content=\"Le d\u00e9poussi\u00e9reur NBM a \u00e9t\u00e9 con\u00e7u pour filtrer des volumes d\u2019air variant entre 1 000 PCM et 12 000 PCM. Ce d\u00e9poussi\u00e9reur est id\u00e9ale pour une application impliquant un volume de poussi\u00e8re de moyen \u00e0 \u00e9lev\u00e9, autant pour les particules grossi\u00e8res (d\u00e9coupage) que fines (sablage). Ce d\u00e9poussi\u00e9reur est parfait pour une installation ext\u00e9rieure. Le syst\u00e8me [&hellip;]\" \/>\n<meta property=\"og:url\" content=\"https:\/\/machineriesbst.com\/en\/catalogue\/depoussiereur\/\" \/>\n<meta property=\"og:site_name\" content=\"Machineries BST\" \/>\n<meta property=\"article:modified_time\" content=\"2023-12-01T01:22:04+00:00\" \/>\n<meta property=\"og:image\" content=\"https:\/\/machineriesbst.com\/wp-content\/uploads\/2022\/10\/Dust-1.jpg\" \/>\n\t<meta property=\"og:image:width\" content=\"231\" \/>\n\t<meta property=\"og:image:height\" content=\"267\" \/>\n<meta name=\"twitter:card\" content=\"summary_large_image\" \/>\n<meta name=\"twitter:label1\" content=\"Est. reading time\" \/>\n\t<meta name=\"twitter:data1\" content=\"1 minute\" \/>\n<script type=\"application\/ld+json\" class=\"yoast-schema-graph\">{\"@context\":\"https:\/\/schema.org\",\"@graph\":[{\"@type\":\"WebSite\",\"@id\":\"https:\/\/machineriesbst.com\/en\/#website\",\"url\":\"https:\/\/machineriesbst.com\/en\/\",\"name\":\"Machineries BST\",\"description\":\"Machines neuves &amp; usag\\u00e9es\",\"potentialAction\":[{\"@type\":\"SearchAction\",\"target\":{\"@type\":\"EntryPoint\",\"urlTemplate\":\"https:\/\/machineriesbst.com\/en\/?s={search_term_string}\"},\"query-input\":\"required name=search_term_string\"}],\"inLanguage\":\"en-US\"},{\"@type\":\"ImageObject\",\"@id\":\"https:\/\/machineriesbst.com\/en\/catalogue\/depoussiereur\/#primaryimage\",\"inLanguage\":\"en-US\",\"url\":\"https:\/\/machineriesbst.com\/wp-content\/uploads\/2022\/10\/Dust-1.jpg\",\"contentUrl\":\"https:\/\/machineriesbst.com\/wp-content\/uploads\/2022\/10\/Dust-1.jpg\",\"width\":231,\"height\":267},{\"@type\":\"WebPage\",\"@id\":\"https:\/\/machineriesbst.com\/en\/catalogue\/depoussiereur\/#webpage\",\"url\":\"https:\/\/machineriesbst.com\/en\/catalogue\/depoussiereur\/\",\"name\":\"D\\u00e9poussi\\u00e9reur - Machineries BST\",\"isPartOf\":{\"@id\":\"https:\/\/machineriesbst.com\/en\/#website\"},\"primaryImageOfPage\":{\"@id\":\"https:\/\/machineriesbst.com\/en\/catalogue\/depoussiereur\/#primaryimage\"},\"datePublished\":\"2022-10-28T18:25:15+00:00\",\"dateModified\":\"2023-12-01T01:22:04+00:00\",\"breadcrumb\":{\"@id\":\"https:\/\/machineriesbst.com\/en\/catalogue\/depoussiereur\/#breadcrumb\"},\"inLanguage\":\"en-US\",\"potentialAction\":[{\"@type\":\"ReadAction\",\"target\":[\"https:\/\/machineriesbst.com\/en\/catalogue\/depoussiereur\/\"]}]},{\"@type\":\"BreadcrumbList\",\"@id\":\"https:\/\/machineriesbst.com\/en\/catalogue\/depoussiereur\/#breadcrumb\",\"itemListElement\":[{\"@type\":\"ListItem\",\"position\":1,\"name\":\"Accueil\",\"item\":\"https:\/\/machineriesbst.com\/en\/\"},{\"@type\":\"ListItem\",\"position\":2,\"name\":\"Catalogue\",\"item\":\"https:\/\/machineriesbst.com\/en\/catalog\/\"},{\"@type\":\"ListItem\",\"position\":3,\"name\":\"D\\u00e9poussi\\u00e9reur\"}]}]}<\/script>\n<!-- \/ Yoast SEO plugin. -->","yoast_head_json":{"title":"D\u00e9poussi\u00e9reur - Machineries BST","robots":{"index":"index","follow":"follow","max-snippet":"max-snippet:-1","max-image-preview":"max-image-preview:large","max-video-preview":"max-video-preview:-1"},"canonical":"https:\/\/machineriesbst.com\/en\/catalogue\/depoussiereur\/","og_locale":"en_US","og_type":"article","og_title":"D\u00e9poussi\u00e9reur - Machineries BST","og_description":"Le d\u00e9poussi\u00e9reur NBM a \u00e9t\u00e9 con\u00e7u pour filtrer des volumes d\u2019air variant entre 1 000 PCM et 12 000 PCM. Ce d\u00e9poussi\u00e9reur est id\u00e9ale pour une application impliquant un volume de poussi\u00e8re de moyen \u00e0 \u00e9lev\u00e9, autant pour les particules grossi\u00e8res (d\u00e9coupage) que fines (sablage). Ce d\u00e9poussi\u00e9reur est parfait pour une installation ext\u00e9rieure. Le syst\u00e8me [&hellip;]","og_url":"https:\/\/machineriesbst.com\/en\/catalogue\/depoussiereur\/","og_site_name":"Machineries BST","article_modified_time":"2023-12-01T01:22:04+00:00","og_image":[{"width":231,"height":267,"url":"https:\/\/machineriesbst.com\/wp-content\/uploads\/2022\/10\/Dust-1.jpg","path":"\/home\/jepeto\/public_html\/wp-content\/uploads\/2022\/10\/Dust-1.jpg","size":"full","id":78024,"alt":"","pixels":61677,"type":"image\/jpeg"}],"twitter_card":"summary_large_image","twitter_misc":{"Est. reading time":"1 minute"},"schema":{"@context":"https:\/\/schema.org","@graph":[{"@type":"WebSite","@id":"https:\/\/machineriesbst.com\/en\/#website","url":"https:\/\/machineriesbst.com\/en\/","name":"Machineries BST","description":"Machines neuves &amp; usag\u00e9es","potentialAction":[{"@type":"SearchAction","target":{"@type":"EntryPoint","urlTemplate":"https:\/\/machineriesbst.com\/en\/?s={search_term_string}"},"query-input":"required name=search_term_string"}],"inLanguage":"en-US"},{"@type":"ImageObject","@id":"https:\/\/machineriesbst.com\/en\/catalogue\/depoussiereur\/#primaryimage","inLanguage":"en-US","url":"https:\/\/machineriesbst.com\/wp-content\/uploads\/2022\/10\/Dust-1.jpg","contentUrl":"https:\/\/machineriesbst.com\/wp-content\/uploads\/2022\/10\/Dust-1.jpg","width":231,"height":267},{"@type":"WebPage","@id":"https:\/\/machineriesbst.com\/en\/catalogue\/depoussiereur\/#webpage","url":"https:\/\/machineriesbst.com\/en\/catalogue\/depoussiereur\/","name":"D\u00e9poussi\u00e9reur - Machineries BST","isPartOf":{"@id":"https:\/\/machineriesbst.com\/en\/#website"},"primaryImageOfPage":{"@id":"https:\/\/machineriesbst.com\/en\/catalogue\/depoussiereur\/#primaryimage"},"datePublished":"2022-10-28T18:25:15+00:00","dateModified":"2023-12-01T01:22:04+00:00","breadcrumb":{"@id":"https:\/\/machineriesbst.com\/en\/catalogue\/depoussiereur\/#breadcrumb"},"inLanguage":"en-US","potentialAction":[{"@type":"ReadAction","target":["https:\/\/machineriesbst.com\/en\/catalogue\/depoussiereur\/"]}]},{"@type":"BreadcrumbList","@id":"https:\/\/machineriesbst.com\/en\/catalogue\/depoussiereur\/#breadcrumb","itemListElement":[{"@type":"ListItem","position":1,"name":"Accueil","item":"https:\/\/machineriesbst.com\/en\/"},{"@type":"ListItem","position":2,"name":"Catalogue","item":"https:\/\/machineriesbst.com\/en\/catalog\/"},{"@type":"ListItem","position":3,"name":"D\u00e9poussi\u00e9reur"}]}]}},"_links":{"self":[{"href":"https:\/\/machineriesbst.com\/en\/wp-json\/wp\/v2\/product\/78020"}],"collection":[{"href":"https:\/\/machineriesbst.com\/en\/wp-json\/wp\/v2\/product"}],"about":[{"href":"https:\/\/machineriesbst.com\/en\/wp-json\/wp\/v2\/types\/product"}],"author":[{"embeddable":true,"href":"https:\/\/machineriesbst.com\/en\/wp-json\/wp\/v2\/users\/3"}],"replies":[{"embeddable":true,"href":"https:\/\/machineriesbst.com\/en\/wp-json\/wp\/v2\/comments?post=78020"}],"wp:featuredmedia":[{"embeddable":true,"href":"https:\/\/machineriesbst.com\/en\/wp-json\/wp\/v2\/media\/78024"}],"wp:attachment":[{"href":"https:\/\/machineriesbst.com\/en\/wp-json\/wp\/v2\/media?parent=78020"}],"wp:term":[{"taxonomy":"product_cat","embeddable":true,"href":"https:\/\/machineriesbst.com\/en\/wp-json\/wp\/v2\/product_cat?post=78020"},{"taxonomy":"product_tag","embeddable":true,"href":"https:\/\/machineriesbst.com\/en\/wp-json\/wp\/v2\/product_tag?post=78020"}],"curies":[{"name":"wp","href":"https:\/\/api.w.org\/{rel}","templated":true}]}}