{"id":77975,"date":"2022-10-24T14:37:17","date_gmt":"2022-10-24T18:37:17","guid":{"rendered":"https:\/\/machineriesbst.com\/?post_type=product&#038;p=77975"},"modified":"2023-11-30T20:22:04","modified_gmt":"2023-12-01T01:22:04","slug":"cnc-bhx-200","status":"publish","type":"product","link":"https:\/\/machineriesbst.com\/en\/catalogue\/cnc-bhx-200\/","title":{"rendered":"CNC BHX 200"},"content":{"rendered":"<p>Flexible &quot;vertical&quot; machining center with &quot;ATC&quot; that uses less than 5 square meters of valuable floor space in addition to an innovative panel handling system.<\/p>\n<p>Max. usable workpiece size for &quot;X&quot; axis is 120&quot; (3050mm), &quot;Y&quot; axis is 49.2&quot; (1250mm) and max. piece thickness 3.1&quot; (80 mm).<\/p>\n<p>Min. worktable part size for &quot;X&quot; axis is 7.8&quot; (200mm), &quot;Y&quot; axis 2&quot; (50mm), min. 0.31&quot; (8mm) workpiece thickness. Automatic left or right side feed and exit.<\/p>\n<p>The BHX 200 can reach travel speeds of 164 FPM (50 MPM) in the &quot;X&quot; and &quot;Y&quot; axes and 50 FPM (15 MPM) in the &quot;Z&quot; axis in complete safety, providing unparalleled work capacity .<\/p>\n<p>(1) 3 HP (2.3 kW), 1500-7500 RPM variable speed motor, (20) independent spindles with (14) spindles on &quot;X&quot; axis and (6) spindles on L &quot;Y&quot; axis.<\/p>\n<p>(16) Horizontal spindles with (6+6) in &quot;X&quot; axis and (2+2) in &quot;Y&quot; axis; The boring block has a &quot;QUICK CHANGE&quot; spindle system.<\/p>\n<p>Weeke &quot;POWERTOUCH&quot; + Windows + WoodWOP 6.1 + operating system; &quot;IntelCore 2 DUO&quot; processor.<\/p>\n<p>17 inch TFT monitor; international keyboard, touch keyboard and industrial mouse; RS-232 serial ports, USB ports; (1) 1.44 MB floppy drive, (1) CD RW drive, modem, Ethernet connection.<\/p>\n<p>Pneumatic workpiece clamping devices; soundproof enclosure and complete set of safety devices.<\/p>\n<p>(1) 12 HP (9 kW) electrospindle spindle moulder with HSK F3 adaptor, variable speed from 6,000 to 24,000 rpm.<\/p>\n<p>(1) 4 position ATC tool post mounted on the side of the machine base.<\/p>\n<p><span class=\"detail__field-name\">Dimensions<\/span> Valued : <span class=\"detail__field-value\">144&quot; x 96&quot; x 90&quot; Like new Turnkey option with certified technician.<\/span><\/p>\n<p>The information provided for lr CNC has been gathered from the literature, it is believed to be accurate. Buyers will be able to validate the information during the private visit to inspect and verify the CNC.<\/p>\n<p><span class=\"text\">Flexible &quot;Vertical&quot; Machining Center with\u00a0<strong>&quot;ATC&quot;<\/strong>\u00a0that uses less than 5 meter\u00b2 of valuable floor space in addition to an innovative panel handling system.<\/span><\/p>\n<p><span class=\"text\">Max. workable part size for &quot;X&quot; axis is 120&quot; (3,050 mm), &quot;Y&quot; axis 49.2&quot; (1,250 mm), and max. part thickness 3.1&quot; (80 mm).<\/span><\/p>\n<p><span class=\"text\">Min. worktable part size for &quot;X&quot; axis is 7.8&quot; (200 mm), &quot;Y&quot; axis 2&quot; (50 mm), min. part thickness of 0.31&quot; (8 mm). Automatic infeed &amp; outfeed from the LH or RH side.<\/span><\/p>\n<p><span class=\"text\">The BHX 200 can reach movement speeds of 164 FPM (50 MPM) in &quot;X&quot; &amp; &quot;Y&quot; axis &amp; 50 FPM (15 MPM) in &quot;Z&quot; axis with total safety, providing an unmatched working capacity.<\/span><\/p>\n<p><span class=\"text\">(1) 3 HP (2.3 kW), variable speed from 1,500 - 7,500 RPM motor, (20) independent spindles with (14) spindles in &quot;X&quot; axis &amp; (6) spindles in &quot;Y&quot; axis.<\/span><\/p>\n<p>(16) Horizontal spindles with (6+6) in &quot;X&quot; axis &amp; (2+2) in &quot;Y&quot; axis; Boring block has &quot;QUICK CHANGE&quot; spindle system.<\/p>\n<p><span class=\"text\">Weeke &quot;POWERTOUCH&quot; + Windows + WoodWOP 6.1 + operating system; &quot;IntelCore 2 DUO&quot; Processor.<\/span><\/p>\n<p><span class=\"text\">17&quot; TFT Monitor; international keyboard, soft-touch keypad &amp; industrial mouse; RS-232 Serial ports, USB ports; (1) 1.44 MB floppy disk drive, (1) CD RW drive, moden, Ethernet connection.<\/span><\/p>\n<p><span class=\"text\">Pneumatic part clamping devices; sound enclosure and complete set of safety devices.<\/span><\/p>\n<p><span class=\"text\">(1) 12 HP (9 kW) Electro spindle router<strong>\u00a0<\/strong>with HSK F3 adapter, variable speed from 6,000 - 24,000 RPM.<\/span><\/p>\n<p>(1) 4-position ATC tool rack mounted on the side of the machine base.<\/p>","protected":false},"excerpt":{"rendered":"<p>Flexible &quot;vertical&quot; machining center with &quot;ATC&quot; that uses less than 5 square meters of valuable floor space in addition to an innovative panel handling system. Max. usable workpiece size for &quot;X&quot; axis is 120&quot; (3050mm), &quot;Y&quot; axis is 49.2&quot; (1250mm) and max. workpiece thickness 3.1&quot; (80 mm). Min. the [\u2026]<\/p>","protected":false},"author":3,"featured_media":77980,"comment_status":"open","ping_status":"closed","template":"","meta":[],"product_cat":[221],"product_tag":[],"acf":[],"yoast_head":"<!-- This site is optimized with the Yoast SEO plugin v16.8 - https:\/\/yoast.com\/wordpress\/plugins\/seo\/ -->\n<title>CNC BHX 200 - Machineries BST<\/title>\n<meta name=\"robots\" content=\"index, follow, max-snippet:-1, max-image-preview:large, max-video-preview:-1\" \/>\n<link rel=\"canonical\" href=\"https:\/\/machineriesbst.com\/en\/catalogue\/cnc-bhx-200\/\" \/>\n<meta property=\"og:locale\" content=\"en_US\" \/>\n<meta property=\"og:type\" content=\"article\" \/>\n<meta property=\"og:title\" content=\"CNC BHX 200 - Machineries BST\" \/>\n<meta property=\"og:description\" content=\"Centre d&#039;usinage &quot;vertical&quot; flexible avec\u00a0&quot;ATC&quot;\u00a0qui utilise moins de 5\u00a0m\u00e8tres\u00b2 d&#039;espace au sol pr\u00e9cieux en plus d&#039;un syst\u00e8me de manutention de panneaux innovant. Max. la taille de pi\u00e8ce utilisable pour l&#039;axe &quot;X&quot; est de 120&quot; (3 050 mm), l&#039;axe &quot;Y&quot; de 49,2&quot; (1 250 mm) et max. \u00e9paisseur de la pi\u00e8ce 3,1&quot; (80 mm). Min. la [&hellip;]\" \/>\n<meta property=\"og:url\" content=\"https:\/\/machineriesbst.com\/en\/catalogue\/cnc-bhx-200\/\" \/>\n<meta property=\"og:site_name\" content=\"Machineries BST\" \/>\n<meta property=\"article:modified_time\" content=\"2023-12-01T01:22:04+00:00\" \/>\n<meta property=\"og:image\" content=\"https:\/\/machineriesbst.com\/wp-content\/uploads\/2022\/10\/4.jpg\" \/>\n\t<meta property=\"og:image:width\" content=\"640\" \/>\n\t<meta property=\"og:image:height\" content=\"480\" \/>\n<meta name=\"twitter:card\" content=\"summary_large_image\" \/>\n<meta name=\"twitter:label1\" content=\"Est. reading time\" \/>\n\t<meta name=\"twitter:data1\" content=\"3 minutes\" \/>\n<script type=\"application\/ld+json\" class=\"yoast-schema-graph\">{\"@context\":\"https:\/\/schema.org\",\"@graph\":[{\"@type\":\"WebSite\",\"@id\":\"https:\/\/machineriesbst.com\/en\/#website\",\"url\":\"https:\/\/machineriesbst.com\/en\/\",\"name\":\"Machineries BST\",\"description\":\"Machines neuves &amp; usag\\u00e9es\",\"potentialAction\":[{\"@type\":\"SearchAction\",\"target\":{\"@type\":\"EntryPoint\",\"urlTemplate\":\"https:\/\/machineriesbst.com\/en\/?s={search_term_string}\"},\"query-input\":\"required name=search_term_string\"}],\"inLanguage\":\"en-US\"},{\"@type\":\"ImageObject\",\"@id\":\"https:\/\/machineriesbst.com\/en\/catalogue\/cnc-bhx-200\/#primaryimage\",\"inLanguage\":\"en-US\",\"url\":\"https:\/\/machineriesbst.com\/wp-content\/uploads\/2022\/10\/4.jpg\",\"contentUrl\":\"https:\/\/machineriesbst.com\/wp-content\/uploads\/2022\/10\/4.jpg\",\"width\":640,\"height\":480},{\"@type\":\"WebPage\",\"@id\":\"https:\/\/machineriesbst.com\/en\/catalogue\/cnc-bhx-200\/#webpage\",\"url\":\"https:\/\/machineriesbst.com\/en\/catalogue\/cnc-bhx-200\/\",\"name\":\"CNC BHX 200 - Machineries BST\",\"isPartOf\":{\"@id\":\"https:\/\/machineriesbst.com\/en\/#website\"},\"primaryImageOfPage\":{\"@id\":\"https:\/\/machineriesbst.com\/en\/catalogue\/cnc-bhx-200\/#primaryimage\"},\"datePublished\":\"2022-10-24T18:37:17+00:00\",\"dateModified\":\"2023-12-01T01:22:04+00:00\",\"breadcrumb\":{\"@id\":\"https:\/\/machineriesbst.com\/en\/catalogue\/cnc-bhx-200\/#breadcrumb\"},\"inLanguage\":\"en-US\",\"potentialAction\":[{\"@type\":\"ReadAction\",\"target\":[\"https:\/\/machineriesbst.com\/en\/catalogue\/cnc-bhx-200\/\"]}]},{\"@type\":\"BreadcrumbList\",\"@id\":\"https:\/\/machineriesbst.com\/en\/catalogue\/cnc-bhx-200\/#breadcrumb\",\"itemListElement\":[{\"@type\":\"ListItem\",\"position\":1,\"name\":\"Accueil\",\"item\":\"https:\/\/machineriesbst.com\/en\/\"},{\"@type\":\"ListItem\",\"position\":2,\"name\":\"Catalogue\",\"item\":\"https:\/\/machineriesbst.com\/en\/catalog\/\"},{\"@type\":\"ListItem\",\"position\":3,\"name\":\"CNC BHX 200\"}]}]}<\/script>\n<!-- \/ Yoast SEO plugin. -->","yoast_head_json":{"title":"CNC BHX 200 - Machineries BST","robots":{"index":"index","follow":"follow","max-snippet":"max-snippet:-1","max-image-preview":"max-image-preview:large","max-video-preview":"max-video-preview:-1"},"canonical":"https:\/\/machineriesbst.com\/en\/catalogue\/cnc-bhx-200\/","og_locale":"en_US","og_type":"article","og_title":"CNC BHX 200 - Machineries BST","og_description":"Centre d'usinage \"vertical\" flexible avec\u00a0\"ATC\"\u00a0qui utilise moins de 5\u00a0m\u00e8tres\u00b2 d'espace au sol pr\u00e9cieux en plus d'un syst\u00e8me de manutention de panneaux innovant. Max. la taille de pi\u00e8ce utilisable pour l'axe \"X\" est de 120\" (3 050 mm), l'axe \"Y\" de 49,2\" (1 250 mm) et max. \u00e9paisseur de la pi\u00e8ce 3,1\" (80 mm). Min. la [&hellip;]","og_url":"https:\/\/machineriesbst.com\/en\/catalogue\/cnc-bhx-200\/","og_site_name":"Machineries BST","article_modified_time":"2023-12-01T01:22:04+00:00","og_image":[{"width":640,"height":480,"url":"https:\/\/machineriesbst.com\/wp-content\/uploads\/2022\/10\/4.jpg","path":"\/home\/jepeto\/public_html\/wp-content\/uploads\/2022\/10\/4.jpg","size":"full","id":77980,"alt":"","pixels":307200,"type":"image\/jpeg"}],"twitter_card":"summary_large_image","twitter_misc":{"Est. reading time":"3 minutes"},"schema":{"@context":"https:\/\/schema.org","@graph":[{"@type":"WebSite","@id":"https:\/\/machineriesbst.com\/en\/#website","url":"https:\/\/machineriesbst.com\/en\/","name":"Machineries BST","description":"Machines neuves &amp; usag\u00e9es","potentialAction":[{"@type":"SearchAction","target":{"@type":"EntryPoint","urlTemplate":"https:\/\/machineriesbst.com\/en\/?s={search_term_string}"},"query-input":"required name=search_term_string"}],"inLanguage":"en-US"},{"@type":"ImageObject","@id":"https:\/\/machineriesbst.com\/en\/catalogue\/cnc-bhx-200\/#primaryimage","inLanguage":"en-US","url":"https:\/\/machineriesbst.com\/wp-content\/uploads\/2022\/10\/4.jpg","contentUrl":"https:\/\/machineriesbst.com\/wp-content\/uploads\/2022\/10\/4.jpg","width":640,"height":480},{"@type":"WebPage","@id":"https:\/\/machineriesbst.com\/en\/catalogue\/cnc-bhx-200\/#webpage","url":"https:\/\/machineriesbst.com\/en\/catalogue\/cnc-bhx-200\/","name":"CNC BHX 200 - Machineries BST","isPartOf":{"@id":"https:\/\/machineriesbst.com\/en\/#website"},"primaryImageOfPage":{"@id":"https:\/\/machineriesbst.com\/en\/catalogue\/cnc-bhx-200\/#primaryimage"},"datePublished":"2022-10-24T18:37:17+00:00","dateModified":"2023-12-01T01:22:04+00:00","breadcrumb":{"@id":"https:\/\/machineriesbst.com\/en\/catalogue\/cnc-bhx-200\/#breadcrumb"},"inLanguage":"en-US","potentialAction":[{"@type":"ReadAction","target":["https:\/\/machineriesbst.com\/en\/catalogue\/cnc-bhx-200\/"]}]},{"@type":"BreadcrumbList","@id":"https:\/\/machineriesbst.com\/en\/catalogue\/cnc-bhx-200\/#breadcrumb","itemListElement":[{"@type":"ListItem","position":1,"name":"Accueil","item":"https:\/\/machineriesbst.com\/en\/"},{"@type":"ListItem","position":2,"name":"Catalogue","item":"https:\/\/machineriesbst.com\/en\/catalog\/"},{"@type":"ListItem","position":3,"name":"CNC BHX 200"}]}]}},"_links":{"self":[{"href":"https:\/\/machineriesbst.com\/en\/wp-json\/wp\/v2\/product\/77975"}],"collection":[{"href":"https:\/\/machineriesbst.com\/en\/wp-json\/wp\/v2\/product"}],"about":[{"href":"https:\/\/machineriesbst.com\/en\/wp-json\/wp\/v2\/types\/product"}],"author":[{"embeddable":true,"href":"https:\/\/machineriesbst.com\/en\/wp-json\/wp\/v2\/users\/3"}],"replies":[{"embeddable":true,"href":"https:\/\/machineriesbst.com\/en\/wp-json\/wp\/v2\/comments?post=77975"}],"wp:featuredmedia":[{"embeddable":true,"href":"https:\/\/machineriesbst.com\/en\/wp-json\/wp\/v2\/media\/77980"}],"wp:attachment":[{"href":"https:\/\/machineriesbst.com\/en\/wp-json\/wp\/v2\/media?parent=77975"}],"wp:term":[{"taxonomy":"product_cat","embeddable":true,"href":"https:\/\/machineriesbst.com\/en\/wp-json\/wp\/v2\/product_cat?post=77975"},{"taxonomy":"product_tag","embeddable":true,"href":"https:\/\/machineriesbst.com\/en\/wp-json\/wp\/v2\/product_tag?post=77975"}],"curies":[{"name":"wp","href":"https:\/\/api.w.org\/{rel}","templated":true}]}}