{"id":77915,"date":"2022-10-13T12:34:15","date_gmt":"2022-10-13T16:34:15","guid":{"rendered":"https:\/\/machineriesbst.com\/?post_type=product&#038;p=77915"},"modified":"2024-05-08T11:37:10","modified_gmt":"2024-05-08T15:37:10","slug":"cnc-biesse-modele-rover-b-ftk-annee-2005","status":"publish","type":"product","link":"https:\/\/machineriesbst.com\/en\/catalogue\/cnc-biesse-modele-rover-b-ftk-annee-2005\/","title":{"rendered":"CNC Biesse Model Rover B FTK Year 2005"},"content":{"rendered":"<p><strong>CNC Biesse Model Rover B FTK<\/strong><\/p>\n<p><strong>Year 2005<\/strong><\/p>\n<p>12 vertical wicks<\/p>\n<p>Possibility of 4 horizontal wicks<\/p>\n<p>10 tools in the magazine<\/p>\n<p>2 work areas<\/p>\n<p>3 Becker VTLF 250 pumps<\/p>\n<p>Worktable; 5 feet x 12 feet max<\/p>\n<p>5 safety mats<\/p>\n<p>Computer change in September 2022<\/p>","protected":false},"excerpt":{"rendered":"<p>CNC Biesse Model Rover B FTK Year 2005 12 vertical bits Possibility of 4 horizontal bits 10 tools in the magazine 2 work areas 3 Becker VTLF 250 pumps Work table; 5 feet x 12 feet max 5 computer safety mats change in September 2022<\/p>","protected":false},"author":3,"featured_media":77916,"comment_status":"open","ping_status":"closed","template":"","meta":[],"product_cat":[221,2265],"product_tag":[],"acf":[],"yoast_head":"<!-- This site is optimized with the Yoast SEO plugin v16.8 - https:\/\/yoast.com\/wordpress\/plugins\/seo\/ -->\n<title>CNC Biesse Mod\u00e8le Rover B FTK Ann\u00e9e 2005 - Machineries BST<\/title>\n<meta name=\"robots\" content=\"index, follow, max-snippet:-1, max-image-preview:large, max-video-preview:-1\" \/>\n<link rel=\"canonical\" href=\"https:\/\/machineriesbst.com\/en\/catalogue\/cnc-biesse-modele-rover-b-ftk-annee-2005\/\" \/>\n<meta property=\"og:locale\" content=\"en_US\" \/>\n<meta property=\"og:type\" content=\"article\" \/>\n<meta property=\"og:title\" content=\"CNC Biesse Mod\u00e8le Rover B FTK Ann\u00e9e 2005 - Machineries BST\" \/>\n<meta property=\"og:description\" content=\"CNC Biesse Mod\u00e8le Rover B FTK Ann\u00e9e 2005 12 m\u00e8ches verticales Possibilit\u00e9 de 4 m\u00e8ches horizontales 10 outils dans le magasin 2 zones de travail 3 pompes Becker VTLF 250 Table de travail; 5pieds x 12 pieds max 5 tapis de s\u00e9curit\u00e9 Ordinateur changer en septembre 2022\" \/>\n<meta property=\"og:url\" content=\"https:\/\/machineriesbst.com\/en\/catalogue\/cnc-biesse-modele-rover-b-ftk-annee-2005\/\" \/>\n<meta property=\"og:site_name\" content=\"Machineries BST\" \/>\n<meta property=\"article:modified_time\" content=\"2024-05-08T15:37:10+00:00\" \/>\n<meta property=\"og:image\" content=\"https:\/\/machineriesbst.com\/wp-content\/uploads\/2022\/10\/ROVER-B-1-image.jpg\" \/>\n\t<meta property=\"og:image:width\" content=\"1000\" \/>\n\t<meta property=\"og:image:height\" content=\"752\" \/>\n<meta name=\"twitter:card\" content=\"summary_large_image\" \/>\n<script type=\"application\/ld+json\" class=\"yoast-schema-graph\">{\"@context\":\"https:\/\/schema.org\",\"@graph\":[{\"@type\":\"WebSite\",\"@id\":\"https:\/\/machineriesbst.com\/en\/#website\",\"url\":\"https:\/\/machineriesbst.com\/en\/\",\"name\":\"Machineries BST\",\"description\":\"Machines neuves &amp; usag\\u00e9es\",\"potentialAction\":[{\"@type\":\"SearchAction\",\"target\":{\"@type\":\"EntryPoint\",\"urlTemplate\":\"https:\/\/machineriesbst.com\/en\/?s={search_term_string}\"},\"query-input\":\"required name=search_term_string\"}],\"inLanguage\":\"en-US\"},{\"@type\":\"ImageObject\",\"@id\":\"https:\/\/machineriesbst.com\/en\/catalogue\/cnc-biesse-modele-rover-b-ftk-annee-2005\/#primaryimage\",\"inLanguage\":\"en-US\",\"url\":\"https:\/\/machineriesbst.com\/wp-content\/uploads\/2022\/10\/ROVER-B-1-image.jpg\",\"contentUrl\":\"https:\/\/machineriesbst.com\/wp-content\/uploads\/2022\/10\/ROVER-B-1-image.jpg\",\"width\":1000,\"height\":752},{\"@type\":\"WebPage\",\"@id\":\"https:\/\/machineriesbst.com\/en\/catalogue\/cnc-biesse-modele-rover-b-ftk-annee-2005\/#webpage\",\"url\":\"https:\/\/machineriesbst.com\/en\/catalogue\/cnc-biesse-modele-rover-b-ftk-annee-2005\/\",\"name\":\"CNC Biesse Mod\\u00e8le Rover B FTK Ann\\u00e9e 2005 - Machineries BST\",\"isPartOf\":{\"@id\":\"https:\/\/machineriesbst.com\/en\/#website\"},\"primaryImageOfPage\":{\"@id\":\"https:\/\/machineriesbst.com\/en\/catalogue\/cnc-biesse-modele-rover-b-ftk-annee-2005\/#primaryimage\"},\"datePublished\":\"2022-10-13T16:34:15+00:00\",\"dateModified\":\"2024-05-08T15:37:10+00:00\",\"breadcrumb\":{\"@id\":\"https:\/\/machineriesbst.com\/en\/catalogue\/cnc-biesse-modele-rover-b-ftk-annee-2005\/#breadcrumb\"},\"inLanguage\":\"en-US\",\"potentialAction\":[{\"@type\":\"ReadAction\",\"target\":[\"https:\/\/machineriesbst.com\/en\/catalogue\/cnc-biesse-modele-rover-b-ftk-annee-2005\/\"]}]},{\"@type\":\"BreadcrumbList\",\"@id\":\"https:\/\/machineriesbst.com\/en\/catalogue\/cnc-biesse-modele-rover-b-ftk-annee-2005\/#breadcrumb\",\"itemListElement\":[{\"@type\":\"ListItem\",\"position\":1,\"name\":\"Accueil\",\"item\":\"https:\/\/machineriesbst.com\/en\/\"},{\"@type\":\"ListItem\",\"position\":2,\"name\":\"Catalogue\",\"item\":\"https:\/\/machineriesbst.com\/en\/catalog\/\"},{\"@type\":\"ListItem\",\"position\":3,\"name\":\"CNC Biesse Mod\\u00e8le Rover B FTK Ann\\u00e9e 2005\"}]}]}<\/script>\n<!-- \/ Yoast SEO plugin. -->","yoast_head_json":{"title":"CNC Biesse Mod\u00e8le Rover B FTK Ann\u00e9e 2005 - Machineries BST","robots":{"index":"index","follow":"follow","max-snippet":"max-snippet:-1","max-image-preview":"max-image-preview:large","max-video-preview":"max-video-preview:-1"},"canonical":"https:\/\/machineriesbst.com\/en\/catalogue\/cnc-biesse-modele-rover-b-ftk-annee-2005\/","og_locale":"en_US","og_type":"article","og_title":"CNC Biesse Mod\u00e8le Rover B FTK Ann\u00e9e 2005 - Machineries BST","og_description":"CNC Biesse Mod\u00e8le Rover B FTK Ann\u00e9e 2005 12 m\u00e8ches verticales Possibilit\u00e9 de 4 m\u00e8ches horizontales 10 outils dans le magasin 2 zones de travail 3 pompes Becker VTLF 250 Table de travail; 5pieds x 12 pieds max 5 tapis de s\u00e9curit\u00e9 Ordinateur changer en septembre 2022","og_url":"https:\/\/machineriesbst.com\/en\/catalogue\/cnc-biesse-modele-rover-b-ftk-annee-2005\/","og_site_name":"Machineries BST","article_modified_time":"2024-05-08T15:37:10+00:00","og_image":[{"width":1000,"height":752,"url":"https:\/\/machineriesbst.com\/wp-content\/uploads\/2022\/10\/ROVER-B-1-image.jpg","path":"\/home\/jepeto\/public_html\/wp-content\/uploads\/2022\/10\/ROVER-B-1-image.jpg","size":"full","id":77916,"alt":"","pixels":752000,"type":"image\/jpeg"}],"twitter_card":"summary_large_image","schema":{"@context":"https:\/\/schema.org","@graph":[{"@type":"WebSite","@id":"https:\/\/machineriesbst.com\/en\/#website","url":"https:\/\/machineriesbst.com\/en\/","name":"Machineries BST","description":"Machines neuves &amp; usag\u00e9es","potentialAction":[{"@type":"SearchAction","target":{"@type":"EntryPoint","urlTemplate":"https:\/\/machineriesbst.com\/en\/?s={search_term_string}"},"query-input":"required name=search_term_string"}],"inLanguage":"en-US"},{"@type":"ImageObject","@id":"https:\/\/machineriesbst.com\/en\/catalogue\/cnc-biesse-modele-rover-b-ftk-annee-2005\/#primaryimage","inLanguage":"en-US","url":"https:\/\/machineriesbst.com\/wp-content\/uploads\/2022\/10\/ROVER-B-1-image.jpg","contentUrl":"https:\/\/machineriesbst.com\/wp-content\/uploads\/2022\/10\/ROVER-B-1-image.jpg","width":1000,"height":752},{"@type":"WebPage","@id":"https:\/\/machineriesbst.com\/en\/catalogue\/cnc-biesse-modele-rover-b-ftk-annee-2005\/#webpage","url":"https:\/\/machineriesbst.com\/en\/catalogue\/cnc-biesse-modele-rover-b-ftk-annee-2005\/","name":"CNC Biesse Mod\u00e8le Rover B FTK Ann\u00e9e 2005 - Machineries BST","isPartOf":{"@id":"https:\/\/machineriesbst.com\/en\/#website"},"primaryImageOfPage":{"@id":"https:\/\/machineriesbst.com\/en\/catalogue\/cnc-biesse-modele-rover-b-ftk-annee-2005\/#primaryimage"},"datePublished":"2022-10-13T16:34:15+00:00","dateModified":"2024-05-08T15:37:10+00:00","breadcrumb":{"@id":"https:\/\/machineriesbst.com\/en\/catalogue\/cnc-biesse-modele-rover-b-ftk-annee-2005\/#breadcrumb"},"inLanguage":"en-US","potentialAction":[{"@type":"ReadAction","target":["https:\/\/machineriesbst.com\/en\/catalogue\/cnc-biesse-modele-rover-b-ftk-annee-2005\/"]}]},{"@type":"BreadcrumbList","@id":"https:\/\/machineriesbst.com\/en\/catalogue\/cnc-biesse-modele-rover-b-ftk-annee-2005\/#breadcrumb","itemListElement":[{"@type":"ListItem","position":1,"name":"Accueil","item":"https:\/\/machineriesbst.com\/en\/"},{"@type":"ListItem","position":2,"name":"Catalogue","item":"https:\/\/machineriesbst.com\/en\/catalog\/"},{"@type":"ListItem","position":3,"name":"CNC Biesse Mod\u00e8le Rover B FTK Ann\u00e9e 2005"}]}]}},"_links":{"self":[{"href":"https:\/\/machineriesbst.com\/en\/wp-json\/wp\/v2\/product\/77915"}],"collection":[{"href":"https:\/\/machineriesbst.com\/en\/wp-json\/wp\/v2\/product"}],"about":[{"href":"https:\/\/machineriesbst.com\/en\/wp-json\/wp\/v2\/types\/product"}],"author":[{"embeddable":true,"href":"https:\/\/machineriesbst.com\/en\/wp-json\/wp\/v2\/users\/3"}],"replies":[{"embeddable":true,"href":"https:\/\/machineriesbst.com\/en\/wp-json\/wp\/v2\/comments?post=77915"}],"wp:featuredmedia":[{"embeddable":true,"href":"https:\/\/machineriesbst.com\/en\/wp-json\/wp\/v2\/media\/77916"}],"wp:attachment":[{"href":"https:\/\/machineriesbst.com\/en\/wp-json\/wp\/v2\/media?parent=77915"}],"wp:term":[{"taxonomy":"product_cat","embeddable":true,"href":"https:\/\/machineriesbst.com\/en\/wp-json\/wp\/v2\/product_cat?post=77915"},{"taxonomy":"product_tag","embeddable":true,"href":"https:\/\/machineriesbst.com\/en\/wp-json\/wp\/v2\/product_tag?post=77915"}],"curies":[{"name":"wp","href":"https:\/\/api.w.org\/{rel}","templated":true}]}}