{"id":77897,"date":"2022-10-13T12:10:48","date_gmt":"2022-10-13T16:10:48","guid":{"rendered":"https:\/\/machineriesbst.com\/?post_type=product&#038;p=77897"},"modified":"2024-02-27T10:27:31","modified_gmt":"2024-02-27T15:27:31","slug":"depoussiereur-airex-a-jet-dair-8000-cfm-2021","status":"publish","type":"product","link":"https:\/\/machineriesbst.com\/en\/catalogue\/depoussiereur-airex-a-jet-dair-8000-cfm-2021\/","title":{"rendered":"Airex Air Jet Dust Collector 8000 cfm 2021"},"content":{"rendered":"<p>Airex Air Jet Dust Collector 8000 cfm<\/p>\n<p>40 hp, 8,000 cfm motor. Air cleaning.<\/p>\n<p>Year 2021<\/p>\n<p>80 pockets of 4.75 inches x 123 inches: filtration area 1000 square feet.<\/p>\n<p>Included control panels, container.<\/p>\n<p>Dismantling and crane not included<\/p>\n<p>Includes exterior piping.<\/p>","protected":false},"excerpt":{"rendered":"<p>Airex Air Jet Dust Collector 8000 cfm 40 hp motor, 8,000 cfm. Air cleaning. Year 2021 80 pockets of 4.75 inches x 123 inches: filtration area 1000 square feet. Included control panels, container. Dismantling and crane not included Included exterior piping.<\/p>","protected":false},"author":3,"featured_media":77898,"comment_status":"open","ping_status":"closed","template":"","meta":[],"product_cat":[320,3036],"product_tag":[],"acf":[],"yoast_head":"<!-- This site is optimized with the Yoast SEO plugin v16.8 - https:\/\/yoast.com\/wordpress\/plugins\/seo\/ -->\n<title>D\u00e9poussiereur Airex a Jet d\u2019air 8000 cfm 2021 - Machineries BST<\/title>\n<meta name=\"robots\" content=\"index, follow, max-snippet:-1, max-image-preview:large, max-video-preview:-1\" \/>\n<link rel=\"canonical\" href=\"https:\/\/machineriesbst.com\/en\/catalogue\/depoussiereur-airex-a-jet-dair-8000-cfm-2021\/\" \/>\n<meta property=\"og:locale\" content=\"en_US\" \/>\n<meta property=\"og:type\" content=\"article\" \/>\n<meta property=\"og:title\" content=\"D\u00e9poussiereur Airex a Jet d\u2019air 8000 cfm 2021 - Machineries BST\" \/>\n<meta property=\"og:description\" content=\"D\u00e9poussi\u00e9reur Airex a Jet d\u2019air 8000 cfm Moteur de 40 hp ,\u00a0 \u00a08,000 cfm .\u00a0 Nettoyage \u00e0 air. Ann\u00e9e 2021 80 poches de 4.75 pouces x 123 pouces: surface de filtration 1000 pieds carr\u00e9s. Inclus panneaux de contr\u00f4le, conteneur. D\u00e9mant\u00e8lement et grue non inclus Inclus tuyauterie exterieur.\" \/>\n<meta property=\"og:url\" content=\"https:\/\/machineriesbst.com\/en\/catalogue\/depoussiereur-airex-a-jet-dair-8000-cfm-2021\/\" \/>\n<meta property=\"og:site_name\" content=\"Machineries BST\" \/>\n<meta property=\"article:modified_time\" content=\"2024-02-27T15:27:31+00:00\" \/>\n<meta property=\"og:image\" content=\"https:\/\/machineriesbst.com\/wp-content\/uploads\/2022\/10\/IMG_20221013_114345.jpg\" \/>\n\t<meta property=\"og:image:width\" content=\"240\" \/>\n\t<meta property=\"og:image:height\" content=\"320\" \/>\n<meta name=\"twitter:card\" content=\"summary_large_image\" \/>\n<script type=\"application\/ld+json\" class=\"yoast-schema-graph\">{\"@context\":\"https:\/\/schema.org\",\"@graph\":[{\"@type\":\"WebSite\",\"@id\":\"https:\/\/machineriesbst.com\/en\/#website\",\"url\":\"https:\/\/machineriesbst.com\/en\/\",\"name\":\"Machineries BST\",\"description\":\"Machines neuves &amp; usag\\u00e9es\",\"potentialAction\":[{\"@type\":\"SearchAction\",\"target\":{\"@type\":\"EntryPoint\",\"urlTemplate\":\"https:\/\/machineriesbst.com\/en\/?s={search_term_string}\"},\"query-input\":\"required name=search_term_string\"}],\"inLanguage\":\"en-US\"},{\"@type\":\"ImageObject\",\"@id\":\"https:\/\/machineriesbst.com\/en\/catalogue\/depoussiereur-airex-a-jet-dair-8000-cfm-2021\/#primaryimage\",\"inLanguage\":\"en-US\",\"url\":\"https:\/\/machineriesbst.com\/wp-content\/uploads\/2022\/10\/IMG_20221013_114345.jpg\",\"contentUrl\":\"https:\/\/machineriesbst.com\/wp-content\/uploads\/2022\/10\/IMG_20221013_114345.jpg\",\"width\":240,\"height\":320},{\"@type\":\"WebPage\",\"@id\":\"https:\/\/machineriesbst.com\/en\/catalogue\/depoussiereur-airex-a-jet-dair-8000-cfm-2021\/#webpage\",\"url\":\"https:\/\/machineriesbst.com\/en\/catalogue\/depoussiereur-airex-a-jet-dair-8000-cfm-2021\/\",\"name\":\"D\\u00e9poussiereur Airex a Jet d\\u2019air 8000 cfm 2021 - Machineries BST\",\"isPartOf\":{\"@id\":\"https:\/\/machineriesbst.com\/en\/#website\"},\"primaryImageOfPage\":{\"@id\":\"https:\/\/machineriesbst.com\/en\/catalogue\/depoussiereur-airex-a-jet-dair-8000-cfm-2021\/#primaryimage\"},\"datePublished\":\"2022-10-13T16:10:48+00:00\",\"dateModified\":\"2024-02-27T15:27:31+00:00\",\"breadcrumb\":{\"@id\":\"https:\/\/machineriesbst.com\/en\/catalogue\/depoussiereur-airex-a-jet-dair-8000-cfm-2021\/#breadcrumb\"},\"inLanguage\":\"en-US\",\"potentialAction\":[{\"@type\":\"ReadAction\",\"target\":[\"https:\/\/machineriesbst.com\/en\/catalogue\/depoussiereur-airex-a-jet-dair-8000-cfm-2021\/\"]}]},{\"@type\":\"BreadcrumbList\",\"@id\":\"https:\/\/machineriesbst.com\/en\/catalogue\/depoussiereur-airex-a-jet-dair-8000-cfm-2021\/#breadcrumb\",\"itemListElement\":[{\"@type\":\"ListItem\",\"position\":1,\"name\":\"Accueil\",\"item\":\"https:\/\/machineriesbst.com\/en\/\"},{\"@type\":\"ListItem\",\"position\":2,\"name\":\"Catalogue\",\"item\":\"https:\/\/machineriesbst.com\/en\/catalog\/\"},{\"@type\":\"ListItem\",\"position\":3,\"name\":\"D\\u00e9poussiereur Airex a Jet d\\u2019air 8000 cfm 2021\"}]}]}<\/script>\n<!-- \/ Yoast SEO plugin. -->","yoast_head_json":{"title":"D\u00e9poussiereur Airex a Jet d\u2019air 8000 cfm 2021 - Machineries BST","robots":{"index":"index","follow":"follow","max-snippet":"max-snippet:-1","max-image-preview":"max-image-preview:large","max-video-preview":"max-video-preview:-1"},"canonical":"https:\/\/machineriesbst.com\/en\/catalogue\/depoussiereur-airex-a-jet-dair-8000-cfm-2021\/","og_locale":"en_US","og_type":"article","og_title":"D\u00e9poussiereur Airex a Jet d\u2019air 8000 cfm 2021 - Machineries BST","og_description":"D\u00e9poussi\u00e9reur Airex a Jet d\u2019air 8000 cfm Moteur de 40 hp ,\u00a0 \u00a08,000 cfm .\u00a0 Nettoyage \u00e0 air. Ann\u00e9e 2021 80 poches de 4.75 pouces x 123 pouces: surface de filtration 1000 pieds carr\u00e9s. Inclus panneaux de contr\u00f4le, conteneur. D\u00e9mant\u00e8lement et grue non inclus Inclus tuyauterie exterieur.","og_url":"https:\/\/machineriesbst.com\/en\/catalogue\/depoussiereur-airex-a-jet-dair-8000-cfm-2021\/","og_site_name":"Machineries BST","article_modified_time":"2024-02-27T15:27:31+00:00","og_image":[{"width":240,"height":320,"url":"https:\/\/machineriesbst.com\/wp-content\/uploads\/2022\/10\/IMG_20221013_114345.jpg","path":"\/home\/jepeto\/public_html\/wp-content\/uploads\/2022\/10\/IMG_20221013_114345.jpg","size":"full","id":77898,"alt":"","pixels":76800,"type":"image\/jpeg"}],"twitter_card":"summary_large_image","schema":{"@context":"https:\/\/schema.org","@graph":[{"@type":"WebSite","@id":"https:\/\/machineriesbst.com\/en\/#website","url":"https:\/\/machineriesbst.com\/en\/","name":"Machineries BST","description":"Machines neuves &amp; usag\u00e9es","potentialAction":[{"@type":"SearchAction","target":{"@type":"EntryPoint","urlTemplate":"https:\/\/machineriesbst.com\/en\/?s={search_term_string}"},"query-input":"required name=search_term_string"}],"inLanguage":"en-US"},{"@type":"ImageObject","@id":"https:\/\/machineriesbst.com\/en\/catalogue\/depoussiereur-airex-a-jet-dair-8000-cfm-2021\/#primaryimage","inLanguage":"en-US","url":"https:\/\/machineriesbst.com\/wp-content\/uploads\/2022\/10\/IMG_20221013_114345.jpg","contentUrl":"https:\/\/machineriesbst.com\/wp-content\/uploads\/2022\/10\/IMG_20221013_114345.jpg","width":240,"height":320},{"@type":"WebPage","@id":"https:\/\/machineriesbst.com\/en\/catalogue\/depoussiereur-airex-a-jet-dair-8000-cfm-2021\/#webpage","url":"https:\/\/machineriesbst.com\/en\/catalogue\/depoussiereur-airex-a-jet-dair-8000-cfm-2021\/","name":"D\u00e9poussiereur Airex a Jet d\u2019air 8000 cfm 2021 - Machineries BST","isPartOf":{"@id":"https:\/\/machineriesbst.com\/en\/#website"},"primaryImageOfPage":{"@id":"https:\/\/machineriesbst.com\/en\/catalogue\/depoussiereur-airex-a-jet-dair-8000-cfm-2021\/#primaryimage"},"datePublished":"2022-10-13T16:10:48+00:00","dateModified":"2024-02-27T15:27:31+00:00","breadcrumb":{"@id":"https:\/\/machineriesbst.com\/en\/catalogue\/depoussiereur-airex-a-jet-dair-8000-cfm-2021\/#breadcrumb"},"inLanguage":"en-US","potentialAction":[{"@type":"ReadAction","target":["https:\/\/machineriesbst.com\/en\/catalogue\/depoussiereur-airex-a-jet-dair-8000-cfm-2021\/"]}]},{"@type":"BreadcrumbList","@id":"https:\/\/machineriesbst.com\/en\/catalogue\/depoussiereur-airex-a-jet-dair-8000-cfm-2021\/#breadcrumb","itemListElement":[{"@type":"ListItem","position":1,"name":"Accueil","item":"https:\/\/machineriesbst.com\/en\/"},{"@type":"ListItem","position":2,"name":"Catalogue","item":"https:\/\/machineriesbst.com\/en\/catalog\/"},{"@type":"ListItem","position":3,"name":"D\u00e9poussiereur Airex a Jet d\u2019air 8000 cfm 2021"}]}]}},"_links":{"self":[{"href":"https:\/\/machineriesbst.com\/en\/wp-json\/wp\/v2\/product\/77897"}],"collection":[{"href":"https:\/\/machineriesbst.com\/en\/wp-json\/wp\/v2\/product"}],"about":[{"href":"https:\/\/machineriesbst.com\/en\/wp-json\/wp\/v2\/types\/product"}],"author":[{"embeddable":true,"href":"https:\/\/machineriesbst.com\/en\/wp-json\/wp\/v2\/users\/3"}],"replies":[{"embeddable":true,"href":"https:\/\/machineriesbst.com\/en\/wp-json\/wp\/v2\/comments?post=77897"}],"wp:featuredmedia":[{"embeddable":true,"href":"https:\/\/machineriesbst.com\/en\/wp-json\/wp\/v2\/media\/77898"}],"wp:attachment":[{"href":"https:\/\/machineriesbst.com\/en\/wp-json\/wp\/v2\/media?parent=77897"}],"wp:term":[{"taxonomy":"product_cat","embeddable":true,"href":"https:\/\/machineriesbst.com\/en\/wp-json\/wp\/v2\/product_cat?post=77897"},{"taxonomy":"product_tag","embeddable":true,"href":"https:\/\/machineriesbst.com\/en\/wp-json\/wp\/v2\/product_tag?post=77897"}],"curies":[{"name":"wp","href":"https:\/\/api.w.org\/{rel}","templated":true}]}}