{"id":77882,"date":"2022-10-12T13:59:31","date_gmt":"2022-10-12T17:59:31","guid":{"rendered":"https:\/\/machineriesbst.com\/?post_type=product&#038;p=77882"},"modified":"2023-11-30T20:22:04","modified_gmt":"2023-12-01T01:22:04","slug":"cnc-scm-x200-a-chargement-dechargement-automatique","status":"publish","type":"product","link":"https:\/\/machineriesbst.com\/en\/catalogue\/cnc-scm-x200-a-chargement-dechargement-automatique\/","title":{"rendered":"SCM X200 CNC with automatic loading\/unloading"},"content":{"rendered":"<p>CNC SCM X200, 5 x 12 feet 2020<\/p>\n<p>Year 2020<\/p>\n<p>Less than 2000 working hours.<\/p>\n<p>Model: SCM X200 AA10002087<\/p>\n<p>Nesting cell 5 x 12<\/p>\n<p>fully equipped with: loading and labeling as well as unloading table<\/p>\n<p>\u2013 5X12 cutting table<\/p>\n<p>\u2013 the nesting cells work from left to right<\/p>\n<p>-It is equipped with SCM&#39;s pro-space security system which means that it has no fence around it or security barriers. they are safety bumpers that protect the operator.<\/p>\n<p>- The cutting router has a 15 KW 24000 rpm motor.<\/p>\n<p>- the tool magazine with 14 positions.<\/p>\n<p>-The cutting table with 16 vacuum zones with a follow-up of the cut, the vacuum zones open and close following the path of the tool which allows better retention.<\/p>\n<p>\u2013 It comes with 2 Busch pumps which gives 720m3\/h.<\/p>\n<p>-SCM&#39;s Mastro drawing software is supplied with the machine computer which has a 21.5 inch touch screen and 2 keys.<\/p>\n<p>-The loader can take an 800mm Pile<\/p>\n<p>-The applicator pad for the labels rotates 0-90 degrees to have the labels always in the right direction of the part.<\/p>","protected":false},"excerpt":{"rendered":"<p>CNC SCM X200, 5 x 12 feet 2020 Year 2020 Less than 2000 Hours of work. Model: SCM X200 AA10002087 Fully equipped 5 x 12 nesting cell with: loading and labeling as well as unloading table \u2013 5X12 cutting table \u2013 the nesting cells work from left to right [\u2026]<\/p>","protected":false},"author":3,"featured_media":77883,"comment_status":"open","ping_status":"closed","template":"","meta":[],"product_cat":[221,2265],"product_tag":[],"acf":[],"yoast_head":"<!-- This site is optimized with the Yoast SEO plugin v16.8 - https:\/\/yoast.com\/wordpress\/plugins\/seo\/ -->\n<title>CNC SCM X200 \u00e0 chargement\/d\u00e9chargement automatique - Machineries BST<\/title>\n<meta name=\"robots\" content=\"index, follow, max-snippet:-1, max-image-preview:large, max-video-preview:-1\" \/>\n<link rel=\"canonical\" href=\"https:\/\/machineriesbst.com\/en\/catalogue\/cnc-scm-x200-a-chargement-dechargement-automatique\/\" \/>\n<meta property=\"og:locale\" content=\"en_US\" \/>\n<meta property=\"og:type\" content=\"article\" \/>\n<meta property=\"og:title\" content=\"CNC SCM X200 \u00e0 chargement\/d\u00e9chargement automatique - Machineries BST\" \/>\n<meta property=\"og:description\" content=\"CNC SCM X200, 5 x 12 pieds 2020 Ann\u00e9e 2020 Moins de 2000 Heures de travail. Mod\u00e8le: SCM\u00a0 X200\u00a0 \u00a0 AA10002087 Cellule nesting 5 x 12 tout \u00e9quip\u00e9 avec: le chargement et l\u2019\u00e9tiquetage ainsi que la table de d\u00e9chargement \u2013 Table de d\u00e9coupe de 5X12 \u2013 la cellules de nesting travail de gauche \u00e0 droite [&hellip;]\" \/>\n<meta property=\"og:url\" content=\"https:\/\/machineriesbst.com\/en\/catalogue\/cnc-scm-x200-a-chargement-dechargement-automatique\/\" \/>\n<meta property=\"og:site_name\" content=\"Machineries BST\" \/>\n<meta property=\"article:modified_time\" content=\"2023-12-01T01:22:04+00:00\" \/>\n<meta property=\"og:image\" content=\"https:\/\/machineriesbst.com\/wp-content\/uploads\/2022\/10\/IMG_1926-principale.jpg\" \/>\n\t<meta property=\"og:image:width\" content=\"810\" \/>\n\t<meta property=\"og:image:height\" content=\"1080\" \/>\n<meta name=\"twitter:card\" content=\"summary_large_image\" \/>\n<meta name=\"twitter:label1\" content=\"Est. reading time\" \/>\n\t<meta name=\"twitter:data1\" content=\"1 minute\" \/>\n<script type=\"application\/ld+json\" class=\"yoast-schema-graph\">{\"@context\":\"https:\/\/schema.org\",\"@graph\":[{\"@type\":\"WebSite\",\"@id\":\"https:\/\/machineriesbst.com\/en\/#website\",\"url\":\"https:\/\/machineriesbst.com\/en\/\",\"name\":\"Machineries BST\",\"description\":\"Machines neuves &amp; usag\\u00e9es\",\"potentialAction\":[{\"@type\":\"SearchAction\",\"target\":{\"@type\":\"EntryPoint\",\"urlTemplate\":\"https:\/\/machineriesbst.com\/en\/?s={search_term_string}\"},\"query-input\":\"required name=search_term_string\"}],\"inLanguage\":\"en-US\"},{\"@type\":\"ImageObject\",\"@id\":\"https:\/\/machineriesbst.com\/en\/catalogue\/cnc-scm-x200-a-chargement-dechargement-automatique\/#primaryimage\",\"inLanguage\":\"en-US\",\"url\":\"https:\/\/machineriesbst.com\/wp-content\/uploads\/2022\/10\/IMG_1926-principale.jpg\",\"contentUrl\":\"https:\/\/machineriesbst.com\/wp-content\/uploads\/2022\/10\/IMG_1926-principale.jpg\",\"width\":810,\"height\":1080},{\"@type\":\"WebPage\",\"@id\":\"https:\/\/machineriesbst.com\/en\/catalogue\/cnc-scm-x200-a-chargement-dechargement-automatique\/#webpage\",\"url\":\"https:\/\/machineriesbst.com\/en\/catalogue\/cnc-scm-x200-a-chargement-dechargement-automatique\/\",\"name\":\"CNC SCM X200 \\u00e0 chargement\/d\\u00e9chargement automatique - Machineries BST\",\"isPartOf\":{\"@id\":\"https:\/\/machineriesbst.com\/en\/#website\"},\"primaryImageOfPage\":{\"@id\":\"https:\/\/machineriesbst.com\/en\/catalogue\/cnc-scm-x200-a-chargement-dechargement-automatique\/#primaryimage\"},\"datePublished\":\"2022-10-12T17:59:31+00:00\",\"dateModified\":\"2023-12-01T01:22:04+00:00\",\"breadcrumb\":{\"@id\":\"https:\/\/machineriesbst.com\/en\/catalogue\/cnc-scm-x200-a-chargement-dechargement-automatique\/#breadcrumb\"},\"inLanguage\":\"en-US\",\"potentialAction\":[{\"@type\":\"ReadAction\",\"target\":[\"https:\/\/machineriesbst.com\/en\/catalogue\/cnc-scm-x200-a-chargement-dechargement-automatique\/\"]}]},{\"@type\":\"BreadcrumbList\",\"@id\":\"https:\/\/machineriesbst.com\/en\/catalogue\/cnc-scm-x200-a-chargement-dechargement-automatique\/#breadcrumb\",\"itemListElement\":[{\"@type\":\"ListItem\",\"position\":1,\"name\":\"Accueil\",\"item\":\"https:\/\/machineriesbst.com\/en\/\"},{\"@type\":\"ListItem\",\"position\":2,\"name\":\"Catalogue\",\"item\":\"https:\/\/machineriesbst.com\/en\/catalog\/\"},{\"@type\":\"ListItem\",\"position\":3,\"name\":\"CNC SCM X200 \\u00e0 chargement\/d\\u00e9chargement automatique\"}]}]}<\/script>\n<!-- \/ Yoast SEO plugin. -->","yoast_head_json":{"title":"CNC SCM X200 \u00e0 chargement\/d\u00e9chargement automatique - Machineries BST","robots":{"index":"index","follow":"follow","max-snippet":"max-snippet:-1","max-image-preview":"max-image-preview:large","max-video-preview":"max-video-preview:-1"},"canonical":"https:\/\/machineriesbst.com\/en\/catalogue\/cnc-scm-x200-a-chargement-dechargement-automatique\/","og_locale":"en_US","og_type":"article","og_title":"CNC SCM X200 \u00e0 chargement\/d\u00e9chargement automatique - Machineries BST","og_description":"CNC SCM X200, 5 x 12 pieds 2020 Ann\u00e9e 2020 Moins de 2000 Heures de travail. Mod\u00e8le: SCM\u00a0 X200\u00a0 \u00a0 AA10002087 Cellule nesting 5 x 12 tout \u00e9quip\u00e9 avec: le chargement et l\u2019\u00e9tiquetage ainsi que la table de d\u00e9chargement \u2013 Table de d\u00e9coupe de 5X12 \u2013 la cellules de nesting travail de gauche \u00e0 droite [&hellip;]","og_url":"https:\/\/machineriesbst.com\/en\/catalogue\/cnc-scm-x200-a-chargement-dechargement-automatique\/","og_site_name":"Machineries BST","article_modified_time":"2023-12-01T01:22:04+00:00","og_image":[{"width":810,"height":1080,"url":"https:\/\/machineriesbst.com\/wp-content\/uploads\/2022\/10\/IMG_1926-principale.jpg","path":"\/home\/jepeto\/public_html\/wp-content\/uploads\/2022\/10\/IMG_1926-principale.jpg","size":"full","id":77883,"alt":"","pixels":874800,"type":"image\/jpeg"}],"twitter_card":"summary_large_image","twitter_misc":{"Est. reading time":"1 minute"},"schema":{"@context":"https:\/\/schema.org","@graph":[{"@type":"WebSite","@id":"https:\/\/machineriesbst.com\/en\/#website","url":"https:\/\/machineriesbst.com\/en\/","name":"Machineries BST","description":"Machines neuves &amp; usag\u00e9es","potentialAction":[{"@type":"SearchAction","target":{"@type":"EntryPoint","urlTemplate":"https:\/\/machineriesbst.com\/en\/?s={search_term_string}"},"query-input":"required name=search_term_string"}],"inLanguage":"en-US"},{"@type":"ImageObject","@id":"https:\/\/machineriesbst.com\/en\/catalogue\/cnc-scm-x200-a-chargement-dechargement-automatique\/#primaryimage","inLanguage":"en-US","url":"https:\/\/machineriesbst.com\/wp-content\/uploads\/2022\/10\/IMG_1926-principale.jpg","contentUrl":"https:\/\/machineriesbst.com\/wp-content\/uploads\/2022\/10\/IMG_1926-principale.jpg","width":810,"height":1080},{"@type":"WebPage","@id":"https:\/\/machineriesbst.com\/en\/catalogue\/cnc-scm-x200-a-chargement-dechargement-automatique\/#webpage","url":"https:\/\/machineriesbst.com\/en\/catalogue\/cnc-scm-x200-a-chargement-dechargement-automatique\/","name":"CNC SCM X200 \u00e0 chargement\/d\u00e9chargement automatique - Machineries BST","isPartOf":{"@id":"https:\/\/machineriesbst.com\/en\/#website"},"primaryImageOfPage":{"@id":"https:\/\/machineriesbst.com\/en\/catalogue\/cnc-scm-x200-a-chargement-dechargement-automatique\/#primaryimage"},"datePublished":"2022-10-12T17:59:31+00:00","dateModified":"2023-12-01T01:22:04+00:00","breadcrumb":{"@id":"https:\/\/machineriesbst.com\/en\/catalogue\/cnc-scm-x200-a-chargement-dechargement-automatique\/#breadcrumb"},"inLanguage":"en-US","potentialAction":[{"@type":"ReadAction","target":["https:\/\/machineriesbst.com\/en\/catalogue\/cnc-scm-x200-a-chargement-dechargement-automatique\/"]}]},{"@type":"BreadcrumbList","@id":"https:\/\/machineriesbst.com\/en\/catalogue\/cnc-scm-x200-a-chargement-dechargement-automatique\/#breadcrumb","itemListElement":[{"@type":"ListItem","position":1,"name":"Accueil","item":"https:\/\/machineriesbst.com\/en\/"},{"@type":"ListItem","position":2,"name":"Catalogue","item":"https:\/\/machineriesbst.com\/en\/catalog\/"},{"@type":"ListItem","position":3,"name":"CNC SCM X200 \u00e0 chargement\/d\u00e9chargement automatique"}]}]}},"_links":{"self":[{"href":"https:\/\/machineriesbst.com\/en\/wp-json\/wp\/v2\/product\/77882"}],"collection":[{"href":"https:\/\/machineriesbst.com\/en\/wp-json\/wp\/v2\/product"}],"about":[{"href":"https:\/\/machineriesbst.com\/en\/wp-json\/wp\/v2\/types\/product"}],"author":[{"embeddable":true,"href":"https:\/\/machineriesbst.com\/en\/wp-json\/wp\/v2\/users\/3"}],"replies":[{"embeddable":true,"href":"https:\/\/machineriesbst.com\/en\/wp-json\/wp\/v2\/comments?post=77882"}],"wp:featuredmedia":[{"embeddable":true,"href":"https:\/\/machineriesbst.com\/en\/wp-json\/wp\/v2\/media\/77883"}],"wp:attachment":[{"href":"https:\/\/machineriesbst.com\/en\/wp-json\/wp\/v2\/media?parent=77882"}],"wp:term":[{"taxonomy":"product_cat","embeddable":true,"href":"https:\/\/machineriesbst.com\/en\/wp-json\/wp\/v2\/product_cat?post=77882"},{"taxonomy":"product_tag","embeddable":true,"href":"https:\/\/machineriesbst.com\/en\/wp-json\/wp\/v2\/product_tag?post=77882"}],"curies":[{"name":"wp","href":"https:\/\/api.w.org\/{rel}","templated":true}]}}