{"id":77823,"date":"2022-10-03T10:03:58","date_gmt":"2022-10-03T14:03:58","guid":{"rendered":"https:\/\/machineriesbst.com\/?post_type=product&#038;p=77823"},"modified":"2023-11-30T20:22:05","modified_gmt":"2023-12-01T01:22:05","slug":"compresseur-a-vis-15-hp-avec-assecheur-dair","status":"publish","type":"product","link":"https:\/\/machineriesbst.com\/en\/catalogue\/compresseur-a-vis-15-hp-avec-assecheur-dair\/","title":{"rendered":"15 hp screw compressor with air dryer"},"content":{"rendered":"<p>SULLAIR 15 hp screw compressor model ES-8<\/p>\n<p>air dryer SR<\/p>\n<p>in good condition<\/p>\n<p>600 volts 3 phases<\/p>","protected":false},"excerpt":{"rendered":"<p>SULLAIR 15 hp screw compressor model ES-8 SR air dryer in good condition 600 volts 3 phases<\/p>","protected":false},"author":3,"featured_media":77859,"comment_status":"open","ping_status":"closed","template":"","meta":[],"product_cat":[3019],"product_tag":[],"acf":[],"yoast_head":"<!-- This site is optimized with the Yoast SEO plugin v16.8 - https:\/\/yoast.com\/wordpress\/plugins\/seo\/ -->\n<title>Compresseur \u00e0 vis 15 hp avec ass\u00e9cheur d&#039;air - Machineries BST<\/title>\n<meta name=\"robots\" content=\"index, follow, max-snippet:-1, max-image-preview:large, max-video-preview:-1\" \/>\n<link rel=\"canonical\" href=\"https:\/\/machineriesbst.com\/en\/catalogue\/compresseur-a-vis-15-hp-avec-assecheur-dair\/\" \/>\n<meta property=\"og:locale\" content=\"en_US\" \/>\n<meta property=\"og:type\" content=\"article\" \/>\n<meta property=\"og:title\" content=\"Compresseur \u00e0 vis 15 hp avec ass\u00e9cheur d&#039;air - Machineries BST\" \/>\n<meta property=\"og:description\" content=\"Compresseur \u00e0 vis SULLAIR 15 hp model ES-8 ass\u00e9cheur d&#039;air SR en bonne condition 600 volts 3 phases\" \/>\n<meta property=\"og:url\" content=\"https:\/\/machineriesbst.com\/en\/catalogue\/compresseur-a-vis-15-hp-avec-assecheur-dair\/\" \/>\n<meta property=\"og:site_name\" content=\"Machineries BST\" \/>\n<meta property=\"article:modified_time\" content=\"2023-12-01T01:22:05+00:00\" \/>\n<meta property=\"og:image\" content=\"https:\/\/machineriesbst.com\/wp-content\/uploads\/2022\/10\/20220927_102836-1024x488-2.jpg\" \/>\n\t<meta property=\"og:image:width\" content=\"1024\" \/>\n\t<meta property=\"og:image:height\" content=\"488\" \/>\n<meta name=\"twitter:card\" content=\"summary_large_image\" \/>\n<script type=\"application\/ld+json\" class=\"yoast-schema-graph\">{\"@context\":\"https:\/\/schema.org\",\"@graph\":[{\"@type\":\"WebSite\",\"@id\":\"https:\/\/machineriesbst.com\/en\/#website\",\"url\":\"https:\/\/machineriesbst.com\/en\/\",\"name\":\"Machineries BST\",\"description\":\"Machines neuves &amp; usag\\u00e9es\",\"potentialAction\":[{\"@type\":\"SearchAction\",\"target\":{\"@type\":\"EntryPoint\",\"urlTemplate\":\"https:\/\/machineriesbst.com\/en\/?s={search_term_string}\"},\"query-input\":\"required name=search_term_string\"}],\"inLanguage\":\"en-US\"},{\"@type\":\"ImageObject\",\"@id\":\"https:\/\/machineriesbst.com\/en\/catalogue\/compresseur-a-vis-15-hp-avec-assecheur-dair\/#primaryimage\",\"inLanguage\":\"en-US\",\"url\":\"https:\/\/machineriesbst.com\/wp-content\/uploads\/2022\/10\/20220927_102836-1024x488-2.jpg\",\"contentUrl\":\"https:\/\/machineriesbst.com\/wp-content\/uploads\/2022\/10\/20220927_102836-1024x488-2.jpg\",\"width\":1024,\"height\":488},{\"@type\":\"WebPage\",\"@id\":\"https:\/\/machineriesbst.com\/en\/catalogue\/compresseur-a-vis-15-hp-avec-assecheur-dair\/#webpage\",\"url\":\"https:\/\/machineriesbst.com\/en\/catalogue\/compresseur-a-vis-15-hp-avec-assecheur-dair\/\",\"name\":\"Compresseur \\u00e0 vis 15 hp avec ass\\u00e9cheur d'air - Machineries BST\",\"isPartOf\":{\"@id\":\"https:\/\/machineriesbst.com\/en\/#website\"},\"primaryImageOfPage\":{\"@id\":\"https:\/\/machineriesbst.com\/en\/catalogue\/compresseur-a-vis-15-hp-avec-assecheur-dair\/#primaryimage\"},\"datePublished\":\"2022-10-03T14:03:58+00:00\",\"dateModified\":\"2023-12-01T01:22:05+00:00\",\"breadcrumb\":{\"@id\":\"https:\/\/machineriesbst.com\/en\/catalogue\/compresseur-a-vis-15-hp-avec-assecheur-dair\/#breadcrumb\"},\"inLanguage\":\"en-US\",\"potentialAction\":[{\"@type\":\"ReadAction\",\"target\":[\"https:\/\/machineriesbst.com\/en\/catalogue\/compresseur-a-vis-15-hp-avec-assecheur-dair\/\"]}]},{\"@type\":\"BreadcrumbList\",\"@id\":\"https:\/\/machineriesbst.com\/en\/catalogue\/compresseur-a-vis-15-hp-avec-assecheur-dair\/#breadcrumb\",\"itemListElement\":[{\"@type\":\"ListItem\",\"position\":1,\"name\":\"Accueil\",\"item\":\"https:\/\/machineriesbst.com\/en\/\"},{\"@type\":\"ListItem\",\"position\":2,\"name\":\"Catalogue\",\"item\":\"https:\/\/machineriesbst.com\/en\/catalog\/\"},{\"@type\":\"ListItem\",\"position\":3,\"name\":\"Compresseur \\u00e0 vis 15 hp avec ass\\u00e9cheur d'air\"}]}]}<\/script>\n<!-- \/ Yoast SEO plugin. -->","yoast_head_json":{"title":"Compresseur \u00e0 vis 15 hp avec ass\u00e9cheur d'air - Machineries BST","robots":{"index":"index","follow":"follow","max-snippet":"max-snippet:-1","max-image-preview":"max-image-preview:large","max-video-preview":"max-video-preview:-1"},"canonical":"https:\/\/machineriesbst.com\/en\/catalogue\/compresseur-a-vis-15-hp-avec-assecheur-dair\/","og_locale":"en_US","og_type":"article","og_title":"Compresseur \u00e0 vis 15 hp avec ass\u00e9cheur d'air - Machineries BST","og_description":"Compresseur \u00e0 vis SULLAIR 15 hp model ES-8 ass\u00e9cheur d'air SR en bonne condition 600 volts 3 phases","og_url":"https:\/\/machineriesbst.com\/en\/catalogue\/compresseur-a-vis-15-hp-avec-assecheur-dair\/","og_site_name":"Machineries BST","article_modified_time":"2023-12-01T01:22:05+00:00","og_image":[{"width":1024,"height":488,"url":"https:\/\/machineriesbst.com\/wp-content\/uploads\/2022\/10\/20220927_102836-1024x488-2.jpg","path":"\/home\/jepeto\/public_html\/wp-content\/uploads\/2022\/10\/20220927_102836-1024x488-2.jpg","size":"full","id":77859,"alt":"","pixels":499712,"type":"image\/jpeg"}],"twitter_card":"summary_large_image","schema":{"@context":"https:\/\/schema.org","@graph":[{"@type":"WebSite","@id":"https:\/\/machineriesbst.com\/en\/#website","url":"https:\/\/machineriesbst.com\/en\/","name":"Machineries BST","description":"Machines neuves &amp; usag\u00e9es","potentialAction":[{"@type":"SearchAction","target":{"@type":"EntryPoint","urlTemplate":"https:\/\/machineriesbst.com\/en\/?s={search_term_string}"},"query-input":"required name=search_term_string"}],"inLanguage":"en-US"},{"@type":"ImageObject","@id":"https:\/\/machineriesbst.com\/en\/catalogue\/compresseur-a-vis-15-hp-avec-assecheur-dair\/#primaryimage","inLanguage":"en-US","url":"https:\/\/machineriesbst.com\/wp-content\/uploads\/2022\/10\/20220927_102836-1024x488-2.jpg","contentUrl":"https:\/\/machineriesbst.com\/wp-content\/uploads\/2022\/10\/20220927_102836-1024x488-2.jpg","width":1024,"height":488},{"@type":"WebPage","@id":"https:\/\/machineriesbst.com\/en\/catalogue\/compresseur-a-vis-15-hp-avec-assecheur-dair\/#webpage","url":"https:\/\/machineriesbst.com\/en\/catalogue\/compresseur-a-vis-15-hp-avec-assecheur-dair\/","name":"Compresseur \u00e0 vis 15 hp avec ass\u00e9cheur d'air - Machineries BST","isPartOf":{"@id":"https:\/\/machineriesbst.com\/en\/#website"},"primaryImageOfPage":{"@id":"https:\/\/machineriesbst.com\/en\/catalogue\/compresseur-a-vis-15-hp-avec-assecheur-dair\/#primaryimage"},"datePublished":"2022-10-03T14:03:58+00:00","dateModified":"2023-12-01T01:22:05+00:00","breadcrumb":{"@id":"https:\/\/machineriesbst.com\/en\/catalogue\/compresseur-a-vis-15-hp-avec-assecheur-dair\/#breadcrumb"},"inLanguage":"en-US","potentialAction":[{"@type":"ReadAction","target":["https:\/\/machineriesbst.com\/en\/catalogue\/compresseur-a-vis-15-hp-avec-assecheur-dair\/"]}]},{"@type":"BreadcrumbList","@id":"https:\/\/machineriesbst.com\/en\/catalogue\/compresseur-a-vis-15-hp-avec-assecheur-dair\/#breadcrumb","itemListElement":[{"@type":"ListItem","position":1,"name":"Accueil","item":"https:\/\/machineriesbst.com\/en\/"},{"@type":"ListItem","position":2,"name":"Catalogue","item":"https:\/\/machineriesbst.com\/en\/catalog\/"},{"@type":"ListItem","position":3,"name":"Compresseur \u00e0 vis 15 hp avec ass\u00e9cheur d'air"}]}]}},"_links":{"self":[{"href":"https:\/\/machineriesbst.com\/en\/wp-json\/wp\/v2\/product\/77823"}],"collection":[{"href":"https:\/\/machineriesbst.com\/en\/wp-json\/wp\/v2\/product"}],"about":[{"href":"https:\/\/machineriesbst.com\/en\/wp-json\/wp\/v2\/types\/product"}],"author":[{"embeddable":true,"href":"https:\/\/machineriesbst.com\/en\/wp-json\/wp\/v2\/users\/3"}],"replies":[{"embeddable":true,"href":"https:\/\/machineriesbst.com\/en\/wp-json\/wp\/v2\/comments?post=77823"}],"wp:featuredmedia":[{"embeddable":true,"href":"https:\/\/machineriesbst.com\/en\/wp-json\/wp\/v2\/media\/77859"}],"wp:attachment":[{"href":"https:\/\/machineriesbst.com\/en\/wp-json\/wp\/v2\/media?parent=77823"}],"wp:term":[{"taxonomy":"product_cat","embeddable":true,"href":"https:\/\/machineriesbst.com\/en\/wp-json\/wp\/v2\/product_cat?post=77823"},{"taxonomy":"product_tag","embeddable":true,"href":"https:\/\/machineriesbst.com\/en\/wp-json\/wp\/v2\/product_tag?post=77823"}],"curies":[{"name":"wp","href":"https:\/\/api.w.org\/{rel}","templated":true}]}}