{"id":77728,"date":"2022-09-19T12:33:08","date_gmt":"2022-09-19T16:33:08","guid":{"rendered":"https:\/\/machineriesbst.com\/?post_type=product&#038;p=77728"},"modified":"2023-11-30T20:22:05","modified_gmt":"2023-12-01T01:22:05","slug":"broyeur-wood-shaving-newman","status":"publish","type":"product","link":"https:\/\/machineriesbst.com\/en\/catalogue\/broyeur-wood-shaving-newman\/","title":{"rendered":"Newman Wood Shaving Shredder"},"content":{"rendered":"<p>The Newman 100 HP Chipper is a horizontal feed chipper designed to convert wood waste into quality agricultural litter chips of uniform size and thickness.<\/p>\n<p>The machine comes with a 24\u2033 (610mm) diameter cutterhead with 16 rows of cutters, carbide cutters for ease of maintenance, OSHA guards, variable feed speed and cutter head motor. Superior efficiency totally enclosed fan cooled cutter.<\/p>\n<p>The Newman chipping machine will simultaneously process wood of varying width, thickness and length. It is capable of producing chips from materials up to 5\u2033 (127mm) thick and 13\u2033 (330mm) wide.<\/p>\n<p>The chipping machine will process wood slabs with or without bark,<\/p>\n<p>A vibrating conveyor normally feeds the chipping machine. Properly fed material is converted into chips in a single pass, with the chips being discharged from the exit end. Chips can be evacuated by a pneumatic conveying system or simply blown out of the machine.<\/p>\n<p>Cutting head:<\/p>\n<p>24\u2033 diameter x 14\u2033 width, 16 rows of knives x 7 knives per row<br \/>\nTotal knives in cutterhead = 112<br \/>\nPower system:<\/p>\n<p>Two 5\u2033 diameter feed rollers with a positive feed tooth design allow infinitely variable speed over the full range of 20 fpm to 60 fpm<br \/>\nPowered by a 3 HP motor with AC variable frequency controller<br \/>\nCutting head power:<\/p>\n<p>High output 100 HP motor TEFC frame<br \/>\nFeed opening:<\/p>\n<p>5\u2033 tall x 13-1\/2\u2033 wide<br \/>\nThe length of the material does not limit the feed<br \/>\nMaterials of multiple thicknesses can be fed at the same time with uniform bottom feed<br \/>\nProduction:<\/p>\n<p>1 to 2 tons per hour (900 to 1800 kg\/hour)<br \/>\n7 to 15 cubic yards per hour (5 to 11 m3\/hour)<\/p>","protected":false},"excerpt":{"rendered":"<p>The Newman 100 HP Chipper is a horizontal feed chipper designed to convert wood waste into quality agricultural litter chips of uniform size and thickness. The machine comes with a 24\u2033 (610 mm) diameter cutterhead with 16 rows of cutters, carbide cutters for [\u2026]<\/p>","protected":false},"author":3,"featured_media":77729,"comment_status":"open","ping_status":"closed","template":"","meta":[],"product_cat":[229,3016],"product_tag":[],"acf":[],"yoast_head":"<!-- This site is optimized with the Yoast SEO plugin v16.8 - https:\/\/yoast.com\/wordpress\/plugins\/seo\/ -->\n<title>Broyeur Wood Shaving Newman - Machineries BST<\/title>\n<meta name=\"robots\" content=\"index, follow, max-snippet:-1, max-image-preview:large, max-video-preview:-1\" \/>\n<link rel=\"canonical\" href=\"https:\/\/machineriesbst.com\/en\/catalogue\/broyeur-wood-shaving-newman\/\" \/>\n<meta property=\"og:locale\" content=\"en_US\" \/>\n<meta property=\"og:type\" content=\"article\" \/>\n<meta property=\"og:title\" content=\"Broyeur Wood Shaving Newman - Machineries BST\" \/>\n<meta property=\"og:description\" content=\"Le Broyeur Newman de 100 HP est un broyeur d&#039;alimentation horizontale con\u00e7ue pour convertir les r\u00e9sidus de bois en copeaux de liti\u00e8re agricole de qualit\u00e9 de taille et d&#039;\u00e9paisseur uniformes. La machine est livr\u00e9e avec une t\u00eate de coupe de 24\u2033 (610 mm) de diam\u00e8tre avec 16 rang\u00e9es de couteaux, des couteaux en carbure pour [&hellip;]\" \/>\n<meta property=\"og:url\" content=\"https:\/\/machineriesbst.com\/en\/catalogue\/broyeur-wood-shaving-newman\/\" \/>\n<meta property=\"og:site_name\" content=\"Machineries BST\" \/>\n<meta property=\"article:modified_time\" content=\"2023-12-01T01:22:05+00:00\" \/>\n<meta property=\"og:image\" content=\"https:\/\/machineriesbst.com\/wp-content\/uploads\/2022\/09\/01015401.jpg\" \/>\n\t<meta property=\"og:image:width\" content=\"480\" \/>\n\t<meta property=\"og:image:height\" content=\"400\" \/>\n<meta name=\"twitter:card\" content=\"summary_large_image\" \/>\n<meta name=\"twitter:label1\" content=\"Est. reading time\" \/>\n\t<meta name=\"twitter:data1\" content=\"2 minutes\" \/>\n<script type=\"application\/ld+json\" class=\"yoast-schema-graph\">{\"@context\":\"https:\/\/schema.org\",\"@graph\":[{\"@type\":\"WebSite\",\"@id\":\"https:\/\/machineriesbst.com\/en\/#website\",\"url\":\"https:\/\/machineriesbst.com\/en\/\",\"name\":\"Machineries BST\",\"description\":\"Machines neuves &amp; usag\\u00e9es\",\"potentialAction\":[{\"@type\":\"SearchAction\",\"target\":{\"@type\":\"EntryPoint\",\"urlTemplate\":\"https:\/\/machineriesbst.com\/en\/?s={search_term_string}\"},\"query-input\":\"required name=search_term_string\"}],\"inLanguage\":\"en-US\"},{\"@type\":\"ImageObject\",\"@id\":\"https:\/\/machineriesbst.com\/en\/catalogue\/broyeur-wood-shaving-newman\/#primaryimage\",\"inLanguage\":\"en-US\",\"url\":\"https:\/\/machineriesbst.com\/wp-content\/uploads\/2022\/09\/01015401.jpg\",\"contentUrl\":\"https:\/\/machineriesbst.com\/wp-content\/uploads\/2022\/09\/01015401.jpg\",\"width\":480,\"height\":400},{\"@type\":\"WebPage\",\"@id\":\"https:\/\/machineriesbst.com\/en\/catalogue\/broyeur-wood-shaving-newman\/#webpage\",\"url\":\"https:\/\/machineriesbst.com\/en\/catalogue\/broyeur-wood-shaving-newman\/\",\"name\":\"Broyeur Wood Shaving Newman - Machineries BST\",\"isPartOf\":{\"@id\":\"https:\/\/machineriesbst.com\/en\/#website\"},\"primaryImageOfPage\":{\"@id\":\"https:\/\/machineriesbst.com\/en\/catalogue\/broyeur-wood-shaving-newman\/#primaryimage\"},\"datePublished\":\"2022-09-19T16:33:08+00:00\",\"dateModified\":\"2023-12-01T01:22:05+00:00\",\"breadcrumb\":{\"@id\":\"https:\/\/machineriesbst.com\/en\/catalogue\/broyeur-wood-shaving-newman\/#breadcrumb\"},\"inLanguage\":\"en-US\",\"potentialAction\":[{\"@type\":\"ReadAction\",\"target\":[\"https:\/\/machineriesbst.com\/en\/catalogue\/broyeur-wood-shaving-newman\/\"]}]},{\"@type\":\"BreadcrumbList\",\"@id\":\"https:\/\/machineriesbst.com\/en\/catalogue\/broyeur-wood-shaving-newman\/#breadcrumb\",\"itemListElement\":[{\"@type\":\"ListItem\",\"position\":1,\"name\":\"Accueil\",\"item\":\"https:\/\/machineriesbst.com\/en\/\"},{\"@type\":\"ListItem\",\"position\":2,\"name\":\"Catalogue\",\"item\":\"https:\/\/machineriesbst.com\/en\/catalog\/\"},{\"@type\":\"ListItem\",\"position\":3,\"name\":\"Broyeur Wood Shaving Newman\"}]}]}<\/script>\n<!-- \/ Yoast SEO plugin. -->","yoast_head_json":{"title":"Broyeur Wood Shaving Newman - Machineries BST","robots":{"index":"index","follow":"follow","max-snippet":"max-snippet:-1","max-image-preview":"max-image-preview:large","max-video-preview":"max-video-preview:-1"},"canonical":"https:\/\/machineriesbst.com\/en\/catalogue\/broyeur-wood-shaving-newman\/","og_locale":"en_US","og_type":"article","og_title":"Broyeur Wood Shaving Newman - Machineries BST","og_description":"Le Broyeur Newman de 100 HP est un broyeur d'alimentation horizontale con\u00e7ue pour convertir les r\u00e9sidus de bois en copeaux de liti\u00e8re agricole de qualit\u00e9 de taille et d'\u00e9paisseur uniformes. La machine est livr\u00e9e avec une t\u00eate de coupe de 24\u2033 (610 mm) de diam\u00e8tre avec 16 rang\u00e9es de couteaux, des couteaux en carbure pour [&hellip;]","og_url":"https:\/\/machineriesbst.com\/en\/catalogue\/broyeur-wood-shaving-newman\/","og_site_name":"Machineries BST","article_modified_time":"2023-12-01T01:22:05+00:00","og_image":[{"width":480,"height":400,"url":"https:\/\/machineriesbst.com\/wp-content\/uploads\/2022\/09\/01015401.jpg","path":"\/home\/jepeto\/public_html\/wp-content\/uploads\/2022\/09\/01015401.jpg","size":"full","id":77729,"alt":"","pixels":192000,"type":"image\/jpeg"}],"twitter_card":"summary_large_image","twitter_misc":{"Est. reading time":"2 minutes"},"schema":{"@context":"https:\/\/schema.org","@graph":[{"@type":"WebSite","@id":"https:\/\/machineriesbst.com\/en\/#website","url":"https:\/\/machineriesbst.com\/en\/","name":"Machineries BST","description":"Machines neuves &amp; usag\u00e9es","potentialAction":[{"@type":"SearchAction","target":{"@type":"EntryPoint","urlTemplate":"https:\/\/machineriesbst.com\/en\/?s={search_term_string}"},"query-input":"required name=search_term_string"}],"inLanguage":"en-US"},{"@type":"ImageObject","@id":"https:\/\/machineriesbst.com\/en\/catalogue\/broyeur-wood-shaving-newman\/#primaryimage","inLanguage":"en-US","url":"https:\/\/machineriesbst.com\/wp-content\/uploads\/2022\/09\/01015401.jpg","contentUrl":"https:\/\/machineriesbst.com\/wp-content\/uploads\/2022\/09\/01015401.jpg","width":480,"height":400},{"@type":"WebPage","@id":"https:\/\/machineriesbst.com\/en\/catalogue\/broyeur-wood-shaving-newman\/#webpage","url":"https:\/\/machineriesbst.com\/en\/catalogue\/broyeur-wood-shaving-newman\/","name":"Broyeur Wood Shaving Newman - Machineries BST","isPartOf":{"@id":"https:\/\/machineriesbst.com\/en\/#website"},"primaryImageOfPage":{"@id":"https:\/\/machineriesbst.com\/en\/catalogue\/broyeur-wood-shaving-newman\/#primaryimage"},"datePublished":"2022-09-19T16:33:08+00:00","dateModified":"2023-12-01T01:22:05+00:00","breadcrumb":{"@id":"https:\/\/machineriesbst.com\/en\/catalogue\/broyeur-wood-shaving-newman\/#breadcrumb"},"inLanguage":"en-US","potentialAction":[{"@type":"ReadAction","target":["https:\/\/machineriesbst.com\/en\/catalogue\/broyeur-wood-shaving-newman\/"]}]},{"@type":"BreadcrumbList","@id":"https:\/\/machineriesbst.com\/en\/catalogue\/broyeur-wood-shaving-newman\/#breadcrumb","itemListElement":[{"@type":"ListItem","position":1,"name":"Accueil","item":"https:\/\/machineriesbst.com\/en\/"},{"@type":"ListItem","position":2,"name":"Catalogue","item":"https:\/\/machineriesbst.com\/en\/catalog\/"},{"@type":"ListItem","position":3,"name":"Broyeur Wood Shaving Newman"}]}]}},"_links":{"self":[{"href":"https:\/\/machineriesbst.com\/en\/wp-json\/wp\/v2\/product\/77728"}],"collection":[{"href":"https:\/\/machineriesbst.com\/en\/wp-json\/wp\/v2\/product"}],"about":[{"href":"https:\/\/machineriesbst.com\/en\/wp-json\/wp\/v2\/types\/product"}],"author":[{"embeddable":true,"href":"https:\/\/machineriesbst.com\/en\/wp-json\/wp\/v2\/users\/3"}],"replies":[{"embeddable":true,"href":"https:\/\/machineriesbst.com\/en\/wp-json\/wp\/v2\/comments?post=77728"}],"wp:featuredmedia":[{"embeddable":true,"href":"https:\/\/machineriesbst.com\/en\/wp-json\/wp\/v2\/media\/77729"}],"wp:attachment":[{"href":"https:\/\/machineriesbst.com\/en\/wp-json\/wp\/v2\/media?parent=77728"}],"wp:term":[{"taxonomy":"product_cat","embeddable":true,"href":"https:\/\/machineriesbst.com\/en\/wp-json\/wp\/v2\/product_cat?post=77728"},{"taxonomy":"product_tag","embeddable":true,"href":"https:\/\/machineriesbst.com\/en\/wp-json\/wp\/v2\/product_tag?post=77728"}],"curies":[{"name":"wp","href":"https:\/\/api.w.org\/{rel}","templated":true}]}}