{"id":77606,"date":"2022-09-13T10:43:20","date_gmt":"2022-09-13T14:43:20","guid":{"rendered":"https:\/\/machineriesbst.com\/?post_type=product&#038;p=77606"},"modified":"2023-11-30T20:22:05","modified_gmt":"2023-12-01T01:22:05","slug":"planeur-newman-whitney-18","status":"publish","type":"product","link":"https:\/\/machineriesbst.com\/en\/catalogue\/planeur-newman-whitney-18\/","title":{"rendered":"Glider Newman Whitney 18&quot;"},"content":{"rendered":"<p>2-sided planing line. 12&#39; Max. Entrance and exit.<\/p>\n<p>18&quot; x 6&quot; 2-sided glider. Min thickness of 3\/8&quot; and min length of 48&quot;. Variable speed of 40 bpm x 150 bpm. Heads with new pad on top. Head pad down. Top motor of 40hp with rpm of 3,600 .25hp low engine with 3,600 rpm .<\/p>\n<p>The entrance is motorized with a feeder for material of 12 Max.<\/p>","protected":false},"excerpt":{"rendered":"<p>2-sided planing line. 12&#39; Max. Entrance and exit. 18&quot; x 6&quot; 2-sided glider. Min thickness of 3\/8&quot; and min length of 48&quot;. Variable speed of 40 bpm x 150 bpm. Heads with new pad on top. Head pad down. Top motor of 40hp with rpm of 3,600 .25hp low engine with 3,600 rpm . Entrance is [\u2026]<\/p>","protected":false},"author":3,"featured_media":77607,"comment_status":"open","ping_status":"closed","template":"","meta":[],"product_cat":[211,3025],"product_tag":[],"acf":[],"yoast_head":"<!-- This site is optimized with the Yoast SEO plugin v16.8 - https:\/\/yoast.com\/wordpress\/plugins\/seo\/ -->\n<title>Planeur Newman Whitney 18&quot; - Machineries BST<\/title>\n<meta name=\"robots\" content=\"index, follow, max-snippet:-1, max-image-preview:large, max-video-preview:-1\" \/>\n<link rel=\"canonical\" href=\"https:\/\/machineriesbst.com\/en\/catalogue\/planeur-newman-whitney-18\/\" \/>\n<meta property=\"og:locale\" content=\"en_US\" \/>\n<meta property=\"og:type\" content=\"article\" \/>\n<meta property=\"og:title\" content=\"Planeur Newman Whitney 18&quot; - Machineries BST\" \/>\n<meta property=\"og:description\" content=\"Ligne de rabottage 2 faces. 12&#039; Max. Entr\u00e9e et sortie. Planeur 2 faces de 18&quot; x 6&quot; .Min \u00c9paisseur de 3\/8&quot; et Min longueur de 48&quot;.Vitesse Variable de 40pmp x 150pmp.T\u00eates avec pastille neuve en haut.T\u00eate pastille bas.Moteur haut de 40hp avec rpm de 3,600.Moteur bas de 25hp avec rpm de 3,600 . L&#039;entr\u00e9e est [&hellip;]\" \/>\n<meta property=\"og:url\" content=\"https:\/\/machineriesbst.com\/en\/catalogue\/planeur-newman-whitney-18\/\" \/>\n<meta property=\"og:site_name\" content=\"Machineries BST\" \/>\n<meta property=\"article:modified_time\" content=\"2023-12-01T01:22:05+00:00\" \/>\n<meta property=\"og:image\" content=\"https:\/\/machineriesbst.com\/wp-content\/uploads\/2022\/09\/IMG_3913.jpg\" \/>\n\t<meta property=\"og:image:width\" content=\"640\" \/>\n\t<meta property=\"og:image:height\" content=\"480\" \/>\n<meta name=\"twitter:card\" content=\"summary_large_image\" \/>\n<script type=\"application\/ld+json\" class=\"yoast-schema-graph\">{\"@context\":\"https:\/\/schema.org\",\"@graph\":[{\"@type\":\"WebSite\",\"@id\":\"https:\/\/machineriesbst.com\/en\/#website\",\"url\":\"https:\/\/machineriesbst.com\/en\/\",\"name\":\"Machineries BST\",\"description\":\"Machines neuves &amp; usag\\u00e9es\",\"potentialAction\":[{\"@type\":\"SearchAction\",\"target\":{\"@type\":\"EntryPoint\",\"urlTemplate\":\"https:\/\/machineriesbst.com\/en\/?s={search_term_string}\"},\"query-input\":\"required name=search_term_string\"}],\"inLanguage\":\"en-US\"},{\"@type\":\"ImageObject\",\"@id\":\"https:\/\/machineriesbst.com\/en\/catalogue\/planeur-newman-whitney-18\/#primaryimage\",\"inLanguage\":\"en-US\",\"url\":\"https:\/\/machineriesbst.com\/wp-content\/uploads\/2022\/09\/IMG_3913.jpg\",\"contentUrl\":\"https:\/\/machineriesbst.com\/wp-content\/uploads\/2022\/09\/IMG_3913.jpg\",\"width\":640,\"height\":480},{\"@type\":\"WebPage\",\"@id\":\"https:\/\/machineriesbst.com\/en\/catalogue\/planeur-newman-whitney-18\/#webpage\",\"url\":\"https:\/\/machineriesbst.com\/en\/catalogue\/planeur-newman-whitney-18\/\",\"name\":\"Planeur Newman Whitney 18\\\" - Machineries BST\",\"isPartOf\":{\"@id\":\"https:\/\/machineriesbst.com\/en\/#website\"},\"primaryImageOfPage\":{\"@id\":\"https:\/\/machineriesbst.com\/en\/catalogue\/planeur-newman-whitney-18\/#primaryimage\"},\"datePublished\":\"2022-09-13T14:43:20+00:00\",\"dateModified\":\"2023-12-01T01:22:05+00:00\",\"breadcrumb\":{\"@id\":\"https:\/\/machineriesbst.com\/en\/catalogue\/planeur-newman-whitney-18\/#breadcrumb\"},\"inLanguage\":\"en-US\",\"potentialAction\":[{\"@type\":\"ReadAction\",\"target\":[\"https:\/\/machineriesbst.com\/en\/catalogue\/planeur-newman-whitney-18\/\"]}]},{\"@type\":\"BreadcrumbList\",\"@id\":\"https:\/\/machineriesbst.com\/en\/catalogue\/planeur-newman-whitney-18\/#breadcrumb\",\"itemListElement\":[{\"@type\":\"ListItem\",\"position\":1,\"name\":\"Accueil\",\"item\":\"https:\/\/machineriesbst.com\/en\/\"},{\"@type\":\"ListItem\",\"position\":2,\"name\":\"Catalogue\",\"item\":\"https:\/\/machineriesbst.com\/en\/catalog\/\"},{\"@type\":\"ListItem\",\"position\":3,\"name\":\"Planeur Newman Whitney 18\\\"\"}]}]}<\/script>\n<!-- \/ Yoast SEO plugin. -->","yoast_head_json":{"title":"Planeur Newman Whitney 18\" - Machineries BST","robots":{"index":"index","follow":"follow","max-snippet":"max-snippet:-1","max-image-preview":"max-image-preview:large","max-video-preview":"max-video-preview:-1"},"canonical":"https:\/\/machineriesbst.com\/en\/catalogue\/planeur-newman-whitney-18\/","og_locale":"en_US","og_type":"article","og_title":"Planeur Newman Whitney 18\" - Machineries BST","og_description":"Ligne de rabottage 2 faces. 12' Max. Entr\u00e9e et sortie. Planeur 2 faces de 18\" x 6\" .Min \u00c9paisseur de 3\/8\" et Min longueur de 48\".Vitesse Variable de 40pmp x 150pmp.T\u00eates avec pastille neuve en haut.T\u00eate pastille bas.Moteur haut de 40hp avec rpm de 3,600.Moteur bas de 25hp avec rpm de 3,600 . L'entr\u00e9e est [&hellip;]","og_url":"https:\/\/machineriesbst.com\/en\/catalogue\/planeur-newman-whitney-18\/","og_site_name":"Machineries BST","article_modified_time":"2023-12-01T01:22:05+00:00","og_image":[{"width":640,"height":480,"url":"https:\/\/machineriesbst.com\/wp-content\/uploads\/2022\/09\/IMG_3913.jpg","path":"\/home\/jepeto\/public_html\/wp-content\/uploads\/2022\/09\/IMG_3913.jpg","size":"full","id":77607,"alt":"","pixels":307200,"type":"image\/jpeg"}],"twitter_card":"summary_large_image","schema":{"@context":"https:\/\/schema.org","@graph":[{"@type":"WebSite","@id":"https:\/\/machineriesbst.com\/en\/#website","url":"https:\/\/machineriesbst.com\/en\/","name":"Machineries BST","description":"Machines neuves &amp; usag\u00e9es","potentialAction":[{"@type":"SearchAction","target":{"@type":"EntryPoint","urlTemplate":"https:\/\/machineriesbst.com\/en\/?s={search_term_string}"},"query-input":"required name=search_term_string"}],"inLanguage":"en-US"},{"@type":"ImageObject","@id":"https:\/\/machineriesbst.com\/en\/catalogue\/planeur-newman-whitney-18\/#primaryimage","inLanguage":"en-US","url":"https:\/\/machineriesbst.com\/wp-content\/uploads\/2022\/09\/IMG_3913.jpg","contentUrl":"https:\/\/machineriesbst.com\/wp-content\/uploads\/2022\/09\/IMG_3913.jpg","width":640,"height":480},{"@type":"WebPage","@id":"https:\/\/machineriesbst.com\/en\/catalogue\/planeur-newman-whitney-18\/#webpage","url":"https:\/\/machineriesbst.com\/en\/catalogue\/planeur-newman-whitney-18\/","name":"Planeur Newman Whitney 18\" - Machineries BST","isPartOf":{"@id":"https:\/\/machineriesbst.com\/en\/#website"},"primaryImageOfPage":{"@id":"https:\/\/machineriesbst.com\/en\/catalogue\/planeur-newman-whitney-18\/#primaryimage"},"datePublished":"2022-09-13T14:43:20+00:00","dateModified":"2023-12-01T01:22:05+00:00","breadcrumb":{"@id":"https:\/\/machineriesbst.com\/en\/catalogue\/planeur-newman-whitney-18\/#breadcrumb"},"inLanguage":"en-US","potentialAction":[{"@type":"ReadAction","target":["https:\/\/machineriesbst.com\/en\/catalogue\/planeur-newman-whitney-18\/"]}]},{"@type":"BreadcrumbList","@id":"https:\/\/machineriesbst.com\/en\/catalogue\/planeur-newman-whitney-18\/#breadcrumb","itemListElement":[{"@type":"ListItem","position":1,"name":"Accueil","item":"https:\/\/machineriesbst.com\/en\/"},{"@type":"ListItem","position":2,"name":"Catalogue","item":"https:\/\/machineriesbst.com\/en\/catalog\/"},{"@type":"ListItem","position":3,"name":"Planeur Newman Whitney 18\""}]}]}},"_links":{"self":[{"href":"https:\/\/machineriesbst.com\/en\/wp-json\/wp\/v2\/product\/77606"}],"collection":[{"href":"https:\/\/machineriesbst.com\/en\/wp-json\/wp\/v2\/product"}],"about":[{"href":"https:\/\/machineriesbst.com\/en\/wp-json\/wp\/v2\/types\/product"}],"author":[{"embeddable":true,"href":"https:\/\/machineriesbst.com\/en\/wp-json\/wp\/v2\/users\/3"}],"replies":[{"embeddable":true,"href":"https:\/\/machineriesbst.com\/en\/wp-json\/wp\/v2\/comments?post=77606"}],"wp:featuredmedia":[{"embeddable":true,"href":"https:\/\/machineriesbst.com\/en\/wp-json\/wp\/v2\/media\/77607"}],"wp:attachment":[{"href":"https:\/\/machineriesbst.com\/en\/wp-json\/wp\/v2\/media?parent=77606"}],"wp:term":[{"taxonomy":"product_cat","embeddable":true,"href":"https:\/\/machineriesbst.com\/en\/wp-json\/wp\/v2\/product_cat?post=77606"},{"taxonomy":"product_tag","embeddable":true,"href":"https:\/\/machineriesbst.com\/en\/wp-json\/wp\/v2\/product_tag?post=77606"}],"curies":[{"name":"wp","href":"https:\/\/api.w.org\/{rel}","templated":true}]}}