{"id":77570,"date":"2022-09-01T16:11:45","date_gmt":"2022-09-01T20:11:45","guid":{"rendered":"https:\/\/machineriesbst.com\/?post_type=product&#038;p=77570"},"modified":"2023-11-30T20:22:05","modified_gmt":"2023-12-01T01:22:05","slug":"77570","status":"publish","type":"product","link":"https:\/\/machineriesbst.com\/en\/catalogue\/77570\/","title":{"rendered":"Omec 750 Dovetail Machine"},"content":{"rendered":"<ul>\n<li>Designed to make dovetail joints and parallel joints on drawers and various furniture components.<\/li>\n<li>The 750 model is equipped with 1 milling mandrel allowing the realization of recesses at different heights.<\/li>\n<li>The machine can work single male parts, single female parts and male and female parts at the same time.<\/li>\n<li>The blocking of the pieces takes place manually by means of cylinders and pneumatic valves<\/li>\n<li>Specification: 2.2Kw motor with 1 chuck. Rpm\/18,000 .Working width 480mm. 2 speeds. min length 200mm.60mm min Width. Minimum height 6mm.<\/li>\n<li>1500mm max. length 480 max. width Height 18mm.<\/li>\n<li>Video: http:\/\/youtu.be\/ocFreRXTnSk<\/li>\n<li><\/li>\n<\/ul>","protected":false},"excerpt":{"rendered":"<p>Designed to make dovetail joints and parallel joints on drawers and various furniture components. The 750 model is equipped with 1 milling chuck allowing the realization of recesses at different heights. The machine can work single male parts, single female parts and male and female parts [\u2026]<\/p>","protected":false},"author":3,"featured_media":77572,"comment_status":"open","ping_status":"closed","template":"","meta":[],"product_cat":[446],"product_tag":[],"acf":[],"yoast_head":"<!-- This site is optimized with the Yoast SEO plugin v16.8 - https:\/\/yoast.com\/wordpress\/plugins\/seo\/ -->\n<title>Machine \u00e0 Queu d&#039;arronde Omec 750 - Machineries BST<\/title>\n<meta name=\"robots\" content=\"index, follow, max-snippet:-1, max-image-preview:large, max-video-preview:-1\" \/>\n<link rel=\"canonical\" href=\"https:\/\/machineriesbst.com\/en\/catalogue\/77570\/\" \/>\n<meta property=\"og:locale\" content=\"en_US\" \/>\n<meta property=\"og:type\" content=\"article\" \/>\n<meta property=\"og:title\" content=\"Machine \u00e0 Queu d&#039;arronde Omec 750 - Machineries BST\" \/>\n<meta property=\"og:description\" content=\"Con\u00e7ue pour r\u00e9aliser les encastrements en queue d\u2019aronde et des encastrements parall\u00e8les sur des tiroirs et diverses composantes \u00a0de meubles. Le mod\u00e8le 750 est pourvu de 1 mandrin \u00e0 fraise permettant la r\u00e9alisation d\u2019encastrements \u00e0 diff\u00e9rentes hauteurs. La machine peut travailler des pi\u00e8ces simples m\u00e2les, des pi\u00e8ces simples femelles et des pi\u00e8ces m\u00e2les et femelles [&hellip;]\" \/>\n<meta property=\"og:url\" content=\"https:\/\/machineriesbst.com\/en\/catalogue\/77570\/\" \/>\n<meta property=\"og:site_name\" content=\"Machineries BST\" \/>\n<meta property=\"article:modified_time\" content=\"2023-12-01T01:22:05+00:00\" \/>\n<meta property=\"og:image\" content=\"https:\/\/machineriesbst.com\/wp-content\/uploads\/2022\/09\/IMG-9037.jpg\" \/>\n\t<meta property=\"og:image:width\" content=\"1024\" \/>\n\t<meta property=\"og:image:height\" content=\"768\" \/>\n<meta name=\"twitter:card\" content=\"summary_large_image\" \/>\n<meta name=\"twitter:label1\" content=\"Est. reading time\" \/>\n\t<meta name=\"twitter:data1\" content=\"1 minute\" \/>\n<script type=\"application\/ld+json\" class=\"yoast-schema-graph\">{\"@context\":\"https:\/\/schema.org\",\"@graph\":[{\"@type\":\"WebSite\",\"@id\":\"https:\/\/machineriesbst.com\/en\/#website\",\"url\":\"https:\/\/machineriesbst.com\/en\/\",\"name\":\"Machineries BST\",\"description\":\"Machines neuves &amp; usag\\u00e9es\",\"potentialAction\":[{\"@type\":\"SearchAction\",\"target\":{\"@type\":\"EntryPoint\",\"urlTemplate\":\"https:\/\/machineriesbst.com\/en\/?s={search_term_string}\"},\"query-input\":\"required name=search_term_string\"}],\"inLanguage\":\"en-US\"},{\"@type\":\"ImageObject\",\"@id\":\"https:\/\/machineriesbst.com\/en\/catalogue\/77570\/#primaryimage\",\"inLanguage\":\"en-US\",\"url\":\"https:\/\/machineriesbst.com\/wp-content\/uploads\/2022\/09\/IMG-9037.jpg\",\"contentUrl\":\"https:\/\/machineriesbst.com\/wp-content\/uploads\/2022\/09\/IMG-9037.jpg\",\"width\":1024,\"height\":768},{\"@type\":\"WebPage\",\"@id\":\"https:\/\/machineriesbst.com\/en\/catalogue\/77570\/#webpage\",\"url\":\"https:\/\/machineriesbst.com\/en\/catalogue\/77570\/\",\"name\":\"Machine \\u00e0 Queu d'arronde Omec 750 - Machineries BST\",\"isPartOf\":{\"@id\":\"https:\/\/machineriesbst.com\/en\/#website\"},\"primaryImageOfPage\":{\"@id\":\"https:\/\/machineriesbst.com\/en\/catalogue\/77570\/#primaryimage\"},\"datePublished\":\"2022-09-01T20:11:45+00:00\",\"dateModified\":\"2023-12-01T01:22:05+00:00\",\"breadcrumb\":{\"@id\":\"https:\/\/machineriesbst.com\/en\/catalogue\/77570\/#breadcrumb\"},\"inLanguage\":\"en-US\",\"potentialAction\":[{\"@type\":\"ReadAction\",\"target\":[\"https:\/\/machineriesbst.com\/en\/catalogue\/77570\/\"]}]},{\"@type\":\"BreadcrumbList\",\"@id\":\"https:\/\/machineriesbst.com\/en\/catalogue\/77570\/#breadcrumb\",\"itemListElement\":[{\"@type\":\"ListItem\",\"position\":1,\"name\":\"Accueil\",\"item\":\"https:\/\/machineriesbst.com\/en\/\"},{\"@type\":\"ListItem\",\"position\":2,\"name\":\"Catalogue\",\"item\":\"https:\/\/machineriesbst.com\/en\/catalog\/\"},{\"@type\":\"ListItem\",\"position\":3,\"name\":\"Machine \\u00e0 Queu d'arronde Omec 750\"}]}]}<\/script>\n<!-- \/ Yoast SEO plugin. -->","yoast_head_json":{"title":"Machine \u00e0 Queu d'arronde Omec 750 - Machineries BST","robots":{"index":"index","follow":"follow","max-snippet":"max-snippet:-1","max-image-preview":"max-image-preview:large","max-video-preview":"max-video-preview:-1"},"canonical":"https:\/\/machineriesbst.com\/en\/catalogue\/77570\/","og_locale":"en_US","og_type":"article","og_title":"Machine \u00e0 Queu d'arronde Omec 750 - Machineries BST","og_description":"Con\u00e7ue pour r\u00e9aliser les encastrements en queue d\u2019aronde et des encastrements parall\u00e8les sur des tiroirs et diverses composantes \u00a0de meubles. Le mod\u00e8le 750 est pourvu de 1 mandrin \u00e0 fraise permettant la r\u00e9alisation d\u2019encastrements \u00e0 diff\u00e9rentes hauteurs. La machine peut travailler des pi\u00e8ces simples m\u00e2les, des pi\u00e8ces simples femelles et des pi\u00e8ces m\u00e2les et femelles [&hellip;]","og_url":"https:\/\/machineriesbst.com\/en\/catalogue\/77570\/","og_site_name":"Machineries BST","article_modified_time":"2023-12-01T01:22:05+00:00","og_image":[{"width":1024,"height":768,"url":"https:\/\/machineriesbst.com\/wp-content\/uploads\/2022\/09\/IMG-9037.jpg","path":"\/home\/jepeto\/public_html\/wp-content\/uploads\/2022\/09\/IMG-9037.jpg","size":"full","id":77572,"alt":"","pixels":786432,"type":"image\/jpeg"}],"twitter_card":"summary_large_image","twitter_misc":{"Est. reading time":"1 minute"},"schema":{"@context":"https:\/\/schema.org","@graph":[{"@type":"WebSite","@id":"https:\/\/machineriesbst.com\/en\/#website","url":"https:\/\/machineriesbst.com\/en\/","name":"Machineries BST","description":"Machines neuves &amp; usag\u00e9es","potentialAction":[{"@type":"SearchAction","target":{"@type":"EntryPoint","urlTemplate":"https:\/\/machineriesbst.com\/en\/?s={search_term_string}"},"query-input":"required name=search_term_string"}],"inLanguage":"en-US"},{"@type":"ImageObject","@id":"https:\/\/machineriesbst.com\/en\/catalogue\/77570\/#primaryimage","inLanguage":"en-US","url":"https:\/\/machineriesbst.com\/wp-content\/uploads\/2022\/09\/IMG-9037.jpg","contentUrl":"https:\/\/machineriesbst.com\/wp-content\/uploads\/2022\/09\/IMG-9037.jpg","width":1024,"height":768},{"@type":"WebPage","@id":"https:\/\/machineriesbst.com\/en\/catalogue\/77570\/#webpage","url":"https:\/\/machineriesbst.com\/en\/catalogue\/77570\/","name":"Machine \u00e0 Queu d'arronde Omec 750 - Machineries BST","isPartOf":{"@id":"https:\/\/machineriesbst.com\/en\/#website"},"primaryImageOfPage":{"@id":"https:\/\/machineriesbst.com\/en\/catalogue\/77570\/#primaryimage"},"datePublished":"2022-09-01T20:11:45+00:00","dateModified":"2023-12-01T01:22:05+00:00","breadcrumb":{"@id":"https:\/\/machineriesbst.com\/en\/catalogue\/77570\/#breadcrumb"},"inLanguage":"en-US","potentialAction":[{"@type":"ReadAction","target":["https:\/\/machineriesbst.com\/en\/catalogue\/77570\/"]}]},{"@type":"BreadcrumbList","@id":"https:\/\/machineriesbst.com\/en\/catalogue\/77570\/#breadcrumb","itemListElement":[{"@type":"ListItem","position":1,"name":"Accueil","item":"https:\/\/machineriesbst.com\/en\/"},{"@type":"ListItem","position":2,"name":"Catalogue","item":"https:\/\/machineriesbst.com\/en\/catalog\/"},{"@type":"ListItem","position":3,"name":"Machine \u00e0 Queu d'arronde Omec 750"}]}]}},"_links":{"self":[{"href":"https:\/\/machineriesbst.com\/en\/wp-json\/wp\/v2\/product\/77570"}],"collection":[{"href":"https:\/\/machineriesbst.com\/en\/wp-json\/wp\/v2\/product"}],"about":[{"href":"https:\/\/machineriesbst.com\/en\/wp-json\/wp\/v2\/types\/product"}],"author":[{"embeddable":true,"href":"https:\/\/machineriesbst.com\/en\/wp-json\/wp\/v2\/users\/3"}],"replies":[{"embeddable":true,"href":"https:\/\/machineriesbst.com\/en\/wp-json\/wp\/v2\/comments?post=77570"}],"wp:featuredmedia":[{"embeddable":true,"href":"https:\/\/machineriesbst.com\/en\/wp-json\/wp\/v2\/media\/77572"}],"wp:attachment":[{"href":"https:\/\/machineriesbst.com\/en\/wp-json\/wp\/v2\/media?parent=77570"}],"wp:term":[{"taxonomy":"product_cat","embeddable":true,"href":"https:\/\/machineriesbst.com\/en\/wp-json\/wp\/v2\/product_cat?post=77570"},{"taxonomy":"product_tag","embeddable":true,"href":"https:\/\/machineriesbst.com\/en\/wp-json\/wp\/v2\/product_tag?post=77570"}],"curies":[{"name":"wp","href":"https:\/\/api.w.org\/{rel}","templated":true}]}}