{"id":77534,"date":"2022-08-23T14:14:12","date_gmt":"2022-08-23T18:14:12","guid":{"rendered":"https:\/\/machineriesbst.com\/?post_type=product&#038;p=77534"},"modified":"2023-11-30T20:22:06","modified_gmt":"2023-12-01T01:22:06","slug":"weinig-holzher-5-axis-pro-master-xl-7223-k-cnc","status":"publish","type":"product","link":"https:\/\/machineriesbst.com\/en\/catalogue\/weinig-holzher-5-axis-pro-master-xl-7223-k-cnc\/","title":{"rendered":"Weinig\/Holzher 5 Axis PRO-Master XL-7223-K CNC"},"content":{"rendered":"<p>Video Link: https:\/\/youtu.be\/53v49DKRZpg<\/p>\n<p>State-of-the-art 5-axis technology for machining solid wood. Manufacture of windows and doors with CNC technology. High-end and ultra-efficient intelligent machining center. Manufacture in the 5 dimension equipped with intelligent stop systems.<\/p>\n<p>Characteristics :<\/p>\n<p class=\"bodytext\">The 5-axis offers almost unlimited machining possibilities. Designed for high stress, the solid and well-thought-out construction of this 5-axis is perfectly suited to the intended applications.<\/p>\n<p class=\"bodytext\">Thanks to the extreme machining lengths on the X axis, the traverse table of the CNC machining centers is ideally prepared for the machining of long elements for stairs, window doors etc. Even large door elements can be machined with maximum efficiency and effortlessly in pendulum mode. With machining dimensions of up to 1,650 mm in the Y axis and a travel of 565 mm in the Z axis, the 5-axis is perfectly equipped for customized and highly diversified machining.<\/p>","protected":false},"excerpt":{"rendered":"<p>Video link: https:\/\/youtu.be\/53v49DKRZpg State-of-the-art 5-axis technology for machining solid wood. Manufacture of windows and doors with CNC technology. High-end and ultra-efficient intelligent machining center. Manufacture in the 5 dimension equipped with intelligent stop systems. Characteristics: The 5-axis offers almost unlimited machining possibilities. [\u2026]<\/p>","protected":false},"author":3,"featured_media":77535,"comment_status":"open","ping_status":"closed","template":"","meta":[],"product_cat":[221,3014],"product_tag":[],"acf":[],"yoast_head":"<!-- This site is optimized with the Yoast SEO plugin v16.8 - https:\/\/yoast.com\/wordpress\/plugins\/seo\/ -->\n<title>Weinig\/Holzher 5 Axis PRO-Master XL-7223-K CNC - Machineries BST<\/title>\n<meta name=\"robots\" content=\"index, follow, max-snippet:-1, max-image-preview:large, max-video-preview:-1\" \/>\n<link rel=\"canonical\" href=\"https:\/\/machineriesbst.com\/en\/catalogue\/weinig-holzher-5-axis-pro-master-xl-7223-k-cnc\/\" \/>\n<meta property=\"og:locale\" content=\"en_US\" \/>\n<meta property=\"og:type\" content=\"article\" \/>\n<meta property=\"og:title\" content=\"Weinig\/Holzher 5 Axis PRO-Master XL-7223-K CNC - Machineries BST\" \/>\n<meta property=\"og:description\" content=\"Lien Vid\u00e9o : https:\/\/youtu.be\/53v49DKRZpg Technologie de pointe 5 axes pour usinage de bois solide .Fabrication de fen\u00eatre et de portes avec la technologie CNC. Centre d&#039;usinage intelligent\u00a0 haut de gamme et ultra performant. Fabriquer dans la 5 dimension \u00e9quip\u00e9 des syst\u00e8mes de but\u00e9e intelligent. Caract\u00e9ristiques : La 5 axes offre des possibilit\u00e9s d&#039;usinage quasiment illimit\u00e9es. [&hellip;]\" \/>\n<meta property=\"og:url\" content=\"https:\/\/machineriesbst.com\/en\/catalogue\/weinig-holzher-5-axis-pro-master-xl-7223-k-cnc\/\" \/>\n<meta property=\"og:site_name\" content=\"Machineries BST\" \/>\n<meta property=\"article:modified_time\" content=\"2023-12-01T01:22:06+00:00\" \/>\n<meta property=\"og:image\" content=\"https:\/\/machineriesbst.com\/wp-content\/uploads\/2022\/08\/CNC.jpg\" \/>\n\t<meta property=\"og:image:width\" content=\"609\" \/>\n\t<meta property=\"og:image:height\" content=\"455\" \/>\n<meta name=\"twitter:card\" content=\"summary_large_image\" \/>\n<meta name=\"twitter:label1\" content=\"Est. reading time\" \/>\n\t<meta name=\"twitter:data1\" content=\"1 minute\" \/>\n<script type=\"application\/ld+json\" class=\"yoast-schema-graph\">{\"@context\":\"https:\/\/schema.org\",\"@graph\":[{\"@type\":\"WebSite\",\"@id\":\"https:\/\/machineriesbst.com\/en\/#website\",\"url\":\"https:\/\/machineriesbst.com\/en\/\",\"name\":\"Machineries BST\",\"description\":\"Machines neuves &amp; usag\\u00e9es\",\"potentialAction\":[{\"@type\":\"SearchAction\",\"target\":{\"@type\":\"EntryPoint\",\"urlTemplate\":\"https:\/\/machineriesbst.com\/en\/?s={search_term_string}\"},\"query-input\":\"required name=search_term_string\"}],\"inLanguage\":\"en-US\"},{\"@type\":\"ImageObject\",\"@id\":\"https:\/\/machineriesbst.com\/en\/catalogue\/weinig-holzher-5-axis-pro-master-xl-7223-k-cnc\/#primaryimage\",\"inLanguage\":\"en-US\",\"url\":\"https:\/\/machineriesbst.com\/wp-content\/uploads\/2022\/08\/CNC.jpg\",\"contentUrl\":\"https:\/\/machineriesbst.com\/wp-content\/uploads\/2022\/08\/CNC.jpg\",\"width\":609,\"height\":455},{\"@type\":\"WebPage\",\"@id\":\"https:\/\/machineriesbst.com\/en\/catalogue\/weinig-holzher-5-axis-pro-master-xl-7223-k-cnc\/#webpage\",\"url\":\"https:\/\/machineriesbst.com\/en\/catalogue\/weinig-holzher-5-axis-pro-master-xl-7223-k-cnc\/\",\"name\":\"Weinig\/Holzher 5 Axis PRO-Master XL-7223-K CNC - Machineries BST\",\"isPartOf\":{\"@id\":\"https:\/\/machineriesbst.com\/en\/#website\"},\"primaryImageOfPage\":{\"@id\":\"https:\/\/machineriesbst.com\/en\/catalogue\/weinig-holzher-5-axis-pro-master-xl-7223-k-cnc\/#primaryimage\"},\"datePublished\":\"2022-08-23T18:14:12+00:00\",\"dateModified\":\"2023-12-01T01:22:06+00:00\",\"breadcrumb\":{\"@id\":\"https:\/\/machineriesbst.com\/en\/catalogue\/weinig-holzher-5-axis-pro-master-xl-7223-k-cnc\/#breadcrumb\"},\"inLanguage\":\"en-US\",\"potentialAction\":[{\"@type\":\"ReadAction\",\"target\":[\"https:\/\/machineriesbst.com\/en\/catalogue\/weinig-holzher-5-axis-pro-master-xl-7223-k-cnc\/\"]}]},{\"@type\":\"BreadcrumbList\",\"@id\":\"https:\/\/machineriesbst.com\/en\/catalogue\/weinig-holzher-5-axis-pro-master-xl-7223-k-cnc\/#breadcrumb\",\"itemListElement\":[{\"@type\":\"ListItem\",\"position\":1,\"name\":\"Accueil\",\"item\":\"https:\/\/machineriesbst.com\/en\/\"},{\"@type\":\"ListItem\",\"position\":2,\"name\":\"Catalogue\",\"item\":\"https:\/\/machineriesbst.com\/en\/catalog\/\"},{\"@type\":\"ListItem\",\"position\":3,\"name\":\"Weinig\/Holzher 5 Axis PRO-Master XL-7223-K CNC\"}]}]}<\/script>\n<!-- \/ Yoast SEO plugin. -->","yoast_head_json":{"title":"Weinig\/Holzher 5 Axis PRO-Master XL-7223-K CNC - Machineries BST","robots":{"index":"index","follow":"follow","max-snippet":"max-snippet:-1","max-image-preview":"max-image-preview:large","max-video-preview":"max-video-preview:-1"},"canonical":"https:\/\/machineriesbst.com\/en\/catalogue\/weinig-holzher-5-axis-pro-master-xl-7223-k-cnc\/","og_locale":"en_US","og_type":"article","og_title":"Weinig\/Holzher 5 Axis PRO-Master XL-7223-K CNC - Machineries BST","og_description":"Lien Vid\u00e9o : https:\/\/youtu.be\/53v49DKRZpg Technologie de pointe 5 axes pour usinage de bois solide .Fabrication de fen\u00eatre et de portes avec la technologie CNC. Centre d'usinage intelligent\u00a0 haut de gamme et ultra performant. Fabriquer dans la 5 dimension \u00e9quip\u00e9 des syst\u00e8mes de but\u00e9e intelligent. Caract\u00e9ristiques : La 5 axes offre des possibilit\u00e9s d'usinage quasiment illimit\u00e9es. [&hellip;]","og_url":"https:\/\/machineriesbst.com\/en\/catalogue\/weinig-holzher-5-axis-pro-master-xl-7223-k-cnc\/","og_site_name":"Machineries BST","article_modified_time":"2023-12-01T01:22:06+00:00","og_image":[{"width":609,"height":455,"url":"https:\/\/machineriesbst.com\/wp-content\/uploads\/2022\/08\/CNC.jpg","path":"\/home\/jepeto\/public_html\/wp-content\/uploads\/2022\/08\/CNC.jpg","size":"full","id":77535,"alt":"","pixels":277095,"type":"image\/jpeg"}],"twitter_card":"summary_large_image","twitter_misc":{"Est. reading time":"1 minute"},"schema":{"@context":"https:\/\/schema.org","@graph":[{"@type":"WebSite","@id":"https:\/\/machineriesbst.com\/en\/#website","url":"https:\/\/machineriesbst.com\/en\/","name":"Machineries BST","description":"Machines neuves &amp; usag\u00e9es","potentialAction":[{"@type":"SearchAction","target":{"@type":"EntryPoint","urlTemplate":"https:\/\/machineriesbst.com\/en\/?s={search_term_string}"},"query-input":"required name=search_term_string"}],"inLanguage":"en-US"},{"@type":"ImageObject","@id":"https:\/\/machineriesbst.com\/en\/catalogue\/weinig-holzher-5-axis-pro-master-xl-7223-k-cnc\/#primaryimage","inLanguage":"en-US","url":"https:\/\/machineriesbst.com\/wp-content\/uploads\/2022\/08\/CNC.jpg","contentUrl":"https:\/\/machineriesbst.com\/wp-content\/uploads\/2022\/08\/CNC.jpg","width":609,"height":455},{"@type":"WebPage","@id":"https:\/\/machineriesbst.com\/en\/catalogue\/weinig-holzher-5-axis-pro-master-xl-7223-k-cnc\/#webpage","url":"https:\/\/machineriesbst.com\/en\/catalogue\/weinig-holzher-5-axis-pro-master-xl-7223-k-cnc\/","name":"Weinig\/Holzher 5 Axis PRO-Master XL-7223-K CNC - Machineries BST","isPartOf":{"@id":"https:\/\/machineriesbst.com\/en\/#website"},"primaryImageOfPage":{"@id":"https:\/\/machineriesbst.com\/en\/catalogue\/weinig-holzher-5-axis-pro-master-xl-7223-k-cnc\/#primaryimage"},"datePublished":"2022-08-23T18:14:12+00:00","dateModified":"2023-12-01T01:22:06+00:00","breadcrumb":{"@id":"https:\/\/machineriesbst.com\/en\/catalogue\/weinig-holzher-5-axis-pro-master-xl-7223-k-cnc\/#breadcrumb"},"inLanguage":"en-US","potentialAction":[{"@type":"ReadAction","target":["https:\/\/machineriesbst.com\/en\/catalogue\/weinig-holzher-5-axis-pro-master-xl-7223-k-cnc\/"]}]},{"@type":"BreadcrumbList","@id":"https:\/\/machineriesbst.com\/en\/catalogue\/weinig-holzher-5-axis-pro-master-xl-7223-k-cnc\/#breadcrumb","itemListElement":[{"@type":"ListItem","position":1,"name":"Accueil","item":"https:\/\/machineriesbst.com\/en\/"},{"@type":"ListItem","position":2,"name":"Catalogue","item":"https:\/\/machineriesbst.com\/en\/catalog\/"},{"@type":"ListItem","position":3,"name":"Weinig\/Holzher 5 Axis PRO-Master XL-7223-K CNC"}]}]}},"_links":{"self":[{"href":"https:\/\/machineriesbst.com\/en\/wp-json\/wp\/v2\/product\/77534"}],"collection":[{"href":"https:\/\/machineriesbst.com\/en\/wp-json\/wp\/v2\/product"}],"about":[{"href":"https:\/\/machineriesbst.com\/en\/wp-json\/wp\/v2\/types\/product"}],"author":[{"embeddable":true,"href":"https:\/\/machineriesbst.com\/en\/wp-json\/wp\/v2\/users\/3"}],"replies":[{"embeddable":true,"href":"https:\/\/machineriesbst.com\/en\/wp-json\/wp\/v2\/comments?post=77534"}],"wp:featuredmedia":[{"embeddable":true,"href":"https:\/\/machineriesbst.com\/en\/wp-json\/wp\/v2\/media\/77535"}],"wp:attachment":[{"href":"https:\/\/machineriesbst.com\/en\/wp-json\/wp\/v2\/media?parent=77534"}],"wp:term":[{"taxonomy":"product_cat","embeddable":true,"href":"https:\/\/machineriesbst.com\/en\/wp-json\/wp\/v2\/product_cat?post=77534"},{"taxonomy":"product_tag","embeddable":true,"href":"https:\/\/machineriesbst.com\/en\/wp-json\/wp\/v2\/product_tag?post=77534"}],"curies":[{"name":"wp","href":"https:\/\/api.w.org\/{rel}","templated":true}]}}