{"id":64467,"date":"2022-07-21T09:52:13","date_gmt":"2022-07-21T13:52:13","guid":{"rendered":"https:\/\/machineriesbst.com\/?post_type=product&#038;p=64467"},"modified":"2023-11-30T20:22:06","modified_gmt":"2023-12-01T01:22:06","slug":"64467","status":"publish","type":"product","link":"https:\/\/machineriesbst.com\/en\/catalogue\/64467\/","title":{"rendered":""},"content":{"rendered":"<p>Mereen-Johnson Model 312-DC\/SR2 &quot;Select-A-Rip&quot; Multi-Rip Saw<br \/>\nTwo movable &quot;Select-A-Rip&quot; blades with movable laser guides<br \/>\n12&quot; Space . 2-3\/4&quot; Max. Thickness using 14&quot; Dia. Tooling . 6&quot; Throat<br \/>\n50 HP 3600 RPM TEFC Mereen-Johnson Direct Arbor Drive<br \/>\nDOUBLE-VEE feed chain, contoured hardened cams, extruded structural aluminum feed slats with replaceable steel-backed rubber insert strips<\/p>\n<p>Cameron Automation Model 34H-MI Quick Rip and Automated Optic-Rip Feed System - 12&#39; Capacity<br \/>\nFenceless Resaw Optimizer<br \/>\nFive side power belts accelerate the board past multiple sensors that measure the profile of each foot for the length of the board<br \/>\nThe straps then position the board under the laser lights, which mimics the configuration of the tree on the ripsaw<br \/>\nThe operator is presented with the optimal cutting combination based on the measurements of the boards<br \/>\nThe operator can override the cut chosen by the computers (positioning or inclination)<br \/>\nPinch rollers feed the board into the saw<br \/>\nSingle Operator Loads and Faults<br \/>\nCan feed over 8-10 boards\/minute<br \/>\nsmall footprint<br \/>\nEasy to use software designed and programmed by Cameron<br \/>\nFive rubber side feed belts<br \/>\nOne driven upper pinch roller (3\/4 HP motor)<br \/>\nUpper and lower idler rollers<br \/>\n220v, 3ph<br \/>\nPush button controls<br \/>\nMachine 2011<br \/>\nSerial number: OR-220<\/p>\n<p>Additional photos on request<\/p>","protected":false},"excerpt":{"rendered":"<p>Mereen-Johnson Model 312-DC\/SR2 &quot;Select-A-Rip&quot; Multi-Rip Saw Two moving &quot;Select-A-Rip&quot; blades with moving laser guides 12&quot; clearance 2-3\/4&quot; Max. Thickness using 14&quot; Tooling Dia. . 6&quot; Throat 50 HP 3600 RPM TEFC Mereen-Johnson Direct Arbor Drive DOUBLE-VEE power chain, contoured hardened cams, extruded structural aluminum power slats with [\u2026 ]<\/p>","protected":false},"author":3,"featured_media":64483,"comment_status":"open","ping_status":"closed","template":"","meta":[],"product_cat":[3076,214],"product_tag":[],"acf":[],"yoast_head":"<!-- This site is optimized with the Yoast SEO plugin v16.8 - https:\/\/yoast.com\/wordpress\/plugins\/seo\/ -->\n<title>- Machineries BST<\/title>\n<meta name=\"robots\" content=\"index, follow, max-snippet:-1, max-image-preview:large, max-video-preview:-1\" \/>\n<link rel=\"canonical\" href=\"https:\/\/machineriesbst.com\/en\/catalogue\/64467\/\" \/>\n<meta property=\"og:locale\" content=\"en_US\" \/>\n<meta property=\"og:type\" content=\"article\" \/>\n<meta property=\"og:title\" content=\"- Machineries BST\" \/>\n<meta property=\"og:description\" content=\"Scie \u00e0 refendre multiple Mereen-Johnson mod\u00e8le 312-DC\/SR2 &quot;Select-A-Rip&quot; Deux\u00a0 lames mobiles &quot;Select-A-Rip&quot; avec guides laser mobiles Espace de 12&quot; . 2-3\/4&quot; Max. \u00c9paisseur en utilisant 14&quot; Dia. de l&#039;Outillage . 6&quot; Gorge 50 HP 3600 RPM TEFC Mereen-Johnson Direct Arbor Drive Cha\u00eene d&#039;alimentation DOUBLE-VEE, cames tremp\u00e9es profil\u00e9es, lattes\u00a0 d&#039;alimentation en aluminium structurel extrud\u00e9 avec bandes [&hellip;]\" \/>\n<meta property=\"og:url\" content=\"https:\/\/machineriesbst.com\/en\/catalogue\/64467\/\" \/>\n<meta property=\"og:site_name\" content=\"Machineries BST\" \/>\n<meta property=\"article:modified_time\" content=\"2023-12-01T01:22:06+00:00\" \/>\n<meta property=\"og:image\" content=\"https:\/\/machineriesbst.com\/wp-content\/uploads\/2022\/07\/get_image_cached-1.jpg\" \/>\n\t<meta property=\"og:image:width\" content=\"800\" \/>\n\t<meta property=\"og:image:height\" content=\"600\" \/>\n<meta name=\"twitter:card\" content=\"summary_large_image\" \/>\n<meta name=\"twitter:label1\" content=\"Est. reading time\" \/>\n\t<meta name=\"twitter:data1\" content=\"1 minute\" \/>\n<script type=\"application\/ld+json\" class=\"yoast-schema-graph\">{\"@context\":\"https:\/\/schema.org\",\"@graph\":[{\"@type\":\"WebSite\",\"@id\":\"https:\/\/machineriesbst.com\/en\/#website\",\"url\":\"https:\/\/machineriesbst.com\/en\/\",\"name\":\"Machineries BST\",\"description\":\"Machines neuves &amp; usag\\u00e9es\",\"potentialAction\":[{\"@type\":\"SearchAction\",\"target\":{\"@type\":\"EntryPoint\",\"urlTemplate\":\"https:\/\/machineriesbst.com\/en\/?s={search_term_string}\"},\"query-input\":\"required name=search_term_string\"}],\"inLanguage\":\"en-US\"},{\"@type\":\"ImageObject\",\"@id\":\"https:\/\/machineriesbst.com\/en\/catalogue\/64467\/#primaryimage\",\"inLanguage\":\"en-US\",\"url\":\"https:\/\/machineriesbst.com\/wp-content\/uploads\/2022\/07\/get_image_cached-1.jpg\",\"contentUrl\":\"https:\/\/machineriesbst.com\/wp-content\/uploads\/2022\/07\/get_image_cached-1.jpg\",\"width\":800,\"height\":600},{\"@type\":\"WebPage\",\"@id\":\"https:\/\/machineriesbst.com\/en\/catalogue\/64467\/#webpage\",\"url\":\"https:\/\/machineriesbst.com\/en\/catalogue\/64467\/\",\"name\":\"- Machineries BST\",\"isPartOf\":{\"@id\":\"https:\/\/machineriesbst.com\/en\/#website\"},\"primaryImageOfPage\":{\"@id\":\"https:\/\/machineriesbst.com\/en\/catalogue\/64467\/#primaryimage\"},\"datePublished\":\"2022-07-21T13:52:13+00:00\",\"dateModified\":\"2023-12-01T01:22:06+00:00\",\"breadcrumb\":{\"@id\":\"https:\/\/machineriesbst.com\/en\/catalogue\/64467\/#breadcrumb\"},\"inLanguage\":\"en-US\",\"potentialAction\":[{\"@type\":\"ReadAction\",\"target\":[\"https:\/\/machineriesbst.com\/en\/catalogue\/64467\/\"]}]},{\"@type\":\"BreadcrumbList\",\"@id\":\"https:\/\/machineriesbst.com\/en\/catalogue\/64467\/#breadcrumb\",\"itemListElement\":[{\"@type\":\"ListItem\",\"position\":1,\"name\":\"Accueil\",\"item\":\"https:\/\/machineriesbst.com\/en\/\"},{\"@type\":\"ListItem\",\"position\":2,\"name\":\"Catalogue\",\"item\":\"https:\/\/machineriesbst.com\/en\/catalog\/\"},{\"@type\":\"ListItem\",\"position\":3,\"name\":\"\"}]}]}<\/script>\n<!-- \/ Yoast SEO plugin. -->","yoast_head_json":{"title":"- Machineries BST","robots":{"index":"index","follow":"follow","max-snippet":"max-snippet:-1","max-image-preview":"max-image-preview:large","max-video-preview":"max-video-preview:-1"},"canonical":"https:\/\/machineriesbst.com\/en\/catalogue\/64467\/","og_locale":"en_US","og_type":"article","og_title":"- Machineries BST","og_description":"Scie \u00e0 refendre multiple Mereen-Johnson mod\u00e8le 312-DC\/SR2 \"Select-A-Rip\" Deux\u00a0 lames mobiles \"Select-A-Rip\" avec guides laser mobiles Espace de 12\" . 2-3\/4\" Max. \u00c9paisseur en utilisant 14\" Dia. de l'Outillage . 6\" Gorge 50 HP 3600 RPM TEFC Mereen-Johnson Direct Arbor Drive Cha\u00eene d'alimentation DOUBLE-VEE, cames tremp\u00e9es profil\u00e9es, lattes\u00a0 d'alimentation en aluminium structurel extrud\u00e9 avec bandes [&hellip;]","og_url":"https:\/\/machineriesbst.com\/en\/catalogue\/64467\/","og_site_name":"Machineries BST","article_modified_time":"2023-12-01T01:22:06+00:00","og_image":[{"width":800,"height":600,"url":"https:\/\/machineriesbst.com\/wp-content\/uploads\/2022\/07\/get_image_cached-1.jpg","path":"\/home\/jepeto\/public_html\/wp-content\/uploads\/2022\/07\/get_image_cached-1.jpg","size":"full","id":64483,"alt":"","pixels":480000,"type":"image\/jpeg"}],"twitter_card":"summary_large_image","twitter_misc":{"Est. reading time":"1 minute"},"schema":{"@context":"https:\/\/schema.org","@graph":[{"@type":"WebSite","@id":"https:\/\/machineriesbst.com\/en\/#website","url":"https:\/\/machineriesbst.com\/en\/","name":"Machineries BST","description":"Machines neuves &amp; usag\u00e9es","potentialAction":[{"@type":"SearchAction","target":{"@type":"EntryPoint","urlTemplate":"https:\/\/machineriesbst.com\/en\/?s={search_term_string}"},"query-input":"required name=search_term_string"}],"inLanguage":"en-US"},{"@type":"ImageObject","@id":"https:\/\/machineriesbst.com\/en\/catalogue\/64467\/#primaryimage","inLanguage":"en-US","url":"https:\/\/machineriesbst.com\/wp-content\/uploads\/2022\/07\/get_image_cached-1.jpg","contentUrl":"https:\/\/machineriesbst.com\/wp-content\/uploads\/2022\/07\/get_image_cached-1.jpg","width":800,"height":600},{"@type":"WebPage","@id":"https:\/\/machineriesbst.com\/en\/catalogue\/64467\/#webpage","url":"https:\/\/machineriesbst.com\/en\/catalogue\/64467\/","name":"- Machineries BST","isPartOf":{"@id":"https:\/\/machineriesbst.com\/en\/#website"},"primaryImageOfPage":{"@id":"https:\/\/machineriesbst.com\/en\/catalogue\/64467\/#primaryimage"},"datePublished":"2022-07-21T13:52:13+00:00","dateModified":"2023-12-01T01:22:06+00:00","breadcrumb":{"@id":"https:\/\/machineriesbst.com\/en\/catalogue\/64467\/#breadcrumb"},"inLanguage":"en-US","potentialAction":[{"@type":"ReadAction","target":["https:\/\/machineriesbst.com\/en\/catalogue\/64467\/"]}]},{"@type":"BreadcrumbList","@id":"https:\/\/machineriesbst.com\/en\/catalogue\/64467\/#breadcrumb","itemListElement":[{"@type":"ListItem","position":1,"name":"Accueil","item":"https:\/\/machineriesbst.com\/en\/"},{"@type":"ListItem","position":2,"name":"Catalogue","item":"https:\/\/machineriesbst.com\/en\/catalog\/"},{"@type":"ListItem","position":3,"name":""}]}]}},"_links":{"self":[{"href":"https:\/\/machineriesbst.com\/en\/wp-json\/wp\/v2\/product\/64467"}],"collection":[{"href":"https:\/\/machineriesbst.com\/en\/wp-json\/wp\/v2\/product"}],"about":[{"href":"https:\/\/machineriesbst.com\/en\/wp-json\/wp\/v2\/types\/product"}],"author":[{"embeddable":true,"href":"https:\/\/machineriesbst.com\/en\/wp-json\/wp\/v2\/users\/3"}],"replies":[{"embeddable":true,"href":"https:\/\/machineriesbst.com\/en\/wp-json\/wp\/v2\/comments?post=64467"}],"wp:featuredmedia":[{"embeddable":true,"href":"https:\/\/machineriesbst.com\/en\/wp-json\/wp\/v2\/media\/64483"}],"wp:attachment":[{"href":"https:\/\/machineriesbst.com\/en\/wp-json\/wp\/v2\/media?parent=64467"}],"wp:term":[{"taxonomy":"product_cat","embeddable":true,"href":"https:\/\/machineriesbst.com\/en\/wp-json\/wp\/v2\/product_cat?post=64467"},{"taxonomy":"product_tag","embeddable":true,"href":"https:\/\/machineriesbst.com\/en\/wp-json\/wp\/v2\/product_tag?post=64467"}],"curies":[{"name":"wp","href":"https:\/\/api.w.org\/{rel}","templated":true}]}}