{"id":60403,"date":"2022-06-20T11:20:57","date_gmt":"2022-06-20T15:20:57","guid":{"rendered":"https:\/\/machineriesbst.com\/?post_type=product&#038;p=60403"},"modified":"2023-11-30T20:22:06","modified_gmt":"2023-12-01T01:22:06","slug":"corner-cleaner","status":"publish","type":"product","link":"https:\/\/machineriesbst.com\/en\/catalogue\/corner-cleaner\/","title":{"rendered":"Corner Cleaner"},"content":{"rendered":"<p>Corner cleaner .Minimum height 30mm Masx:130\/200 .Width Min:20mm Max:150mm. Minimum dimension of the interior window of 210mm.<\/p>\n<p>This machine can: cut the weld beads at the top and bottom of the profile surface.<br \/>\nMay mill weld beads at outside corner with bevel shaped carbide tipped disc cutter<br \/>\nCan: drill joint grooves<br \/>\nShe cuts the weld bead at the inside corners<br \/>\nIt Cuts the top of the weld bead on the inner side of the profile on the overlap<br \/>\nAutomatically recognizes the profile.<\/p>\n<p><iframe loading=\"lazy\" title=\"Verputzautomat CNC URBAN SV 530 (2005)\" width=\"500\" height=\"281\" src=\"https:\/\/www.youtube.com\/embed\/i7w1ZsnxKZo?feature=oembed\" frameborder=\"0\" allow=\"accelerometer; autoplay; clipboard-write; encrypted-media; gyroscope; picture-in-picture\" allowfullscreen><\/iframe><\/p>","protected":false},"excerpt":{"rendered":"<p>Corner cleaner .Minimum height 30mm Masx:130\/200 .Width Min:20mm Max:150mm. Minimum dimension of the interior window of 210mm. This machine can: cut the weld beads at the top and bottom of the profile surface. May mill weld beads at outside corner with carbide tipped disc cutter [\u2026]<\/p>","protected":false},"author":3,"featured_media":60408,"comment_status":"open","ping_status":"closed","template":"","meta":[],"product_cat":[3122],"product_tag":[],"acf":[],"yoast_head":"<!-- This site is optimized with the Yoast SEO plugin v16.8 - https:\/\/yoast.com\/wordpress\/plugins\/seo\/ -->\n<title>Corner Cleaner - Machineries BST<\/title>\n<meta name=\"robots\" content=\"index, follow, max-snippet:-1, max-image-preview:large, max-video-preview:-1\" \/>\n<link rel=\"canonical\" href=\"https:\/\/machineriesbst.com\/en\/catalogue\/corner-cleaner\/\" \/>\n<meta property=\"og:locale\" content=\"en_US\" \/>\n<meta property=\"og:type\" content=\"article\" \/>\n<meta property=\"og:title\" content=\"Corner Cleaner - Machineries BST\" \/>\n<meta property=\"og:description\" content=\"Corner cleaner .Hauteur minimal 30mm Masx :130\/200 .Largeur Min:20mm Max :150mm. Dimension min de la fen\u00eatre int\u00e9rieur de 210mm. Cette machine\u00a0peut : couper les cordons de soudure en haut et en bas de la surface du profil. Peut fraiser des perles de soudure au coin ext\u00e9rieur avec une fraise \u00e0 disque \u00e0 pointe de carbure [&hellip;]\" \/>\n<meta property=\"og:url\" content=\"https:\/\/machineriesbst.com\/en\/catalogue\/corner-cleaner\/\" \/>\n<meta property=\"og:site_name\" content=\"Machineries BST\" \/>\n<meta property=\"article:modified_time\" content=\"2023-12-01T01:22:06+00:00\" \/>\n<meta property=\"og:image\" content=\"https:\/\/machineriesbst.com\/wp-content\/uploads\/2022\/06\/Corner-cleaner-5.jpg\" \/>\n\t<meta property=\"og:image:width\" content=\"512\" \/>\n\t<meta property=\"og:image:height\" content=\"768\" \/>\n<meta name=\"twitter:card\" content=\"summary_large_image\" \/>\n<meta name=\"twitter:label1\" content=\"Est. reading time\" \/>\n\t<meta name=\"twitter:data1\" content=\"1 minute\" \/>\n<script type=\"application\/ld+json\" class=\"yoast-schema-graph\">{\"@context\":\"https:\/\/schema.org\",\"@graph\":[{\"@type\":\"WebSite\",\"@id\":\"https:\/\/machineriesbst.com\/en\/#website\",\"url\":\"https:\/\/machineriesbst.com\/en\/\",\"name\":\"Machineries BST\",\"description\":\"Machines neuves &amp; usag\\u00e9es\",\"potentialAction\":[{\"@type\":\"SearchAction\",\"target\":{\"@type\":\"EntryPoint\",\"urlTemplate\":\"https:\/\/machineriesbst.com\/en\/?s={search_term_string}\"},\"query-input\":\"required name=search_term_string\"}],\"inLanguage\":\"en-US\"},{\"@type\":\"ImageObject\",\"@id\":\"https:\/\/machineriesbst.com\/en\/catalogue\/corner-cleaner\/#primaryimage\",\"inLanguage\":\"en-US\",\"url\":\"https:\/\/machineriesbst.com\/wp-content\/uploads\/2022\/06\/Corner-cleaner-5.jpg\",\"contentUrl\":\"https:\/\/machineriesbst.com\/wp-content\/uploads\/2022\/06\/Corner-cleaner-5.jpg\",\"width\":512,\"height\":768},{\"@type\":\"WebPage\",\"@id\":\"https:\/\/machineriesbst.com\/en\/catalogue\/corner-cleaner\/#webpage\",\"url\":\"https:\/\/machineriesbst.com\/en\/catalogue\/corner-cleaner\/\",\"name\":\"Corner Cleaner - Machineries BST\",\"isPartOf\":{\"@id\":\"https:\/\/machineriesbst.com\/en\/#website\"},\"primaryImageOfPage\":{\"@id\":\"https:\/\/machineriesbst.com\/en\/catalogue\/corner-cleaner\/#primaryimage\"},\"datePublished\":\"2022-06-20T15:20:57+00:00\",\"dateModified\":\"2023-12-01T01:22:06+00:00\",\"breadcrumb\":{\"@id\":\"https:\/\/machineriesbst.com\/en\/catalogue\/corner-cleaner\/#breadcrumb\"},\"inLanguage\":\"en-US\",\"potentialAction\":[{\"@type\":\"ReadAction\",\"target\":[\"https:\/\/machineriesbst.com\/en\/catalogue\/corner-cleaner\/\"]}]},{\"@type\":\"BreadcrumbList\",\"@id\":\"https:\/\/machineriesbst.com\/en\/catalogue\/corner-cleaner\/#breadcrumb\",\"itemListElement\":[{\"@type\":\"ListItem\",\"position\":1,\"name\":\"Accueil\",\"item\":\"https:\/\/machineriesbst.com\/en\/\"},{\"@type\":\"ListItem\",\"position\":2,\"name\":\"Catalogue\",\"item\":\"https:\/\/machineriesbst.com\/en\/catalog\/\"},{\"@type\":\"ListItem\",\"position\":3,\"name\":\"Corner Cleaner\"}]}]}<\/script>\n<!-- \/ Yoast SEO plugin. -->","yoast_head_json":{"title":"Corner Cleaner - Machineries BST","robots":{"index":"index","follow":"follow","max-snippet":"max-snippet:-1","max-image-preview":"max-image-preview:large","max-video-preview":"max-video-preview:-1"},"canonical":"https:\/\/machineriesbst.com\/en\/catalogue\/corner-cleaner\/","og_locale":"en_US","og_type":"article","og_title":"Corner Cleaner - Machineries BST","og_description":"Corner cleaner .Hauteur minimal 30mm Masx :130\/200 .Largeur Min:20mm Max :150mm. Dimension min de la fen\u00eatre int\u00e9rieur de 210mm. Cette machine\u00a0peut : couper les cordons de soudure en haut et en bas de la surface du profil. Peut fraiser des perles de soudure au coin ext\u00e9rieur avec une fraise \u00e0 disque \u00e0 pointe de carbure [&hellip;]","og_url":"https:\/\/machineriesbst.com\/en\/catalogue\/corner-cleaner\/","og_site_name":"Machineries BST","article_modified_time":"2023-12-01T01:22:06+00:00","og_image":[{"width":512,"height":768,"url":"https:\/\/machineriesbst.com\/wp-content\/uploads\/2022\/06\/Corner-cleaner-5.jpg","path":"\/home\/jepeto\/public_html\/wp-content\/uploads\/2022\/06\/Corner-cleaner-5.jpg","size":"full","id":60408,"alt":"","pixels":393216,"type":"image\/jpeg"}],"twitter_card":"summary_large_image","twitter_misc":{"Est. reading time":"1 minute"},"schema":{"@context":"https:\/\/schema.org","@graph":[{"@type":"WebSite","@id":"https:\/\/machineriesbst.com\/en\/#website","url":"https:\/\/machineriesbst.com\/en\/","name":"Machineries BST","description":"Machines neuves &amp; usag\u00e9es","potentialAction":[{"@type":"SearchAction","target":{"@type":"EntryPoint","urlTemplate":"https:\/\/machineriesbst.com\/en\/?s={search_term_string}"},"query-input":"required name=search_term_string"}],"inLanguage":"en-US"},{"@type":"ImageObject","@id":"https:\/\/machineriesbst.com\/en\/catalogue\/corner-cleaner\/#primaryimage","inLanguage":"en-US","url":"https:\/\/machineriesbst.com\/wp-content\/uploads\/2022\/06\/Corner-cleaner-5.jpg","contentUrl":"https:\/\/machineriesbst.com\/wp-content\/uploads\/2022\/06\/Corner-cleaner-5.jpg","width":512,"height":768},{"@type":"WebPage","@id":"https:\/\/machineriesbst.com\/en\/catalogue\/corner-cleaner\/#webpage","url":"https:\/\/machineriesbst.com\/en\/catalogue\/corner-cleaner\/","name":"Corner Cleaner - Machineries BST","isPartOf":{"@id":"https:\/\/machineriesbst.com\/en\/#website"},"primaryImageOfPage":{"@id":"https:\/\/machineriesbst.com\/en\/catalogue\/corner-cleaner\/#primaryimage"},"datePublished":"2022-06-20T15:20:57+00:00","dateModified":"2023-12-01T01:22:06+00:00","breadcrumb":{"@id":"https:\/\/machineriesbst.com\/en\/catalogue\/corner-cleaner\/#breadcrumb"},"inLanguage":"en-US","potentialAction":[{"@type":"ReadAction","target":["https:\/\/machineriesbst.com\/en\/catalogue\/corner-cleaner\/"]}]},{"@type":"BreadcrumbList","@id":"https:\/\/machineriesbst.com\/en\/catalogue\/corner-cleaner\/#breadcrumb","itemListElement":[{"@type":"ListItem","position":1,"name":"Accueil","item":"https:\/\/machineriesbst.com\/en\/"},{"@type":"ListItem","position":2,"name":"Catalogue","item":"https:\/\/machineriesbst.com\/en\/catalog\/"},{"@type":"ListItem","position":3,"name":"Corner Cleaner"}]}]}},"_links":{"self":[{"href":"https:\/\/machineriesbst.com\/en\/wp-json\/wp\/v2\/product\/60403"}],"collection":[{"href":"https:\/\/machineriesbst.com\/en\/wp-json\/wp\/v2\/product"}],"about":[{"href":"https:\/\/machineriesbst.com\/en\/wp-json\/wp\/v2\/types\/product"}],"author":[{"embeddable":true,"href":"https:\/\/machineriesbst.com\/en\/wp-json\/wp\/v2\/users\/3"}],"replies":[{"embeddable":true,"href":"https:\/\/machineriesbst.com\/en\/wp-json\/wp\/v2\/comments?post=60403"}],"wp:featuredmedia":[{"embeddable":true,"href":"https:\/\/machineriesbst.com\/en\/wp-json\/wp\/v2\/media\/60408"}],"wp:attachment":[{"href":"https:\/\/machineriesbst.com\/en\/wp-json\/wp\/v2\/media?parent=60403"}],"wp:term":[{"taxonomy":"product_cat","embeddable":true,"href":"https:\/\/machineriesbst.com\/en\/wp-json\/wp\/v2\/product_cat?post=60403"},{"taxonomy":"product_tag","embeddable":true,"href":"https:\/\/machineriesbst.com\/en\/wp-json\/wp\/v2\/product_tag?post=60403"}],"curies":[{"name":"wp","href":"https:\/\/api.w.org\/{rel}","templated":true}]}}