{"id":60209,"date":"2022-06-04T12:40:12","date_gmt":"2022-06-04T16:40:12","guid":{"rendered":"https:\/\/machineriesbst.com\/?post_type=product&#038;p=60209"},"modified":"2023-11-30T20:22:06","modified_gmt":"2023-12-01T01:22:06","slug":"emballeuse-grand-format-wulftec","status":"publish","type":"product","link":"https:\/\/machineriesbst.com\/en\/catalogue\/emballeuse-grand-format-wulftec\/","title":{"rendered":"Wulftec Large Format Wrapper"},"content":{"rendered":"<p>.Wulftec Model WLP-200 Automatic Wrapper The machine is rated at speeds of up to 40-50 items per hour. Has a maximum mast height (wrap height) of 80&quot;. Features a 60&quot; turntable with automatic height sensing photocell. 15 amps. 1\/60\/120.<\/p>\n<p>Price and additional info on request.<\/p>","protected":false},"excerpt":{"rendered":"<p>.Wulftec Model WLP-200 Automatic Wrapper The machine is rated at speeds of up to 40-50 items per hour. Has a maximum mast height (wrap height) of 80&quot;. Features a 60&quot; turntable with automatic height sensing photocell. 15 amps. 1\/60\/120. Price and additional info on request.<\/p>","protected":false},"author":3,"featured_media":60212,"comment_status":"open","ping_status":"closed","template":"","meta":[],"product_cat":[3027,237],"product_tag":[],"acf":[],"yoast_head":"<!-- This site is optimized with the Yoast SEO plugin v16.8 - https:\/\/yoast.com\/wordpress\/plugins\/seo\/ -->\n<title>Emballeuse grand format Wulftec - Machineries BST<\/title>\n<meta name=\"robots\" content=\"index, follow, max-snippet:-1, max-image-preview:large, max-video-preview:-1\" \/>\n<link rel=\"canonical\" href=\"https:\/\/machineriesbst.com\/en\/catalogue\/emballeuse-grand-format-wulftec\/\" \/>\n<meta property=\"og:locale\" content=\"en_US\" \/>\n<meta property=\"og:type\" content=\"article\" \/>\n<meta property=\"og:title\" content=\"Emballeuse grand format Wulftec - Machineries BST\" \/>\n<meta property=\"og:description\" content=\".Emballeuse automatique Wulftec mod\u00e8le WLP-200\u00a0 La machine est \u00e9valu\u00e9e \u00e0 des vitesses allant jusqu&#039;\u00e0 40-50 \u00e9l\u00e9ments\u00a0 par heure. Poss\u00e8de une hauteur de m\u00e2t maximale (hauteur d&#039;enveloppement) de 80&quot;. Dispose d&#039;un plateau tournant de 60&quot; avec cellule photo\u00e9lectrique \u00e0 d\u00e9tection automatique de la hauteur.\u00a015 amp\u00e8res.\u00a01\/60\/120. Prix et Infos suppl\u00e9mentaire sur demande.\" \/>\n<meta property=\"og:url\" content=\"https:\/\/machineriesbst.com\/en\/catalogue\/emballeuse-grand-format-wulftec\/\" \/>\n<meta property=\"og:site_name\" content=\"Machineries BST\" \/>\n<meta property=\"article:modified_time\" content=\"2023-12-01T01:22:06+00:00\" \/>\n<meta property=\"og:image\" content=\"https:\/\/machineriesbst.com\/wp-content\/uploads\/2022\/06\/Embaleuse-4.jpg\" \/>\n\t<meta property=\"og:image:width\" content=\"467\" \/>\n\t<meta property=\"og:image:height\" content=\"768\" \/>\n<meta name=\"twitter:card\" content=\"summary_large_image\" \/>\n<script type=\"application\/ld+json\" class=\"yoast-schema-graph\">{\"@context\":\"https:\/\/schema.org\",\"@graph\":[{\"@type\":\"WebSite\",\"@id\":\"https:\/\/machineriesbst.com\/en\/#website\",\"url\":\"https:\/\/machineriesbst.com\/en\/\",\"name\":\"Machineries BST\",\"description\":\"Machines neuves &amp; usag\\u00e9es\",\"potentialAction\":[{\"@type\":\"SearchAction\",\"target\":{\"@type\":\"EntryPoint\",\"urlTemplate\":\"https:\/\/machineriesbst.com\/en\/?s={search_term_string}\"},\"query-input\":\"required name=search_term_string\"}],\"inLanguage\":\"en-US\"},{\"@type\":\"ImageObject\",\"@id\":\"https:\/\/machineriesbst.com\/en\/catalogue\/emballeuse-grand-format-wulftec\/#primaryimage\",\"inLanguage\":\"en-US\",\"url\":\"https:\/\/machineriesbst.com\/wp-content\/uploads\/2022\/06\/Embaleuse-4.jpg\",\"contentUrl\":\"https:\/\/machineriesbst.com\/wp-content\/uploads\/2022\/06\/Embaleuse-4.jpg\",\"width\":467,\"height\":768},{\"@type\":\"WebPage\",\"@id\":\"https:\/\/machineriesbst.com\/en\/catalogue\/emballeuse-grand-format-wulftec\/#webpage\",\"url\":\"https:\/\/machineriesbst.com\/en\/catalogue\/emballeuse-grand-format-wulftec\/\",\"name\":\"Emballeuse grand format Wulftec - Machineries BST\",\"isPartOf\":{\"@id\":\"https:\/\/machineriesbst.com\/en\/#website\"},\"primaryImageOfPage\":{\"@id\":\"https:\/\/machineriesbst.com\/en\/catalogue\/emballeuse-grand-format-wulftec\/#primaryimage\"},\"datePublished\":\"2022-06-04T16:40:12+00:00\",\"dateModified\":\"2023-12-01T01:22:06+00:00\",\"breadcrumb\":{\"@id\":\"https:\/\/machineriesbst.com\/en\/catalogue\/emballeuse-grand-format-wulftec\/#breadcrumb\"},\"inLanguage\":\"en-US\",\"potentialAction\":[{\"@type\":\"ReadAction\",\"target\":[\"https:\/\/machineriesbst.com\/en\/catalogue\/emballeuse-grand-format-wulftec\/\"]}]},{\"@type\":\"BreadcrumbList\",\"@id\":\"https:\/\/machineriesbst.com\/en\/catalogue\/emballeuse-grand-format-wulftec\/#breadcrumb\",\"itemListElement\":[{\"@type\":\"ListItem\",\"position\":1,\"name\":\"Accueil\",\"item\":\"https:\/\/machineriesbst.com\/en\/\"},{\"@type\":\"ListItem\",\"position\":2,\"name\":\"Catalogue\",\"item\":\"https:\/\/machineriesbst.com\/en\/catalog\/\"},{\"@type\":\"ListItem\",\"position\":3,\"name\":\"Emballeuse grand format Wulftec\"}]}]}<\/script>\n<!-- \/ Yoast SEO plugin. -->","yoast_head_json":{"title":"Emballeuse grand format Wulftec - Machineries BST","robots":{"index":"index","follow":"follow","max-snippet":"max-snippet:-1","max-image-preview":"max-image-preview:large","max-video-preview":"max-video-preview:-1"},"canonical":"https:\/\/machineriesbst.com\/en\/catalogue\/emballeuse-grand-format-wulftec\/","og_locale":"en_US","og_type":"article","og_title":"Emballeuse grand format Wulftec - Machineries BST","og_description":".Emballeuse automatique Wulftec mod\u00e8le WLP-200\u00a0 La machine est \u00e9valu\u00e9e \u00e0 des vitesses allant jusqu'\u00e0 40-50 \u00e9l\u00e9ments\u00a0 par heure. Poss\u00e8de une hauteur de m\u00e2t maximale (hauteur d'enveloppement) de 80\". Dispose d'un plateau tournant de 60\" avec cellule photo\u00e9lectrique \u00e0 d\u00e9tection automatique de la hauteur.\u00a015 amp\u00e8res.\u00a01\/60\/120. Prix et Infos suppl\u00e9mentaire sur demande.","og_url":"https:\/\/machineriesbst.com\/en\/catalogue\/emballeuse-grand-format-wulftec\/","og_site_name":"Machineries BST","article_modified_time":"2023-12-01T01:22:06+00:00","og_image":[{"width":467,"height":768,"url":"https:\/\/machineriesbst.com\/wp-content\/uploads\/2022\/06\/Embaleuse-4.jpg","path":"\/home\/jepeto\/public_html\/wp-content\/uploads\/2022\/06\/Embaleuse-4.jpg","size":"full","id":60212,"alt":"","pixels":358656,"type":"image\/jpeg"}],"twitter_card":"summary_large_image","schema":{"@context":"https:\/\/schema.org","@graph":[{"@type":"WebSite","@id":"https:\/\/machineriesbst.com\/en\/#website","url":"https:\/\/machineriesbst.com\/en\/","name":"Machineries BST","description":"Machines neuves &amp; usag\u00e9es","potentialAction":[{"@type":"SearchAction","target":{"@type":"EntryPoint","urlTemplate":"https:\/\/machineriesbst.com\/en\/?s={search_term_string}"},"query-input":"required name=search_term_string"}],"inLanguage":"en-US"},{"@type":"ImageObject","@id":"https:\/\/machineriesbst.com\/en\/catalogue\/emballeuse-grand-format-wulftec\/#primaryimage","inLanguage":"en-US","url":"https:\/\/machineriesbst.com\/wp-content\/uploads\/2022\/06\/Embaleuse-4.jpg","contentUrl":"https:\/\/machineriesbst.com\/wp-content\/uploads\/2022\/06\/Embaleuse-4.jpg","width":467,"height":768},{"@type":"WebPage","@id":"https:\/\/machineriesbst.com\/en\/catalogue\/emballeuse-grand-format-wulftec\/#webpage","url":"https:\/\/machineriesbst.com\/en\/catalogue\/emballeuse-grand-format-wulftec\/","name":"Emballeuse grand format Wulftec - Machineries BST","isPartOf":{"@id":"https:\/\/machineriesbst.com\/en\/#website"},"primaryImageOfPage":{"@id":"https:\/\/machineriesbst.com\/en\/catalogue\/emballeuse-grand-format-wulftec\/#primaryimage"},"datePublished":"2022-06-04T16:40:12+00:00","dateModified":"2023-12-01T01:22:06+00:00","breadcrumb":{"@id":"https:\/\/machineriesbst.com\/en\/catalogue\/emballeuse-grand-format-wulftec\/#breadcrumb"},"inLanguage":"en-US","potentialAction":[{"@type":"ReadAction","target":["https:\/\/machineriesbst.com\/en\/catalogue\/emballeuse-grand-format-wulftec\/"]}]},{"@type":"BreadcrumbList","@id":"https:\/\/machineriesbst.com\/en\/catalogue\/emballeuse-grand-format-wulftec\/#breadcrumb","itemListElement":[{"@type":"ListItem","position":1,"name":"Accueil","item":"https:\/\/machineriesbst.com\/en\/"},{"@type":"ListItem","position":2,"name":"Catalogue","item":"https:\/\/machineriesbst.com\/en\/catalog\/"},{"@type":"ListItem","position":3,"name":"Emballeuse grand format Wulftec"}]}]}},"_links":{"self":[{"href":"https:\/\/machineriesbst.com\/en\/wp-json\/wp\/v2\/product\/60209"}],"collection":[{"href":"https:\/\/machineriesbst.com\/en\/wp-json\/wp\/v2\/product"}],"about":[{"href":"https:\/\/machineriesbst.com\/en\/wp-json\/wp\/v2\/types\/product"}],"author":[{"embeddable":true,"href":"https:\/\/machineriesbst.com\/en\/wp-json\/wp\/v2\/users\/3"}],"replies":[{"embeddable":true,"href":"https:\/\/machineriesbst.com\/en\/wp-json\/wp\/v2\/comments?post=60209"}],"wp:featuredmedia":[{"embeddable":true,"href":"https:\/\/machineriesbst.com\/en\/wp-json\/wp\/v2\/media\/60212"}],"wp:attachment":[{"href":"https:\/\/machineriesbst.com\/en\/wp-json\/wp\/v2\/media?parent=60209"}],"wp:term":[{"taxonomy":"product_cat","embeddable":true,"href":"https:\/\/machineriesbst.com\/en\/wp-json\/wp\/v2\/product_cat?post=60209"},{"taxonomy":"product_tag","embeddable":true,"href":"https:\/\/machineriesbst.com\/en\/wp-json\/wp\/v2\/product_tag?post=60209"}],"curies":[{"name":"wp","href":"https:\/\/api.w.org\/{rel}","templated":true}]}}