{"id":60083,"date":"2022-04-06T14:13:37","date_gmt":"2022-04-06T18:13:37","guid":{"rendered":"https:\/\/machineriesbst.com\/?post_type=product&#038;p=60083"},"modified":"2023-11-30T20:22:06","modified_gmt":"2023-12-01T01:22:06","slug":"cnc-vertical-holzher-evolution-2020","status":"publish","type":"product","link":"https:\/\/machineriesbst.com\/en\/catalogue\/cnc-vertical-holzher-evolution-2020\/","title":{"rendered":"CNC Vertical Holzher evolution 2020"},"content":{"rendered":"<p>Vertical machining center Holzher Evolution, model: 7405 4 MAT<br \/>\nWorkpiece size: X=200-3200 mm (longer with additional support<br \/>\nY=70-1200 mm (=max. passage height)<br \/>\nPanel thickness Z=8-70mm<br \/>\nMax Machining in X direction without re-clamping X=1500 mm<br \/>\nMaximum machining in YY direction=985 mm J. Cutter radius<br \/>\nhorizontal maximum pierce height in X direction<br \/>\nH=1168mm, Z-stroke, Z=240mm<br \/>\nMax Programmable Feet Rate<br \/>\nVector speed: 68 M\/MIN., X=25 M\/Min., Y=60 M\/Min., Z=20 M\/Min.<br \/>\nCAD\/CAM software Campus V7 Evolution<br \/>\nWindows-based industrial PC controller, 4 GB RAM, 256 GB M 2<br \/>\n21.5&quot; 16.9&quot; Flat Panel Monitor<br \/>\nRouter Spindle 7830 Power 7.5 KW air-cooled<br \/>\nHSK F63 connector<br \/>\n1000-24000 rpm infinitely variable<br \/>\nTool changer 7887 6-position magazine (pick-up system)<br \/>\nDrill Aggregate 7883 15 spindle 1.5 KW<br \/>\n9 vertical pins that can each be triggered separately<br \/>\n5 in X and 4 (5) in Y direction, 32 mm grid<br \/>\n6 horizontal spindles, 2 double X direction drill bits<br \/>\n1 double direction Y drill<br \/>\nDirection X integrated saw unit<br \/>\n7883 Standard Drill Head Tool Kit<br \/>\n2D barcode reader<br \/>\nUser manuals<br \/>\n100 hours of service<br \/>\nYear: 2020<\/p>","protected":false},"excerpt":{"rendered":"<p>Holzher Evolution vertical machining center, model: 7405 4 MAT Workpiece size: X=200-3200 mm (longer with additional support Y=70-1200 mm (=max. passage height) Panel thickness Z=8-70mm Max Machining in X direction without re-clamping X=1500mm Maximum machining in YY direction=985mm J. Radius [\u2026]<\/p>","protected":false},"author":3,"featured_media":60084,"comment_status":"open","ping_status":"closed","template":"","meta":[],"product_cat":[221],"product_tag":[],"acf":[],"yoast_head":"<!-- This site is optimized with the Yoast SEO plugin v16.8 - https:\/\/yoast.com\/wordpress\/plugins\/seo\/ -->\n<title>CNC Vertical Holzher \u00e9volution 2020 - Machineries BST<\/title>\n<meta name=\"robots\" content=\"index, follow, max-snippet:-1, max-image-preview:large, max-video-preview:-1\" \/>\n<link rel=\"canonical\" href=\"https:\/\/machineriesbst.com\/en\/catalogue\/cnc-vertical-holzher-evolution-2020\/\" \/>\n<meta property=\"og:locale\" content=\"en_US\" \/>\n<meta property=\"og:type\" content=\"article\" \/>\n<meta property=\"og:title\" content=\"CNC Vertical Holzher \u00e9volution 2020 - Machineries BST\" \/>\n<meta property=\"og:description\" content=\"Centre d&#039;usinage vertical Holzher Evolution, mod\u00e8le : 7405 4 MAT Taille de la pi\u00e8ce \u00e0 usiner : X=200-3200 mm (plus longue avec un support suppl\u00e9mentaire Y=70-1200 mm (=hauteur de passage max.) \u00c9paisseur du panneau Z=8-70mm Max Usinage dans la direction X sans resserrage X=1500 mm Usinage maximum dans la direction Y Y=985 mm J. Rayon [&hellip;]\" \/>\n<meta property=\"og:url\" content=\"https:\/\/machineriesbst.com\/en\/catalogue\/cnc-vertical-holzher-evolution-2020\/\" \/>\n<meta property=\"og:site_name\" content=\"Machineries BST\" \/>\n<meta property=\"article:modified_time\" content=\"2023-12-01T01:22:06+00:00\" \/>\n<meta property=\"og:image\" content=\"https:\/\/machineriesbst.com\/wp-content\/uploads\/2022\/04\/holzherevol-01.jpg\" \/>\n\t<meta property=\"og:image:width\" content=\"451\" \/>\n\t<meta property=\"og:image:height\" content=\"602\" \/>\n<meta name=\"twitter:card\" content=\"summary_large_image\" \/>\n<meta name=\"twitter:label1\" content=\"Est. reading time\" \/>\n\t<meta name=\"twitter:data1\" content=\"1 minute\" \/>\n<script type=\"application\/ld+json\" class=\"yoast-schema-graph\">{\"@context\":\"https:\/\/schema.org\",\"@graph\":[{\"@type\":\"WebSite\",\"@id\":\"https:\/\/machineriesbst.com\/en\/#website\",\"url\":\"https:\/\/machineriesbst.com\/en\/\",\"name\":\"Machineries BST\",\"description\":\"Machines neuves &amp; usag\\u00e9es\",\"potentialAction\":[{\"@type\":\"SearchAction\",\"target\":{\"@type\":\"EntryPoint\",\"urlTemplate\":\"https:\/\/machineriesbst.com\/en\/?s={search_term_string}\"},\"query-input\":\"required name=search_term_string\"}],\"inLanguage\":\"en-US\"},{\"@type\":\"ImageObject\",\"@id\":\"https:\/\/machineriesbst.com\/en\/catalogue\/cnc-vertical-holzher-evolution-2020\/#primaryimage\",\"inLanguage\":\"en-US\",\"url\":\"https:\/\/machineriesbst.com\/wp-content\/uploads\/2022\/04\/holzherevol-01.jpg\",\"contentUrl\":\"https:\/\/machineriesbst.com\/wp-content\/uploads\/2022\/04\/holzherevol-01.jpg\",\"width\":451,\"height\":602},{\"@type\":\"WebPage\",\"@id\":\"https:\/\/machineriesbst.com\/en\/catalogue\/cnc-vertical-holzher-evolution-2020\/#webpage\",\"url\":\"https:\/\/machineriesbst.com\/en\/catalogue\/cnc-vertical-holzher-evolution-2020\/\",\"name\":\"CNC Vertical Holzher \\u00e9volution 2020 - Machineries BST\",\"isPartOf\":{\"@id\":\"https:\/\/machineriesbst.com\/en\/#website\"},\"primaryImageOfPage\":{\"@id\":\"https:\/\/machineriesbst.com\/en\/catalogue\/cnc-vertical-holzher-evolution-2020\/#primaryimage\"},\"datePublished\":\"2022-04-06T18:13:37+00:00\",\"dateModified\":\"2023-12-01T01:22:06+00:00\",\"breadcrumb\":{\"@id\":\"https:\/\/machineriesbst.com\/en\/catalogue\/cnc-vertical-holzher-evolution-2020\/#breadcrumb\"},\"inLanguage\":\"en-US\",\"potentialAction\":[{\"@type\":\"ReadAction\",\"target\":[\"https:\/\/machineriesbst.com\/en\/catalogue\/cnc-vertical-holzher-evolution-2020\/\"]}]},{\"@type\":\"BreadcrumbList\",\"@id\":\"https:\/\/machineriesbst.com\/en\/catalogue\/cnc-vertical-holzher-evolution-2020\/#breadcrumb\",\"itemListElement\":[{\"@type\":\"ListItem\",\"position\":1,\"name\":\"Accueil\",\"item\":\"https:\/\/machineriesbst.com\/en\/\"},{\"@type\":\"ListItem\",\"position\":2,\"name\":\"Catalogue\",\"item\":\"https:\/\/machineriesbst.com\/en\/catalog\/\"},{\"@type\":\"ListItem\",\"position\":3,\"name\":\"CNC Vertical Holzher \\u00e9volution 2020\"}]}]}<\/script>\n<!-- \/ Yoast SEO plugin. -->","yoast_head_json":{"title":"CNC Vertical Holzher \u00e9volution 2020 - Machineries BST","robots":{"index":"index","follow":"follow","max-snippet":"max-snippet:-1","max-image-preview":"max-image-preview:large","max-video-preview":"max-video-preview:-1"},"canonical":"https:\/\/machineriesbst.com\/en\/catalogue\/cnc-vertical-holzher-evolution-2020\/","og_locale":"en_US","og_type":"article","og_title":"CNC Vertical Holzher \u00e9volution 2020 - Machineries BST","og_description":"Centre d'usinage vertical Holzher Evolution, mod\u00e8le : 7405 4 MAT Taille de la pi\u00e8ce \u00e0 usiner : X=200-3200 mm (plus longue avec un support suppl\u00e9mentaire Y=70-1200 mm (=hauteur de passage max.) \u00c9paisseur du panneau Z=8-70mm Max Usinage dans la direction X sans resserrage X=1500 mm Usinage maximum dans la direction Y Y=985 mm J. Rayon [&hellip;]","og_url":"https:\/\/machineriesbst.com\/en\/catalogue\/cnc-vertical-holzher-evolution-2020\/","og_site_name":"Machineries BST","article_modified_time":"2023-12-01T01:22:06+00:00","og_image":[{"width":451,"height":602,"url":"https:\/\/machineriesbst.com\/wp-content\/uploads\/2022\/04\/holzherevol-01.jpg","path":"\/home\/jepeto\/public_html\/wp-content\/uploads\/2022\/04\/holzherevol-01.jpg","size":"full","id":60084,"alt":"","pixels":271502,"type":"image\/jpeg"}],"twitter_card":"summary_large_image","twitter_misc":{"Est. reading time":"1 minute"},"schema":{"@context":"https:\/\/schema.org","@graph":[{"@type":"WebSite","@id":"https:\/\/machineriesbst.com\/en\/#website","url":"https:\/\/machineriesbst.com\/en\/","name":"Machineries BST","description":"Machines neuves &amp; usag\u00e9es","potentialAction":[{"@type":"SearchAction","target":{"@type":"EntryPoint","urlTemplate":"https:\/\/machineriesbst.com\/en\/?s={search_term_string}"},"query-input":"required name=search_term_string"}],"inLanguage":"en-US"},{"@type":"ImageObject","@id":"https:\/\/machineriesbst.com\/en\/catalogue\/cnc-vertical-holzher-evolution-2020\/#primaryimage","inLanguage":"en-US","url":"https:\/\/machineriesbst.com\/wp-content\/uploads\/2022\/04\/holzherevol-01.jpg","contentUrl":"https:\/\/machineriesbst.com\/wp-content\/uploads\/2022\/04\/holzherevol-01.jpg","width":451,"height":602},{"@type":"WebPage","@id":"https:\/\/machineriesbst.com\/en\/catalogue\/cnc-vertical-holzher-evolution-2020\/#webpage","url":"https:\/\/machineriesbst.com\/en\/catalogue\/cnc-vertical-holzher-evolution-2020\/","name":"CNC Vertical Holzher \u00e9volution 2020 - Machineries BST","isPartOf":{"@id":"https:\/\/machineriesbst.com\/en\/#website"},"primaryImageOfPage":{"@id":"https:\/\/machineriesbst.com\/en\/catalogue\/cnc-vertical-holzher-evolution-2020\/#primaryimage"},"datePublished":"2022-04-06T18:13:37+00:00","dateModified":"2023-12-01T01:22:06+00:00","breadcrumb":{"@id":"https:\/\/machineriesbst.com\/en\/catalogue\/cnc-vertical-holzher-evolution-2020\/#breadcrumb"},"inLanguage":"en-US","potentialAction":[{"@type":"ReadAction","target":["https:\/\/machineriesbst.com\/en\/catalogue\/cnc-vertical-holzher-evolution-2020\/"]}]},{"@type":"BreadcrumbList","@id":"https:\/\/machineriesbst.com\/en\/catalogue\/cnc-vertical-holzher-evolution-2020\/#breadcrumb","itemListElement":[{"@type":"ListItem","position":1,"name":"Accueil","item":"https:\/\/machineriesbst.com\/en\/"},{"@type":"ListItem","position":2,"name":"Catalogue","item":"https:\/\/machineriesbst.com\/en\/catalog\/"},{"@type":"ListItem","position":3,"name":"CNC Vertical Holzher \u00e9volution 2020"}]}]}},"_links":{"self":[{"href":"https:\/\/machineriesbst.com\/en\/wp-json\/wp\/v2\/product\/60083"}],"collection":[{"href":"https:\/\/machineriesbst.com\/en\/wp-json\/wp\/v2\/product"}],"about":[{"href":"https:\/\/machineriesbst.com\/en\/wp-json\/wp\/v2\/types\/product"}],"author":[{"embeddable":true,"href":"https:\/\/machineriesbst.com\/en\/wp-json\/wp\/v2\/users\/3"}],"replies":[{"embeddable":true,"href":"https:\/\/machineriesbst.com\/en\/wp-json\/wp\/v2\/comments?post=60083"}],"wp:featuredmedia":[{"embeddable":true,"href":"https:\/\/machineriesbst.com\/en\/wp-json\/wp\/v2\/media\/60084"}],"wp:attachment":[{"href":"https:\/\/machineriesbst.com\/en\/wp-json\/wp\/v2\/media?parent=60083"}],"wp:term":[{"taxonomy":"product_cat","embeddable":true,"href":"https:\/\/machineriesbst.com\/en\/wp-json\/wp\/v2\/product_cat?post=60083"},{"taxonomy":"product_tag","embeddable":true,"href":"https:\/\/machineriesbst.com\/en\/wp-json\/wp\/v2\/product_tag?post=60083"}],"curies":[{"name":"wp","href":"https:\/\/api.w.org\/{rel}","templated":true}]}}