{"id":60078,"date":"2022-04-06T13:51:43","date_gmt":"2022-04-06T17:51:43","guid":{"rendered":"https:\/\/machineriesbst.com\/?post_type=product&#038;p=60078"},"modified":"2023-11-30T20:22:06","modified_gmt":"2023-12-01T01:22:06","slug":"60078","status":"publish","type":"product","link":"https:\/\/machineriesbst.com\/en\/catalogue\/60078\/","title":{"rendered":"2019 Koch Dowel Drill and Inserter"},"content":{"rendered":"<p>Koch Dowel Drilling and Inserting Machine, Model: BD-60-Base Line<br \/>\nAutomatic double-ended for straight and right-angle parts<br \/>\nStock sizes<br \/>\nStock length 220-1500mm (8.6&quot;-59&quot;)<br \/>\nStock Width 50-600mm (2&quot;-23.6&quot;)<br \/>\nWood thickness 16-30 mm (5\/8&quot;-1-1\/8&quot;)<br \/>\nLeft side stationary<br \/>\nFeed height 960 mm (37-3.4&quot;)<br \/>\nTilting stock feed belts<br \/>\nMachine side positioning adjustable X 1 axis NC<br \/>\n19-spindle horizontal drill stations on 32mm centers<br \/>\nPeg Insertion Station 7<br \/>\nDowel diameter 8 mm<br \/>\nAnkle length 30-35 mm<br \/>\nAnkle projection 7-14 mm<br \/>\n32 mm dowel center distance<br \/>\nHorizontal boring heads Maximum center distance 576 mm<br \/>\nTolerances for wooden dowels<br \/>\nStud length +\/- 1 mm<br \/>\nDowel diameter +0.1\/-0.2 mm<br \/>\nTwo vibrating hopper stud feeders<br \/>\nCentral stock support<br \/>\nPLC controlled<br \/>\n16-28 Pieces\/Min.<br \/>\nYear: 2019<br \/>\n480 volts, three phase, 60 cycle operation<\/p>","protected":false},"excerpt":{"rendered":"<p>Koch Dowel Drilling and Inserting Machine, Model: BD-60-Base Line Automatic Double Ended for Straight and Right Angle Workpieces Stock Dimensions Stock Length 220-1500mm (8.6&quot;-59&quot;) Stock width 50-600 mm (2&quot;-23.6&quot;) Timber thickness 16-30 mm (5\/8&quot;-1-1\/8&quot;) Stationary left side Feed height 960 mm (37-3, 4&quot;) Feed belts [\u2026]<\/p>","protected":false},"author":3,"featured_media":60079,"comment_status":"open","ping_status":"closed","template":"","meta":[],"product_cat":[566,86],"product_tag":[],"acf":[],"yoast_head":"<!-- This site is optimized with the Yoast SEO plugin v16.8 - https:\/\/yoast.com\/wordpress\/plugins\/seo\/ -->\n<title>Perceuse et ins\u00e9reuse \u00e0 Goujons Koch 2019 - Machineries BST<\/title>\n<meta name=\"robots\" content=\"index, follow, max-snippet:-1, max-image-preview:large, max-video-preview:-1\" \/>\n<link rel=\"canonical\" href=\"https:\/\/machineriesbst.com\/en\/catalogue\/60078\/\" \/>\n<meta property=\"og:locale\" content=\"en_US\" \/>\n<meta property=\"og:type\" content=\"article\" \/>\n<meta property=\"og:title\" content=\"Perceuse et ins\u00e9reuse \u00e0 Goujons Koch 2019 - Machineries BST\" \/>\n<meta property=\"og:description\" content=\"Machine de per\u00e7age et d&#039;insertion de goujons Koch, mod\u00e8le : BD-60-Base Line Automatique \u00e0 double extr\u00e9mit\u00e9 pour les pi\u00e8ces droites et \u00e0 angle droit Dimensions des stocks Longueur de stock 220-1500 mm (8,6&quot;-59&quot;) Largeur de stock 50-600 mm (2&quot;-23,6&quot;) \u00c9paisseur du bois 16-30 mm (5\/8&quot;-1-1\/8&quot;) Stationnaire c\u00f4t\u00e9 gauche Hauteur d&#039;alimentation 960 mm (37-3,4&quot;) Courroies d&#039;alimentation [&hellip;]\" \/>\n<meta property=\"og:url\" content=\"https:\/\/machineriesbst.com\/en\/catalogue\/60078\/\" \/>\n<meta property=\"og:site_name\" content=\"Machineries BST\" \/>\n<meta property=\"article:modified_time\" content=\"2023-12-01T01:22:06+00:00\" \/>\n<meta property=\"og:image\" content=\"https:\/\/machineriesbst.com\/wp-content\/uploads\/2022\/04\/kochtf-01.jpg\" \/>\n\t<meta property=\"og:image:width\" content=\"640\" \/>\n\t<meta property=\"og:image:height\" content=\"480\" \/>\n<meta name=\"twitter:card\" content=\"summary_large_image\" \/>\n<meta name=\"twitter:label1\" content=\"Est. reading time\" \/>\n\t<meta name=\"twitter:data1\" content=\"1 minute\" \/>\n<script type=\"application\/ld+json\" class=\"yoast-schema-graph\">{\"@context\":\"https:\/\/schema.org\",\"@graph\":[{\"@type\":\"WebSite\",\"@id\":\"https:\/\/machineriesbst.com\/en\/#website\",\"url\":\"https:\/\/machineriesbst.com\/en\/\",\"name\":\"Machineries BST\",\"description\":\"Machines neuves &amp; usag\\u00e9es\",\"potentialAction\":[{\"@type\":\"SearchAction\",\"target\":{\"@type\":\"EntryPoint\",\"urlTemplate\":\"https:\/\/machineriesbst.com\/en\/?s={search_term_string}\"},\"query-input\":\"required name=search_term_string\"}],\"inLanguage\":\"en-US\"},{\"@type\":\"ImageObject\",\"@id\":\"https:\/\/machineriesbst.com\/en\/catalogue\/60078\/#primaryimage\",\"inLanguage\":\"en-US\",\"url\":\"https:\/\/machineriesbst.com\/wp-content\/uploads\/2022\/04\/kochtf-01.jpg\",\"contentUrl\":\"https:\/\/machineriesbst.com\/wp-content\/uploads\/2022\/04\/kochtf-01.jpg\",\"width\":640,\"height\":480},{\"@type\":\"WebPage\",\"@id\":\"https:\/\/machineriesbst.com\/en\/catalogue\/60078\/#webpage\",\"url\":\"https:\/\/machineriesbst.com\/en\/catalogue\/60078\/\",\"name\":\"Perceuse et ins\\u00e9reuse \\u00e0 Goujons Koch 2019 - Machineries BST\",\"isPartOf\":{\"@id\":\"https:\/\/machineriesbst.com\/en\/#website\"},\"primaryImageOfPage\":{\"@id\":\"https:\/\/machineriesbst.com\/en\/catalogue\/60078\/#primaryimage\"},\"datePublished\":\"2022-04-06T17:51:43+00:00\",\"dateModified\":\"2023-12-01T01:22:06+00:00\",\"breadcrumb\":{\"@id\":\"https:\/\/machineriesbst.com\/en\/catalogue\/60078\/#breadcrumb\"},\"inLanguage\":\"en-US\",\"potentialAction\":[{\"@type\":\"ReadAction\",\"target\":[\"https:\/\/machineriesbst.com\/en\/catalogue\/60078\/\"]}]},{\"@type\":\"BreadcrumbList\",\"@id\":\"https:\/\/machineriesbst.com\/en\/catalogue\/60078\/#breadcrumb\",\"itemListElement\":[{\"@type\":\"ListItem\",\"position\":1,\"name\":\"Accueil\",\"item\":\"https:\/\/machineriesbst.com\/en\/\"},{\"@type\":\"ListItem\",\"position\":2,\"name\":\"Catalogue\",\"item\":\"https:\/\/machineriesbst.com\/en\/catalog\/\"},{\"@type\":\"ListItem\",\"position\":3,\"name\":\"Perceuse et ins\\u00e9reuse \\u00e0 Goujons Koch 2019\"}]}]}<\/script>\n<!-- \/ Yoast SEO plugin. -->","yoast_head_json":{"title":"Perceuse et ins\u00e9reuse \u00e0 Goujons Koch 2019 - Machineries BST","robots":{"index":"index","follow":"follow","max-snippet":"max-snippet:-1","max-image-preview":"max-image-preview:large","max-video-preview":"max-video-preview:-1"},"canonical":"https:\/\/machineriesbst.com\/en\/catalogue\/60078\/","og_locale":"en_US","og_type":"article","og_title":"Perceuse et ins\u00e9reuse \u00e0 Goujons Koch 2019 - Machineries BST","og_description":"Machine de per\u00e7age et d'insertion de goujons Koch, mod\u00e8le : BD-60-Base Line Automatique \u00e0 double extr\u00e9mit\u00e9 pour les pi\u00e8ces droites et \u00e0 angle droit Dimensions des stocks Longueur de stock 220-1500 mm (8,6\"-59\") Largeur de stock 50-600 mm (2\"-23,6\") \u00c9paisseur du bois 16-30 mm (5\/8\"-1-1\/8\") Stationnaire c\u00f4t\u00e9 gauche Hauteur d'alimentation 960 mm (37-3,4\") Courroies d'alimentation [&hellip;]","og_url":"https:\/\/machineriesbst.com\/en\/catalogue\/60078\/","og_site_name":"Machineries BST","article_modified_time":"2023-12-01T01:22:06+00:00","og_image":[{"width":640,"height":480,"url":"https:\/\/machineriesbst.com\/wp-content\/uploads\/2022\/04\/kochtf-01.jpg","path":"\/home\/jepeto\/public_html\/wp-content\/uploads\/2022\/04\/kochtf-01.jpg","size":"full","id":60079,"alt":"","pixels":307200,"type":"image\/jpeg"}],"twitter_card":"summary_large_image","twitter_misc":{"Est. reading time":"1 minute"},"schema":{"@context":"https:\/\/schema.org","@graph":[{"@type":"WebSite","@id":"https:\/\/machineriesbst.com\/en\/#website","url":"https:\/\/machineriesbst.com\/en\/","name":"Machineries BST","description":"Machines neuves &amp; usag\u00e9es","potentialAction":[{"@type":"SearchAction","target":{"@type":"EntryPoint","urlTemplate":"https:\/\/machineriesbst.com\/en\/?s={search_term_string}"},"query-input":"required name=search_term_string"}],"inLanguage":"en-US"},{"@type":"ImageObject","@id":"https:\/\/machineriesbst.com\/en\/catalogue\/60078\/#primaryimage","inLanguage":"en-US","url":"https:\/\/machineriesbst.com\/wp-content\/uploads\/2022\/04\/kochtf-01.jpg","contentUrl":"https:\/\/machineriesbst.com\/wp-content\/uploads\/2022\/04\/kochtf-01.jpg","width":640,"height":480},{"@type":"WebPage","@id":"https:\/\/machineriesbst.com\/en\/catalogue\/60078\/#webpage","url":"https:\/\/machineriesbst.com\/en\/catalogue\/60078\/","name":"Perceuse et ins\u00e9reuse \u00e0 Goujons Koch 2019 - Machineries BST","isPartOf":{"@id":"https:\/\/machineriesbst.com\/en\/#website"},"primaryImageOfPage":{"@id":"https:\/\/machineriesbst.com\/en\/catalogue\/60078\/#primaryimage"},"datePublished":"2022-04-06T17:51:43+00:00","dateModified":"2023-12-01T01:22:06+00:00","breadcrumb":{"@id":"https:\/\/machineriesbst.com\/en\/catalogue\/60078\/#breadcrumb"},"inLanguage":"en-US","potentialAction":[{"@type":"ReadAction","target":["https:\/\/machineriesbst.com\/en\/catalogue\/60078\/"]}]},{"@type":"BreadcrumbList","@id":"https:\/\/machineriesbst.com\/en\/catalogue\/60078\/#breadcrumb","itemListElement":[{"@type":"ListItem","position":1,"name":"Accueil","item":"https:\/\/machineriesbst.com\/en\/"},{"@type":"ListItem","position":2,"name":"Catalogue","item":"https:\/\/machineriesbst.com\/en\/catalog\/"},{"@type":"ListItem","position":3,"name":"Perceuse et ins\u00e9reuse \u00e0 Goujons Koch 2019"}]}]}},"_links":{"self":[{"href":"https:\/\/machineriesbst.com\/en\/wp-json\/wp\/v2\/product\/60078"}],"collection":[{"href":"https:\/\/machineriesbst.com\/en\/wp-json\/wp\/v2\/product"}],"about":[{"href":"https:\/\/machineriesbst.com\/en\/wp-json\/wp\/v2\/types\/product"}],"author":[{"embeddable":true,"href":"https:\/\/machineriesbst.com\/en\/wp-json\/wp\/v2\/users\/3"}],"replies":[{"embeddable":true,"href":"https:\/\/machineriesbst.com\/en\/wp-json\/wp\/v2\/comments?post=60078"}],"wp:featuredmedia":[{"embeddable":true,"href":"https:\/\/machineriesbst.com\/en\/wp-json\/wp\/v2\/media\/60079"}],"wp:attachment":[{"href":"https:\/\/machineriesbst.com\/en\/wp-json\/wp\/v2\/media?parent=60078"}],"wp:term":[{"taxonomy":"product_cat","embeddable":true,"href":"https:\/\/machineriesbst.com\/en\/wp-json\/wp\/v2\/product_cat?post=60078"},{"taxonomy":"product_tag","embeddable":true,"href":"https:\/\/machineriesbst.com\/en\/wp-json\/wp\/v2\/product_tag?post=60078"}],"curies":[{"name":"wp","href":"https:\/\/api.w.org\/{rel}","templated":true}]}}