{"id":60056,"date":"2022-04-04T12:18:13","date_gmt":"2022-04-04T16:18:13","guid":{"rendered":"https:\/\/machineriesbst.com\/?post_type=product&#038;p=60056"},"modified":"2023-11-30T20:22:06","modified_gmt":"2023-12-01T01:22:06","slug":"60056","status":"publish","type":"product","link":"https:\/\/machineriesbst.com\/en\/catalogue\/60056\/","title":{"rendered":"CNC Full Table 120&quot; x 120&quot;"},"content":{"rendered":"<p>4 axis CNC for sale (year of construction 2004 paid 220 000$)<\/p>\n<p>Overall dimensions of the machine 196&#39;&#39; wide X 188&#39;&#39; deep X 110&#39;&#39; high<\/p>\n<p>Displacement X 120&#39;&#39; Y 120&#39;&#39; Z 20&#39;&#39; (spindle) U 20&#39;&#39; (tool holder 4 knives)<\/p>\n<p>Turntable diameter 120&#39;&#39;<\/p>\n<p>Spindle Perske 9HP 18,000rpm<\/p>\n<p>600 volt electrical input with transformer<\/p>\n<p>Comes with pc and software<\/p>\n<p>Made very robust can even machine aluminum if we add a coolant, machining fiberglass, foam board, mdf \u2026.<\/p>\n<p>&nbsp;<\/p>\n<p>&nbsp;<\/p>","protected":false},"excerpt":{"rendered":"<p>4 axis CNC for sale (year of construction 2004 paid 220 000$) Overall machine dimensions 196&#39;&#39; wide X 188&#39;&#39; deep X 110&#39;&#39; high Travel X 120&#39;&#39; Y 120&#39;&#39; Z 20&#39;&#39; (spindle) U 20&#39;&#39; (tool holder 4 knives) Turntable diameter 120&#39;&#39; Spindle Perske 9HP 18,000 rpm [\u2026]<\/p>","protected":false},"author":3,"featured_media":60058,"comment_status":"open","ping_status":"closed","template":"","meta":[],"product_cat":[221,2265],"product_tag":[],"acf":[],"yoast_head":"<!-- This site is optimized with the Yoast SEO plugin v16.8 - https:\/\/yoast.com\/wordpress\/plugins\/seo\/ -->\n<title>CNC Table Pleine 120&quot; x 120&quot; - Machineries BST<\/title>\n<meta name=\"robots\" content=\"index, follow, max-snippet:-1, max-image-preview:large, max-video-preview:-1\" \/>\n<link rel=\"canonical\" href=\"https:\/\/machineriesbst.com\/en\/catalogue\/60056\/\" \/>\n<meta property=\"og:locale\" content=\"en_US\" \/>\n<meta property=\"og:type\" content=\"article\" \/>\n<meta property=\"og:title\" content=\"CNC Table Pleine 120&quot; x 120&quot; - Machineries BST\" \/>\n<meta property=\"og:description\" content=\"CNC 4 axes \u00e0 vendre (ann\u00e9e de construction 2004 pay\u00e9 220 000$) Dimensions de la machine hors tout 196\u2019\u2019 de large X 188\u2019\u2019 de profond X 110\u2019\u2019 de haut D\u00e9placement X 120\u2019\u2019\u00a0\u00a0 Y 120\u2019\u2019\u00a0 Z 20\u2019\u2019 ( spindle)\u00a0 U 20\u2019\u2019 (porte outil 4 couteaux) Diam\u00e8tre de la table tournante 120\u2019\u2019 Spindle Perske 9HP 18\u00a0000 rpm [&hellip;]\" \/>\n<meta property=\"og:url\" content=\"https:\/\/machineriesbst.com\/en\/catalogue\/60056\/\" \/>\n<meta property=\"og:site_name\" content=\"Machineries BST\" \/>\n<meta property=\"article:modified_time\" content=\"2023-12-01T01:22:06+00:00\" \/>\n<meta property=\"og:image\" content=\"https:\/\/machineriesbst.com\/wp-content\/uploads\/2022\/04\/1.jpg\" \/>\n\t<meta property=\"og:image:width\" content=\"540\" \/>\n\t<meta property=\"og:image:height\" content=\"540\" \/>\n<meta name=\"twitter:card\" content=\"summary_large_image\" \/>\n<script type=\"application\/ld+json\" class=\"yoast-schema-graph\">{\"@context\":\"https:\/\/schema.org\",\"@graph\":[{\"@type\":\"WebSite\",\"@id\":\"https:\/\/machineriesbst.com\/en\/#website\",\"url\":\"https:\/\/machineriesbst.com\/en\/\",\"name\":\"Machineries BST\",\"description\":\"Machines neuves &amp; usag\\u00e9es\",\"potentialAction\":[{\"@type\":\"SearchAction\",\"target\":{\"@type\":\"EntryPoint\",\"urlTemplate\":\"https:\/\/machineriesbst.com\/en\/?s={search_term_string}\"},\"query-input\":\"required name=search_term_string\"}],\"inLanguage\":\"en-US\"},{\"@type\":\"ImageObject\",\"@id\":\"https:\/\/machineriesbst.com\/en\/catalogue\/60056\/#primaryimage\",\"inLanguage\":\"en-US\",\"url\":\"https:\/\/machineriesbst.com\/wp-content\/uploads\/2022\/04\/1.jpg\",\"contentUrl\":\"https:\/\/machineriesbst.com\/wp-content\/uploads\/2022\/04\/1.jpg\",\"width\":540,\"height\":540},{\"@type\":\"WebPage\",\"@id\":\"https:\/\/machineriesbst.com\/en\/catalogue\/60056\/#webpage\",\"url\":\"https:\/\/machineriesbst.com\/en\/catalogue\/60056\/\",\"name\":\"CNC Table Pleine 120\\\" x 120\\\" - Machineries BST\",\"isPartOf\":{\"@id\":\"https:\/\/machineriesbst.com\/en\/#website\"},\"primaryImageOfPage\":{\"@id\":\"https:\/\/machineriesbst.com\/en\/catalogue\/60056\/#primaryimage\"},\"datePublished\":\"2022-04-04T16:18:13+00:00\",\"dateModified\":\"2023-12-01T01:22:06+00:00\",\"breadcrumb\":{\"@id\":\"https:\/\/machineriesbst.com\/en\/catalogue\/60056\/#breadcrumb\"},\"inLanguage\":\"en-US\",\"potentialAction\":[{\"@type\":\"ReadAction\",\"target\":[\"https:\/\/machineriesbst.com\/en\/catalogue\/60056\/\"]}]},{\"@type\":\"BreadcrumbList\",\"@id\":\"https:\/\/machineriesbst.com\/en\/catalogue\/60056\/#breadcrumb\",\"itemListElement\":[{\"@type\":\"ListItem\",\"position\":1,\"name\":\"Accueil\",\"item\":\"https:\/\/machineriesbst.com\/en\/\"},{\"@type\":\"ListItem\",\"position\":2,\"name\":\"Catalogue\",\"item\":\"https:\/\/machineriesbst.com\/en\/catalog\/\"},{\"@type\":\"ListItem\",\"position\":3,\"name\":\"CNC Table Pleine 120\\\" x 120\\\"\"}]}]}<\/script>\n<!-- \/ Yoast SEO plugin. -->","yoast_head_json":{"title":"CNC Table Pleine 120\" x 120\" - Machineries BST","robots":{"index":"index","follow":"follow","max-snippet":"max-snippet:-1","max-image-preview":"max-image-preview:large","max-video-preview":"max-video-preview:-1"},"canonical":"https:\/\/machineriesbst.com\/en\/catalogue\/60056\/","og_locale":"en_US","og_type":"article","og_title":"CNC Table Pleine 120\" x 120\" - Machineries BST","og_description":"CNC 4 axes \u00e0 vendre (ann\u00e9e de construction 2004 pay\u00e9 220 000$) Dimensions de la machine hors tout 196\u2019\u2019 de large X 188\u2019\u2019 de profond X 110\u2019\u2019 de haut D\u00e9placement X 120\u2019\u2019\u00a0\u00a0 Y 120\u2019\u2019\u00a0 Z 20\u2019\u2019 ( spindle)\u00a0 U 20\u2019\u2019 (porte outil 4 couteaux) Diam\u00e8tre de la table tournante 120\u2019\u2019 Spindle Perske 9HP 18\u00a0000 rpm [&hellip;]","og_url":"https:\/\/machineriesbst.com\/en\/catalogue\/60056\/","og_site_name":"Machineries BST","article_modified_time":"2023-12-01T01:22:06+00:00","og_image":[{"width":540,"height":540,"url":"https:\/\/machineriesbst.com\/wp-content\/uploads\/2022\/04\/1.jpg","path":"\/home\/jepeto\/public_html\/wp-content\/uploads\/2022\/04\/1.jpg","size":"full","id":60058,"alt":"","pixels":291600,"type":"image\/jpeg"}],"twitter_card":"summary_large_image","schema":{"@context":"https:\/\/schema.org","@graph":[{"@type":"WebSite","@id":"https:\/\/machineriesbst.com\/en\/#website","url":"https:\/\/machineriesbst.com\/en\/","name":"Machineries BST","description":"Machines neuves &amp; usag\u00e9es","potentialAction":[{"@type":"SearchAction","target":{"@type":"EntryPoint","urlTemplate":"https:\/\/machineriesbst.com\/en\/?s={search_term_string}"},"query-input":"required name=search_term_string"}],"inLanguage":"en-US"},{"@type":"ImageObject","@id":"https:\/\/machineriesbst.com\/en\/catalogue\/60056\/#primaryimage","inLanguage":"en-US","url":"https:\/\/machineriesbst.com\/wp-content\/uploads\/2022\/04\/1.jpg","contentUrl":"https:\/\/machineriesbst.com\/wp-content\/uploads\/2022\/04\/1.jpg","width":540,"height":540},{"@type":"WebPage","@id":"https:\/\/machineriesbst.com\/en\/catalogue\/60056\/#webpage","url":"https:\/\/machineriesbst.com\/en\/catalogue\/60056\/","name":"CNC Table Pleine 120\" x 120\" - Machineries BST","isPartOf":{"@id":"https:\/\/machineriesbst.com\/en\/#website"},"primaryImageOfPage":{"@id":"https:\/\/machineriesbst.com\/en\/catalogue\/60056\/#primaryimage"},"datePublished":"2022-04-04T16:18:13+00:00","dateModified":"2023-12-01T01:22:06+00:00","breadcrumb":{"@id":"https:\/\/machineriesbst.com\/en\/catalogue\/60056\/#breadcrumb"},"inLanguage":"en-US","potentialAction":[{"@type":"ReadAction","target":["https:\/\/machineriesbst.com\/en\/catalogue\/60056\/"]}]},{"@type":"BreadcrumbList","@id":"https:\/\/machineriesbst.com\/en\/catalogue\/60056\/#breadcrumb","itemListElement":[{"@type":"ListItem","position":1,"name":"Accueil","item":"https:\/\/machineriesbst.com\/en\/"},{"@type":"ListItem","position":2,"name":"Catalogue","item":"https:\/\/machineriesbst.com\/en\/catalog\/"},{"@type":"ListItem","position":3,"name":"CNC Table Pleine 120\" x 120\""}]}]}},"_links":{"self":[{"href":"https:\/\/machineriesbst.com\/en\/wp-json\/wp\/v2\/product\/60056"}],"collection":[{"href":"https:\/\/machineriesbst.com\/en\/wp-json\/wp\/v2\/product"}],"about":[{"href":"https:\/\/machineriesbst.com\/en\/wp-json\/wp\/v2\/types\/product"}],"author":[{"embeddable":true,"href":"https:\/\/machineriesbst.com\/en\/wp-json\/wp\/v2\/users\/3"}],"replies":[{"embeddable":true,"href":"https:\/\/machineriesbst.com\/en\/wp-json\/wp\/v2\/comments?post=60056"}],"wp:featuredmedia":[{"embeddable":true,"href":"https:\/\/machineriesbst.com\/en\/wp-json\/wp\/v2\/media\/60058"}],"wp:attachment":[{"href":"https:\/\/machineriesbst.com\/en\/wp-json\/wp\/v2\/media?parent=60056"}],"wp:term":[{"taxonomy":"product_cat","embeddable":true,"href":"https:\/\/machineriesbst.com\/en\/wp-json\/wp\/v2\/product_cat?post=60056"},{"taxonomy":"product_tag","embeddable":true,"href":"https:\/\/machineriesbst.com\/en\/wp-json\/wp\/v2\/product_tag?post=60056"}],"curies":[{"name":"wp","href":"https:\/\/api.w.org\/{rel}","templated":true}]}}