{"id":59960,"date":"2022-03-07T10:31:04","date_gmt":"2022-03-07T15:31:04","guid":{"rendered":"https:\/\/machineriesbst.com\/?post_type=product&#038;p=59960"},"modified":"2023-11-30T20:22:06","modified_gmt":"2023-12-01T01:22:06","slug":"plaqueuse-de-chant-holzher-1329-premium","status":"publish","type":"product","link":"https:\/\/machineriesbst.com\/en\/catalogue\/plaqueuse-de-chant-holzher-1329-premium\/","title":{"rendered":"Edgebander Holzher 1329 Premium"},"content":{"rendered":"<p>Description .<br \/>\nRoll edge thickness: .4 to 3 mm<br \/>\nStrip edge thickness: 8 mm (15 mm possible with tool change on the multifunctional cutting unit)<br \/>\nEdge strip length: 13.78&quot; minimum to unlimited<br \/>\nPanel thickness: 8 to 60 mm<br \/>\nMinimum part width: 60 mm<br \/>\nMinimum part length: 160 mm<br \/>\nFeed Speed: Variable from 32 to 59 ft\/min<br \/>\nServo Power Fence<br \/>\nPre-milling station with (2) 2 KW 12,000 rpm motors, one counter-clockwise and one clockwise (max material removal - 3 mm)<br \/>\nOn-board infeed magazine for fully automatic feeding of reels and strips from 0.3 to 15 mm<br \/>\nAutomatic cutter for rolled material up to 3 mm<br \/>\nGlue station: hybrid Glu-Jet technology - glue application using a nozzle applicator for glue cartridges or all commercial pellet hot melts (pellet hopper required but not included)<br \/>\nAutomatic rinsing function directly from the control panel<br \/>\nHeating time: About 3 minutes<br \/>\nMotorized pressure unit: 1-axis servo motor for edge thickness adjustment, large driven roller with (2) additional idler rollers<br \/>\nEnd Trim Unit: (2) 0.45 KW 9000 RPM motors, mounted with a unipoint spindle allowing quick change from 10 degree bevel to flush cut via a system of pneumatic change (PCS)<br \/>\nUpper\/Lower Cutter Unit: (2) 0.65 KW 12,000 RPM motors, with (4) servo motor settings for flush, radius and bevel cuts (servo motors adjust the cutter motor and the sensing pads, the pneumatic movement in and out of the unit carriage)<br \/>\nCorner rounding\/deburring unit: (2) 0.4 KW motors, for top\/bottom deburring and corner rounding - radius, chamfer. Can be programmed for use as a second top\/bottom trim unit. 4 servo motors for height adjustment control and to adjust the whole unit<br \/>\nFeed rates vary when using the rounding\/corner deburring unit depending on material thickness<br \/>\nProfile scraper unit: With 3 mm radius tooling, motorized adjustment of horizontal copying wheels with (4) servos<br \/>\nFinishing scraper: flat knives scraping board\/strip joint, with pneumatic engagement\/disengagement via controller - includes 2 blow nozzles, 2 insert knives<br \/>\nUpper and lower polishing unit with (2) 0.09 KW 1440 RPM motors<br \/>\nAir requirement: 6 bar<br \/>\nMachine dimensions: 18&#39;3&quot; long x 4&#39;3&quot; wide x 5&#39;6&quot; high<br \/>\nVoltage: 230 volts three-phase<\/p>","protected":false},"excerpt":{"rendered":"<p>Description . Edge thickness in roll: .4 to 3 mm Edge thickness in strip: 8 mm (15 mm possible with tool change on the multifunctional cutting unit) Edge strip length: 13.78&quot; minimum to unlimited Thickness of the panel: 8 to 60 mm Minimum width of the part: [\u2026]<\/p>","protected":false},"author":3,"featured_media":59961,"comment_status":"open","ping_status":"closed","template":"","meta":[],"product_cat":[363],"product_tag":[],"acf":[],"yoast_head":"<!-- This site is optimized with the Yoast SEO plugin v16.8 - https:\/\/yoast.com\/wordpress\/plugins\/seo\/ -->\n<title>Plaqueuse de chant Holzher 1329 Premium - Machineries BST<\/title>\n<meta name=\"robots\" content=\"index, follow, max-snippet:-1, max-image-preview:large, max-video-preview:-1\" \/>\n<link rel=\"canonical\" href=\"https:\/\/machineriesbst.com\/en\/catalogue\/plaqueuse-de-chant-holzher-1329-premium\/\" \/>\n<meta property=\"og:locale\" content=\"en_US\" \/>\n<meta property=\"og:type\" content=\"article\" \/>\n<meta property=\"og:title\" content=\"Plaqueuse de chant Holzher 1329 Premium - Machineries BST\" \/>\n<meta property=\"og:description\" content=\"Description . \u00c9paisseur du chant en rouleau : .4 \u00e0 3 mm \u00c9paisseur de chant en bande : 8 mm (15 mm possible avec changement d&#039;outil sur l&#039;unit\u00e9 de coupe multifonctionnelle) Longueur de bande de bord : 13,78&quot; minimum \u00e0 illimit\u00e9 \u00c9paisseur du panneau : 8 \u00e0 60 mm Largeur minimale de la pi\u00e8ce : [&hellip;]\" \/>\n<meta property=\"og:url\" content=\"https:\/\/machineriesbst.com\/en\/catalogue\/plaqueuse-de-chant-holzher-1329-premium\/\" \/>\n<meta property=\"og:site_name\" content=\"Machineries BST\" \/>\n<meta property=\"article:modified_time\" content=\"2023-12-01T01:22:06+00:00\" \/>\n<meta property=\"og:image\" content=\"https:\/\/machineriesbst.com\/wp-content\/uploads\/2022\/03\/12438-06.jpg\" \/>\n\t<meta property=\"og:image:width\" content=\"640\" \/>\n\t<meta property=\"og:image:height\" content=\"480\" \/>\n<meta name=\"twitter:card\" content=\"summary_large_image\" \/>\n<meta name=\"twitter:label1\" content=\"Est. reading time\" \/>\n\t<meta name=\"twitter:data1\" content=\"2 minutes\" \/>\n<script type=\"application\/ld+json\" class=\"yoast-schema-graph\">{\"@context\":\"https:\/\/schema.org\",\"@graph\":[{\"@type\":\"WebSite\",\"@id\":\"https:\/\/machineriesbst.com\/en\/#website\",\"url\":\"https:\/\/machineriesbst.com\/en\/\",\"name\":\"Machineries BST\",\"description\":\"Machines neuves &amp; usag\\u00e9es\",\"potentialAction\":[{\"@type\":\"SearchAction\",\"target\":{\"@type\":\"EntryPoint\",\"urlTemplate\":\"https:\/\/machineriesbst.com\/en\/?s={search_term_string}\"},\"query-input\":\"required name=search_term_string\"}],\"inLanguage\":\"en-US\"},{\"@type\":\"ImageObject\",\"@id\":\"https:\/\/machineriesbst.com\/en\/catalogue\/plaqueuse-de-chant-holzher-1329-premium\/#primaryimage\",\"inLanguage\":\"en-US\",\"url\":\"https:\/\/machineriesbst.com\/wp-content\/uploads\/2022\/03\/12438-06.jpg\",\"contentUrl\":\"https:\/\/machineriesbst.com\/wp-content\/uploads\/2022\/03\/12438-06.jpg\",\"width\":640,\"height\":480},{\"@type\":\"WebPage\",\"@id\":\"https:\/\/machineriesbst.com\/en\/catalogue\/plaqueuse-de-chant-holzher-1329-premium\/#webpage\",\"url\":\"https:\/\/machineriesbst.com\/en\/catalogue\/plaqueuse-de-chant-holzher-1329-premium\/\",\"name\":\"Plaqueuse de chant Holzher 1329 Premium - Machineries BST\",\"isPartOf\":{\"@id\":\"https:\/\/machineriesbst.com\/en\/#website\"},\"primaryImageOfPage\":{\"@id\":\"https:\/\/machineriesbst.com\/en\/catalogue\/plaqueuse-de-chant-holzher-1329-premium\/#primaryimage\"},\"datePublished\":\"2022-03-07T15:31:04+00:00\",\"dateModified\":\"2023-12-01T01:22:06+00:00\",\"breadcrumb\":{\"@id\":\"https:\/\/machineriesbst.com\/en\/catalogue\/plaqueuse-de-chant-holzher-1329-premium\/#breadcrumb\"},\"inLanguage\":\"en-US\",\"potentialAction\":[{\"@type\":\"ReadAction\",\"target\":[\"https:\/\/machineriesbst.com\/en\/catalogue\/plaqueuse-de-chant-holzher-1329-premium\/\"]}]},{\"@type\":\"BreadcrumbList\",\"@id\":\"https:\/\/machineriesbst.com\/en\/catalogue\/plaqueuse-de-chant-holzher-1329-premium\/#breadcrumb\",\"itemListElement\":[{\"@type\":\"ListItem\",\"position\":1,\"name\":\"Accueil\",\"item\":\"https:\/\/machineriesbst.com\/en\/\"},{\"@type\":\"ListItem\",\"position\":2,\"name\":\"Catalogue\",\"item\":\"https:\/\/machineriesbst.com\/en\/catalog\/\"},{\"@type\":\"ListItem\",\"position\":3,\"name\":\"Plaqueuse de chant Holzher 1329 Premium\"}]}]}<\/script>\n<!-- \/ Yoast SEO plugin. -->","yoast_head_json":{"title":"Plaqueuse de chant Holzher 1329 Premium - Machineries BST","robots":{"index":"index","follow":"follow","max-snippet":"max-snippet:-1","max-image-preview":"max-image-preview:large","max-video-preview":"max-video-preview:-1"},"canonical":"https:\/\/machineriesbst.com\/en\/catalogue\/plaqueuse-de-chant-holzher-1329-premium\/","og_locale":"en_US","og_type":"article","og_title":"Plaqueuse de chant Holzher 1329 Premium - Machineries BST","og_description":"Description . \u00c9paisseur du chant en rouleau : .4 \u00e0 3 mm \u00c9paisseur de chant en bande : 8 mm (15 mm possible avec changement d'outil sur l'unit\u00e9 de coupe multifonctionnelle) Longueur de bande de bord : 13,78\" minimum \u00e0 illimit\u00e9 \u00c9paisseur du panneau : 8 \u00e0 60 mm Largeur minimale de la pi\u00e8ce : [&hellip;]","og_url":"https:\/\/machineriesbst.com\/en\/catalogue\/plaqueuse-de-chant-holzher-1329-premium\/","og_site_name":"Machineries BST","article_modified_time":"2023-12-01T01:22:06+00:00","og_image":[{"width":640,"height":480,"url":"https:\/\/machineriesbst.com\/wp-content\/uploads\/2022\/03\/12438-06.jpg","path":"\/home\/jepeto\/public_html\/wp-content\/uploads\/2022\/03\/12438-06.jpg","size":"full","id":59961,"alt":"","pixels":307200,"type":"image\/jpeg"}],"twitter_card":"summary_large_image","twitter_misc":{"Est. reading time":"2 minutes"},"schema":{"@context":"https:\/\/schema.org","@graph":[{"@type":"WebSite","@id":"https:\/\/machineriesbst.com\/en\/#website","url":"https:\/\/machineriesbst.com\/en\/","name":"Machineries BST","description":"Machines neuves &amp; usag\u00e9es","potentialAction":[{"@type":"SearchAction","target":{"@type":"EntryPoint","urlTemplate":"https:\/\/machineriesbst.com\/en\/?s={search_term_string}"},"query-input":"required name=search_term_string"}],"inLanguage":"en-US"},{"@type":"ImageObject","@id":"https:\/\/machineriesbst.com\/en\/catalogue\/plaqueuse-de-chant-holzher-1329-premium\/#primaryimage","inLanguage":"en-US","url":"https:\/\/machineriesbst.com\/wp-content\/uploads\/2022\/03\/12438-06.jpg","contentUrl":"https:\/\/machineriesbst.com\/wp-content\/uploads\/2022\/03\/12438-06.jpg","width":640,"height":480},{"@type":"WebPage","@id":"https:\/\/machineriesbst.com\/en\/catalogue\/plaqueuse-de-chant-holzher-1329-premium\/#webpage","url":"https:\/\/machineriesbst.com\/en\/catalogue\/plaqueuse-de-chant-holzher-1329-premium\/","name":"Plaqueuse de chant Holzher 1329 Premium - Machineries BST","isPartOf":{"@id":"https:\/\/machineriesbst.com\/en\/#website"},"primaryImageOfPage":{"@id":"https:\/\/machineriesbst.com\/en\/catalogue\/plaqueuse-de-chant-holzher-1329-premium\/#primaryimage"},"datePublished":"2022-03-07T15:31:04+00:00","dateModified":"2023-12-01T01:22:06+00:00","breadcrumb":{"@id":"https:\/\/machineriesbst.com\/en\/catalogue\/plaqueuse-de-chant-holzher-1329-premium\/#breadcrumb"},"inLanguage":"en-US","potentialAction":[{"@type":"ReadAction","target":["https:\/\/machineriesbst.com\/en\/catalogue\/plaqueuse-de-chant-holzher-1329-premium\/"]}]},{"@type":"BreadcrumbList","@id":"https:\/\/machineriesbst.com\/en\/catalogue\/plaqueuse-de-chant-holzher-1329-premium\/#breadcrumb","itemListElement":[{"@type":"ListItem","position":1,"name":"Accueil","item":"https:\/\/machineriesbst.com\/en\/"},{"@type":"ListItem","position":2,"name":"Catalogue","item":"https:\/\/machineriesbst.com\/en\/catalog\/"},{"@type":"ListItem","position":3,"name":"Plaqueuse de chant Holzher 1329 Premium"}]}]}},"_links":{"self":[{"href":"https:\/\/machineriesbst.com\/en\/wp-json\/wp\/v2\/product\/59960"}],"collection":[{"href":"https:\/\/machineriesbst.com\/en\/wp-json\/wp\/v2\/product"}],"about":[{"href":"https:\/\/machineriesbst.com\/en\/wp-json\/wp\/v2\/types\/product"}],"author":[{"embeddable":true,"href":"https:\/\/machineriesbst.com\/en\/wp-json\/wp\/v2\/users\/3"}],"replies":[{"embeddable":true,"href":"https:\/\/machineriesbst.com\/en\/wp-json\/wp\/v2\/comments?post=59960"}],"wp:featuredmedia":[{"embeddable":true,"href":"https:\/\/machineriesbst.com\/en\/wp-json\/wp\/v2\/media\/59961"}],"wp:attachment":[{"href":"https:\/\/machineriesbst.com\/en\/wp-json\/wp\/v2\/media?parent=59960"}],"wp:term":[{"taxonomy":"product_cat","embeddable":true,"href":"https:\/\/machineriesbst.com\/en\/wp-json\/wp\/v2\/product_cat?post=59960"},{"taxonomy":"product_tag","embeddable":true,"href":"https:\/\/machineriesbst.com\/en\/wp-json\/wp\/v2\/product_tag?post=59960"}],"curies":[{"name":"wp","href":"https:\/\/api.w.org\/{rel}","templated":true}]}}