{"id":59814,"date":"2022-02-02T12:09:57","date_gmt":"2022-02-02T17:09:57","guid":{"rendered":"https:\/\/machineriesbst.com\/?post_type=product&#038;p=59814"},"modified":"2023-11-30T20:22:07","modified_gmt":"2023-12-01T01:22:07","slug":"cnc-biesse-table-pleine-4-65","status":"publish","type":"product","link":"https:\/\/machineriesbst.com\/en\/catalogue\/cnc-biesse-table-pleine-4-65\/","title":{"rendered":"CNC Biesse solid table 4.65"},"content":{"rendered":"<p>CNC BIESSE Video available.<br \/>\nTwo areas<br \/>\nX axis 256&quot; (6500 mm) (21 feet)<br \/>\nY-axis 49&quot; (1260mm)<br \/>\nZ axis travel 7.2&quot; (200 mm)<br \/>\n10 HP Router Head<br \/>\nHSK tool holders<br \/>\n10 position tool changer<br \/>\n12 vertical bits 6 in Y axis. 6 in X axis<br \/>\n6 horizontal drills 2 and 2 in the X axis 1 and 1 in the Y axis<br \/>\nGrooving saw<br \/>\n2 Busch Mink vacuum pumps<br \/>\nSafety mats<\/p>","protected":false},"excerpt":{"rendered":"<p>CNC BIESSE Video available. Dual Zone X-Axis 256&quot; (6500mm) (21ft) Y-Axis 49&quot; (1260mm) Z-Axis Travel 7.2&quot; (200mm) 10 HP Router Head HSK Tool Holder Tool Changer at 10 positions 12 vertical drills 6 in Y axis. 6 in X axis 6 horizontal drills 2 and 2 [\u2026]<\/p>","protected":false},"author":3,"featured_media":59816,"comment_status":"open","ping_status":"closed","template":"","meta":[],"product_cat":[221,2265],"product_tag":[],"acf":[],"yoast_head":"<!-- This site is optimized with the Yoast SEO plugin v16.8 - https:\/\/yoast.com\/wordpress\/plugins\/seo\/ -->\n<title>CNC Biesse Table pleine 4.65 - Machineries BST<\/title>\n<meta name=\"robots\" content=\"index, follow, max-snippet:-1, max-image-preview:large, max-video-preview:-1\" \/>\n<link rel=\"canonical\" href=\"https:\/\/machineriesbst.com\/en\/catalogue\/cnc-biesse-table-pleine-4-65\/\" \/>\n<meta property=\"og:locale\" content=\"en_US\" \/>\n<meta property=\"og:type\" content=\"article\" \/>\n<meta property=\"og:title\" content=\"CNC Biesse Table pleine 4.65 - Machineries BST\" \/>\n<meta property=\"og:description\" content=\"CNC BIESSE\u00a0 Vid\u00e9o disponible. Deux zones Axe X 256&quot; (6500 mm) (21 pieds) Axe Y 49&quot; (1 260 mm) Course de l&#039;axe Z 7,2&quot; (200 mm) 10 CV T\u00eate de routeur Porte-outils HSK Changeur d&#039;outils \u00e0 10 positions 12 m\u00e8ches verticaux 6 en axe Y. 6 dans l&#039;axe X 6 perceuses horizontales 2 et 2 [&hellip;]\" \/>\n<meta property=\"og:url\" content=\"https:\/\/machineriesbst.com\/en\/catalogue\/cnc-biesse-table-pleine-4-65\/\" \/>\n<meta property=\"og:site_name\" content=\"Machineries BST\" \/>\n<meta property=\"article:modified_time\" content=\"2023-12-01T01:22:07+00:00\" \/>\n<meta property=\"og:image\" content=\"https:\/\/machineriesbst.com\/wp-content\/uploads\/2022\/02\/Biesse-Rover-B-4.65-2.jpg\" \/>\n\t<meta property=\"og:image:width\" content=\"2016\" \/>\n\t<meta property=\"og:image:height\" content=\"1512\" \/>\n<meta name=\"twitter:card\" content=\"summary_large_image\" \/>\n<script type=\"application\/ld+json\" class=\"yoast-schema-graph\">{\"@context\":\"https:\/\/schema.org\",\"@graph\":[{\"@type\":\"WebSite\",\"@id\":\"https:\/\/machineriesbst.com\/en\/#website\",\"url\":\"https:\/\/machineriesbst.com\/en\/\",\"name\":\"Machineries BST\",\"description\":\"Machines neuves &amp; usag\\u00e9es\",\"potentialAction\":[{\"@type\":\"SearchAction\",\"target\":{\"@type\":\"EntryPoint\",\"urlTemplate\":\"https:\/\/machineriesbst.com\/en\/?s={search_term_string}\"},\"query-input\":\"required name=search_term_string\"}],\"inLanguage\":\"en-US\"},{\"@type\":\"ImageObject\",\"@id\":\"https:\/\/machineriesbst.com\/en\/catalogue\/cnc-biesse-table-pleine-4-65\/#primaryimage\",\"inLanguage\":\"en-US\",\"url\":\"https:\/\/machineriesbst.com\/wp-content\/uploads\/2022\/02\/Biesse-Rover-B-4.65-2.jpg\",\"contentUrl\":\"https:\/\/machineriesbst.com\/wp-content\/uploads\/2022\/02\/Biesse-Rover-B-4.65-2.jpg\",\"width\":2016,\"height\":1512},{\"@type\":\"WebPage\",\"@id\":\"https:\/\/machineriesbst.com\/en\/catalogue\/cnc-biesse-table-pleine-4-65\/#webpage\",\"url\":\"https:\/\/machineriesbst.com\/en\/catalogue\/cnc-biesse-table-pleine-4-65\/\",\"name\":\"CNC Biesse Table pleine 4.65 - Machineries BST\",\"isPartOf\":{\"@id\":\"https:\/\/machineriesbst.com\/en\/#website\"},\"primaryImageOfPage\":{\"@id\":\"https:\/\/machineriesbst.com\/en\/catalogue\/cnc-biesse-table-pleine-4-65\/#primaryimage\"},\"datePublished\":\"2022-02-02T17:09:57+00:00\",\"dateModified\":\"2023-12-01T01:22:07+00:00\",\"breadcrumb\":{\"@id\":\"https:\/\/machineriesbst.com\/en\/catalogue\/cnc-biesse-table-pleine-4-65\/#breadcrumb\"},\"inLanguage\":\"en-US\",\"potentialAction\":[{\"@type\":\"ReadAction\",\"target\":[\"https:\/\/machineriesbst.com\/en\/catalogue\/cnc-biesse-table-pleine-4-65\/\"]}]},{\"@type\":\"BreadcrumbList\",\"@id\":\"https:\/\/machineriesbst.com\/en\/catalogue\/cnc-biesse-table-pleine-4-65\/#breadcrumb\",\"itemListElement\":[{\"@type\":\"ListItem\",\"position\":1,\"name\":\"Accueil\",\"item\":\"https:\/\/machineriesbst.com\/en\/\"},{\"@type\":\"ListItem\",\"position\":2,\"name\":\"Catalogue\",\"item\":\"https:\/\/machineriesbst.com\/en\/catalog\/\"},{\"@type\":\"ListItem\",\"position\":3,\"name\":\"CNC Biesse Table pleine 4.65\"}]}]}<\/script>\n<!-- \/ Yoast SEO plugin. -->","yoast_head_json":{"title":"CNC Biesse Table pleine 4.65 - Machineries BST","robots":{"index":"index","follow":"follow","max-snippet":"max-snippet:-1","max-image-preview":"max-image-preview:large","max-video-preview":"max-video-preview:-1"},"canonical":"https:\/\/machineriesbst.com\/en\/catalogue\/cnc-biesse-table-pleine-4-65\/","og_locale":"en_US","og_type":"article","og_title":"CNC Biesse Table pleine 4.65 - Machineries BST","og_description":"CNC BIESSE\u00a0 Vid\u00e9o disponible. Deux zones Axe X 256\" (6500 mm) (21 pieds) Axe Y 49\" (1 260 mm) Course de l'axe Z 7,2\" (200 mm) 10 CV T\u00eate de routeur Porte-outils HSK Changeur d'outils \u00e0 10 positions 12 m\u00e8ches verticaux 6 en axe Y. 6 dans l'axe X 6 perceuses horizontales 2 et 2 [&hellip;]","og_url":"https:\/\/machineriesbst.com\/en\/catalogue\/cnc-biesse-table-pleine-4-65\/","og_site_name":"Machineries BST","article_modified_time":"2023-12-01T01:22:07+00:00","og_image":[{"width":2016,"height":1512,"url":"https:\/\/machineriesbst.com\/wp-content\/uploads\/2022\/02\/Biesse-Rover-B-4.65-2.jpg","path":"\/home\/jepeto\/public_html\/wp-content\/uploads\/2022\/02\/Biesse-Rover-B-4.65-2.jpg","size":"full","id":59816,"alt":"","pixels":3048192,"type":"image\/jpeg"}],"twitter_card":"summary_large_image","schema":{"@context":"https:\/\/schema.org","@graph":[{"@type":"WebSite","@id":"https:\/\/machineriesbst.com\/en\/#website","url":"https:\/\/machineriesbst.com\/en\/","name":"Machineries BST","description":"Machines neuves &amp; usag\u00e9es","potentialAction":[{"@type":"SearchAction","target":{"@type":"EntryPoint","urlTemplate":"https:\/\/machineriesbst.com\/en\/?s={search_term_string}"},"query-input":"required name=search_term_string"}],"inLanguage":"en-US"},{"@type":"ImageObject","@id":"https:\/\/machineriesbst.com\/en\/catalogue\/cnc-biesse-table-pleine-4-65\/#primaryimage","inLanguage":"en-US","url":"https:\/\/machineriesbst.com\/wp-content\/uploads\/2022\/02\/Biesse-Rover-B-4.65-2.jpg","contentUrl":"https:\/\/machineriesbst.com\/wp-content\/uploads\/2022\/02\/Biesse-Rover-B-4.65-2.jpg","width":2016,"height":1512},{"@type":"WebPage","@id":"https:\/\/machineriesbst.com\/en\/catalogue\/cnc-biesse-table-pleine-4-65\/#webpage","url":"https:\/\/machineriesbst.com\/en\/catalogue\/cnc-biesse-table-pleine-4-65\/","name":"CNC Biesse Table pleine 4.65 - Machineries BST","isPartOf":{"@id":"https:\/\/machineriesbst.com\/en\/#website"},"primaryImageOfPage":{"@id":"https:\/\/machineriesbst.com\/en\/catalogue\/cnc-biesse-table-pleine-4-65\/#primaryimage"},"datePublished":"2022-02-02T17:09:57+00:00","dateModified":"2023-12-01T01:22:07+00:00","breadcrumb":{"@id":"https:\/\/machineriesbst.com\/en\/catalogue\/cnc-biesse-table-pleine-4-65\/#breadcrumb"},"inLanguage":"en-US","potentialAction":[{"@type":"ReadAction","target":["https:\/\/machineriesbst.com\/en\/catalogue\/cnc-biesse-table-pleine-4-65\/"]}]},{"@type":"BreadcrumbList","@id":"https:\/\/machineriesbst.com\/en\/catalogue\/cnc-biesse-table-pleine-4-65\/#breadcrumb","itemListElement":[{"@type":"ListItem","position":1,"name":"Accueil","item":"https:\/\/machineriesbst.com\/en\/"},{"@type":"ListItem","position":2,"name":"Catalogue","item":"https:\/\/machineriesbst.com\/en\/catalog\/"},{"@type":"ListItem","position":3,"name":"CNC Biesse Table pleine 4.65"}]}]}},"_links":{"self":[{"href":"https:\/\/machineriesbst.com\/en\/wp-json\/wp\/v2\/product\/59814"}],"collection":[{"href":"https:\/\/machineriesbst.com\/en\/wp-json\/wp\/v2\/product"}],"about":[{"href":"https:\/\/machineriesbst.com\/en\/wp-json\/wp\/v2\/types\/product"}],"author":[{"embeddable":true,"href":"https:\/\/machineriesbst.com\/en\/wp-json\/wp\/v2\/users\/3"}],"replies":[{"embeddable":true,"href":"https:\/\/machineriesbst.com\/en\/wp-json\/wp\/v2\/comments?post=59814"}],"wp:featuredmedia":[{"embeddable":true,"href":"https:\/\/machineriesbst.com\/en\/wp-json\/wp\/v2\/media\/59816"}],"wp:attachment":[{"href":"https:\/\/machineriesbst.com\/en\/wp-json\/wp\/v2\/media?parent=59814"}],"wp:term":[{"taxonomy":"product_cat","embeddable":true,"href":"https:\/\/machineriesbst.com\/en\/wp-json\/wp\/v2\/product_cat?post=59814"},{"taxonomy":"product_tag","embeddable":true,"href":"https:\/\/machineriesbst.com\/en\/wp-json\/wp\/v2\/product_tag?post=59814"}],"curies":[{"name":"wp","href":"https:\/\/api.w.org\/{rel}","templated":true}]}}