{"id":59809,"date":"2022-02-02T09:58:06","date_gmt":"2022-02-02T14:58:06","guid":{"rendered":"https:\/\/machineriesbst.com\/?post_type=product&#038;p=59809"},"modified":"2023-11-30T20:22:07","modified_gmt":"2023-12-01T01:22:07","slug":"depoussiereur-belfab-75-hp-interieur-avec-benne","status":"publish","type":"product","link":"https:\/\/machineriesbst.com\/en\/catalogue\/depoussiereur-belfab-75-hp-interieur-avec-benne\/","title":{"rendered":"Belfab 7.5 hp indoor dust collector with skip"},"content":{"rendered":"<p>Belfab LW series indoor dust collector<\/p>\n<p>4 filtration pockets<\/p>\n<p>Bucket to collect dust under the system<\/p>","protected":false},"excerpt":{"rendered":"<p>Belfab LW series indoor dust collector 4 filtration pockets Benne to collect dust under the system<\/p>","protected":false},"author":3,"featured_media":59810,"comment_status":"open","ping_status":"closed","template":"","meta":[],"product_cat":[3028],"product_tag":[],"acf":[],"yoast_head":"<!-- This site is optimized with the Yoast SEO plugin v16.8 - https:\/\/yoast.com\/wordpress\/plugins\/seo\/ -->\n<title>D\u00e9poussi\u00e9reur Belfab 7,5 hp int\u00e9rieur avec benne - Machineries BST<\/title>\n<meta name=\"robots\" content=\"index, follow, max-snippet:-1, max-image-preview:large, max-video-preview:-1\" \/>\n<link rel=\"canonical\" href=\"https:\/\/machineriesbst.com\/en\/catalogue\/depoussiereur-belfab-75-hp-interieur-avec-benne\/\" \/>\n<meta property=\"og:locale\" content=\"en_US\" \/>\n<meta property=\"og:type\" content=\"article\" \/>\n<meta property=\"og:title\" content=\"D\u00e9poussi\u00e9reur Belfab 7,5 hp int\u00e9rieur avec benne - Machineries BST\" \/>\n<meta property=\"og:description\" content=\"D\u00e9poussi\u00e9reur int\u00e9rieur Belfab s\u00e9rie LW 4 poches de filtration Benne pour ramasser la poussi\u00e8re sous le syst\u00e8me\" \/>\n<meta property=\"og:url\" content=\"https:\/\/machineriesbst.com\/en\/catalogue\/depoussiereur-belfab-75-hp-interieur-avec-benne\/\" \/>\n<meta property=\"og:site_name\" content=\"Machineries BST\" \/>\n<meta property=\"article:modified_time\" content=\"2023-12-01T01:22:07+00:00\" \/>\n<meta property=\"og:image\" content=\"https:\/\/machineriesbst.com\/wp-content\/uploads\/2022\/02\/20211006_150252-scaled-e1643904311797.jpg\" \/>\n\t<meta property=\"og:image:width\" content=\"1220\" \/>\n\t<meta property=\"og:image:height\" content=\"2560\" \/>\n<meta name=\"twitter:card\" content=\"summary_large_image\" \/>\n<script type=\"application\/ld+json\" class=\"yoast-schema-graph\">{\"@context\":\"https:\/\/schema.org\",\"@graph\":[{\"@type\":\"WebSite\",\"@id\":\"https:\/\/machineriesbst.com\/en\/#website\",\"url\":\"https:\/\/machineriesbst.com\/en\/\",\"name\":\"Machineries BST\",\"description\":\"Machines neuves &amp; usag\\u00e9es\",\"potentialAction\":[{\"@type\":\"SearchAction\",\"target\":{\"@type\":\"EntryPoint\",\"urlTemplate\":\"https:\/\/machineriesbst.com\/en\/?s={search_term_string}\"},\"query-input\":\"required name=search_term_string\"}],\"inLanguage\":\"en-US\"},{\"@type\":\"ImageObject\",\"@id\":\"https:\/\/machineriesbst.com\/en\/catalogue\/depoussiereur-belfab-75-hp-interieur-avec-benne\/#primaryimage\",\"inLanguage\":\"en-US\",\"url\":\"https:\/\/machineriesbst.com\/wp-content\/uploads\/2022\/02\/20211006_150252-scaled-e1643904311797.jpg\",\"contentUrl\":\"https:\/\/machineriesbst.com\/wp-content\/uploads\/2022\/02\/20211006_150252-scaled-e1643904311797.jpg\",\"width\":1220,\"height\":2560},{\"@type\":\"WebPage\",\"@id\":\"https:\/\/machineriesbst.com\/en\/catalogue\/depoussiereur-belfab-75-hp-interieur-avec-benne\/#webpage\",\"url\":\"https:\/\/machineriesbst.com\/en\/catalogue\/depoussiereur-belfab-75-hp-interieur-avec-benne\/\",\"name\":\"D\\u00e9poussi\\u00e9reur Belfab 7,5 hp int\\u00e9rieur avec benne - Machineries BST\",\"isPartOf\":{\"@id\":\"https:\/\/machineriesbst.com\/en\/#website\"},\"primaryImageOfPage\":{\"@id\":\"https:\/\/machineriesbst.com\/en\/catalogue\/depoussiereur-belfab-75-hp-interieur-avec-benne\/#primaryimage\"},\"datePublished\":\"2022-02-02T14:58:06+00:00\",\"dateModified\":\"2023-12-01T01:22:07+00:00\",\"breadcrumb\":{\"@id\":\"https:\/\/machineriesbst.com\/en\/catalogue\/depoussiereur-belfab-75-hp-interieur-avec-benne\/#breadcrumb\"},\"inLanguage\":\"en-US\",\"potentialAction\":[{\"@type\":\"ReadAction\",\"target\":[\"https:\/\/machineriesbst.com\/en\/catalogue\/depoussiereur-belfab-75-hp-interieur-avec-benne\/\"]}]},{\"@type\":\"BreadcrumbList\",\"@id\":\"https:\/\/machineriesbst.com\/en\/catalogue\/depoussiereur-belfab-75-hp-interieur-avec-benne\/#breadcrumb\",\"itemListElement\":[{\"@type\":\"ListItem\",\"position\":1,\"name\":\"Accueil\",\"item\":\"https:\/\/machineriesbst.com\/en\/\"},{\"@type\":\"ListItem\",\"position\":2,\"name\":\"Catalogue\",\"item\":\"https:\/\/machineriesbst.com\/en\/catalog\/\"},{\"@type\":\"ListItem\",\"position\":3,\"name\":\"D\\u00e9poussi\\u00e9reur Belfab 7,5 hp int\\u00e9rieur avec benne\"}]}]}<\/script>\n<!-- \/ Yoast SEO plugin. -->","yoast_head_json":{"title":"D\u00e9poussi\u00e9reur Belfab 7,5 hp int\u00e9rieur avec benne - Machineries BST","robots":{"index":"index","follow":"follow","max-snippet":"max-snippet:-1","max-image-preview":"max-image-preview:large","max-video-preview":"max-video-preview:-1"},"canonical":"https:\/\/machineriesbst.com\/en\/catalogue\/depoussiereur-belfab-75-hp-interieur-avec-benne\/","og_locale":"en_US","og_type":"article","og_title":"D\u00e9poussi\u00e9reur Belfab 7,5 hp int\u00e9rieur avec benne - Machineries BST","og_description":"D\u00e9poussi\u00e9reur int\u00e9rieur Belfab s\u00e9rie LW 4 poches de filtration Benne pour ramasser la poussi\u00e8re sous le syst\u00e8me","og_url":"https:\/\/machineriesbst.com\/en\/catalogue\/depoussiereur-belfab-75-hp-interieur-avec-benne\/","og_site_name":"Machineries BST","article_modified_time":"2023-12-01T01:22:07+00:00","og_image":[{"width":1220,"height":2560,"url":"https:\/\/machineriesbst.com\/wp-content\/uploads\/2022\/02\/20211006_150252-scaled-e1643904311797.jpg","path":"\/home\/jepeto\/public_html\/wp-content\/uploads\/2022\/02\/20211006_150252-scaled-e1643904311797.jpg","size":"full","id":59810,"alt":"","pixels":3123200,"type":"image\/jpeg"}],"twitter_card":"summary_large_image","schema":{"@context":"https:\/\/schema.org","@graph":[{"@type":"WebSite","@id":"https:\/\/machineriesbst.com\/en\/#website","url":"https:\/\/machineriesbst.com\/en\/","name":"Machineries BST","description":"Machines neuves &amp; usag\u00e9es","potentialAction":[{"@type":"SearchAction","target":{"@type":"EntryPoint","urlTemplate":"https:\/\/machineriesbst.com\/en\/?s={search_term_string}"},"query-input":"required name=search_term_string"}],"inLanguage":"en-US"},{"@type":"ImageObject","@id":"https:\/\/machineriesbst.com\/en\/catalogue\/depoussiereur-belfab-75-hp-interieur-avec-benne\/#primaryimage","inLanguage":"en-US","url":"https:\/\/machineriesbst.com\/wp-content\/uploads\/2022\/02\/20211006_150252-scaled-e1643904311797.jpg","contentUrl":"https:\/\/machineriesbst.com\/wp-content\/uploads\/2022\/02\/20211006_150252-scaled-e1643904311797.jpg","width":1220,"height":2560},{"@type":"WebPage","@id":"https:\/\/machineriesbst.com\/en\/catalogue\/depoussiereur-belfab-75-hp-interieur-avec-benne\/#webpage","url":"https:\/\/machineriesbst.com\/en\/catalogue\/depoussiereur-belfab-75-hp-interieur-avec-benne\/","name":"D\u00e9poussi\u00e9reur Belfab 7,5 hp int\u00e9rieur avec benne - Machineries BST","isPartOf":{"@id":"https:\/\/machineriesbst.com\/en\/#website"},"primaryImageOfPage":{"@id":"https:\/\/machineriesbst.com\/en\/catalogue\/depoussiereur-belfab-75-hp-interieur-avec-benne\/#primaryimage"},"datePublished":"2022-02-02T14:58:06+00:00","dateModified":"2023-12-01T01:22:07+00:00","breadcrumb":{"@id":"https:\/\/machineriesbst.com\/en\/catalogue\/depoussiereur-belfab-75-hp-interieur-avec-benne\/#breadcrumb"},"inLanguage":"en-US","potentialAction":[{"@type":"ReadAction","target":["https:\/\/machineriesbst.com\/en\/catalogue\/depoussiereur-belfab-75-hp-interieur-avec-benne\/"]}]},{"@type":"BreadcrumbList","@id":"https:\/\/machineriesbst.com\/en\/catalogue\/depoussiereur-belfab-75-hp-interieur-avec-benne\/#breadcrumb","itemListElement":[{"@type":"ListItem","position":1,"name":"Accueil","item":"https:\/\/machineriesbst.com\/en\/"},{"@type":"ListItem","position":2,"name":"Catalogue","item":"https:\/\/machineriesbst.com\/en\/catalog\/"},{"@type":"ListItem","position":3,"name":"D\u00e9poussi\u00e9reur Belfab 7,5 hp int\u00e9rieur avec benne"}]}]}},"_links":{"self":[{"href":"https:\/\/machineriesbst.com\/en\/wp-json\/wp\/v2\/product\/59809"}],"collection":[{"href":"https:\/\/machineriesbst.com\/en\/wp-json\/wp\/v2\/product"}],"about":[{"href":"https:\/\/machineriesbst.com\/en\/wp-json\/wp\/v2\/types\/product"}],"author":[{"embeddable":true,"href":"https:\/\/machineriesbst.com\/en\/wp-json\/wp\/v2\/users\/3"}],"replies":[{"embeddable":true,"href":"https:\/\/machineriesbst.com\/en\/wp-json\/wp\/v2\/comments?post=59809"}],"wp:featuredmedia":[{"embeddable":true,"href":"https:\/\/machineriesbst.com\/en\/wp-json\/wp\/v2\/media\/59810"}],"wp:attachment":[{"href":"https:\/\/machineriesbst.com\/en\/wp-json\/wp\/v2\/media?parent=59809"}],"wp:term":[{"taxonomy":"product_cat","embeddable":true,"href":"https:\/\/machineriesbst.com\/en\/wp-json\/wp\/v2\/product_cat?post=59809"},{"taxonomy":"product_tag","embeddable":true,"href":"https:\/\/machineriesbst.com\/en\/wp-json\/wp\/v2\/product_tag?post=59809"}],"curies":[{"name":"wp","href":"https:\/\/api.w.org\/{rel}","templated":true}]}}