{"id":59777,"date":"2022-01-23T21:04:03","date_gmt":"2022-01-24T02:04:03","guid":{"rendered":"https:\/\/machineriesbst.com\/?post_type=product&#038;p=59777"},"modified":"2023-11-30T20:22:07","modified_gmt":"2023-12-01T01:22:07","slug":"plaqueuse-de-chant-cehisa-pro-9-220-volts-1-phase","status":"publish","type":"product","link":"https:\/\/machineriesbst.com\/en\/catalogue\/plaqueuse-de-chant-cehisa-pro-9-220-volts-1-phase\/","title":{"rendered":"Edgebander CEHISA pro 9 220 volts 1 phase"},"content":{"rendered":"<p>Edgebander Cehisa Pro-9, 220 volts 1 phase<\/p>\n<p>Year: 2015<\/p>\n<ul>\n<li>Hot melt glue pan, internal Teflon coating, electronic thermostat,<\/li>\n<li>Automatic feed for edges in rolls and semi-automatic for pre-cut edges 3 mm, under sheets 5 mm (OPTION),<\/li>\n<li>Two feed speeds 9\/14 m \/ min (PRO-9, PRO-10, PRO-11, PRO-12),<\/li>\n<li>Pressure roller group, the first roller being driven,<\/li>\n<li>End-cutting unit with 2 independent motors,<\/li>\n<li>Flushing unit with two high frequency motors,<\/li>\n<li>Profiling group composed of 1 motor. - Radius scraping,<\/li>\n<li>Polishing group,<\/li>\n<li>Digital position regulators,<\/li>\n<li>total length of 10 feet<\/li>\n<\/ul>","protected":false},"excerpt":{"rendered":"<p>Edgebander Cehisa Pro-9, 220 volts 1 phase Year: 2015 Glue pot for hot melt, internal Teflon coating, electronic thermostat, Automatic feeding for edges in rolls and semi-automatic for 3 mm pre-cut edges, 5 underpads mm (OPTION), Two feed speeds 9 \/ 14 m\/min (PRO-9, PRO-10, PRO-11, PRO-12), [\u2026]<\/p>","protected":false},"author":3,"featured_media":59778,"comment_status":"open","ping_status":"closed","template":"","meta":[],"product_cat":[363],"product_tag":[],"acf":[],"yoast_head":"<!-- This site is optimized with the Yoast SEO plugin v16.8 - https:\/\/yoast.com\/wordpress\/plugins\/seo\/ -->\n<title>Plaqueuse de chant CEHISA pro 9 220 volts 1 phase - Machineries BST<\/title>\n<meta name=\"robots\" content=\"index, follow, max-snippet:-1, max-image-preview:large, max-video-preview:-1\" \/>\n<link rel=\"canonical\" href=\"https:\/\/machineriesbst.com\/en\/catalogue\/plaqueuse-de-chant-cehisa-pro-9-220-volts-1-phase\/\" \/>\n<meta property=\"og:locale\" content=\"en_US\" \/>\n<meta property=\"og:type\" content=\"article\" \/>\n<meta property=\"og:title\" content=\"Plaqueuse de chant CEHISA pro 9 220 volts 1 phase - Machineries BST\" \/>\n<meta property=\"og:description\" content=\"Plaqueuse de chants Cehisa Pro-9, 220 volts 1 phase Ann\u00e9e: 2015 Bac \u00e0 colle pour hot melt, rev\u00eatement interne en T\u00e9flon, thermostat \u00e9lectronique, Alimentation automatique pour les chants en rouleaux et semi automatique pour les chants pr\u00e9 coup\u00e9 3 mm, al\u00e8ses 5 mm (OPTION), Deux vitesses d\u2019avance 9 \/ 14 m\/min (PRO-9, PRO-10, PRO-11, PRO-12), [&hellip;]\" \/>\n<meta property=\"og:url\" content=\"https:\/\/machineriesbst.com\/en\/catalogue\/plaqueuse-de-chant-cehisa-pro-9-220-volts-1-phase\/\" \/>\n<meta property=\"og:site_name\" content=\"Machineries BST\" \/>\n<meta property=\"article:modified_time\" content=\"2023-12-01T01:22:07+00:00\" \/>\n<meta property=\"og:image\" content=\"https:\/\/machineriesbst.com\/wp-content\/uploads\/2022\/01\/cehisa-pro-220volt.jpg\" \/>\n\t<meta property=\"og:image:width\" content=\"1000\" \/>\n\t<meta property=\"og:image:height\" content=\"750\" \/>\n<meta name=\"twitter:card\" content=\"summary_large_image\" \/>\n<script type=\"application\/ld+json\" class=\"yoast-schema-graph\">{\"@context\":\"https:\/\/schema.org\",\"@graph\":[{\"@type\":\"WebSite\",\"@id\":\"https:\/\/machineriesbst.com\/en\/#website\",\"url\":\"https:\/\/machineriesbst.com\/en\/\",\"name\":\"Machineries BST\",\"description\":\"Machines neuves &amp; usag\\u00e9es\",\"potentialAction\":[{\"@type\":\"SearchAction\",\"target\":{\"@type\":\"EntryPoint\",\"urlTemplate\":\"https:\/\/machineriesbst.com\/en\/?s={search_term_string}\"},\"query-input\":\"required name=search_term_string\"}],\"inLanguage\":\"en-US\"},{\"@type\":\"ImageObject\",\"@id\":\"https:\/\/machineriesbst.com\/en\/catalogue\/plaqueuse-de-chant-cehisa-pro-9-220-volts-1-phase\/#primaryimage\",\"inLanguage\":\"en-US\",\"url\":\"https:\/\/machineriesbst.com\/wp-content\/uploads\/2022\/01\/cehisa-pro-220volt.jpg\",\"contentUrl\":\"https:\/\/machineriesbst.com\/wp-content\/uploads\/2022\/01\/cehisa-pro-220volt.jpg\",\"width\":1000,\"height\":750},{\"@type\":\"WebPage\",\"@id\":\"https:\/\/machineriesbst.com\/en\/catalogue\/plaqueuse-de-chant-cehisa-pro-9-220-volts-1-phase\/#webpage\",\"url\":\"https:\/\/machineriesbst.com\/en\/catalogue\/plaqueuse-de-chant-cehisa-pro-9-220-volts-1-phase\/\",\"name\":\"Plaqueuse de chant CEHISA pro 9 220 volts 1 phase - Machineries BST\",\"isPartOf\":{\"@id\":\"https:\/\/machineriesbst.com\/en\/#website\"},\"primaryImageOfPage\":{\"@id\":\"https:\/\/machineriesbst.com\/en\/catalogue\/plaqueuse-de-chant-cehisa-pro-9-220-volts-1-phase\/#primaryimage\"},\"datePublished\":\"2022-01-24T02:04:03+00:00\",\"dateModified\":\"2023-12-01T01:22:07+00:00\",\"breadcrumb\":{\"@id\":\"https:\/\/machineriesbst.com\/en\/catalogue\/plaqueuse-de-chant-cehisa-pro-9-220-volts-1-phase\/#breadcrumb\"},\"inLanguage\":\"en-US\",\"potentialAction\":[{\"@type\":\"ReadAction\",\"target\":[\"https:\/\/machineriesbst.com\/en\/catalogue\/plaqueuse-de-chant-cehisa-pro-9-220-volts-1-phase\/\"]}]},{\"@type\":\"BreadcrumbList\",\"@id\":\"https:\/\/machineriesbst.com\/en\/catalogue\/plaqueuse-de-chant-cehisa-pro-9-220-volts-1-phase\/#breadcrumb\",\"itemListElement\":[{\"@type\":\"ListItem\",\"position\":1,\"name\":\"Accueil\",\"item\":\"https:\/\/machineriesbst.com\/en\/\"},{\"@type\":\"ListItem\",\"position\":2,\"name\":\"Catalogue\",\"item\":\"https:\/\/machineriesbst.com\/en\/catalog\/\"},{\"@type\":\"ListItem\",\"position\":3,\"name\":\"Plaqueuse de chant CEHISA pro 9 220 volts 1 phase\"}]}]}<\/script>\n<!-- \/ Yoast SEO plugin. -->","yoast_head_json":{"title":"Plaqueuse de chant CEHISA pro 9 220 volts 1 phase - Machineries BST","robots":{"index":"index","follow":"follow","max-snippet":"max-snippet:-1","max-image-preview":"max-image-preview:large","max-video-preview":"max-video-preview:-1"},"canonical":"https:\/\/machineriesbst.com\/en\/catalogue\/plaqueuse-de-chant-cehisa-pro-9-220-volts-1-phase\/","og_locale":"en_US","og_type":"article","og_title":"Plaqueuse de chant CEHISA pro 9 220 volts 1 phase - Machineries BST","og_description":"Plaqueuse de chants Cehisa Pro-9, 220 volts 1 phase Ann\u00e9e: 2015 Bac \u00e0 colle pour hot melt, rev\u00eatement interne en T\u00e9flon, thermostat \u00e9lectronique, Alimentation automatique pour les chants en rouleaux et semi automatique pour les chants pr\u00e9 coup\u00e9 3 mm, al\u00e8ses 5 mm (OPTION), Deux vitesses d\u2019avance 9 \/ 14 m\/min (PRO-9, PRO-10, PRO-11, PRO-12), [&hellip;]","og_url":"https:\/\/machineriesbst.com\/en\/catalogue\/plaqueuse-de-chant-cehisa-pro-9-220-volts-1-phase\/","og_site_name":"Machineries BST","article_modified_time":"2023-12-01T01:22:07+00:00","og_image":[{"width":1000,"height":750,"url":"https:\/\/machineriesbst.com\/wp-content\/uploads\/2022\/01\/cehisa-pro-220volt.jpg","path":"\/home\/jepeto\/public_html\/wp-content\/uploads\/2022\/01\/cehisa-pro-220volt.jpg","size":"full","id":59778,"alt":"","pixels":750000,"type":"image\/jpeg"}],"twitter_card":"summary_large_image","schema":{"@context":"https:\/\/schema.org","@graph":[{"@type":"WebSite","@id":"https:\/\/machineriesbst.com\/en\/#website","url":"https:\/\/machineriesbst.com\/en\/","name":"Machineries BST","description":"Machines neuves &amp; usag\u00e9es","potentialAction":[{"@type":"SearchAction","target":{"@type":"EntryPoint","urlTemplate":"https:\/\/machineriesbst.com\/en\/?s={search_term_string}"},"query-input":"required name=search_term_string"}],"inLanguage":"en-US"},{"@type":"ImageObject","@id":"https:\/\/machineriesbst.com\/en\/catalogue\/plaqueuse-de-chant-cehisa-pro-9-220-volts-1-phase\/#primaryimage","inLanguage":"en-US","url":"https:\/\/machineriesbst.com\/wp-content\/uploads\/2022\/01\/cehisa-pro-220volt.jpg","contentUrl":"https:\/\/machineriesbst.com\/wp-content\/uploads\/2022\/01\/cehisa-pro-220volt.jpg","width":1000,"height":750},{"@type":"WebPage","@id":"https:\/\/machineriesbst.com\/en\/catalogue\/plaqueuse-de-chant-cehisa-pro-9-220-volts-1-phase\/#webpage","url":"https:\/\/machineriesbst.com\/en\/catalogue\/plaqueuse-de-chant-cehisa-pro-9-220-volts-1-phase\/","name":"Plaqueuse de chant CEHISA pro 9 220 volts 1 phase - Machineries BST","isPartOf":{"@id":"https:\/\/machineriesbst.com\/en\/#website"},"primaryImageOfPage":{"@id":"https:\/\/machineriesbst.com\/en\/catalogue\/plaqueuse-de-chant-cehisa-pro-9-220-volts-1-phase\/#primaryimage"},"datePublished":"2022-01-24T02:04:03+00:00","dateModified":"2023-12-01T01:22:07+00:00","breadcrumb":{"@id":"https:\/\/machineriesbst.com\/en\/catalogue\/plaqueuse-de-chant-cehisa-pro-9-220-volts-1-phase\/#breadcrumb"},"inLanguage":"en-US","potentialAction":[{"@type":"ReadAction","target":["https:\/\/machineriesbst.com\/en\/catalogue\/plaqueuse-de-chant-cehisa-pro-9-220-volts-1-phase\/"]}]},{"@type":"BreadcrumbList","@id":"https:\/\/machineriesbst.com\/en\/catalogue\/plaqueuse-de-chant-cehisa-pro-9-220-volts-1-phase\/#breadcrumb","itemListElement":[{"@type":"ListItem","position":1,"name":"Accueil","item":"https:\/\/machineriesbst.com\/en\/"},{"@type":"ListItem","position":2,"name":"Catalogue","item":"https:\/\/machineriesbst.com\/en\/catalog\/"},{"@type":"ListItem","position":3,"name":"Plaqueuse de chant CEHISA pro 9 220 volts 1 phase"}]}]}},"_links":{"self":[{"href":"https:\/\/machineriesbst.com\/en\/wp-json\/wp\/v2\/product\/59777"}],"collection":[{"href":"https:\/\/machineriesbst.com\/en\/wp-json\/wp\/v2\/product"}],"about":[{"href":"https:\/\/machineriesbst.com\/en\/wp-json\/wp\/v2\/types\/product"}],"author":[{"embeddable":true,"href":"https:\/\/machineriesbst.com\/en\/wp-json\/wp\/v2\/users\/3"}],"replies":[{"embeddable":true,"href":"https:\/\/machineriesbst.com\/en\/wp-json\/wp\/v2\/comments?post=59777"}],"wp:featuredmedia":[{"embeddable":true,"href":"https:\/\/machineriesbst.com\/en\/wp-json\/wp\/v2\/media\/59778"}],"wp:attachment":[{"href":"https:\/\/machineriesbst.com\/en\/wp-json\/wp\/v2\/media?parent=59777"}],"wp:term":[{"taxonomy":"product_cat","embeddable":true,"href":"https:\/\/machineriesbst.com\/en\/wp-json\/wp\/v2\/product_cat?post=59777"},{"taxonomy":"product_tag","embeddable":true,"href":"https:\/\/machineriesbst.com\/en\/wp-json\/wp\/v2\/product_tag?post=59777"}],"curies":[{"name":"wp","href":"https:\/\/api.w.org\/{rel}","templated":true}]}}